{"id":17042,"date":"2025-07-14T18:39:09","date_gmt":"2025-07-14T10:39:09","guid":{"rendered":"https:\/\/yebodaglass.com\/?post_type=product&#038;p=17042"},"modified":"2025-09-15T13:44:06","modified_gmt":"2025-09-15T05:44:06","slug":"bulk-67-oz-wide-mouth-mason-jars-with-handles","status":"publish","type":"product","link":"https:\/\/yebodaglass.com\/pl\/bulk-67-oz-wide-mouth-mason-jars-with-handles\/","title":{"rendered":"S\u0142oiki Mason o pojemno\u015bci 64 uncji z szerokim otworem i uchwytami"},"content":{"rendered":"<div data-elementor-type=\"wp-post\" data-elementor-id=\"17042\" class=\"elementor elementor-17042\" data-elementor-settings=\"{&quot;ha_cmc_init_switcher&quot;:&quot;no&quot;}\" data-elementor-post-type=\"product\">\n\t\t\t\t<div class=\"elementor-element elementor-element-bb0d695 e-flex e-con-boxed e-con e-parent\" data-id=\"bb0d695\" data-element_type=\"container\" data-e-type=\"container\" data-settings=\"{&quot;_ha_eqh_enable&quot;:false}\">\n\t\t\t\t\t<div class=\"e-con-inner\">\n\t\t\t\t<div class=\"elementor-element elementor-element-732f179 elementor-widget elementor-widget-text-editor\" data-id=\"732f179\" data-element_type=\"widget\" data-e-type=\"widget\" data-widget_type=\"text-editor.default\">\n\t\t\t\t<div class=\"elementor-widget-container\">\n\t\t\t\t\t\t\t\t\t<p>Te s\u0142oiki typu mason z uchwytami maj\u0105 klasyczny okr\u0105g\u0142y kszta\u0142t i s\u0105 wykonane z krystalicznie czystego szk\u0142a sodowo-wapniowego. Mieszcz\u0105 64 uncje \u2013 prawie p\u00f3\u0142 galona! Szeroki otw\u00f3r u\u0142atwia nape\u0142nianie i czyszczenie, a wyra\u017ane oznaczenia z boku pozwalaj\u0105 dok\u0142adnie okre\u015bli\u0107, ile p\u0142ynu nalewasz lub przechowujesz. Co najwa\u017cniejsze, s\u0142oik posiada sprytn\u0105 zakr\u0119can\u0105 pokrywk\u0119, dost\u0119pn\u0105 w stylowym kolorze szarym lub czarnym, z wygodnym dzi\u00f3bkiem z klapk\u0105 i wygodnym uchwytem u\u0142atwiaj\u0105cym przenoszenie i nalewanie.<\/p>\t\t\t\t\t\t\t\t<\/div>\n\t\t\t\t<\/div>\n\t\t\t\t<div class=\"elementor-element elementor-element-54c8d6c elementor-widget elementor-widget-heading\" data-id=\"54c8d6c\" data-element_type=\"widget\" data-e-type=\"widget\" data-widget_type=\"heading.default\">\n\t\t\t\t<div class=\"elementor-widget-container\">\n\t\t\t\t\t<h2 class=\"elementor-heading-title elementor-size-default\">Kluczowe specyfikacje<\/h2>\t\t\t\t<\/div>\n\t\t\t\t<\/div>\n\t\t\t\t<div class=\"elementor-element elementor-element-14509d8 elementor-widget elementor-widget-text-editor\" data-id=\"14509d8\" data-element_type=\"widget\" data-e-type=\"widget\" data-widget_type=\"text-editor.default\">\n\t\t\t\t<div class=\"elementor-widget-container\">\n\t\t\t\t\t\t\t\t\t<table class=\"aligncenter\" style=\"border-collapse: collapse; width: 260.27pt;\" border=\"0\" width=\"347\" cellspacing=\"0\" cellpadding=\"0\"><tbody><tr style=\"height: 13.50pt;\"><td style=\"height: 13.50pt; width: 107.25pt;\" width=\"143\" height=\"18\">Specyfikacja<\/td><td style=\"width: 153.00pt;\" width=\"204\">Szczeg\u00f3\u0142<\/td><\/tr><tr style=\"height: 13.50pt;\"><td style=\"height: 13.50pt;\" height=\"18\">Pojemno\u015b\u0107<\/td><td>64 uncje\/2000 ml<\/td><\/tr><tr style=\"height: 13.50pt;\"><td style=\"height: 13.50pt;\" height=\"18\">Tworzywo<\/td><td>Przezroczyste szk\u0142o sodowo-wapniowe<\/td><\/tr><tr style=\"height: 13.50pt;\"><td style=\"height: 13.50pt;\" height=\"18\">Kszta\u0142t<\/td><td>Okr\u0105g\u0142y<\/td><\/tr><tr style=\"height: 13.50pt;\"><td style=\"height: 13.50pt;\" height=\"18\">Usta butelkowe<\/td><td>Szeroki<\/td><\/tr><tr style=\"height: 13.50pt;\"><td style=\"height: 13.50pt;\" height=\"18\">Pokrywa<\/td><td>Przykr\u0119cane z uchwytem<\/td><\/tr><tr style=\"height: 13.50pt;\"><td style=\"height: 13.50pt;\" height=\"18\">Uszczelka<\/td><td>2 sztuki w pude\u0142ku<\/td><\/tr><tr style=\"height: 13.50pt;\"><td style=\"height: 13.50pt;\" height=\"18\">Widoczno\u015b\u0107 szk\u0142a<\/td><td>Przezroczysty<\/td><\/tr><tr style=\"height: 13.50pt;\"><td style=\"height: 13.50pt;\" height=\"18\">Kolor pokrywy<\/td><td>Szary, czarny<\/td><\/tr><\/tbody><\/table>\t\t\t\t\t\t\t\t<\/div>\n\t\t\t\t<\/div>\n\t\t\t\t\t<\/div>\n\t\t\t\t<\/div>\n\t\t<div class=\"elementor-element elementor-element-55e31eb e-flex e-con-boxed e-con e-parent\" data-id=\"55e31eb\" data-element_type=\"container\" data-e-type=\"container\" data-settings=\"{&quot;_ha_eqh_enable&quot;:false}\">\n\t\t\t\t\t<div class=\"e-con-inner\">\n\t\t\t\t<div class=\"elementor-element elementor-element-fc0900e elementor-widget elementor-widget-heading\" data-id=\"fc0900e\" data-element_type=\"widget\" data-e-type=\"widget\" data-widget_type=\"heading.default\">\n\t\t\t\t<div class=\"elementor-widget-container\">\n\t\t\t\t\t<h2 class=\"elementor-heading-title elementor-size-default\">Wyr\u00f3\u017cnieni<\/h2>\t\t\t\t<\/div>\n\t\t\t\t<\/div>\n\t\t\t\t\t<\/div>\n\t\t\t\t<\/div>\n\t\t<div class=\"elementor-element elementor-element-723cd80 e-flex e-con-boxed e-con e-parent\" data-id=\"723cd80\" data-element_type=\"container\" data-e-type=\"container\" data-settings=\"{&quot;_ha_eqh_enable&quot;:false}\">\n\t\t\t\t\t<div class=\"e-con-inner\">\n\t\t<div class=\"elementor-element elementor-element-bf4cb81 e-con-full e-flex e-con e-child\" data-id=\"bf4cb81\" data-element_type=\"container\" data-e-type=\"container\" data-settings=\"{&quot;_ha_eqh_enable&quot;:false}\">\n\t\t\t\t<div class=\"elementor-element elementor-element-202a3f6 elementor-widget elementor-widget-image\" data-id=\"202a3f6\" data-element_type=\"widget\" data-e-type=\"widget\" data-widget_type=\"image.default\">\n\t\t\t\t<div class=\"elementor-widget-container\">\n\t\t\t\t\t\t\t\t\t\t\t\t\t\t\t<img decoding=\"async\" src=\"https:\/\/yebodaglass.com\/wp-content\/uploads\/elementor\/thumbs\/6-9-r8qtopvxot7mvv735eeb6ykpo01t7axmsu3gtfyuu8.webp\" title=\"S\u0142oiki Mason YEBODA 67 uncji z szerokim otworem i uchwytami\" alt=\"S\u0142oiki Mason YEBODA 67 uncji z szerokim otworem i uchwytami\" loading=\"lazy\" \/>\t\t\t\t\t\t\t\t\t\t\t\t\t\t\t<\/div>\n\t\t\t\t<\/div>\n\t\t\t\t<div class=\"elementor-element elementor-element-fc1fd2d elementor-widget elementor-widget-text-editor\" data-id=\"fc1fd2d\" data-element_type=\"widget\" data-e-type=\"widget\" data-widget_type=\"text-editor.default\">\n\t\t\t\t<div class=\"elementor-widget-container\">\n\t\t\t\t\t\t\t\t\t<p>Ergonomiczna konstrukcja uchwytu: Wytrzyma\u0142y, zintegrowany uchwyt umo\u017cliwia \u0142atw\u0105 kontrol\u0119, dzi\u0119ki czemu s\u0142oiki te idealnie nadaj\u0105 si\u0119 do picia i serwowania.<\/p>\t\t\t\t\t\t\t\t<\/div>\n\t\t\t\t<\/div>\n\t\t\t\t<\/div>\n\t\t<div class=\"elementor-element elementor-element-73418b7 e-con-full e-flex e-con e-child\" data-id=\"73418b7\" data-element_type=\"container\" data-e-type=\"container\" data-settings=\"{&quot;_ha_eqh_enable&quot;:false}\">\n\t\t\t\t<div class=\"elementor-element elementor-element-490e976 elementor-widget elementor-widget-image\" data-id=\"490e976\" data-element_type=\"widget\" data-e-type=\"widget\" data-widget_type=\"image.default\">\n\t\t\t\t<div class=\"elementor-widget-container\">\n\t\t\t\t\t\t\t\t\t\t\t\t\t\t\t<img decoding=\"async\" src=\"https:\/\/yebodaglass.com\/wp-content\/uploads\/elementor\/thumbs\/5-6-r8qtooy3hz6ck98gavzomgt92m6fzltwgpfzc6090g.webp\" title=\"S\u0142oiki Mason YEBODA 67 uncji z szerokim otworem i uchwytami\" alt=\"S\u0142oiki Mason YEBODA 67 uncji z szerokim otworem i uchwytami\" loading=\"lazy\" \/>\t\t\t\t\t\t\t\t\t\t\t\t\t\t\t<\/div>\n\t\t\t\t<\/div>\n\t\t\t\t<div class=\"elementor-element elementor-element-28d6163 elementor-widget elementor-widget-text-editor\" data-id=\"28d6163\" data-element_type=\"widget\" data-e-type=\"widget\" data-widget_type=\"text-editor.default\">\n\t\t\t\t<div class=\"elementor-widget-container\">\n\t\t\t\t\t\t\t\t\t<p>Kryszta\u0142owo czyste szk\u0142o: Wykonane z wysokiej jako\u015bci przejrzystego szk\u0142a, te du\u017ce s\u0142oiki typu mason pozwalaj\u0105 wyeksponowa\u0107 Twoje produkty, zwi\u0119kszaj\u0105c ich atrakcyjno\u015b\u0107 na ka\u017cdej p\u00f3\u0142ce lub blacie.<\/p>\t\t\t\t\t\t\t\t<\/div>\n\t\t\t\t<\/div>\n\t\t\t\t<\/div>\n\t\t\t\t\t<\/div>\n\t\t\t\t<\/div>\n\t\t<div class=\"elementor-element elementor-element-523cc7f e-flex e-con-boxed e-con e-parent\" data-id=\"523cc7f\" data-element_type=\"container\" data-e-type=\"container\" data-settings=\"{&quot;_ha_eqh_enable&quot;:false}\">\n\t\t\t\t\t<div class=\"e-con-inner\">\n\t\t<div class=\"elementor-element elementor-element-744006f e-con-full e-flex e-con e-child\" data-id=\"744006f\" data-element_type=\"container\" data-e-type=\"container\" data-settings=\"{&quot;_ha_eqh_enable&quot;:false}\">\n\t\t\t\t<div class=\"elementor-element elementor-element-9ce8179 elementor-widget elementor-widget-image\" data-id=\"9ce8179\" data-element_type=\"widget\" data-e-type=\"widget\" data-widget_type=\"image.default\">\n\t\t\t\t<div class=\"elementor-widget-container\">\n\t\t\t\t\t\t\t\t\t\t\t\t\t\t\t<img decoding=\"async\" src=\"https:\/\/yebodaglass.com\/wp-content\/uploads\/elementor\/thumbs\/4-\u62f7\u8d1d-r8qton2f4b3rx1b6lv6fhhabvufpk7mfsg50dm31cw.webp\" title=\"S\u0142oiki Mason YEBODA 67 uncji z szerokim otworem i uchwytami\" alt=\"S\u0142oiki Mason YEBODA 67 uncji z szerokim otworem i uchwytami\" loading=\"lazy\" \/>\t\t\t\t\t\t\t\t\t\t\t\t\t\t\t<\/div>\n\t\t\t\t<\/div>\n\t\t\t\t<div class=\"elementor-element elementor-element-78c6605 elementor-widget elementor-widget-text-editor\" data-id=\"78c6605\" data-element_type=\"widget\" data-e-type=\"widget\" data-widget_type=\"text-editor.default\">\n\t\t\t\t<div class=\"elementor-widget-container\">\n\t\t\t\t\t\t\t\t\t<p>Wygodny dzi\u00f3bek z klapk\u0105: Nasze innowacyjne pokrywki s\u0142oik\u00f3w typu mason jar wyposa\u017cone s\u0105 w dzi\u00f3bek u\u0142atwiaj\u0105cy nalewanie, zapewniaj\u0105cy szczelne zamkni\u0119cie i gwarantuj\u0105cy bezproblemowy dost\u0119p do ulubionych napoj\u00f3w.<\/p>\t\t\t\t\t\t\t\t<\/div>\n\t\t\t\t<\/div>\n\t\t\t\t<\/div>\n\t\t<div class=\"elementor-element elementor-element-8519877 e-con-full e-flex e-con e-child\" data-id=\"8519877\" data-element_type=\"container\" data-e-type=\"container\" data-settings=\"{&quot;_ha_eqh_enable&quot;:false}\">\n\t\t\t\t<div class=\"elementor-element elementor-element-7d08a07 elementor-widget elementor-widget-image\" data-id=\"7d08a07\" data-element_type=\"widget\" data-e-type=\"widget\" data-widget_type=\"image.default\">\n\t\t\t\t<div class=\"elementor-widget-container\">\n\t\t\t\t\t\t\t\t\t\t\t\t\t\t\t<img decoding=\"async\" src=\"https:\/\/yebodaglass.com\/wp-content\/uploads\/elementor\/thumbs\/3-6-e1756113870890-rars4gxq5jfjh9i3bwxe75la66i3jutzsjyvib56lc.webp\" title=\"S\u0142oiki Mason YEBODA 67 uncji z szerokim otworem i uchwytami\" alt=\"S\u0142oiki Mason YEBODA 67 uncji z szerokim otworem i uchwytami\" loading=\"lazy\" \/>\t\t\t\t\t\t\t\t\t\t\t\t\t\t\t<\/div>\n\t\t\t\t<\/div>\n\t\t\t\t<div class=\"elementor-element elementor-element-dca6cea elementor-widget elementor-widget-text-editor\" data-id=\"dca6cea\" data-element_type=\"widget\" data-e-type=\"widget\" data-widget_type=\"text-editor.default\">\n\t\t\t\t<div class=\"elementor-widget-container\">\n\t\t\t\t\t\t\t\t\t<p>Du\u017ca pojemno\u015b\u0107: Dzi\u0119ki ogromnemu rozmiarowi 64 uncji te p\u00f3\u0142galonowe s\u0142oiki idealnie nadaj\u0105 si\u0119 do przechowywania, butelkowania i serwowania produkt\u00f3w hurtowych, spe\u0142niaj\u0105c wszystkie Twoje potrzeby w zakresie produkcji na du\u017c\u0105 skal\u0119.<\/p>\t\t\t\t\t\t\t\t<\/div>\n\t\t\t\t<\/div>\n\t\t\t\t<\/div>\n\t\t\t\t\t<\/div>\n\t\t\t\t<\/div>\n\t\t<div class=\"elementor-element elementor-element-88b472e e-con-full e-flex e-con e-parent\" data-id=\"88b472e\" data-element_type=\"container\" data-e-type=\"container\" data-settings=\"{&quot;_ha_eqh_enable&quot;:false}\">\n\t\t\t\t<div class=\"elementor-element elementor-element-3582c55 elementor-widget elementor-widget-text-editor\" data-id=\"3582c55\" data-element_type=\"widget\" data-e-type=\"widget\" data-widget_type=\"text-editor.default\">\n\t\t\t\t<div class=\"elementor-widget-container\">\n\t\t\t\t\t\t\t\t\t<p>\u00a0 \u00a0 \u00a0 \u00a0 \u00a0 \u00a0 \u00a0 \u00a0 \u00a0 \u00a0 \u00a0 \u00a0 <img fetchpriority=\"high\" decoding=\"async\" class=\"alignnone wp-image-16229\" src=\"https:\/\/yebodaglass.com\/wp-content\/uploads\/2025\/07\/d1ad5ea8ed4fd82e283a3a35878dd5c.png\" alt=\"\" width=\"240\" height=\"240\" srcset=\"https:\/\/yebodaglass.com\/wp-content\/uploads\/2025\/07\/d1ad5ea8ed4fd82e283a3a35878dd5c.png 220w, https:\/\/yebodaglass.com\/wp-content\/uploads\/2025\/07\/d1ad5ea8ed4fd82e283a3a35878dd5c-100x100.png 100w, https:\/\/yebodaglass.com\/wp-content\/uploads\/2025\/07\/d1ad5ea8ed4fd82e283a3a35878dd5c-150x150.png 150w, https:\/\/yebodaglass.com\/wp-content\/uploads\/2025\/07\/d1ad5ea8ed4fd82e283a3a35878dd5c-12x12.png 12w\" sizes=\"(max-width: 240px) 100vw, 240px\" \/>\u00a0 \u00a0 \u00a0 \u00a0 \u00a0<img decoding=\"async\" class=\"alignnone wp-image-16228\" src=\"https:\/\/yebodaglass.com\/wp-content\/uploads\/2025\/07\/4679f61166f64c6045dbc74c130db9a.png\" alt=\"\" width=\"240\" height=\"240\" srcset=\"https:\/\/yebodaglass.com\/wp-content\/uploads\/2025\/07\/4679f61166f64c6045dbc74c130db9a.png 220w, https:\/\/yebodaglass.com\/wp-content\/uploads\/2025\/07\/4679f61166f64c6045dbc74c130db9a-100x100.png 100w, https:\/\/yebodaglass.com\/wp-content\/uploads\/2025\/07\/4679f61166f64c6045dbc74c130db9a-150x150.png 150w, https:\/\/yebodaglass.com\/wp-content\/uploads\/2025\/07\/4679f61166f64c6045dbc74c130db9a-12x12.png 12w\" sizes=\"(max-width: 240px) 100vw, 240px\" \/>\u00a0 \u00a0 \u00a0 \u00a0 \u00a0 <img decoding=\"async\" class=\"alignnone wp-image-16230\" src=\"https:\/\/yebodaglass.com\/wp-content\/uploads\/2025\/07\/e59283ab6cb2ed3c93ba4f8a33db2ff.png\" alt=\"\" width=\"240\" height=\"240\" srcset=\"https:\/\/yebodaglass.com\/wp-content\/uploads\/2025\/07\/e59283ab6cb2ed3c93ba4f8a33db2ff.png 220w, https:\/\/yebodaglass.com\/wp-content\/uploads\/2025\/07\/e59283ab6cb2ed3c93ba4f8a33db2ff-100x100.png 100w, https:\/\/yebodaglass.com\/wp-content\/uploads\/2025\/07\/e59283ab6cb2ed3c93ba4f8a33db2ff-150x150.png 150w, https:\/\/yebodaglass.com\/wp-content\/uploads\/2025\/07\/e59283ab6cb2ed3c93ba4f8a33db2ff-12x12.png 12w\" sizes=\"(max-width: 240px) 100vw, 240px\" \/>\u00a0 \u00a0 \u00a0 <img loading=\"lazy\" decoding=\"async\" class=\"alignnone wp-image-16227\" src=\"https:\/\/yebodaglass.com\/wp-content\/uploads\/2025\/07\/8b499cc8b9c63806f1b8b3d5aa03275.png\" alt=\"\" width=\"240\" height=\"240\" srcset=\"https:\/\/yebodaglass.com\/wp-content\/uploads\/2025\/07\/8b499cc8b9c63806f1b8b3d5aa03275.png 220w, https:\/\/yebodaglass.com\/wp-content\/uploads\/2025\/07\/8b499cc8b9c63806f1b8b3d5aa03275-100x100.png 100w, https:\/\/yebodaglass.com\/wp-content\/uploads\/2025\/07\/8b499cc8b9c63806f1b8b3d5aa03275-150x150.png 150w, https:\/\/yebodaglass.com\/wp-content\/uploads\/2025\/07\/8b499cc8b9c63806f1b8b3d5aa03275-12x12.png 12w\" sizes=\"(max-width: 240px) 100vw, 240px\" \/><\/p>\t\t\t\t\t\t\t\t<\/div>\n\t\t\t\t<\/div>\n\t\t\t\t<\/div>\n\t\t<div class=\"elementor-element elementor-element-792eb8c e-flex e-con-boxed e-con e-parent\" data-id=\"792eb8c\" data-element_type=\"container\" data-e-type=\"container\" data-settings=\"{&quot;_ha_eqh_enable&quot;:false}\">\n\t\t\t\t\t<div class=\"e-con-inner\">\n\t\t\t\t<div class=\"elementor-element elementor-element-ceb50a8 elementor-widget elementor-widget-image\" data-id=\"ceb50a8\" data-element_type=\"widget\" data-e-type=\"widget\" data-widget_type=\"image.default\">\n\t\t\t\t<div class=\"elementor-widget-container\">\n\t\t\t\t\t\t\t\t\t\t\t\t\t\t\t<img decoding=\"async\" src=\"https:\/\/yebodaglass.com\/wp-content\/uploads\/elementor\/thumbs\/3.1-\u62f7\u8d1d-r8qtom4kxh2hlfcjrcrswzivagkcciipgbhiwc4fj4.webp\" title=\"S\u0142oiki Mason YEBODA 67 uncji z szerokim otworem i uchwytami\" alt=\"S\u0142oiki Mason YEBODA 67 uncji z szerokim otworem i uchwytami\" loading=\"lazy\" \/>\t\t\t\t\t\t\t\t\t\t\t\t\t\t\t<\/div>\n\t\t\t\t<\/div>\n\t\t\t\t<div class=\"elementor-element elementor-element-b2907c6 elementor-widget elementor-widget-text-editor\" data-id=\"b2907c6\" data-element_type=\"widget\" data-e-type=\"widget\" data-widget_type=\"text-editor.default\">\n\t\t\t\t<div class=\"elementor-widget-container\">\n\t\t\t\t\t\t\t\t\t<h2>Historie sukcesu i pomys\u0142y na personalizacj\u0119:<\/h2><p>Wyobra\u017a sobie t\u0119tni\u0105c\u0105 \u017cyciem kawiarni\u0119, kt\u00f3ra potrzebuje stylowego, a zarazem praktycznego rozwi\u0105zania, serwuj\u0105cego \u015bwie\u017co wyciskany sok pomara\u0144czowy. Zamieni\u0142y si\u0119 one w nasze du\u017ce s\u0142oiki typu mason, a sprzeda\u017c ich wyj\u0105tkowych napoj\u00f3w wzros\u0142a! Klienci pokochali ich rustykalny urok, wygodne uchwyty i dzi\u00f3bki u\u0142atwiaj\u0105ce nalewanie. S\u0142oiki te nie tylko usprawni\u0142y serwowanie napoj\u00f3w, ale tak\u017ce stworzy\u0142y zachwycaj\u0105ce doznania. Nasi klienci hurtowi uwa\u017caj\u0105 je za idealne do wszystkiego, od butelkowania mro\u017conej herbaty po tworzenie efektownych dozownik\u00f3w do napoj\u00f3w w s\u0142oikach typu mason.<\/p><h2>Gotowy na stworzenie s\u0142oik\u00f3w z uchwytami?<\/h2><ul><li><strong>Z wyt\u0142oczonym logo Twojej firmy:<\/strong> Mo\u017cemy wyt\u0142oczy\u0107 Twoje logo bezpo\u015brednio na szkle, co stanowi wyrafinowane i trwa\u0142e rozwi\u0105zanie w zakresie brandingu.<\/li><li><strong>Personalizacja skali obj\u0119to\u015bciowej:<\/strong> W przypadku brandingu obj\u0119to\u015bciowego linie podzia\u0142ki bocznej mo\u017cna modyfikowa\u0107 w celu dostosowania do specjalnych jednostek<\/li><li><strong>Szk\u0142o fi\u0144skie:<\/strong> Efekt szronu nadaje szk\u0142u odrobin\u0119 wyrafinowania, nie trac\u0105c przy tym jego przejrzysto\u015bci.<\/li><li><strong>Szk\u0142o kolorowe:<\/strong> W celu zwi\u0119kszenia produkcji do szk\u0142a mo\u017cna doda\u0107 barwnik w kolorze bursztynowym lub jasnoniebieskim.<\/li><\/ul>\t\t\t\t\t\t\t\t<\/div>\n\t\t\t\t<\/div>\n\t\t\t\t\t<\/div>\n\t\t\t\t<\/div>\n\t\t\t\t<\/div>","protected":false},"excerpt":{"rendered":"<p>Du\u017ce s\u0142oiki typu mason z uchwytami, dost\u0119pne hurtowo, s\u0105 uniwersalne i idealne do serwowania napoj\u00f3w, napoj\u00f3w w puszkach i kreatywnej prezentacji napoj\u00f3w.<\/p>","protected":false},"featured_media":17055,"template":"","meta":[],"product_brand":[],"product_cat":[80,81,20],"product_tag":[],"class_list":{"0":"post-17042","1":"product","2":"type-product","3":"status-publish","4":"has-post-thumbnail","6":"product_cat-glass-bottles","7":"product_cat-flip-top-bottles","8":"product_cat-glass-containers","10":"first","11":"instock","12":"shipping-taxable","13":"product-type-grouped"},"jetpack_sharing_enabled":true,"_links":{"self":[{"href":"https:\/\/yebodaglass.com\/pl\/wp-json\/wp\/v2\/product\/17042","targetHints":{"allow":["GET"]}}],"collection":[{"href":"https:\/\/yebodaglass.com\/pl\/wp-json\/wp\/v2\/product"}],"about":[{"href":"https:\/\/yebodaglass.com\/pl\/wp-json\/wp\/v2\/types\/product"}],"version-history":[{"count":6,"href":"https:\/\/yebodaglass.com\/pl\/wp-json\/wp\/v2\/product\/17042\/revisions"}],"predecessor-version":[{"id":21025,"href":"https:\/\/yebodaglass.com\/pl\/wp-json\/wp\/v2\/product\/17042\/revisions\/21025"}],"wp:featuredmedia":[{"embeddable":true,"href":"https:\/\/yebodaglass.com\/pl\/wp-json\/wp\/v2\/media\/17055"}],"wp:attachment":[{"href":"https:\/\/yebodaglass.com\/pl\/wp-json\/wp\/v2\/media?parent=17042"}],"wp:term":[{"taxonomy":"product_brand","embeddable":true,"href":"https:\/\/yebodaglass.com\/pl\/wp-json\/wp\/v2\/product_brand?post=17042"},{"taxonomy":"product_cat","embeddable":true,"href":"https:\/\/yebodaglass.com\/pl\/wp-json\/wp\/v2\/product_cat?post=17042"},{"taxonomy":"product_tag","embeddable":true,"href":"https:\/\/yebodaglass.com\/pl\/wp-json\/wp\/v2\/product_tag?post=17042"}],"curies":[{"name":"wp","href":"https:\/\/api.w.org\/{rel}","templated":true}]}}