{"id":17010,"date":"2025-07-14T17:39:58","date_gmt":"2025-07-14T09:39:58","guid":{"rendered":"https:\/\/yebodaglass.com\/?post_type=product&#038;p=17010"},"modified":"2026-03-11T15:58:49","modified_gmt":"2026-03-11T07:58:49","slug":"rectangular-glass-food-containers-with-lids-wholesale","status":"publish","type":"product","link":"https:\/\/yebodaglass.com\/pl\/produkt\/rectangular-glass-food-containers-with-lids-wholesale\/","title":{"rendered":"23-uncjowe prostok\u0105tne szklane pojemniki na \u017cywno\u015b\u0107 z pokrywkami \u2013 hurt"},"content":{"rendered":"<div data-elementor-type=\"wp-post\" data-elementor-id=\"17010\" class=\"elementor elementor-17010\" data-elementor-settings=\"{&quot;ha_cmc_init_switcher&quot;:&quot;no&quot;}\" data-elementor-post-type=\"product\">\n\t\t\t\t<div class=\"elementor-element elementor-element-bb0d695 e-flex e-con-boxed e-con e-parent\" data-id=\"bb0d695\" data-element_type=\"container\" data-e-type=\"container\" data-settings=\"{&quot;_ha_eqh_enable&quot;:false}\">\n\t\t\t\t\t<div class=\"e-con-inner\">\n\t\t\t\t<div class=\"elementor-element elementor-element-732f179 elementor-widget elementor-widget-text-editor\" data-id=\"732f179\" data-element_type=\"widget\" data-e-type=\"widget\" data-widget_type=\"text-editor.default\">\n\t\t\t\t<div class=\"elementor-widget-container\">\n\t\t\t\t\t\t\t\t\t<p>Nadal masz problem z przechowywaniem posi\u0142k\u00f3w? Nasze prostok\u0105tne szklane pojemniki na \u017cywno\u015b\u0107 o pojemno\u015bci 23 uncji (ok. 680 ml) s\u0105 przezroczyste, co u\u0142atwia ich przegl\u0105danie, i szczelne, co pozwala zachowa\u0107 \u015bwie\u017co\u015b\u0107. Mo\u017cna ich u\u017cywa\u0107 w kuchence mikrofalowej i piekarniku, dzi\u0119ki czemu mo\u017cesz zabra\u0107 ze sob\u0105 pyszne jedzenie!<\/p>\t\t\t\t\t\t\t\t<\/div>\n\t\t\t\t<\/div>\n\t\t\t\t<div class=\"elementor-element elementor-element-54c8d6c elementor-widget elementor-widget-heading\" data-id=\"54c8d6c\" data-element_type=\"widget\" data-e-type=\"widget\" data-widget_type=\"heading.default\">\n\t\t\t\t<div class=\"elementor-widget-container\">\n\t\t\t\t\t<h2 class=\"elementor-heading-title elementor-size-default\">Kluczowe specyfikacje<\/h2>\t\t\t\t<\/div>\n\t\t\t\t<\/div>\n\t\t\t\t<div class=\"elementor-element elementor-element-14509d8 elementor-widget elementor-widget-text-editor\" data-id=\"14509d8\" data-element_type=\"widget\" data-e-type=\"widget\" data-widget_type=\"text-editor.default\">\n\t\t\t\t<div class=\"elementor-widget-container\">\n\t\t\t\t\t\t\t\t\t<table class=\"aligncenter\" style=\"border-collapse: collapse; width: 405.77pt;\" border=\"0\" width=\"541\" cellspacing=\"0\" cellpadding=\"0\"><tbody><tr style=\"height: 13.50pt;\"><td style=\"height: 13.50pt; width: 158.25pt;\" width=\"211\" height=\"18\">Specyfikacja<\/td><td style=\"width: 247.50pt;\" width=\"330\">Szczeg\u00f3\u0142<\/td><\/tr><tr style=\"height: 13.50pt;\"><td style=\"height: 13.50pt;\" height=\"18\">V\u00fccut Boyu<\/td><td>23 uncje\/640 ml<\/td><\/tr><tr style=\"height: 13.50pt;\"><td style=\"height: 13.50pt;\" height=\"18\">Wymiary opakowania<\/td><td>12 * 6,3 * 12,4 cala<\/td><\/tr><tr style=\"height: 13.50pt;\"><td style=\"height: 13.50pt;\" height=\"18\">Tworzywo<\/td><td>Szk\u0142o wysokoborokrzemianowe<\/td><\/tr><tr style=\"height: 13.50pt;\"><td style=\"height: 13.50pt;\" height=\"18\">Kolor (pojemniki)<\/td><td>Przezroczysty<\/td><\/tr><tr style=\"height: 13.50pt;\"><td style=\"height: 13.50pt;\" height=\"18\">Kapak Malzemesi<\/td><td>Metal<\/td><\/tr><tr style=\"height: 13.50pt;\"><td style=\"height: 13.50pt;\" height=\"18\">Ilo\u015b\u0107 w opakowaniu<\/td><td>6 opakowa\u0144<\/td><\/tr><tr style=\"height: 13.50pt;\"><td style=\"height: 13.50pt;\" height=\"18\">Kszta\u0142t<\/td><td>G\u00fcvenli vidal\u0131 metal kapak<\/td><\/tr><tr style=\"height: 13.50pt;\"><td style=\"height: 13.50pt;\" height=\"18\">Szczelny<\/td><td>\u0130\u00e7eri\u011fin kolayca tan\u0131mlanmas\u0131 i\u00e7in \u015feffaf cam<\/td><\/tr><tr style=\"height: 13.50pt;\"><td style=\"height: 13.50pt;\" height=\"18\">Odporno\u015b\u0107 na ciep\u0142o<\/td><td>Geni\u015f A\u011f\u0131zl\u0131 Tasar\u0131m: Geni\u015f a\u011f\u0131z yap\u0131s\u0131, bisk\u00fcvi gibi kat\u0131 at\u0131\u015ft\u0131rmal\u0131klar veya sos gibi i\u00e7ecekler olsun, i\u00e7eri\u011fin kolayca doldurulmas\u0131n\u0131 ve bo\u015falt\u0131lmas\u0131n\u0131 sa\u011flar.<\/td><\/tr><tr style=\"height: 13.50pt;\"><td style=\"height: 13.50pt;\" height=\"18\">G\u00fcvenli Metal Kapak: Vidal\u0131 metal kapak, s\u0131z\u0131nt\u0131lar\u0131 \u00f6nleyerek ve i\u00e7eri\u011fi temiz tutarak hava temas\u0131ndan koruyarak iyi bir s\u0131zd\u0131rmazl\u0131k sa\u011flar.<\/td><td>\u015eeffaf Cam G\u00f6vde: \u015eeffaf cam, m\u00fc\u015fterilerin i\u00e7eri\u011fi sorunsuz bir \u015fekilde g\u00f6rmelerini sa\u011flar ve kavanozu a\u00e7madan i\u00e7eride ne sakland\u0131\u011f\u0131n\u0131 ke\u015ffetmeyi kolayla\u015ft\u0131r\u0131r.<\/td><\/tr><tr style=\"height: 13.50pt;\"><td style=\"height: 13.50pt;\" height=\"18\">Mo\u017cliwo\u015b\u0107 uk\u0142adania w stosy<\/td><td>Tak<\/td><\/tr><tr style=\"height: 13.50pt;\"><td style=\"height: 13.50pt;\" height=\"18\">Zamkni\u0119cie pokrywy<\/td><td>Boczne zatrzaski zapewniaj\u0105ce bezpieczne uszczelnienie<\/td><\/tr><\/tbody><\/table>\t\t\t\t\t\t\t\t<\/div>\n\t\t\t\t<\/div>\n\t\t\t\t\t<\/div>\n\t\t\t\t<\/div>\n\t\t<div class=\"elementor-element elementor-element-55e31eb e-flex e-con-boxed e-con e-parent\" data-id=\"55e31eb\" data-element_type=\"container\" data-e-type=\"container\" data-settings=\"{&quot;_ha_eqh_enable&quot;:false}\">\n\t\t\t\t\t<div class=\"e-con-inner\">\n\t\t\t\t<div class=\"elementor-element elementor-element-fc0900e elementor-widget elementor-widget-heading\" data-id=\"fc0900e\" data-element_type=\"widget\" data-e-type=\"widget\" data-widget_type=\"heading.default\">\n\t\t\t\t<div class=\"elementor-widget-container\">\n\t\t\t\t\t<h2 class=\"elementor-heading-title elementor-size-default\">Wyr\u00f3\u017cnieni<\/h2>\t\t\t\t<\/div>\n\t\t\t\t<\/div>\n\t\t\t\t\t<\/div>\n\t\t\t\t<\/div>\n\t\t<div class=\"elementor-element elementor-element-723cd80 e-flex e-con-boxed e-con e-parent\" data-id=\"723cd80\" data-element_type=\"container\" data-e-type=\"container\" data-settings=\"{&quot;_ha_eqh_enable&quot;:false}\">\n\t\t\t\t\t<div class=\"e-con-inner\">\n\t\t<div class=\"elementor-element elementor-element-bf4cb81 e-con-full e-flex e-con e-child\" data-id=\"bf4cb81\" data-element_type=\"container\" data-e-type=\"container\" data-settings=\"{&quot;_ha_eqh_enable&quot;:false}\">\n\t\t\t\t<div class=\"elementor-element elementor-element-202a3f6 elementor-widget elementor-widget-image\" data-id=\"202a3f6\" data-element_type=\"widget\" data-e-type=\"widget\" data-widget_type=\"image.default\">\n\t\t\t\t<div class=\"elementor-widget-container\">\n\t\t\t\t\t\t\t\t\t\t\t\t\t\t\t<img decoding=\"async\" src=\"https:\/\/yebodaglass.com\/wp-content\/uploads\/elementor\/thumbs\/21-\u62f7\u8d1d-1-r8qqsn78z6qpe6dcveve481du50qxrrjtpq1wia3s0.webp\" title=\"Szklane pojemniki na \u017cywno\u015b\u0107 YEBODA o pojemno\u015bci 21 uncji z pokrywkami \u2013 zestaw do przechowywania w kuchni\" alt=\"Szklane pojemniki na \u017cywno\u015b\u0107 YEBODA o pojemno\u015bci 21 uncji z pokrywkami \u2013 zestaw do przechowywania w kuchni\" loading=\"lazy\" \/>\t\t\t\t\t\t\t\t\t\t\t\t\t\t\t<\/div>\n\t\t\t\t<\/div>\n\t\t\t\t<div class=\"elementor-element elementor-element-fc1fd2d elementor-widget elementor-widget-text-editor\" data-id=\"fc1fd2d\" data-element_type=\"widget\" data-e-type=\"widget\" data-widget_type=\"text-editor.default\">\n\t\t\t\t<div class=\"elementor-widget-container\">\n\t\t\t\t\t\t\t\t\t<p>Barattoli di vetro a bocca larga da 8 oz e 16 oz di alta qualit\u00e0 all&#039;ingrosso con motivo a rombi e coperchi argentati, perfetti per conservare cibo e articoli per l&#039;artigianato.<\/p>\t\t\t\t\t\t\t\t<\/div>\n\t\t\t\t<\/div>\n\t\t\t\t<\/div>\n\t\t<div class=\"elementor-element elementor-element-73418b7 e-con-full e-flex e-con e-child\" data-id=\"73418b7\" data-element_type=\"container\" data-e-type=\"container\" data-settings=\"{&quot;_ha_eqh_enable&quot;:false}\">\n\t\t\t\t<div class=\"elementor-element elementor-element-490e976 elementor-widget elementor-widget-image\" data-id=\"490e976\" data-element_type=\"widget\" data-e-type=\"widget\" data-widget_type=\"image.default\">\n\t\t\t\t<div class=\"elementor-widget-container\">\n\t\t\t\t\t\t\t\t\t\t\t\t\t\t\t<img decoding=\"async\" src=\"https:\/\/yebodaglass.com\/wp-content\/uploads\/elementor\/thumbs\/32-\u62f7\u8d1d-r8qqso5360rzpsbzpxa0opsufiw45gva5udjds8pls.webp\" title=\"Szklane pojemniki na \u017cywno\u015b\u0107 YEBODA o pojemno\u015bci 21 uncji z pokrywkami \u2013 zestaw do przechowywania w kuchni\" alt=\"Szklane pojemniki na \u017cywno\u015b\u0107 YEBODA o pojemno\u015bci 21 uncji z pokrywkami \u2013 zestaw do przechowywania w kuchni\" loading=\"lazy\" \/>\t\t\t\t\t\t\t\t\t\t\t\t\t\t\t<\/div>\n\t\t\t\t<\/div>\n\t\t\t\t<div class=\"elementor-element elementor-element-28d6163 elementor-widget elementor-widget-text-editor\" data-id=\"28d6163\" data-element_type=\"widget\" data-e-type=\"widget\" data-widget_type=\"text-editor.default\">\n\t\t\t\t<div class=\"elementor-widget-container\">\n\t\t\t\t\t\t\t\t\t<p>Bezpieczne zatrzaski na pokrywkach: Boczne zatrzaski na pokrywkach zapewniaj\u0105 szczelne i bezpieczne zamkni\u0119cie, zapobiegaj\u0105c przeciekom i rozlewaniu oraz utrzymuj\u0105c \u015bwie\u017co\u015b\u0107 \u017cywno\u015bci przez d\u0142u\u017cszy czas.<\/p>\t\t\t\t\t\t\t\t<\/div>\n\t\t\t\t<\/div>\n\t\t\t\t<\/div>\n\t\t\t\t\t<\/div>\n\t\t\t\t<\/div>\n\t\t<div class=\"elementor-element elementor-element-d5c6ee3 e-flex e-con-boxed e-con e-parent\" data-id=\"d5c6ee3\" data-element_type=\"container\" data-e-type=\"container\" data-settings=\"{&quot;_ha_eqh_enable&quot;:false}\">\n\t\t\t\t\t<div class=\"e-con-inner\">\n\t\t<div class=\"elementor-element elementor-element-886f509 e-con-full e-flex e-con e-child\" data-id=\"886f509\" data-element_type=\"container\" data-e-type=\"container\" data-settings=\"{&quot;_ha_eqh_enable&quot;:false}\">\n\t\t\t\t<div class=\"elementor-element elementor-element-7036805 elementor-widget elementor-widget-image\" data-id=\"7036805\" data-element_type=\"widget\" data-e-type=\"widget\" data-widget_type=\"image.default\">\n\t\t\t\t<div class=\"elementor-widget-container\">\n\t\t\t\t\t\t\t\t\t\t\t\t\t\t\t<img decoding=\"async\" src=\"https:\/\/yebodaglass.com\/wp-content\/uploads\/elementor\/thumbs\/glass-food-containers-1-2-r8qqjy6zrcu80100n5kmjx0w0tviqk8xmohd3d67c0.webp\" title=\"Szklane pojemniki na \u017cywno\u015b\u0107 YEBODA o pojemno\u015bci 21 uncji z pokrywkami \u2013 zestaw do przechowywania w kuchni\" alt=\"Szklane pojemniki na \u017cywno\u015b\u0107 YEBODA o pojemno\u015bci 21 uncji z pokrywkami \u2013 zestaw do przechowywania w kuchni\" loading=\"lazy\" \/>\t\t\t\t\t\t\t\t\t\t\t\t\t\t\t<\/div>\n\t\t\t\t<\/div>\n\t\t\t\t<div class=\"elementor-element elementor-element-05721bf elementor-widget elementor-widget-text-editor\" data-id=\"05721bf\" data-element_type=\"widget\" data-e-type=\"widget\" data-widget_type=\"text-editor.default\">\n\t\t\t\t<div class=\"elementor-widget-container\">\n\t\t\t\t\t\t\t\t\t<p>Elegancki i przejrzysty design: Przezroczysta szklana obudowa o nowoczesnym, eleganckim wygl\u0105dzie nie tylko poprawia walory wizualne, ale tak\u017ce pozwala na \u0142atw\u0105 identyfikacj\u0119 zawarto\u015bci, dzi\u0119ki czemu uporz\u0105dkowanie jej staje si\u0119 bezproblemowe.<\/p>\t\t\t\t\t\t\t\t<\/div>\n\t\t\t\t<\/div>\n\t\t\t\t<\/div>\n\t\t<div class=\"elementor-element elementor-element-826245e e-con-full e-flex e-con e-child\" data-id=\"826245e\" data-element_type=\"container\" data-e-type=\"container\" data-settings=\"{&quot;_ha_eqh_enable&quot;:false}\">\n\t\t\t\t<div class=\"elementor-element elementor-element-65bbe9c elementor-widget elementor-widget-image\" data-id=\"65bbe9c\" data-element_type=\"widget\" data-e-type=\"widget\" data-widget_type=\"image.default\">\n\t\t\t\t<div class=\"elementor-widget-container\">\n\t\t\t\t\t\t\t\t\t\t\t\t\t\t\t<img decoding=\"async\" src=\"https:\/\/yebodaglass.com\/wp-content\/uploads\/elementor\/thumbs\/81-\u62f7\u8d1d-1-1-1-\u62f7\u8d1d-1-r8qqv5fr7a68cqqa8hvkrl9mv4nzgpps64cnz2kb6o.webp\" title=\"Szklane pojemniki na \u017cywno\u015b\u0107 YEBODA o pojemno\u015bci 21 uncji z pokrywkami \u2013 zestaw do przechowywania w kuchni\" alt=\"Szklane pojemniki na \u017cywno\u015b\u0107 YEBODA o pojemno\u015bci 21 uncji z pokrywkami \u2013 zestaw do przechowywania w kuchni\" loading=\"lazy\" \/>\t\t\t\t\t\t\t\t\t\t\t\t\t\t\t<\/div>\n\t\t\t\t<\/div>\n\t\t\t\t<div class=\"elementor-element elementor-element-0d5e45d elementor-widget elementor-widget-text-editor\" data-id=\"0d5e45d\" data-element_type=\"widget\" data-e-type=\"widget\" data-widget_type=\"text-editor.default\">\n\t\t\t\t<div class=\"elementor-widget-container\">\n\t\t\t\t\t\t\t\t\t<p>I nostri barattoli di vetro a bocca larga da 8 oz e 16 oz hanno un corpo in vetro trasparente con una splendida texture a rombi, abbinato a un coperchio a vite in metallo argentato liscio. La loro bocca larga consente un facile riempimento e una facile pulizia, perfetti sia per uso domestico che professionale.<\/p>\t\t\t\t\t\t\t\t<\/div>\n\t\t\t\t<\/div>\n\t\t\t\t<\/div>\n\t\t\t\t\t<\/div>\n\t\t\t\t<\/div>\n\t\t<div class=\"elementor-element elementor-element-88b472e e-con-full e-flex e-con e-parent\" data-id=\"88b472e\" data-element_type=\"container\" data-e-type=\"container\" data-settings=\"{&quot;_ha_eqh_enable&quot;:false}\">\n\t\t\t\t<div class=\"elementor-element elementor-element-3582c55 elementor-widget elementor-widget-text-editor\" data-id=\"3582c55\" data-element_type=\"widget\" data-e-type=\"widget\" data-widget_type=\"text-editor.default\">\n\t\t\t\t<div class=\"elementor-widget-container\">\n\t\t\t\t\t\t\t\t\t<p>\u00a0 \u00a0 \u00a0 \u00a0 \u00a0 \u00a0 \u00a0 \u00a0 \u00a0 \u00a0 \u00a0 \u00a0 <img fetchpriority=\"high\" decoding=\"async\" class=\"alignnone wp-image-16229\" src=\"https:\/\/yebodaglass.com\/wp-content\/uploads\/2025\/07\/d1ad5ea8ed4fd82e283a3a35878dd5c.png\" alt=\"\" width=\"240\" height=\"240\" srcset=\"https:\/\/yebodaglass.com\/wp-content\/uploads\/2025\/07\/d1ad5ea8ed4fd82e283a3a35878dd5c.png 220w, https:\/\/yebodaglass.com\/wp-content\/uploads\/2025\/07\/d1ad5ea8ed4fd82e283a3a35878dd5c-100x100.png 100w, https:\/\/yebodaglass.com\/wp-content\/uploads\/2025\/07\/d1ad5ea8ed4fd82e283a3a35878dd5c-150x150.png 150w, https:\/\/yebodaglass.com\/wp-content\/uploads\/2025\/07\/d1ad5ea8ed4fd82e283a3a35878dd5c-12x12.png 12w\" sizes=\"(max-width: 240px) 100vw, 240px\" \/>\u00a0 \u00a0 \u00a0 \u00a0 \u00a0<img decoding=\"async\" class=\"alignnone wp-image-16228\" src=\"https:\/\/yebodaglass.com\/wp-content\/uploads\/2025\/07\/4679f61166f64c6045dbc74c130db9a.png\" alt=\"\" width=\"240\" height=\"240\" srcset=\"https:\/\/yebodaglass.com\/wp-content\/uploads\/2025\/07\/4679f61166f64c6045dbc74c130db9a.png 220w, https:\/\/yebodaglass.com\/wp-content\/uploads\/2025\/07\/4679f61166f64c6045dbc74c130db9a-100x100.png 100w, https:\/\/yebodaglass.com\/wp-content\/uploads\/2025\/07\/4679f61166f64c6045dbc74c130db9a-150x150.png 150w, https:\/\/yebodaglass.com\/wp-content\/uploads\/2025\/07\/4679f61166f64c6045dbc74c130db9a-12x12.png 12w\" sizes=\"(max-width: 240px) 100vw, 240px\" \/>\u00a0 \u00a0 \u00a0 \u00a0 \u00a0 <img decoding=\"async\" class=\"alignnone wp-image-16230\" src=\"https:\/\/yebodaglass.com\/wp-content\/uploads\/2025\/07\/e59283ab6cb2ed3c93ba4f8a33db2ff.png\" alt=\"\" width=\"240\" height=\"240\" srcset=\"https:\/\/yebodaglass.com\/wp-content\/uploads\/2025\/07\/e59283ab6cb2ed3c93ba4f8a33db2ff.png 220w, https:\/\/yebodaglass.com\/wp-content\/uploads\/2025\/07\/e59283ab6cb2ed3c93ba4f8a33db2ff-100x100.png 100w, https:\/\/yebodaglass.com\/wp-content\/uploads\/2025\/07\/e59283ab6cb2ed3c93ba4f8a33db2ff-150x150.png 150w, https:\/\/yebodaglass.com\/wp-content\/uploads\/2025\/07\/e59283ab6cb2ed3c93ba4f8a33db2ff-12x12.png 12w\" sizes=\"(max-width: 240px) 100vw, 240px\" \/>\u00a0 \u00a0 \u00a0 <img loading=\"lazy\" decoding=\"async\" class=\"alignnone wp-image-16227\" src=\"https:\/\/yebodaglass.com\/wp-content\/uploads\/2025\/07\/8b499cc8b9c63806f1b8b3d5aa03275.png\" alt=\"\" width=\"240\" height=\"240\" srcset=\"https:\/\/yebodaglass.com\/wp-content\/uploads\/2025\/07\/8b499cc8b9c63806f1b8b3d5aa03275.png 220w, https:\/\/yebodaglass.com\/wp-content\/uploads\/2025\/07\/8b499cc8b9c63806f1b8b3d5aa03275-100x100.png 100w, https:\/\/yebodaglass.com\/wp-content\/uploads\/2025\/07\/8b499cc8b9c63806f1b8b3d5aa03275-150x150.png 150w, https:\/\/yebodaglass.com\/wp-content\/uploads\/2025\/07\/8b499cc8b9c63806f1b8b3d5aa03275-12x12.png 12w\" sizes=\"(max-width: 240px) 100vw, 240px\" \/><\/p>\t\t\t\t\t\t\t\t<\/div>\n\t\t\t\t<\/div>\n\t\t\t\t<\/div>\n\t\t<div class=\"elementor-element elementor-element-792eb8c e-flex e-con-boxed e-con e-parent\" data-id=\"792eb8c\" data-element_type=\"container\" data-e-type=\"container\" data-settings=\"{&quot;_ha_eqh_enable&quot;:false}\">\n\t\t\t\t\t<div class=\"e-con-inner\">\n\t\t\t\t<div class=\"elementor-element elementor-element-ceb50a8 elementor-widget elementor-widget-image\" data-id=\"ceb50a8\" data-element_type=\"widget\" data-e-type=\"widget\" data-widget_type=\"image.default\">\n\t\t\t\t<div class=\"elementor-widget-container\">\n\t\t\t\t\t\t\t\t\t\t\t\t\t\t\t<img decoding=\"async\" src=\"https:\/\/yebodaglass.com\/wp-content\/uploads\/elementor\/thumbs\/111-r8lgryzbeqdjwqtvlht31fyfu5tqt4rnzj02s50iow.webp\" title=\"Szklane pojemniki na lunch YEBODA o pojemno\u015bci 27 uncji \u2013 hermetyczne rozwi\u0105zania do przechowywania \u017cywno\u015bci\" alt=\"Szklane pojemniki na lunch YEBODA o pojemno\u015bci 27 uncji \u2013 hermetyczne rozwi\u0105zania do przechowywania \u017cywno\u015bci\" loading=\"lazy\" \/>\t\t\t\t\t\t\t\t\t\t\t\t\t\t\t<\/div>\n\t\t\t\t<\/div>\n\t\t\t\t<div class=\"elementor-element elementor-element-b2907c6 elementor-widget elementor-widget-text-editor\" data-id=\"b2907c6\" data-element_type=\"widget\" data-e-type=\"widget\" data-widget_type=\"text-editor.default\">\n\t\t\t\t<div class=\"elementor-widget-container\">\n\t\t\t\t\t\t\t\t\t<h2 style=\"text-align: left;\">Scenariusze zastosowania<\/h2><p style=\"text-align: left;\">Te szklane pojemniki na \u017cywno\u015b\u0107 idealnie nadaj\u0105 si\u0119 do codziennego u\u017cytku w domu i w podr\u00f3\u017cy. Niezale\u017cnie od tego, czy przygotowujesz zdrowe lunche do pracy, przechowujesz resztki jedzenia, czy przechowujesz przek\u0105ski w lod\u00f3wce, te szklane pojemniki na \u017cywno\u015b\u0107 z pokrywkami utrzymuj\u0105 Twoje posi\u0142ki l\u015bni\u0105ce i stabilne. Idealne do manipulowania sk\u0142adnikami, przygotowywania posi\u0142k\u00f3w, a nawet podgrzewania w kuchence mikrofalowej, s\u0105 niezb\u0119dne dla zapracowanych os\u00f3b, kt\u00f3re ceni\u0105 sobie wygod\u0119, ekologi\u0119 i \u0142atwo\u015b\u0107 jedzenia.<\/p>\t\t\t\t\t\t\t\t<\/div>\n\t\t\t\t<\/div>\n\t\t\t\t\t<\/div>\n\t\t\t\t<\/div>\n\t\t\t\t<\/div>","protected":false},"excerpt":{"rendered":"<p>Hurtowe, prostok\u0105tne szklane pojemniki na \u017cywno\u015b\u0107 o pojemno\u015bci 23 uncji z pokrywkami. Szczelne, nadaj\u0105 si\u0119 do mikrofal\u00f3wki i piekarnika. Idealne do przygotowywania posi\u0142k\u00f3w, przechowywania \u017cywno\u015bci i u\u017cytku komercyjnego.<\/p>","protected":false},"featured_media":17032,"template":"","meta":[],"product_brand":[],"product_cat":[20,85],"product_tag":[],"class_list":{"0":"post-17010","1":"product","2":"type-product","3":"status-publish","4":"has-post-thumbnail","6":"product_cat-glass-containers","7":"product_cat-glass-food-storage-containers","9":"first","10":"instock","11":"shipping-taxable","12":"product-type-grouped"},"jetpack_sharing_enabled":true,"_links":{"self":[{"href":"https:\/\/yebodaglass.com\/pl\/wp-json\/wp\/v2\/product\/17010","targetHints":{"allow":["GET"]}}],"collection":[{"href":"https:\/\/yebodaglass.com\/pl\/wp-json\/wp\/v2\/product"}],"about":[{"href":"https:\/\/yebodaglass.com\/pl\/wp-json\/wp\/v2\/types\/product"}],"version-history":[{"count":5,"href":"https:\/\/yebodaglass.com\/pl\/wp-json\/wp\/v2\/product\/17010\/revisions"}],"predecessor-version":[{"id":25379,"href":"https:\/\/yebodaglass.com\/pl\/wp-json\/wp\/v2\/product\/17010\/revisions\/25379"}],"wp:featuredmedia":[{"embeddable":true,"href":"https:\/\/yebodaglass.com\/pl\/wp-json\/wp\/v2\/media\/17032"}],"wp:attachment":[{"href":"https:\/\/yebodaglass.com\/pl\/wp-json\/wp\/v2\/media?parent=17010"}],"wp:term":[{"taxonomy":"product_brand","embeddable":true,"href":"https:\/\/yebodaglass.com\/pl\/wp-json\/wp\/v2\/product_brand?post=17010"},{"taxonomy":"product_cat","embeddable":true,"href":"https:\/\/yebodaglass.com\/pl\/wp-json\/wp\/v2\/product_cat?post=17010"},{"taxonomy":"product_tag","embeddable":true,"href":"https:\/\/yebodaglass.com\/pl\/wp-json\/wp\/v2\/product_tag?post=17010"}],"curies":[{"name":"wp","href":"https:\/\/api.w.org\/{rel}","templated":true}]}}