{"id":16945,"date":"2025-07-14T16:03:51","date_gmt":"2025-07-14T08:03:51","guid":{"rendered":"https:\/\/yebodaglass.com\/?post_type=product&#038;p=16945"},"modified":"2026-04-10T14:03:54","modified_gmt":"2026-04-10T06:03:54","slug":"wholesale-8-oz-wide-mouth-mason-jar-with-diamond-pattern","status":"publish","type":"product","link":"https:\/\/yebodaglass.com\/pl\/wholesale-8-oz-wide-mouth-mason-jar-with-diamond-pattern\/","title":{"rendered":"Hurtowy s\u0142oik Mason o pojemno\u015bci 8 uncji z szerokim otworem i wzorem diamentowym"},"content":{"rendered":"<p>S\u0142oik typu mason o pojemno\u015bci 8 uncji i szerokim wlocie ma tradycyjny, cylindryczny kszta\u0142t z romboidalnymi wzorami. Produkt wykonany jest z ultraprzezroczystego szk\u0142a dopuszczonego do kontaktu z \u017cywno\u015bci\u0105, a srebrna metalowa zakr\u0119tka zapewnia szczelne zamkni\u0119cie.<\/p>\n<h2>Cechy<\/h2>\n<ul>\n<li><strong>Klasyczny kszta\u0142t s\u0142oika Mason z szerokim otworem:<\/strong> Prosty szklany cylinder ze standardowym, szerokim gwintem gwarantuje kompatybilno\u015b\u0107 z uniwersalnymi pokrywkami, co u\u0142atwia nape\u0142nianie.<\/li>\n<li><strong>Wz\u00f3r pikowany w romby:<\/strong> Szk\u0142o zdobi\u0105 g\u0142\u0119bokie, diamentowe wzory, kt\u00f3re tworz\u0105 atrakcyjny design i zapewniaj\u0105 u\u017cytkownikom lepsz\u0105 kontrol\u0119 nad urz\u0105dzeniem.<\/li>\n<li><strong>Pogrubiona i wytrzyma\u0142a konstrukcja butelki:<\/strong> Grube \u015bcianki butelki tworz\u0105 solidn\u0105 konstrukcj\u0119, a wyt\u0142oczona faktura umo\u017cliwia u\u017cytkownikom lepsz\u0105 kontrol\u0119.<\/li>\n<\/ul>\n<h2>Kluczowe specyfikacje<\/h2>\n<table style=\"border-collapse: collapse; width: 80%; margin-left: auto; margin-right: auto;\" border=\"0\" width=\"615\" cellspacing=\"0\" cellpadding=\"0\">\n<tbody>\n<tr style=\"height: 13.50pt;\">\n<td style=\"height: 13.5pt; width: 162.75pt; text-align: center;\" width=\"217\" height=\"18\">Specyfikacja<\/td>\n<td style=\"width: 298.5pt; text-align: center;\" width=\"398\">Szczeg\u00f3\u0142<\/td>\n<\/tr>\n<tr style=\"height: 13.50pt;\">\n<td style=\"height: 13.5pt; text-align: center;\" height=\"18\">Pojemno\u015b\u0107<\/td>\n<td style=\"text-align: center;\">8 uncji\/250 ml<\/td>\n<\/tr>\n<tr style=\"height: 13.50pt;\">\n<td style=\"height: 13.5pt; text-align: center;\" height=\"18\">Wymiary opakowania<\/td>\n<td style=\"text-align: center;\">12,4 * 9,4 * 4,7 cala<\/td>\n<\/tr>\n<tr style=\"height: 13.50pt;\">\n<td style=\"height: 13.5pt; text-align: center;\" height=\"18\">Tworzywo<\/td>\n<td style=\"text-align: center;\">Szk\u0142o bezo\u0142owiowe<\/td>\n<\/tr>\n<tr style=\"height: 13.50pt;\">\n<td style=\"height: 13.5pt; text-align: center;\" height=\"18\">Typ pokrywy<\/td>\n<td style=\"text-align: center;\">Metalowa pokrywka z zakr\u0119tk\u0105<\/td>\n<\/tr>\n<tr style=\"height: 13.50pt;\">\n<td style=\"height: 13.5pt; text-align: center;\" height=\"18\">Specyfikacja opakowania<\/td>\n<td style=\"text-align: center;\">12 s\u0142oik\u00f3w w kartonie<\/td>\n<\/tr>\n<tr style=\"height: 13.50pt;\">\n<td style=\"height: 13.5pt; text-align: center;\" height=\"18\">Kszta\u0142t<\/td>\n<td style=\"text-align: center;\">Cylindryczny<\/td>\n<\/tr>\n<tr style=\"height: 13.50pt;\">\n<td style=\"height: 13.5pt; text-align: center;\" height=\"18\">Projekt zewn\u0119trzny<\/td>\n<td style=\"text-align: center;\">Pikowany wz\u00f3r diamentowy wytrawiony na powierzchni<\/td>\n<\/tr>\n<tr style=\"height: 13.50pt;\">\n<td style=\"height: 13.5pt; text-align: center;\" height=\"18\">Przezroczysto\u015b\u0107<\/td>\n<td style=\"text-align: center;\">Przezroczyste szk\u0142o, zapewniaj\u0105ce widoczno\u015b\u0107 wn\u0119trza<\/td>\n<\/tr>\n<\/tbody>\n<\/table>\n<h2>Historia sukcesu: niestandardowe zam\u00f3wienie od marki d\u017cem\u00f3w premium<\/h2>\n<p>Firma produkuj\u0105ca d\u017cemy w Georgii wybra\u0142a nasze s\u0142oiki typu mason o pojemno\u015bci 8 uncji (ok. 237 ml), kt\u00f3re ozdobi\u0142a z\u0142otymi metalowymi pokrywkami i matowym wyko\u0144czeniem. S\u0142oiki te przynios\u0142y wyj\u0105tkowe rezultaty, poniewa\u017c diamentowy wz\u00f3r i matowe wyko\u0144czenie prze\u0142o\u017cy\u0142y si\u0119 na 30% wzrost widoczno\u015bci na p\u00f3\u0142ce i 65% wzrost liczby ponownych zakup\u00f3w. Nast\u0119pnie firma zam\u00f3wi\u0142a ponad 450 000 s\u0142oik\u00f3w typu mason do swojej nowej linii produkt\u00f3w.<\/p>\n<h2>Sugestie personalizacji s\u0142oik\u00f3w Mason z szerokim otworem<\/h2>\n<ul>\n<li>Wariacje wzor\u00f3w: Tw\u00f3rz r\u00f3\u017cnorodne wyt\u0142aczane wzory, w tym wzory plastra miodu, wzory kwiatowe, wzory geometryczne i niestandardowe tekstury.<\/li>\n<li>Dopasowane kolorowe pier\u015bcienie do pokrywek: Produkt dost\u0119pny jest w wielu opcjach powlekanych pier\u015bcieni metalowych, m.in. w kolorze miedzianym, r\u00f3\u017cowego z\u0142ota i czarnym, kt\u00f3re pasuj\u0105 zar\u00f3wno do szklanych s\u0142oik\u00f3w, jak i etykiet.<\/li>\n<li>Zintegrowana podzia\u0142ka: Szklany s\u0142oik posiada wyt\u0142oczone podzia\u0142ki w uncjach i mililitrach, przydatne u\u017cytkownikom, kt\u00f3rzy potrzebuj\u0105 pomiar\u00f3w podczas gotowania, pieczenia i majsterkowania.<\/li>\n<\/ul>","protected":false},"excerpt":{"rendered":"<p>S\u0142oik typu mason z szerokim wlotem, z wyt\u0142oczonym wzorem w romby i metalow\u0105 pokrywk\u0105. S\u0142oiki typu mason o pojemno\u015bci 8 uncji (ok. 227 ml) z szerokim wlotem, idealne na prezenty, do przechowywania i jako dekoracja. Mo\u017cliwo\u015b\u0107 personalizacji.<\/p>","protected":false},"featured_media":16959,"template":"","meta":[],"product_brand":[],"product_cat":[84,83,20],"product_tag":[],"class_list":{"0":"post-16945","1":"product","2":"type-product","3":"status-publish","4":"has-post-thumbnail","6":"product_cat-mason-jars","7":"product_cat-glass-jars","8":"product_cat-glass-containers","10":"first","11":"instock","12":"shipping-taxable","13":"product-type-grouped"},"jetpack_sharing_enabled":true,"_links":{"self":[{"href":"https:\/\/yebodaglass.com\/pl\/wp-json\/wp\/v2\/product\/16945","targetHints":{"allow":["GET"]}}],"collection":[{"href":"https:\/\/yebodaglass.com\/pl\/wp-json\/wp\/v2\/product"}],"about":[{"href":"https:\/\/yebodaglass.com\/pl\/wp-json\/wp\/v2\/types\/product"}],"version-history":[{"count":5,"href":"https:\/\/yebodaglass.com\/pl\/wp-json\/wp\/v2\/product\/16945\/revisions"}],"predecessor-version":[{"id":25736,"href":"https:\/\/yebodaglass.com\/pl\/wp-json\/wp\/v2\/product\/16945\/revisions\/25736"}],"wp:featuredmedia":[{"embeddable":true,"href":"https:\/\/yebodaglass.com\/pl\/wp-json\/wp\/v2\/media\/16959"}],"wp:attachment":[{"href":"https:\/\/yebodaglass.com\/pl\/wp-json\/wp\/v2\/media?parent=16945"}],"wp:term":[{"taxonomy":"product_brand","embeddable":true,"href":"https:\/\/yebodaglass.com\/pl\/wp-json\/wp\/v2\/product_brand?post=16945"},{"taxonomy":"product_cat","embeddable":true,"href":"https:\/\/yebodaglass.com\/pl\/wp-json\/wp\/v2\/product_cat?post=16945"},{"taxonomy":"product_tag","embeddable":true,"href":"https:\/\/yebodaglass.com\/pl\/wp-json\/wp\/v2\/product_tag?post=16945"}],"curies":[{"name":"wp","href":"https:\/\/api.w.org\/{rel}","templated":true}]}}