{"id":16923,"date":"2025-07-14T15:27:16","date_gmt":"2025-07-14T07:27:16","guid":{"rendered":"https:\/\/yebodaglass.com\/?post_type=product&#038;p=16923"},"modified":"2026-03-11T14:34:14","modified_gmt":"2026-03-11T06:34:14","slug":"wide-mouth-mason-jars-with-diamond-pattern-glass","status":"publish","type":"product","link":"https:\/\/yebodaglass.com\/pl\/produkt\/wide-mouth-mason-jars-with-diamond-pattern-glass\/","title":{"rendered":"S\u0142oiki Mason z szerokim otworem i wzorem diamentowym, szk\u0142o 120 ml\u2013620 ml"},"content":{"rendered":"<h2>S\u0142oiki Mason z szerokim otworem i wzorem diamentowym<\/h2>\n<p>Te s\u0142oiki typu mason o szerokim wlocie, o eleganckiej, diamentowej fakturze, kt\u00f3ra tworzy dekoracyjne refleksy \u015bwietlne na powierzchni, maj\u0105 tradycyjny, okr\u0105g\u0142y kszta\u0142t. Ka\u017cdy s\u0142oik typu mason jest wykonany nie tylko ze szk\u0142a bez BPA, sody oczyszczonej i wapiennego, ale tak\u017ce posiada gwintowan\u0105 aluminiow\u0105 pokrywk\u0119, kt\u00f3ra gwarantuje szczelne zamkni\u0119cie podczas przechowywania i pakowania \u017cywno\u015bci.<\/p>\n<p>S\u0142oiki typu mason z szerokim wlotem u\u0142atwiaj\u0105 nape\u0142nianie, nalewanie i czyszczenie w por\u00f3wnaniu ze standardowymi s\u0142oikami typu mason. Ta cecha idealnie nadaje si\u0119 do przechowywania szerokiej gamy produkt\u00f3w, takich jak napoje, d\u017cemy owocowe, pikle, sosy, syropy, desery, zbo\u017ca i przyprawy. Ponadto, s\u0142oiki te doskonale nadaj\u0105 si\u0119 na \u015bwieczniki lub opakowania do projekt\u00f3w DIY. Jako producent i dostawca, oferujemy rozwi\u0105zania hurtowe, hurtowe i niestandardowe dla marek i dystrybutor\u00f3w poszukuj\u0105cych klasycznych opakowa\u0144 do s\u0142oik\u00f3w do przetwor\u00f3w.<\/p>\n<h2>Kluczowe specyfikacje<\/h2>\n<table style=\"border-collapse: collapse; width: 80%; margin-left: auto; margin-right: auto;\" border=\"0\" width=\"80%\" cellspacing=\"0\" cellpadding=\"0\">\n<tbody>\n<tr style=\"height: 13.50pt;\">\n<td style=\"height: 13.50pt; width: 113.25pt;\" width=\"151\" height=\"18\"><strong>Kategoria produktu<\/strong><\/td>\n<td style=\"width: 431.25pt;\" width=\"575\"><strong>S\u0142oiki Mason z szerokim otworem<\/strong><\/td>\n<\/tr>\n<tr style=\"height: 27.00pt;\">\n<td style=\"height: 27.00pt;\" height=\"36\">Opcje pojemno\u015bci<\/td>\n<td class=\"et2\" style=\"width: 431.25pt;\" width=\"575\">120 ml, 200 ml, 250 ml, 350 ml (otw\u00f3r 59 mm \/ 69 mm)<br \/>\n270 ml, 430 ml, 620 ml (otw\u00f3r 74 mm \/ 85 mm)<\/td>\n<\/tr>\n<tr style=\"height: 13.50pt;\">\n<td style=\"height: 13.50pt;\" height=\"18\">Tworzywo<\/td>\n<td>Szk\u0142o sodowo-wapniowe bez BPA<\/td>\n<\/tr>\n<tr style=\"height: 13.50pt;\">\n<td style=\"height: 13.50pt;\" height=\"18\">Kszta\u0142t<\/td>\n<td>Okr\u0105g\u0142y klasyczny s\u0142oik typu mason<\/td>\n<\/tr>\n<tr style=\"height: 13.50pt;\">\n<td style=\"height: 13.50pt;\" height=\"18\">Wyko\u0144czenie powierzchni<\/td>\n<td>Wz\u00f3r o fakturze diamentu, przyjazny dla etykiety<\/td>\n<\/tr>\n<tr style=\"height: 13.50pt;\">\n<td style=\"height: 13.50pt;\" height=\"18\">Typ pokrywy<\/td>\n<td>Aluminiowe zakr\u0119tki do s\u0142oik\u00f3w<\/td>\n<\/tr>\n<tr style=\"height: 13.50pt;\">\n<td style=\"height: 13.50pt;\" height=\"18\">3 opcje pokrywy<\/td>\n<td>Standardowa aluminiowa pokrywa z pow\u0142ok\u0105 uszczelniaj\u0105c\u0105 \/ dzielona aluminiowa pokrywa z pier\u015bcieniem silikonowym \/ aluminiowa pokrywa z otworem na s\u0142omk\u0119<\/td>\n<\/tr>\n<tr style=\"height: 13.50pt;\">\n<td style=\"height: 13.50pt;\" height=\"18\">Kolory pokrywek<\/td>\n<td>Z\u0142oto, srebro, czer\u0144<\/td>\n<\/tr>\n<tr style=\"height: 13.50pt;\">\n<td style=\"height: 13.50pt;\" height=\"18\">Kolor szk\u0142a<\/td>\n<td>Szk\u0142o przezroczyste lub kolory niestandardowe<\/td>\n<\/tr>\n<tr style=\"height: 13.50pt;\">\n<td style=\"height: 13.50pt;\" height=\"18\">Uszczelka<\/td>\n<td>12 szt. w kartonie<\/td>\n<\/tr>\n<tr style=\"height: 13.50pt;\">\n<td style=\"height: 13.50pt;\" height=\"18\">Aplikacja<\/td>\n<td>Nap\u00f3j, owoce, d\u017cem, kiszonka, sos, syrop, deser, zbo\u017ca, przyprawy<\/td>\n<\/tr>\n<tr style=\"height: 13.50pt;\">\n<td style=\"height: 13.50pt;\" height=\"18\">Dostarcza\u0107<\/td>\n<td>Hurtownie, hurtowo, OEM\/ODM na zam\u00f3wienie<\/td>\n<\/tr>\n<tr style=\"height: 13.50pt;\">\n<td style=\"height: 13.50pt;\" height=\"18\">Dostawa<\/td>\n<td>Stabilne zapasy i globalna dostawa z fabryki<\/td>\n<\/tr>\n<\/tbody>\n<\/table>\n<h2>G\u0142\u00f3wne cechy<\/h2>\n<h3>Szeroki otw\u00f3r u\u0142atwiaj\u0105cy nape\u0142nianie<\/h3>\n<p>S\u0142oik typu Mason Jar z szerokim otworem pozwala na \u0142atwe nape\u0142nianie go owocami, warstwami deser\u00f3w i ziarnami, a tak\u017ce u\u0142atwia czyszczenie w por\u00f3wnaniu ze standardowymi pojemnikami typu Mason Jar.<\/p>\n<h3>Dekoracyjna tekstura diamentowa<\/h3>\n<p>Geometryczny wz\u00f3r poprawia chwyt, jednocze\u015bnie zamieniaj\u0105c szklany s\u0142oik w dekoracyjne opakowanie, odpowiednie dla napoj\u00f3w i deser\u00f3w premium.<\/p>\n<h3>Niezawodna uszczelniona pokrywa<\/h3>\n<p>Aluminiowa pokrywka z pow\u0142ok\u0105 uszczelniaj\u0105c\u0105 zapewnia niezawodne zamkni\u0119cie w s\u0142oikach do przetwor\u00f3w i komercyjnych zastosowaniach zwi\u0105zanych z przechowywaniem \u017cywno\u015bci.<\/p>\n<h2>Udany przypadek klienta<\/h2>\n<p>W\u0142a\u015bciciel marki napoj\u00f3w z Kanady zam\u00f3wi\u0142 te s\u0142oiki typu mason o szerokim wlocie do linii gotowych do spo\u017cycia deser\u00f3w owocowych. Klient zam\u00f3wi\u0142 hurtowo 30 000 s\u0142oik\u00f3w w ramach pierwszego zam\u00f3wienia w naszej fabryce.<\/p>\n<p>Zam\u00f3wili niestandardowe z\u0142ote pokrywki do s\u0142oik\u00f3w, firmowe etykiety i specjalny odcie\u0144 szk\u0142a, aby wyr\u00f3\u017cni\u0107 swoje opakowania w sklepach detalicznych. S\u0142oiki by\u0142y u\u017cywane do warstwowych deser\u00f3w jogurtowych i sezonowych napoj\u00f3w z syropem.<\/p>\n<p>Po wprowadzeniu produktu na rynek, opakowanie szybko sta\u0142o si\u0119 jednym z bestseller\u00f3w dzi\u0119ki ozdobnemu wygl\u0105dowi s\u0142oika typu mason jar i praktycznemu, szerokiemu wlewowi. W ci\u0105gu sze\u015bciu miesi\u0119cy klient z\u0142o\u017cy\u0142 dwa kolejne zam\u00f3wienia hurtowe, osi\u0105gaj\u0105c \u0142\u0105czn\u0105 liczb\u0119 ponad 90 000 sztuk.<\/p>\n<h2>Sugestie dotycz\u0105ce personalizacji dla kupuj\u0105cych B2B<\/h2>\n<ol>\n<li><strong>Niestandardowe rozwi\u0105zania w zakresie pokrywek<\/strong>:Marki mog\u0105 tworzy\u0107 niestandardowe pokrywki do s\u0142oik\u00f3w, np. pokrywki ze s\u0142omk\u0105 do napoj\u00f3w, pokrywki z uszczelk\u0105 silikonow\u0105 do przechowywania lub pokrywki dzielone do tradycyjnego u\u017cytku ze s\u0142oikami do przetwor\u00f3w.<\/li>\n<li><strong>Prywatne marki i wyko\u0144czenia dekoracyjne<\/strong>:Je\u015bli sprzedajesz napoje lub desery, mo\u017cesz pomy\u015ble\u0107 o nadaniu opakowaniom w s\u0142oikach wyj\u0105tkowego charakteru poprzez zastosowanie etykiet, t\u0142oczenia lub kolorowej pow\u0142oki szk\u0142a.<\/li>\n<li><strong>Projekty opakowa\u0144 wielofunkcyjnych<\/strong>:Marki \u017cywno\u015bci, firmy upominkowe i producenci \u015bwiec mog\u0105 dostosowa\u0107 ten szklany s\u0142oik do pakowania marynat, sos\u00f3w, syrop\u00f3w, deser\u00f3w lub \u015bwiec w ramach sezonowych premier projektowych.<\/li>\n<\/ol>","protected":false},"excerpt":{"rendered":"<p data-start=\"35\" data-end=\"218\">Hurtowe s\u0142oiki typu mason z szerokim wlotem, ze szk\u0142em o fakturze diamentu i aluminiow\u0105 pokrywk\u0105. Wytrzyma\u0142y szklany s\u0142oik do napoj\u00f3w, d\u017cem\u00f3w, deser\u00f3w i opakowa\u0144 zbiorczych.<\/p>","protected":false},"featured_media":25369,"template":"","meta":[],"product_brand":[],"product_cat":[125,124,20,83,84],"product_tag":[],"class_list":{"0":"post-16923","1":"product","2":"type-product","3":"status-publish","4":"has-post-thumbnail","6":"product_cat-mason-glass-jars","7":"product_cat-custom-glass-jars","8":"product_cat-glass-containers","9":"product_cat-glass-jars","10":"product_cat-mason-jars","12":"first","13":"instock","14":"shipping-taxable","15":"product-type-grouped"},"jetpack_sharing_enabled":true,"_links":{"self":[{"href":"https:\/\/yebodaglass.com\/pl\/wp-json\/wp\/v2\/product\/16923","targetHints":{"allow":["GET"]}}],"collection":[{"href":"https:\/\/yebodaglass.com\/pl\/wp-json\/wp\/v2\/product"}],"about":[{"href":"https:\/\/yebodaglass.com\/pl\/wp-json\/wp\/v2\/types\/product"}],"version-history":[{"count":5,"href":"https:\/\/yebodaglass.com\/pl\/wp-json\/wp\/v2\/product\/16923\/revisions"}],"predecessor-version":[{"id":25370,"href":"https:\/\/yebodaglass.com\/pl\/wp-json\/wp\/v2\/product\/16923\/revisions\/25370"}],"wp:featuredmedia":[{"embeddable":true,"href":"https:\/\/yebodaglass.com\/pl\/wp-json\/wp\/v2\/media\/25369"}],"wp:attachment":[{"href":"https:\/\/yebodaglass.com\/pl\/wp-json\/wp\/v2\/media?parent=16923"}],"wp:term":[{"taxonomy":"product_brand","embeddable":true,"href":"https:\/\/yebodaglass.com\/pl\/wp-json\/wp\/v2\/product_brand?post=16923"},{"taxonomy":"product_cat","embeddable":true,"href":"https:\/\/yebodaglass.com\/pl\/wp-json\/wp\/v2\/product_cat?post=16923"},{"taxonomy":"product_tag","embeddable":true,"href":"https:\/\/yebodaglass.com\/pl\/wp-json\/wp\/v2\/product_tag?post=16923"}],"curies":[{"name":"wp","href":"https:\/\/api.w.org\/{rel}","templated":true}]}}