{"id":16894,"date":"2025-07-14T13:11:18","date_gmt":"2025-07-14T05:11:18","guid":{"rendered":"https:\/\/yebodaglass.com\/?post_type=product&#038;p=16894"},"modified":"2026-03-25T14:14:13","modified_gmt":"2026-03-25T06:14:13","slug":"wholesale-16-oz-32-oz-clear-swing-top-glass-bottles","status":"publish","type":"product","link":"https:\/\/yebodaglass.com\/pl\/produkt\/wholesale-16-oz-32-oz-clear-swing-top-glass-bottles\/","title":{"rendered":"Hurtowe butelki szklane z przezroczystym zamkni\u0119ciem typu Swing Top o pojemno\u015bci 16 uncji i 32 uncji"},"content":{"rendered":"<p>Te okr\u0105g\u0142e, szklane butelki z zakr\u0119canym wieczkiem wykonane s\u0105 z krystalicznie czystego szk\u0142a. Ich g\u0142\u00f3wn\u0105 cech\u0105 charakterystyczn\u0105 jest zawiasowa metalowa klamra, kt\u00f3ra mocuje ceramiczny korek z gumow\u0105 uszczelk\u0105 w czerwono-bia\u0142e paski. Konstrukcja zapewnia mocne, hermetyczne zamkni\u0119cie, a jednocze\u015bnie jest \u0142atwa w otwieraniu i zamykaniu.<\/p>\n<h2>Wyr\u00f3\u017cnieni<\/h2>\n<ul>\n<li><strong>Uszczelnienie nakr\u0119tki \u015brubowej:<\/strong> Przycisk Metalowy zatrzask zamyka gumow\u0105 uszczelk\u0119, tworz\u0105c dobre i wielokrotnego u\u017cytku uszczelnienie.<\/li>\n<li><strong>Przejrzysta, cylindryczna konstrukcja:<\/strong> Szklana butelka o prostych \u015bciankach jest wytrzyma\u0142a, \u0142atwa do mycia i przejrzysta.<\/li>\n<li><strong>Okucia metalowe:<\/strong> Wytrzyma\u0142y metalowy zawias i ceramiczny ogranicznik pokryty gumow\u0105 pow\u0142ok\u0105 gwarantuj\u0105 d\u0142ug\u0105 \u017cywotno\u015b\u0107 okucia.<\/li>\n<\/ul>\n<h2 style=\"text-align: left;\">Kluczowe specyfikacje<\/h2>\n<table class=\"aligncenter\" style=\"border-collapse: collapse; width: 303.77pt;\" border=\"0\" width=\"405\" cellspacing=\"0\" cellpadding=\"0\">\n<tbody>\n<tr style=\"height: 13.50pt;\">\n<td style=\"height: 13.50pt; width: 99.75pt;\" width=\"133\" height=\"18\">Parametr<\/td>\n<td style=\"width: 204.00pt;\" width=\"272\">Opis<\/td>\n<\/tr>\n<tr style=\"height: 13.50pt;\">\n<td style=\"height: 13.50pt;\" height=\"18\">Pojemno\u015b\u0107<\/td>\n<td>16 uncji (500 ml)\/32 uncje (1000 ml)<\/td>\n<\/tr>\n<tr style=\"height: 13.50pt;\">\n<td style=\"height: 13.50pt;\" height=\"18\">Rozmiar opakowania<\/td>\n<td>9,3*6,3*10,6 cala\/7,3*7,3*12,4 cala<\/td>\n<\/tr>\n<tr style=\"height: 13.50pt;\">\n<td style=\"height: 13.50pt;\" height=\"18\">Ilo\u015b\u0107 w opakowaniu<\/td>\n<td>6 szt. w kartonie; 4 szt. w kartonie<\/td>\n<\/tr>\n<tr style=\"height: 13.50pt;\">\n<td style=\"height: 13.50pt;\" height=\"18\">Tworzywo<\/td>\n<td>Szk\u0142o w 100% nadaj\u0105ce si\u0119 do recyklingu, bezo\u0142owiowe<\/td>\n<\/tr>\n<tr style=\"height: 13.50pt;\">\n<td style=\"height: 13.50pt;\" height=\"18\">Typ czapki<\/td>\n<td>Zamykana klapka z gumow\u0105 uszczelk\u0105<\/td>\n<\/tr>\n<\/tbody>\n<\/table>\n<h2>Historia sukcesu: Rozw\u00f3j producenta syropu klonowego w Nowej Anglii<\/h2>\n<p>Jedna z naszych 1-litrowych butelek z zakr\u0119tk\u0105 typu swing top zosta\u0142a wybrana przez producenta syropu klonowego z Nowej Anglii, kt\u00f3ry nast\u0119pnie zleci\u0142 wykonanie sitodruku na drewnie brzozowym oraz zastosowanie br\u0105zowej gumowej plomby. Plomba wyd\u0142u\u017cy\u0142a okres przydatno\u015bci syropu klonowego trzykrotnie, a przezroczysta szklana butelka sprawi\u0142a, \u017ce \u200b\u200bklienci mogli bez problemu zobaczy\u0107 klarowno\u015b\u0107 produktu, co prze\u0142o\u017cy\u0142o si\u0119 na wzrost sprzeda\u017cy o 20 procent. Firma by\u0142a tak zadowolona z produktu, \u017ce zam\u00f3wi\u0142a kolejne 100 000 butelek swojej nowej linii syrop\u00f3w smakowych i zestaw\u00f3w prezentowych.<\/p>\n<h2>Personalizacja szklanych butelek z hu\u015btawk\u0105<\/h2>\n<ul>\n<li>Materia\u0142y klips\u00f3w i drut\u00f3w: Mog\u0105 by\u0107 wykonane ze stali ocynkowanej, czarnej pow\u0142oki, miedzi lub antycznego mosi\u0105dzu.<\/li>\n<li>Kolory stoper\u00f3w i pier\u015bcieni uszczelniaj\u0105cych: Kolor pier\u015bcienia uszczelniaj\u0105cego i mo\u017cliwy do dostosowania materia\u0142 stopera (ceramika, plastik).<\/li>\n<li>Zintegrowany zaw\u00f3r fermentacyjny pr\u00f3\u017cniowy: wyposa\u017cony w specjalny korek z zaworem na bazie wody lub zaworem, kt\u00f3ry mo\u017cna \u0142atwo stosowa\u0107 w domowych procesach fermentacji.<\/li>\n<\/ul>","protected":false},"excerpt":{"rendered":"<p data-start=\"40\" data-end=\"220\">Przezroczyste, szklane butelki z zakr\u0119canym wieczkiem i bezpieczn\u0105, zaciskow\u0105 pokrywk\u0105, zapewniaj\u0105ce szczelne przechowywanie. Idealne do napoj\u00f3w i p\u0142yn\u00f3w. Dostawa bezpo\u015brednio z fabryki, z mo\u017cliwo\u015bci\u0105 rabat\u00f3w hurtowych.<\/p>","protected":false},"featured_media":16911,"template":"","meta":[],"product_brand":[],"product_cat":[81,80,20],"product_tag":[],"class_list":{"0":"post-16894","1":"product","2":"type-product","3":"status-publish","4":"has-post-thumbnail","6":"product_cat-flip-top-bottles","7":"product_cat-glass-bottles","8":"product_cat-glass-containers","10":"first","11":"instock","12":"shipping-taxable","13":"product-type-grouped"},"jetpack_sharing_enabled":true,"_links":{"self":[{"href":"https:\/\/yebodaglass.com\/pl\/wp-json\/wp\/v2\/product\/16894","targetHints":{"allow":["GET"]}}],"collection":[{"href":"https:\/\/yebodaglass.com\/pl\/wp-json\/wp\/v2\/product"}],"about":[{"href":"https:\/\/yebodaglass.com\/pl\/wp-json\/wp\/v2\/types\/product"}],"version-history":[{"count":5,"href":"https:\/\/yebodaglass.com\/pl\/wp-json\/wp\/v2\/product\/16894\/revisions"}],"predecessor-version":[{"id":25602,"href":"https:\/\/yebodaglass.com\/pl\/wp-json\/wp\/v2\/product\/16894\/revisions\/25602"}],"wp:featuredmedia":[{"embeddable":true,"href":"https:\/\/yebodaglass.com\/pl\/wp-json\/wp\/v2\/media\/16911"}],"wp:attachment":[{"href":"https:\/\/yebodaglass.com\/pl\/wp-json\/wp\/v2\/media?parent=16894"}],"wp:term":[{"taxonomy":"product_brand","embeddable":true,"href":"https:\/\/yebodaglass.com\/pl\/wp-json\/wp\/v2\/product_brand?post=16894"},{"taxonomy":"product_cat","embeddable":true,"href":"https:\/\/yebodaglass.com\/pl\/wp-json\/wp\/v2\/product_cat?post=16894"},{"taxonomy":"product_tag","embeddable":true,"href":"https:\/\/yebodaglass.com\/pl\/wp-json\/wp\/v2\/product_tag?post=16894"}],"curies":[{"name":"wp","href":"https:\/\/api.w.org\/{rel}","templated":true}]}}