{"id":16805,"date":"2025-07-11T10:47:25","date_gmt":"2025-07-11T02:47:25","guid":{"rendered":"https:\/\/yebodaglass.com\/?post_type=product&#038;p=16805"},"modified":"2026-03-11T15:06:00","modified_gmt":"2026-03-11T07:06:00","slug":"clear-glass-jam-jars-with-metal-lids-wholesale","status":"publish","type":"product","link":"https:\/\/yebodaglass.com\/pl\/produkt\/clear-glass-jam-jars-with-metal-lids-wholesale\/","title":{"rendered":"S\u0142oiki na d\u017cem z przezroczystego szk\u0142a o pojemno\u015bci 16 uncji z metalowymi pokrywkami \u2013 sprzeda\u017c hurtowa"},"content":{"rendered":"<div data-elementor-type=\"wp-post\" data-elementor-id=\"16805\" class=\"elementor elementor-16805\" data-elementor-settings=\"{&quot;ha_cmc_init_switcher&quot;:&quot;no&quot;}\" data-elementor-post-type=\"product\">\n\t\t\t\t<div class=\"elementor-element elementor-element-bb0d695 e-flex e-con-boxed e-con e-parent\" data-id=\"bb0d695\" data-element_type=\"container\" data-e-type=\"container\" data-settings=\"{&quot;_ha_eqh_enable&quot;:false}\">\n\t\t\t\t\t<div class=\"e-con-inner\">\n\t\t\t\t<div class=\"elementor-element elementor-element-732f179 elementor-widget elementor-widget-text-editor\" data-id=\"732f179\" data-element_type=\"widget\" data-e-type=\"widget\" data-widget_type=\"text-editor.default\">\n\t\t\t\t<div class=\"elementor-widget-container\">\n\t\t\t\t\t\t\t\t\t<p>Nasze 16-uncjowe szklane s\u0142oiki na d\u017cem maj\u0105 okr\u0105g\u0142y, lekko cebulkowaty kszta\u0142t i s\u0105 zamkni\u0119te w solidnej metalowej zakr\u0119tce. Te szklane s\u0142oiki idealnie nadaj\u0105 si\u0119 do przechowywania d\u017cemu, galaretki, d\u017cemu, sosu lub innych domowych przetwor\u00f3w. Wyra\u017ane szk\u0142o prezentuje \u017cywy materia\u0142, kt\u00f3ry \u0142\u0105czy funkcjonalno\u015b\u0107 z czystym, klasycznym wygl\u0105dem, idealnym zar\u00f3wno do domowej kuchni, jak i do sprzeda\u017cy detalicznej.<\/p>\t\t\t\t\t\t\t\t<\/div>\n\t\t\t\t<\/div>\n\t\t\t\t<div class=\"elementor-element elementor-element-54c8d6c elementor-widget elementor-widget-heading\" data-id=\"54c8d6c\" data-element_type=\"widget\" data-e-type=\"widget\" data-widget_type=\"heading.default\">\n\t\t\t\t<div class=\"elementor-widget-container\">\n\t\t\t\t\t<h2 class=\"elementor-heading-title elementor-size-default\">Kluczowe specyfikacje<\/h2>\t\t\t\t<\/div>\n\t\t\t\t<\/div>\n\t\t\t\t<div class=\"elementor-element elementor-element-14509d8 elementor-widget elementor-widget-text-editor\" data-id=\"14509d8\" data-element_type=\"widget\" data-e-type=\"widget\" data-widget_type=\"text-editor.default\">\n\t\t\t\t<div class=\"elementor-widget-container\">\n\t\t\t\t\t\t\t\t\t<table style=\"border-collapse: collapse; margin-left: auto; margin-right: auto; width: 80%;\" border=\"0\" width=\"468\" cellspacing=\"0\" cellpadding=\"0\"><tbody><tr style=\"height: 13.50pt;\"><td style=\"height: 13.50pt; width: 120.00pt;\" width=\"160\" height=\"18\">Parametr<\/td><td style=\"width: 231.00pt;\" width=\"308\">Opis<\/td><\/tr><tr style=\"height: 13.50pt;\"><td style=\"height: 13.50pt;\" height=\"18\">Pojemno\u015b\u0107<\/td><td>500 ml \/ 16 uncji<\/td><\/tr><tr style=\"height: 13.50pt;\"><td style=\"height: 13.50pt;\" height=\"18\">Ilo\u015b\u0107 w opakowaniu<\/td><td>12 sztuk w pude\u0142ku<\/td><\/tr><tr style=\"height: 13.50pt;\"><td style=\"height: 13.50pt;\" height=\"18\">Tworzywo<\/td><td>Szk\u0142o bezo\u0142owiowe<\/td><\/tr><tr style=\"height: 13.50pt;\"><td style=\"height: 13.50pt;\" height=\"18\">\u015arednica otworu<\/td><td>6,9 cm \/ 2,72 cala<\/td><\/tr><tr style=\"height: 13.50pt;\"><td style=\"height: 13.50pt;\" height=\"18\">\u015arednica cia\u0142a<\/td><td>8,5 cm \/ 3,35 cala<\/td><\/tr><tr style=\"height: 13.50pt;\"><td style=\"height: 13.50pt;\" height=\"18\">Wysoko\u015b\u0107<\/td><td>12,8 cm \/ 5,04 cala<\/td><\/tr><tr style=\"height: 13.50pt;\"><td style=\"height: 13.50pt;\" height=\"18\">Typ uszczelnienia<\/td><td>Metalowa zakr\u0119cana pokrywa<\/td><\/tr><\/tbody><\/table>\t\t\t\t\t\t\t\t<\/div>\n\t\t\t\t<\/div>\n\t\t\t\t\t<\/div>\n\t\t\t\t<\/div>\n\t\t<div class=\"elementor-element elementor-element-55e31eb e-flex e-con-boxed e-con e-parent\" data-id=\"55e31eb\" data-element_type=\"container\" data-e-type=\"container\" data-settings=\"{&quot;_ha_eqh_enable&quot;:false}\">\n\t\t\t\t\t<div class=\"e-con-inner\">\n\t\t\t\t<div class=\"elementor-element elementor-element-fc0900e elementor-widget elementor-widget-heading\" data-id=\"fc0900e\" data-element_type=\"widget\" data-e-type=\"widget\" data-widget_type=\"heading.default\">\n\t\t\t\t<div class=\"elementor-widget-container\">\n\t\t\t\t\t<h2 class=\"elementor-heading-title elementor-size-default\">Wyr\u00f3\u017cnieni<\/h2>\t\t\t\t<\/div>\n\t\t\t\t<\/div>\n\t\t\t\t\t<\/div>\n\t\t\t\t<\/div>\n\t\t<div class=\"elementor-element elementor-element-723cd80 e-flex e-con-boxed e-con e-parent\" data-id=\"723cd80\" data-element_type=\"container\" data-e-type=\"container\" data-settings=\"{&quot;_ha_eqh_enable&quot;:false}\">\n\t\t\t\t\t<div class=\"e-con-inner\">\n\t\t<div class=\"elementor-element elementor-element-bf4cb81 e-con-full e-flex e-con e-child\" data-id=\"bf4cb81\" data-element_type=\"container\" data-e-type=\"container\" data-settings=\"{&quot;_ha_eqh_enable&quot;:false}\">\n\t\t\t\t<div class=\"elementor-element elementor-element-202a3f6 elementor-widget elementor-widget-image\" data-id=\"202a3f6\" data-element_type=\"widget\" data-e-type=\"widget\" data-widget_type=\"image.default\">\n\t\t\t\t<div class=\"elementor-widget-container\">\n\t\t\t\t\t\t\t\t\t\t\t\t\t\t\t<img decoding=\"async\" src=\"https:\/\/yebodaglass.com\/wp-content\/uploads\/elementor\/thumbs\/5-4-r8kz92p28wq5ax8qlaapz5bm4tfpep5gwvmnr6g90g.webp\" title=\"Hurtowe s\u0142oiki Mason o pojemno\u015bci 32 uncji z cylindrycznym kszta\u0142tem\" alt=\"Hurtowe s\u0142oiki Mason o pojemno\u015bci 32 uncji z cylindrycznym kszta\u0142tem\" loading=\"lazy\" \/>\t\t\t\t\t\t\t\t\t\t\t\t\t\t\t<\/div>\n\t\t\t\t<\/div>\n\t\t\t\t<div class=\"elementor-element elementor-element-fc1fd2d elementor-widget elementor-widget-text-editor\" data-id=\"fc1fd2d\" data-element_type=\"widget\" data-e-type=\"widget\" data-widget_type=\"text-editor.default\">\n\t\t\t\t<div class=\"elementor-widget-container\">\n\t\t\t\t\t\t\t\t\t<p>Wysokiej jako\u015bci szklane s\u0142oiki na d\u017cem: Wykonane z najwy\u017cszej jako\u015bci szk\u0142a, s\u0105 przejrzyste i wytrzyma\u0142e, odporne na r\u00f3\u017cnice temperatur, nie p\u0119kaj\u0105 i charakteryzuj\u0105 si\u0119 wysok\u0105 jako\u015bci\u0105.<\/p>\t\t\t\t\t\t\t\t<\/div>\n\t\t\t\t<\/div>\n\t\t\t\t<\/div>\n\t\t<div class=\"elementor-element elementor-element-73418b7 e-con-full e-flex e-con e-child\" data-id=\"73418b7\" data-element_type=\"container\" data-e-type=\"container\" data-settings=\"{&quot;_ha_eqh_enable&quot;:false}\">\n\t\t\t\t<div class=\"elementor-element elementor-element-490e976 elementor-widget elementor-widget-image\" data-id=\"490e976\" data-element_type=\"widget\" data-e-type=\"widget\" data-widget_type=\"image.default\">\n\t\t\t\t<div class=\"elementor-widget-container\">\n\t\t\t\t\t\t\t\t\t\t\t\t\t\t\t<img decoding=\"async\" src=\"https:\/\/yebodaglass.com\/wp-content\/uploads\/elementor\/thumbs\/6-5-r8jh0iidgbtfzlg26a43gvb6w9cxxfmd4lm18tj6ao.webp\" title=\"Hurtowe s\u0142oiki Mason o pojemno\u015bci 32 uncji z cylindrycznym kszta\u0142tem\" alt=\"Hurtowe s\u0142oiki Mason o pojemno\u015bci 32 uncji z cylindrycznym kszta\u0142tem\" loading=\"lazy\" \/>\t\t\t\t\t\t\t\t\t\t\t\t\t\t\t<\/div>\n\t\t\t\t<\/div>\n\t\t\t\t<div class=\"elementor-element elementor-element-28d6163 elementor-widget elementor-widget-text-editor\" data-id=\"28d6163\" data-element_type=\"widget\" data-e-type=\"widget\" data-widget_type=\"text-editor.default\">\n\t\t\t\t<div class=\"elementor-widget-container\">\n\t\t\t\t\t\t\t\t\t<p>\u0141atwe do wyg\u0142adzenia wewn\u0119trzne \u015bcianki: Wewn\u0119trzne \u015bcianki butelki s\u0105 czyste i pozbawione zadzior\u00f3w, a plamy z wody mo\u017cna zmy\u0107 jednym p\u0142ukaniem, dzi\u0119ki czemu czyszczenie jest niezwykle \u0142atwe.<\/p>\t\t\t\t\t\t\t\t<\/div>\n\t\t\t\t<\/div>\n\t\t\t\t<\/div>\n\t\t\t\t\t<\/div>\n\t\t\t\t<\/div>\n\t\t<div class=\"elementor-element elementor-element-fc04ebb e-flex e-con-boxed e-con e-parent\" data-id=\"fc04ebb\" data-element_type=\"container\" data-e-type=\"container\" data-settings=\"{&quot;_ha_eqh_enable&quot;:false}\">\n\t\t\t\t\t<div class=\"e-con-inner\">\n\t\t<div class=\"elementor-element elementor-element-34afca3 e-con-full e-flex e-con e-child\" data-id=\"34afca3\" data-element_type=\"container\" data-e-type=\"container\" data-settings=\"{&quot;_ha_eqh_enable&quot;:false}\">\n\t\t\t\t<div class=\"elementor-element elementor-element-db07882 elementor-widget elementor-widget-image\" data-id=\"db07882\" data-element_type=\"widget\" data-e-type=\"widget\" data-widget_type=\"image.default\">\n\t\t\t\t<div class=\"elementor-widget-container\">\n\t\t\t\t\t\t\t\t\t\t\t\t\t\t\t<img decoding=\"async\" src=\"https:\/\/yebodaglass.com\/wp-content\/uploads\/elementor\/thumbs\/8-1-1-r8qmcumz53zvomh9ycam8joec0mee5e9ut6gv37hk0.webp\" title=\"Hurtowe s\u0142oiki Mason o pojemno\u015bci 32 uncji z cylindrycznym kszta\u0142tem\" alt=\"Hurtowe s\u0142oiki Mason o pojemno\u015bci 32 uncji z cylindrycznym kszta\u0142tem\" loading=\"lazy\" \/>\t\t\t\t\t\t\t\t\t\t\t\t\t\t\t<\/div>\n\t\t\t\t<\/div>\n\t\t\t\t<div class=\"elementor-element elementor-element-fe38982 elementor-widget elementor-widget-text-editor\" data-id=\"fe38982\" data-element_type=\"widget\" data-e-type=\"widget\" data-widget_type=\"text-editor.default\">\n\t\t\t\t<div class=\"elementor-widget-container\">\n\t\t\t\t\t\t\t\t\t<p>Szczelne i odporne na przeciekanie: Uszczelniaj\u0105ca nakr\u0119tka \u015bci\u015ble przylega do szyjki butelki i nie przecieka nawet po odwr\u00f3ceniu butelki do g\u00f3ry dnem i potrz\u0105\u015bni\u0119ciu, dzi\u0119ki czemu mo\u017cesz j\u0105 przechowywa\u0107 ze spokojn\u0105 g\u0142ow\u0105.<\/p>\t\t\t\t\t\t\t\t<\/div>\n\t\t\t\t<\/div>\n\t\t\t\t<\/div>\n\t\t<div class=\"elementor-element elementor-element-6d52589 e-con-full e-flex e-con e-child\" data-id=\"6d52589\" data-element_type=\"container\" data-e-type=\"container\" data-settings=\"{&quot;_ha_eqh_enable&quot;:false}\">\n\t\t\t\t<div class=\"elementor-element elementor-element-da95f29 elementor-widget elementor-widget-image\" data-id=\"da95f29\" data-element_type=\"widget\" data-e-type=\"widget\" data-widget_type=\"image.default\">\n\t\t\t\t<div class=\"elementor-widget-container\">\n\t\t\t\t\t\t\t\t\t\t\t\t\t\t\t<img decoding=\"async\" src=\"https:\/\/yebodaglass.com\/wp-content\/uploads\/elementor\/thumbs\/96-2-r8qmdfbfbgs6s1n8ll8eregjehsh3hod9nj5f6ctr4.webp\" title=\"Hurtowe s\u0142oiki Mason o pojemno\u015bci 32 uncji z cylindrycznym kszta\u0142tem\" alt=\"Hurtowe s\u0142oiki Mason o pojemno\u015bci 32 uncji z cylindrycznym kszta\u0142tem\" loading=\"lazy\" \/>\t\t\t\t\t\t\t\t\t\t\t\t\t\t\t<\/div>\n\t\t\t\t<\/div>\n\t\t\t\t<div class=\"elementor-element elementor-element-67a25ba elementor-widget elementor-widget-text-editor\" data-id=\"67a25ba\" data-element_type=\"widget\" data-e-type=\"widget\" data-widget_type=\"text-editor.default\">\n\t\t\t\t<div class=\"elementor-widget-container\">\n\t\t\t\t\t\t\t\t\t<p>Uniwersalny partner: Ta prosta butelka jest bardzo uniwersalna. Mo\u017cna w niej przechowywa\u0107 produkty suche lub nalewa\u0107 p\u0142yny. Wygl\u0105da dobrze i jest praktyczna w kuchni lub salonie.<\/p>\t\t\t\t\t\t\t\t<\/div>\n\t\t\t\t<\/div>\n\t\t\t\t<\/div>\n\t\t\t\t\t<\/div>\n\t\t\t\t<\/div>\n\t\t<div class=\"elementor-element elementor-element-284aded e-flex e-con-boxed e-con e-parent\" data-id=\"284aded\" data-element_type=\"container\" data-e-type=\"container\" data-settings=\"{&quot;_ha_eqh_enable&quot;:false}\">\n\t\t\t\t\t<div class=\"e-con-inner\">\n\t\t\t\t<div class=\"elementor-element elementor-element-992f613 elementor-widget elementor-widget-heading\" data-id=\"992f613\" data-element_type=\"widget\" data-e-type=\"widget\" data-widget_type=\"heading.default\">\n\t\t\t\t<div class=\"elementor-widget-container\">\n\t\t\t\t\t<h2 class=\"elementor-heading-title elementor-size-default\">Przypadek sukcesu<\/h2>\t\t\t\t<\/div>\n\t\t\t\t<\/div>\n\t\t\t\t\t<\/div>\n\t\t\t\t<\/div>\n\t\t<div class=\"elementor-element elementor-element-8c06220 e-flex e-con-boxed e-con e-parent\" data-id=\"8c06220\" data-element_type=\"container\" data-e-type=\"container\" data-settings=\"{&quot;_ha_eqh_enable&quot;:false}\">\n\t\t\t\t\t<div class=\"e-con-inner\">\n\t\t\t\t<div class=\"elementor-element elementor-element-d2d7bab elementor-widget elementor-widget-text-editor\" data-id=\"d2d7bab\" data-element_type=\"widget\" data-e-type=\"widget\" data-widget_type=\"text-editor.default\">\n\t\t\t\t<div class=\"elementor-widget-container\">\n\t\t\t\t\t\t\t\t\t<p>Lokalna marka og\u00f3rk\u00f3w kiszonych, b\u0119d\u0105ca mark\u0105 rodzinn\u0105, zdecydowa\u0142a si\u0119 wykorzysta\u0107 nasze 16-uncjowe, przezroczyste, szklane s\u0142oiki typu mason jako g\u0142\u00f3wne opakowanie nowej marki og\u00f3rk\u00f3w kiszonych. Aby zachowa\u0107 \u015bwie\u017co\u015b\u0107 i zapobiec wyciekom podczas transportu, s\u0142oiki posiadaj\u0105 zakr\u0119tki dopuszczone do kontaktu z \u017cywno\u015bci\u0105 oraz wzmocnione uszczelki. S\u0142oiki s\u0105 r\u00f3wnie\u017c wyt\u0142oczone oznaczeniami i logo marki, aby pasowa\u0142y do \u200b\u200bg\u0142adkiej powierzchni, dzi\u0119ki czemu jasnopomara\u0144czowy kolor og\u00f3rk\u00f3w kiszonych jest wyra\u017anie widoczny przez przezroczyste szk\u0142o.<\/p><p>Sprzeda\u017c tego nowego produktu w postaci pikli wzros\u0142a o 36 procent po wprowadzeniu na rynek s\u0142oik\u00f3w typu mason, a wielu regionalnych sprzedawc\u00f3w detalicznych z\u0142o\u017cy\u0142o wi\u0119cej zam\u00f3wie\u0144. W rezultacie firma z\u0142o\u017cy\u0142a wi\u0119cej zam\u00f3wie\u0144 w cyklach produkcyjnych.<\/p>\t\t\t\t\t\t\t\t<\/div>\n\t\t\t\t<\/div>\n\t\t\t\t<div class=\"elementor-element elementor-element-3bce01b elementor-widget elementor-widget-heading\" data-id=\"3bce01b\" data-element_type=\"widget\" data-e-type=\"widget\" data-widget_type=\"heading.default\">\n\t\t\t\t<div class=\"elementor-widget-container\">\n\t\t\t\t\t<h2 class=\"elementor-heading-title elementor-size-default\">Wskaz\u00f3wki dotycz\u0105ce personalizacji<\/h2>\t\t\t\t<\/div>\n\t\t\t\t<\/div>\n\t\t\t\t<div class=\"elementor-element elementor-element-e620c8c elementor-widget elementor-widget-text-editor\" data-id=\"e620c8c\" data-element_type=\"widget\" data-e-type=\"widget\" data-widget_type=\"text-editor.default\">\n\t\t\t\t<div class=\"elementor-widget-container\">\n\t\t\t\t\t\t\t\t\t<ol><li><strong>Materia\u0142 i wyko\u0144czenie pokrywy:<\/strong> Wybierz r\u00f3\u017cne wyko\u0144czenia metalowej pokrywy \u015brubowej, w tym matow\u0105 czer\u0144, z\u0142oto lub wzorzyst\u0105 blach\u0119, aby dopasowa\u0107 j\u0105 do wzor\u00f3w opakowa\u0144 danej marki.<\/li><li><strong>Konstrukcja pokrywy z uszczelnieniem pr\u00f3\u017cniowym:<\/strong> Oferujemy 2-cz\u0119\u015bciowe pokrywki z silikonowymi uszczelkami, kt\u00f3re zwi\u0119kszaj\u0105 funkcjonalno\u015b\u0107 produktu w przypadku marynowanych warzyw i \u017cywno\u015bci w puszkach.<\/li><li><strong>Wyt\u0142oczone logo na szkle:<\/strong> Spersonalizuj sw\u00f3j s\u0142oik, umieszczaj\u0105c na jego obudowie wyt\u0142oczone logo lub wz\u00f3r marki. Dzi\u0119ki temu nie b\u0119dzie potrzeby etykietowania s\u0142oika.<\/li><\/ol>\t\t\t\t\t\t\t\t<\/div>\n\t\t\t\t<\/div>\n\t\t\t\t\t<\/div>\n\t\t\t\t<\/div>\n\t\t\t\t<\/div>","protected":false},"excerpt":{"rendered":"<p>S\u0142oiki na d\u017cem z przezroczystego szk\u0142a o pojemno\u015bci 16 uncji z metalowymi pokrywkami. Idealne do d\u017cem\u00f3w, przetwor\u00f3w i sos\u00f3w, z hermetycznym zamkni\u0119ciem i klasycznym designem.<\/p>","protected":false},"featured_media":17280,"template":"","meta":[],"product_brand":[],"product_cat":[83,20,84],"product_tag":[],"class_list":{"0":"post-16805","1":"product","2":"type-product","3":"status-publish","4":"has-post-thumbnail","6":"product_cat-glass-jars","7":"product_cat-glass-containers","8":"product_cat-mason-jars","10":"first","11":"instock","12":"shipping-taxable","13":"product-type-grouped"},"jetpack_sharing_enabled":true,"_links":{"self":[{"href":"https:\/\/yebodaglass.com\/pl\/wp-json\/wp\/v2\/product\/16805","targetHints":{"allow":["GET"]}}],"collection":[{"href":"https:\/\/yebodaglass.com\/pl\/wp-json\/wp\/v2\/product"}],"about":[{"href":"https:\/\/yebodaglass.com\/pl\/wp-json\/wp\/v2\/types\/product"}],"version-history":[{"count":5,"href":"https:\/\/yebodaglass.com\/pl\/wp-json\/wp\/v2\/product\/16805\/revisions"}],"predecessor-version":[{"id":25376,"href":"https:\/\/yebodaglass.com\/pl\/wp-json\/wp\/v2\/product\/16805\/revisions\/25376"}],"wp:featuredmedia":[{"embeddable":true,"href":"https:\/\/yebodaglass.com\/pl\/wp-json\/wp\/v2\/media\/17280"}],"wp:attachment":[{"href":"https:\/\/yebodaglass.com\/pl\/wp-json\/wp\/v2\/media?parent=16805"}],"wp:term":[{"taxonomy":"product_brand","embeddable":true,"href":"https:\/\/yebodaglass.com\/pl\/wp-json\/wp\/v2\/product_brand?post=16805"},{"taxonomy":"product_cat","embeddable":true,"href":"https:\/\/yebodaglass.com\/pl\/wp-json\/wp\/v2\/product_cat?post=16805"},{"taxonomy":"product_tag","embeddable":true,"href":"https:\/\/yebodaglass.com\/pl\/wp-json\/wp\/v2\/product_tag?post=16805"}],"curies":[{"name":"wp","href":"https:\/\/api.w.org\/{rel}","templated":true}]}}