{"id":16755,"date":"2025-07-10T17:05:59","date_gmt":"2025-07-10T09:05:59","guid":{"rendered":"https:\/\/yebodaglass.com\/?post_type=product&#038;p=16755"},"modified":"2026-04-09T15:56:47","modified_gmt":"2026-04-09T07:56:47","slug":"wholesale-12-oz-premium-clear-flip-top-bottles-for-kombucha","status":"publish","type":"product","link":"https:\/\/yebodaglass.com\/pl\/wholesale-12-oz-premium-clear-flip-top-bottles-for-kombucha\/","title":{"rendered":"Hurtowa sprzeda\u017c 12-uncjowych przezroczystych butelek z klapk\u0105 do kombuchy"},"content":{"rendered":"<p>Butelki z klapk\u0105 do kombuchy maj\u0105 tradycyjny kszta\u0142t \u0142zy w po\u0142\u0105czeniu z nowoczesn\u0105, zw\u0119\u017caj\u0105c\u0105 si\u0119 struktur\u0105. Wykonane s\u0105 z ultraprzezroczystego szk\u0142a spo\u017cywczego, po\u0142\u0105czonego z zakr\u0119tk\u0105 ze stali nierdzewnej, kt\u00f3ra posiada czerwony silikonowy pier\u015bcie\u0144 uszczelniaj\u0105cy, tworz\u0105c hermetyczn\u0105 ochron\u0119 przed wyciekami.<\/p>\n<h2>Wyr\u00f3\u017cnieni<\/h2>\n<ul>\n<li><strong>Talia zw\u0119\u017cana w kszta\u0142cie \u0142zy:<\/strong> Zw\u0119\u017cany w talii kszta\u0142t \u0142zy jest elegancki i \u0142atwy do trzymania i nalewania.<\/li>\n<li><strong>Konstrukcja uszczelnienia zatrzaskowego:<\/strong> Konstrukcja zatrzaskowa z silikonow\u0105 uszczelk\u0105: do metalowej konstrukcji zatrzaskowej dodano silikonow\u0105 uszczelk\u0119, aby u\u0142atwi\u0107 otwieranie i zamykanie, a tak\u017ce zapewni\u0107 wysok\u0105 skuteczno\u015b\u0107 uszczelnienia.<\/li>\n<li><strong>Szk\u0142o o wysokiej przejrzysto\u015bci Szk\u0142o spo\u017cywcze:<\/strong> Butelka ta wykonana jest ze szk\u0142a o wysokiej przejrzysto\u015bci dopuszczonego do kontaktu z \u017cywno\u015bci\u0105. Jest przejrzysta, czysta, bezpieczna, bezwonna i odporna na korozj\u0119 wywo\u0142an\u0105 kwasami i zasadami.<\/li>\n<\/ul>\n<h2 style=\"text-align: left;\">Kluczowe specyfikacje<\/h2>\n<table class=\"aligncenter\" style=\"border-collapse: collapse; width: 529.52pt;\" border=\"0\" width=\"706\" cellspacing=\"0\" cellpadding=\"0\">\n<tbody>\n<tr style=\"height: 13.50pt;\">\n<td style=\"height: 13.50pt; width: 117.75pt;\" width=\"157\" height=\"18\">Specyfikacja<\/td>\n<td style=\"width: 411.75pt;\" width=\"549\">Bli\u017csze dane<\/td>\n<\/tr>\n<tr style=\"height: 13.50pt;\">\n<td style=\"height: 13.50pt;\" height=\"18\">Pojemno\u015b\u0107<\/td>\n<td>12 uncji\/350 ml<\/td>\n<\/tr>\n<tr style=\"height: 13.50pt;\">\n<td style=\"height: 13.50pt;\" height=\"18\">Wymiary opakowania<\/td>\n<td>9,4*8,6*6,1 cala<\/td>\n<\/tr>\n<tr style=\"height: 13.50pt;\">\n<td style=\"height: 13.50pt;\" height=\"18\">Tworzywo<\/td>\n<td>Szk\u0142o bezo\u0142owiowe<\/td>\n<\/tr>\n<tr style=\"height: 13.50pt;\">\n<td style=\"height: 13.50pt;\" height=\"18\">Ilo\u015b\u0107 opakowa\u0144<\/td>\n<td>6 butelek w opakowaniu<\/td>\n<\/tr>\n<tr style=\"height: 13.50pt;\">\n<td style=\"height: 13.50pt;\" height=\"18\">Wygl\u0105d<\/td>\n<td>Przezroczysty, smuk\u0142y i zakrzywiony korpus butelki<\/td>\n<\/tr>\n<tr style=\"height: 13.50pt;\">\n<td style=\"height: 13.50pt;\" height=\"18\">Mechanizm uszczelniaj\u0105cy<\/td>\n<td style=\"text-align: left;\">Przezroczysty, szklany korek z zawiasami i czerwonym pier\u015bcieniem uszczelniaj\u0105cym u podstawy<\/td>\n<\/tr>\n<\/tbody>\n<\/table>\n<h2>Historia sukcesu: zam\u00f3wienie niestandardowe od kanadyjskiej marki octu rzemie\u015blniczego<\/h2>\n<p>Firma produkuj\u0105ca ocet rzemie\u015blniczy w Kolumbii Brytyjskiej wybra\u0142a nasz\u0105 500-mililitrow\u0105 szklan\u0105 butelk\u0119 na wod\u0119 z klapk\u0105 i niestandardowym uchwytem z mosi\u0119\u017cnego drutu. Butelka okaza\u0142a si\u0119 ogromnym sukcesem: doskona\u0142e uszczelnienie zmniejszy\u0142o straty spowodowane parowaniem o 20% podczas d\u0142ugiego procesu le\u017cakowania. Elegancki design butelki podni\u00f3s\u0142 cen\u0119 o 50%. Pocz\u0105tkowy sukces doprowadzi\u0142 do kolejnego zam\u00f3wienia na 650 000 butelek, kt\u00f3re by\u0142y potrzebne do uruchomienia linii produkt\u00f3w z octem pitnym z dodatkiem zi\u00f3\u0142.<\/p>\n<h2>Butelki z klapk\u0105 do kombuchy s\u0105 dostosowane<\/h2>\n<ul>\n<li>Os\u0142ona silikonowa: Opcjonalnie mo\u017cna zdj\u0105\u0107 silikonow\u0105 os\u0142on\u0119 ochronn\u0105, kt\u00f3ra jest antypo\u015blizgowa, zapewnia lepszy chwyt butelki i izoluje, a tak\u017ce chroni butelk\u0119 przed wstrz\u0105sami.<\/li>\n<li>Hak i zatrzask: Dost\u0119pne w wersji ze stali ocynkowanej, czarnej, miedzianej lub mosi\u0119\u017cnej.<\/li>\n<li>Gard\u0142o i kolor pier\u015bcienia uszczelniaj\u0105cego: Dostosowany korek i kolor pier\u015bcienia uszczelniaj\u0105cego w kolorze marki.<\/li>\n<\/ul>","protected":false},"excerpt":{"rendered":"<p>Wysokiej jako\u015bci butelki z klapk\u0105 do kombuchy, z mocnym metalowym zaciskiem. Idealne do domowego warzenia i pakowania. Rabaty hurtowe i dostawa bezpo\u015brednio z fabryki.<\/p>","protected":false},"featured_media":17254,"template":"","meta":[],"product_brand":[],"product_cat":[81,80,20],"product_tag":[],"class_list":{"0":"post-16755","1":"product","2":"type-product","3":"status-publish","4":"has-post-thumbnail","6":"product_cat-flip-top-bottles","7":"product_cat-glass-bottles","8":"product_cat-glass-containers","10":"first","11":"instock","12":"shipping-taxable","13":"product-type-grouped"},"jetpack_sharing_enabled":true,"_links":{"self":[{"href":"https:\/\/yebodaglass.com\/pl\/wp-json\/wp\/v2\/product\/16755","targetHints":{"allow":["GET"]}}],"collection":[{"href":"https:\/\/yebodaglass.com\/pl\/wp-json\/wp\/v2\/product"}],"about":[{"href":"https:\/\/yebodaglass.com\/pl\/wp-json\/wp\/v2\/types\/product"}],"version-history":[{"count":5,"href":"https:\/\/yebodaglass.com\/pl\/wp-json\/wp\/v2\/product\/16755\/revisions"}],"predecessor-version":[{"id":25702,"href":"https:\/\/yebodaglass.com\/pl\/wp-json\/wp\/v2\/product\/16755\/revisions\/25702"}],"wp:featuredmedia":[{"embeddable":true,"href":"https:\/\/yebodaglass.com\/pl\/wp-json\/wp\/v2\/media\/17254"}],"wp:attachment":[{"href":"https:\/\/yebodaglass.com\/pl\/wp-json\/wp\/v2\/media?parent=16755"}],"wp:term":[{"taxonomy":"product_brand","embeddable":true,"href":"https:\/\/yebodaglass.com\/pl\/wp-json\/wp\/v2\/product_brand?post=16755"},{"taxonomy":"product_cat","embeddable":true,"href":"https:\/\/yebodaglass.com\/pl\/wp-json\/wp\/v2\/product_cat?post=16755"},{"taxonomy":"product_tag","embeddable":true,"href":"https:\/\/yebodaglass.com\/pl\/wp-json\/wp\/v2\/product_tag?post=16755"}],"curies":[{"name":"wp","href":"https:\/\/api.w.org\/{rel}","templated":true}]}}