{"id":16710,"date":"2025-07-10T16:27:07","date_gmt":"2025-07-10T08:27:07","guid":{"rendered":"https:\/\/yebodaglass.com\/?post_type=product&#038;p=16710"},"modified":"2026-03-25T16:22:33","modified_gmt":"2026-03-25T08:22:33","slug":"wholesale-12-oz-amber-flip-top-beer-bottles","status":"publish","type":"product","link":"https:\/\/yebodaglass.com\/pl\/wholesale-12-oz-amber-flip-top-beer-bottles\/","title":{"rendered":"Hurtowe 12-uncjowe bursztynowe butelki do piwa z klapk\u0105"},"content":{"rendered":"<p>Te butelki do piwa z klapk\u0105 maj\u0105 cylindryczny, bursztynowy korpus o prostych \u015bciankach, wykonany ze szk\u0142a, kt\u00f3re skutecznie blokuje szkodliwe promieniowanie UV, dzi\u0119ki czemu piwo nie nabiera posmaku skunksa. Nakr\u0119tka pasuje do zawiasowej uszczelki z drucianego pier\u015bcienia, kt\u00f3ra zapewnia hermetyczne zamkni\u0119cie, co najlepiej sprawdza si\u0119 w przypadku piw poddawanych wt\u00f3rnej fermentacji w butelce.<\/p>\n<h2>Wyr\u00f3\u017cnieni<\/h2>\n<ul>\n<li><strong>Szk\u0142o bursztynowe z ochron\u0105 UV:<\/strong> Ciemnobr\u0105zowe szk\u0142o skutecznie blokuje \u015bwiat\u0142o s\u0142oneczne i zapobiega wystawieniu piwa na dzia\u0142anie \u015bwiat\u0142a, dzi\u0119ki czemu zachowuje ono sw\u00f3j oryginalny smak.<\/li>\n<li><strong>Hermetyczne uszczelnienie \u015brubowe:<\/strong> Druciana uszczelka i korek tworz\u0105 solidne, niezawodne i wielokrotnego u\u017cytku szczelne zamkni\u0119cie, kt\u00f3re gwarantuje nasycenie dwutlenkiem w\u0119gla i \u015bwie\u017co\u015b\u0107 piwa.<\/li>\n<li><strong>Konstrukcja trwa\u0142a i wielokrotnego u\u017cytku:<\/strong> Grube szk\u0142o i solidne okucia s\u0105 zaprojektowane tak, aby wytrzyma\u0107 czyszczenie komercyjne i wielokrotne ponowne u\u017cycie.<\/li>\n<\/ul>\n<h2 style=\"text-align: left;\">Kluczowe specyfikacje<\/h2>\n<table class=\"aligncenter\" style=\"border-collapse: collapse; width: 497.27pt;\" border=\"0\" width=\"663\" cellspacing=\"0\" cellpadding=\"0\">\n<tbody>\n<tr style=\"height: 13.50pt;\">\n<td style=\"height: 13.50pt; width: 144.00pt;\" width=\"192\" height=\"18\">Specyfikacja<\/td>\n<td style=\"width: 353.25pt;\" width=\"471\">Bli\u017csze dane<\/td>\n<\/tr>\n<tr style=\"height: 13.50pt;\">\n<td style=\"height: 13.50pt;\" height=\"18\">Pojemno\u015b\u0107<\/td>\n<td>12 uncji\/330 ml<\/td>\n<\/tr>\n<tr style=\"height: 13.50pt;\">\n<td style=\"height: 13.50pt;\" height=\"18\">Wymiary opakowania<\/td>\n<td>7,7 * 7,7 * 9,3 cala<\/td>\n<\/tr>\n<tr style=\"height: 13.50pt;\">\n<td style=\"height: 13.50pt;\" height=\"18\">Materia\u0142 szklany<\/td>\n<td>Szk\u0142o bezo\u0142owiowe<\/td>\n<\/tr>\n<tr style=\"height: 13.50pt;\">\n<td style=\"height: 13.50pt;\" height=\"18\">Ilo\u015b\u0107 opakowa\u0144<\/td>\n<td>9 butelek w opakowaniu<\/td>\n<\/tr>\n<tr style=\"height: 13.50pt;\">\n<td style=\"height: 13.50pt;\" height=\"18\">Kolor<\/td>\n<td>Bursztyn<\/td>\n<\/tr>\n<tr style=\"height: 13.50pt;\">\n<td style=\"height: 13.50pt;\" height=\"18\">Kszta\u0142t butelki<\/td>\n<td>G\u0142adki korpus cylindryczny<\/td>\n<\/tr>\n<tr style=\"height: 13.50pt;\">\n<td style=\"height: 13.50pt;\" height=\"18\">Wyko\u0144czenie powierzchni<\/td>\n<td>G\u0142adkie i b\u0142yszcz\u0105ce<\/td>\n<\/tr>\n<tr style=\"height: 13.50pt;\">\n<td style=\"height: 13.50pt;\" height=\"18\">Zakr\u0119tka butelki<\/td>\n<td>Czarny flip-top<\/td>\n<\/tr>\n<tr style=\"height: 13.50pt;\">\n<td style=\"height: 13.50pt;\" height=\"18\">Korek do butelki<\/td>\n<td>Bia\u0142y ceramiczny korek<\/td>\n<\/tr>\n<tr style=\"height: 13.50pt;\">\n<td style=\"height: 13.50pt;\" height=\"18\">Mechanizm mocuj\u0105cy<\/td>\n<td>Zabezpieczone metalowym zaciskiem drucianym<\/td>\n<\/tr>\n<\/tbody>\n<\/table>\n<h2>Historia sukcesu<\/h2>\n<p>Jeden z browar\u00f3w rzemie\u015blniczych w Michigan wybra\u0142 nasze 500-mililitrowe, bursztynowe butelki na piwo z zakr\u0119tk\u0105 i odtworzy\u0142 je, zdobi\u0105c ceramicznym nadrukiem szyszek chmielowych oraz miedzianymi, metalowymi uchwytami. Personalizacja butelek ma istotne zalety: wielokrotnego u\u017cytku kapsle pozwol\u0105 zaoszcz\u0119dzi\u0107 na op\u0142atach za kapsle i marnotrawstwie, szacowanym na 0,05 dolara za butelk\u0119; wytrzyma\u0142o\u015b\u0107 butelek w komercyjnych pralkach oznacza, \u017ce \u200b\u200bwska\u017anik uszkodze\u0144 na jedno pranie wynosi mniej ni\u017c 2%. Na podstawie tego sukcesu zam\u00f3wili ponad 450 000 butelek, aby rozpocz\u0105\u0107 now\u0105 lini\u0119 kwa\u015bnego piwa le\u017cakowanego w beczce i nawi\u0105zali wsp\u00f3\u0142prac\u0119 z ekskluzywn\u0105 sieci\u0105 restauracji.<\/p>\n<h2>Personalizacja butelek piwa z klapk\u0105<\/h2>\n<ul>\n<li>Niestandardowy sitodruk na ceramice: Trwa\u0142e, wypalane etykiety, loga lub wzory mo\u017cna drukowa\u0107 bezpo\u015brednio na butelkach ze szk\u0142a bursztynowego, aby zapewni\u0107 wysokiej jako\u015bci, tradycyjny wygl\u0105d butelek piwa.<\/li>\n<li>Opcje koloru uchwytu i korka: Uchwyty s\u0105 dost\u0119pne w r\u00f3\u017cnych wyko\u0144czeniach (czarnym, mosi\u0119\u017cnym, cynkowym), a kolor korka mo\u017cna dostosowa\u0107 do marki browaru.<\/li>\n<li>Wyt\u0142oczenie pojemno\u015bci\/logo: Wyt\u0142ocz ma\u0142e, wyt\u0142oczone logo browaru lub oznaczenie pojemno\u015bci (np. 500 ml) na szklanej butelce, co na sta\u0142e nada marce presti\u017cowy wygl\u0105d.<\/li>\n<\/ul>","protected":false},"excerpt":{"rendered":"<p data-start=\"26\" data-end=\"202\">Hurtowe, bursztynowe butelki na piwo o pojemno\u015bci 12 uncji z zakr\u0119tk\u0105. Wytrzyma\u0142e, wielokrotnego u\u017cytku i z ochron\u0105 UV \u2013 idealne do domowego warzenia piwa, rzemie\u015blniczego piwa lub browar\u00f3w komercyjnych. Darmowe pr\u00f3bki.<\/p>","protected":false},"featured_media":17395,"template":"","meta":[],"product_brand":[],"product_cat":[81,80,20],"product_tag":[],"class_list":{"0":"post-16710","1":"product","2":"type-product","3":"status-publish","4":"has-post-thumbnail","6":"product_cat-flip-top-bottles","7":"product_cat-glass-bottles","8":"product_cat-glass-containers","10":"first","11":"instock","12":"shipping-taxable","13":"product-type-grouped"},"jetpack_sharing_enabled":true,"_links":{"self":[{"href":"https:\/\/yebodaglass.com\/pl\/wp-json\/wp\/v2\/product\/16710","targetHints":{"allow":["GET"]}}],"collection":[{"href":"https:\/\/yebodaglass.com\/pl\/wp-json\/wp\/v2\/product"}],"about":[{"href":"https:\/\/yebodaglass.com\/pl\/wp-json\/wp\/v2\/types\/product"}],"version-history":[{"count":5,"href":"https:\/\/yebodaglass.com\/pl\/wp-json\/wp\/v2\/product\/16710\/revisions"}],"predecessor-version":[{"id":25607,"href":"https:\/\/yebodaglass.com\/pl\/wp-json\/wp\/v2\/product\/16710\/revisions\/25607"}],"wp:featuredmedia":[{"embeddable":true,"href":"https:\/\/yebodaglass.com\/pl\/wp-json\/wp\/v2\/media\/17395"}],"wp:attachment":[{"href":"https:\/\/yebodaglass.com\/pl\/wp-json\/wp\/v2\/media?parent=16710"}],"wp:term":[{"taxonomy":"product_brand","embeddable":true,"href":"https:\/\/yebodaglass.com\/pl\/wp-json\/wp\/v2\/product_brand?post=16710"},{"taxonomy":"product_cat","embeddable":true,"href":"https:\/\/yebodaglass.com\/pl\/wp-json\/wp\/v2\/product_cat?post=16710"},{"taxonomy":"product_tag","embeddable":true,"href":"https:\/\/yebodaglass.com\/pl\/wp-json\/wp\/v2\/product_tag?post=16710"}],"curies":[{"name":"wp","href":"https:\/\/api.w.org\/{rel}","templated":true}]}}