{"id":16648,"date":"2025-07-10T14:39:34","date_gmt":"2025-07-10T06:39:34","guid":{"rendered":"https:\/\/yebodaglass.com\/?post_type=product&#038;p=16648"},"modified":"2026-04-13T15:10:20","modified_gmt":"2026-04-13T07:10:20","slug":"clear-milk-storage-bottles-with-lids-wholesale","status":"publish","type":"product","link":"https:\/\/yebodaglass.com\/pl\/clear-milk-storage-bottles-with-lids-wholesale\/","title":{"rendered":"Butelki do przechowywania mleka 11 uncji\/310 ml, przezroczyste, z pokrywkami, hurtowo"},"content":{"rendered":"<p>Tradycyjny szklany kszta\u0142t butelki na mleko charakteryzuje si\u0119 szyjk\u0105 w\u0119\u017csz\u0105 od jej pe\u0142nego kszta\u0142tu. Przezroczyste szk\u0142o spo\u017cywcze ukazuje wszystkie odcienie \u015bwie\u017cych sok\u00f3w, mleka i domowych napoj\u00f3w.<\/p>\n<h2>Wyr\u00f3\u017cnieni<\/h2>\n<ul>\n<li><strong>Retro Classic sto\u017ckowy kszta\u0142t:<\/strong> Butelka na mleko w stylu retro ma zaokr\u0105glony, sto\u017ckowy kszta\u0142t, kt\u00f3ry jest \u0142atwo rozpoznawalny i doskonale nadaje si\u0119 do pakowania i prezentowania r\u00f3\u017cnych rodzaj\u00f3w napoj\u00f3w.<\/li>\n<li><strong>Konstrukcja bia\u0142ej nakr\u0119tki uszczelniaj\u0105cej:<\/strong> Bia\u0142a uszczelka skutecznie uszczelnia i zapewnia \u015bwie\u017co\u015b\u0107 napoj\u00f3w, poniewa\u017c tworzy hermetyczn\u0105 barier\u0119.<\/li>\n<li><strong>Szeroka szyjka, \u0142atwa do nape\u0142niania konstrukcja:<\/strong> Produkt charakteryzuje si\u0119 szerokim otworem, kt\u00f3ry u\u0142atwia nape\u0142nianie i czyszczenie, gdy\u017c mo\u017cna go stosowa\u0107 w domu, w restauracjach i obiektach komercyjnych.<\/li>\n<\/ul>\n<h2 style=\"text-align: left;\">Kluczowe specyfikacje<\/h2>\n<table class=\"aligncenter\" style=\"border-collapse: collapse; width: 346.52pt;\" border=\"0\" width=\"462\" cellspacing=\"0\" cellpadding=\"0\">\n<tbody>\n<tr style=\"height: 13.50pt;\">\n<td style=\"height: 13.50pt; width: 152.25pt;\" width=\"203\" height=\"18\">Specyfikacja<\/td>\n<td style=\"width: 194.25pt;\" width=\"259\">Bli\u017csze dane<\/td>\n<\/tr>\n<tr style=\"height: 13.50pt;\">\n<td style=\"height: 13.50pt;\" height=\"18\">Pojemno\u015b\u0107<\/td>\n<td>11 uncji\/310 ml<\/td>\n<\/tr>\n<tr style=\"height: 13.50pt;\">\n<td style=\"height: 13.50pt;\" height=\"18\">Kaliber<\/td>\n<td>1,9 cala<\/td>\n<\/tr>\n<tr style=\"height: 13.50pt;\">\n<td style=\"height: 13.50pt;\" height=\"18\">\u015arednica korpusu butelki<\/td>\n<td>2,5 cala<\/td>\n<\/tr>\n<tr style=\"height: 13.50pt;\">\n<td style=\"height: 13.50pt;\" height=\"18\">Wysoko\u015b\u0107 butelki<\/td>\n<td>6 cali<\/td>\n<\/tr>\n<tr style=\"height: 13.50pt;\">\n<td style=\"height: 13.50pt;\" height=\"18\">Tworzywo<\/td>\n<td>Szk\u0142o bezo\u0142owiowe<\/td>\n<\/tr>\n<tr style=\"height: 13.50pt;\">\n<td style=\"height: 13.50pt;\" height=\"18\">Specyfikacja opakowania<\/td>\n<td>9\/12 szt. w kartonie<\/td>\n<\/tr>\n<\/tbody>\n<\/table>\n<h2>Historia sukcesu: niestandardowe zam\u00f3wienie od mleczarni z regionu \u015arodkowego Zachodu<\/h2>\n<p>Zak\u0142ad mleczarski w Wisconsin, dzia\u0142aj\u0105cy jako firma rodzinna, wybra\u0142 nasz projekt butelki na mleko i doda\u0142 w\u0142asny, niestandardowy projekt z wyt\u0142oczonym logo gospodarstwa i br\u0105zowym szk\u0142em. Niestandardowa szklana butelka na mleko odnios\u0142a du\u017cy sukces, poniewa\u017c jej projekt przywo\u0142ywa\u0142 nostalgi\u0119 i przyci\u0105ga\u0142 lokalnych klient\u00f3w. Projekt br\u0105zowej szklanej butelki wyd\u0142u\u017cy\u0142 okres przydatno\u015bci mleka z \u015bmietank\u0105 o 20%, co prze\u0142o\u017cy\u0142o si\u0119 na 40-procentowy wzrost liczby subskrypcji z dostaw\u0105 do domu. Firma zwi\u0119kszy\u0142a zam\u00f3wienie do 380 000 butelek po pierwszym zam\u00f3wieniu, poniewa\u017c chcia\u0142a wprowadzi\u0107 na rynek nowe smakowe produkty mleczne.<\/p>\n<h2>Sugestie personalizacji szklanych butelek na mleko<\/h2>\n<ul>\n<li>Firma oferuje wiele kolor\u00f3w nakr\u0119tek ze z\u0142otymi plombami i tradycyjnymi korkami tekturowymi, kt\u00f3re nadaj\u0105 butom autentyczny, zabytkowy wygl\u0105d.<\/li>\n<li>Kwadratowa butelka to nowoczesne rozwi\u0105zanie oszcz\u0119dzaj\u0105ce miejsce, wykorzystuj\u0105ce tradycyjny, kwadratowy kszta\u0142t butelki na mleko.<\/li>\n<li>Firma dostarcza niestandardowe uchwyty tekturowe oraz silikonowe os\u0142onki, kt\u00f3re poprawiaj\u0105 izolacj\u0119 i przyczepno\u015b\u0107.<\/li>\n<\/ul>","protected":false},"excerpt":{"rendered":"<p>Butelki do przechowywania mleka premium z wytrzyma\u0142ego szk\u0142a i bezpieczn\u0105 pokrywk\u0105. Butelka na mleko idealna do u\u017cytku domowego lub komercyjnego. Mo\u017cliwo\u015b\u0107 personalizacji. Bezp\u0142atne pr\u00f3bki.<\/p>","protected":false},"featured_media":17269,"template":"","meta":[],"product_brand":[],"product_cat":[82,80,20],"product_tag":[],"class_list":{"0":"post-16648","1":"product","2":"type-product","3":"status-publish","4":"has-post-thumbnail","6":"product_cat-milk-bottles","7":"product_cat-glass-bottles","8":"product_cat-glass-containers","10":"first","11":"instock","12":"shipping-taxable","13":"product-type-grouped"},"jetpack_sharing_enabled":true,"_links":{"self":[{"href":"https:\/\/yebodaglass.com\/pl\/wp-json\/wp\/v2\/product\/16648","targetHints":{"allow":["GET"]}}],"collection":[{"href":"https:\/\/yebodaglass.com\/pl\/wp-json\/wp\/v2\/product"}],"about":[{"href":"https:\/\/yebodaglass.com\/pl\/wp-json\/wp\/v2\/types\/product"}],"version-history":[{"count":5,"href":"https:\/\/yebodaglass.com\/pl\/wp-json\/wp\/v2\/product\/16648\/revisions"}],"predecessor-version":[{"id":25764,"href":"https:\/\/yebodaglass.com\/pl\/wp-json\/wp\/v2\/product\/16648\/revisions\/25764"}],"wp:featuredmedia":[{"embeddable":true,"href":"https:\/\/yebodaglass.com\/pl\/wp-json\/wp\/v2\/media\/17269"}],"wp:attachment":[{"href":"https:\/\/yebodaglass.com\/pl\/wp-json\/wp\/v2\/media?parent=16648"}],"wp:term":[{"taxonomy":"product_brand","embeddable":true,"href":"https:\/\/yebodaglass.com\/pl\/wp-json\/wp\/v2\/product_brand?post=16648"},{"taxonomy":"product_cat","embeddable":true,"href":"https:\/\/yebodaglass.com\/pl\/wp-json\/wp\/v2\/product_cat?post=16648"},{"taxonomy":"product_tag","embeddable":true,"href":"https:\/\/yebodaglass.com\/pl\/wp-json\/wp\/v2\/product_tag?post=16648"}],"curies":[{"name":"wp","href":"https:\/\/api.w.org\/{rel}","templated":true}]}}