{"id":16452,"date":"2025-07-09T13:18:01","date_gmt":"2025-07-09T05:18:01","guid":{"rendered":"https:\/\/yebodaglass.com\/?post_type=product&#038;p=16452"},"modified":"2026-03-10T17:54:06","modified_gmt":"2026-03-10T09:54:06","slug":"custom-glass-jar-with-wooden-lid-and-spoon-for-spice-storage","status":"publish","type":"product","link":"https:\/\/yebodaglass.com\/pl\/produkt\/custom-glass-jar-with-wooden-lid-and-spoon-for-spice-storage\/","title":{"rendered":"S\u0142oik szklany z drewnian\u0105 pokrywk\u0105 i \u0142y\u017ceczk\u0105 do przechowywania przypraw, 250 ml"},"content":{"rendered":"<p>Ten okr\u0105g\u0142y szklany s\u0142oik z drewnian\u0105 pokrywk\u0105 wykonany jest z przezroczystego, bezo\u0142owiowego szk\u0142a sodowego i wapiennego, kt\u00f3re nie tylko sprawia, \u017ce \u200b\u200bpojemnik wygl\u0105da atrakcyjnie na p\u00f3\u0142ce lub blacie, ale tak\u017ce pozwala zobaczy\u0107 zawarto\u015b\u0107 po nape\u0142nieniu, np. cukrem, pieprzem, mieszank\u0105 przypraw lub olejem, przyprawami na bazie itp. Ka\u017cdy szklany s\u0142oik wyposa\u017cony jest w grub\u0105 pokrywk\u0119 z naturalnego korka, ma\u0142\u0105 drewnian\u0105 \u0142y\u017ceczk\u0119, a ma\u0142y uchwyt na \u0142y\u017ceczk\u0119 jest sprytnie przymocowany do boku s\u0142oika.<\/p>\n<p>Ta przemy\u015blana konstrukcja sprawia, \u017ce \u200b\u200bpojemniki do przechowywania przypraw s\u0105 por\u0119czne do codziennego u\u017cytku w kuchni, pieczeniu i przyprawianiu. Mo\u017cna je r\u00f3wnie\u017c wykorzysta\u0107 jako zestaw prezentowy, kolekcj\u0119 przypraw lub jako jedno z dekoracyjnych szklanych opakowa\u0144 dla marek \u017cywno\u015bci premium.<\/p>\n<h2>Kluczowe specyfikacje<\/h2>\n<table style=\"border-collapse: collapse; width: 80%; margin-left: auto; margin-right: auto;\" border=\"0\" width=\"80%\" cellspacing=\"0\" cellpadding=\"0\">\n<tbody>\n<tr style=\"height: 13.50pt;\">\n<td style=\"height: 13.50pt; width: 110.25pt;\" width=\"147\" height=\"18\">Typ produktu<\/td>\n<td style=\"width: 455.25pt;\" width=\"607\">S\u0142oik szklany z drewnian\u0105 pokrywk\u0105 i \u0142y\u017ceczk\u0105<\/td>\n<\/tr>\n<tr style=\"height: 13.50pt;\">\n<td style=\"height: 13.50pt;\" height=\"18\">Tworzywo<\/td>\n<td>Szk\u0142o sodowo-wapniowe bezo\u0142owiowe + naturalna drewniana \u0142y\u017cka + gruba nakr\u0119tka korkowa<\/td>\n<\/tr>\n<tr style=\"height: 13.50pt;\">\n<td style=\"height: 13.50pt;\" height=\"18\">Pojemno\u015b\u0107<\/td>\n<td>250 ml \/ 10 uncji<\/td>\n<\/tr>\n<tr style=\"height: 13.50pt;\">\n<td style=\"height: 13.50pt;\" height=\"18\">Kszta\u0142t<\/td>\n<td>Okr\u0105g\u0142y szklany s\u0142oik<\/td>\n<\/tr>\n<tr style=\"height: 13.50pt;\">\n<td style=\"height: 13.50pt;\" height=\"18\">Akcesoria<\/td>\n<td>Pokrywka korkowa, drewniana \u0142y\u017cka, etykieta (dost\u0119pna opcja na zam\u00f3wienie)<\/td>\n<\/tr>\n<tr style=\"height: 13.50pt;\">\n<td style=\"height: 13.50pt;\" height=\"18\">Opakowanie<\/td>\n<td>12 s\u0142oik\u00f3w w zestawie\/kartonie<\/td>\n<\/tr>\n<tr style=\"height: 13.50pt;\">\n<td style=\"height: 13.50pt;\" height=\"18\">Aplikacja<\/td>\n<td>Pojemniki na przyprawy, s\u0142oiki na cukier, pojemniki do przechowywania przypraw, s\u0142oiki na przyprawy<\/td>\n<\/tr>\n<tr style=\"height: 13.50pt;\">\n<td style=\"height: 13.50pt;\" height=\"18\">Tryb dostawy<\/td>\n<td>Opakowania szklane hurtowe, luzem i na zam\u00f3wienie od producenta<\/td>\n<\/tr>\n<tr style=\"height: 13.50pt;\">\n<td style=\"height: 13.50pt;\" height=\"18\">Logistyka<\/td>\n<td>Opakowanie gotowe do eksportu zapewniaj\u0105ce bezpieczn\u0105 wysy\u0142k\u0119 i dostaw\u0119 na ca\u0142y \u015bwiat<\/td>\n<\/tr>\n<\/tbody>\n<\/table>\n<h2>G\u0142\u00f3wne cechy<\/h2>\n<h3>Zintegrowana konstrukcja drewnianej \u0142y\u017cki<\/h3>\n<p>Ka\u017cdy szklany s\u0142oik na przyprawy jest wyposa\u017cony w naturaln\u0105 drewnian\u0105 \u0142y\u017ck\u0119, kt\u00f3ra opiera si\u0119 na bocznym uchwycie s\u0142oika, co u\u0142atwia nabieranie przypraw, cukru lub pieprzu w trakcie gotowania.<\/p>\n<h3>Uszczelka z naturalnego korka<\/h3>\n<p>Gruba, korkowa zakr\u0119tka pe\u0142ni funkcj\u0119 naturalnej wy\u015bci\u00f3\u0142ki pokrywki, pomagaj\u0105c chroni\u0107 suche sk\u0142adniki spo\u017cywcze, a jednocze\u015bnie zachowuj\u0105c prosty i ekologiczny design.<\/p>\n<h3>Wy\u015bwietlacz z przezroczystego szk\u0142a premium<\/h3>\n<p>Przezroczysta, okr\u0105g\u0142a szklana butelka sprawia, \u017ce \u200b\u200bkolor i tekstura przypraw s\u0105 wyra\u017anie widoczne, dzi\u0119ki czemu idealnie nadaje si\u0119 do kolekcji szklanych s\u0142oik\u00f3w detalicznych, kuchni dla smakoszy lub markowych zestaw\u00f3w upominkowych.<\/p>\n<h2>Udany przypadek B2B<\/h2>\n<p>Kanadyjska marka specjalizuj\u0105ca si\u0119 w przyprawach gourmet poszukiwa\u0142a wyj\u0105tkowych szklanych s\u0142oik\u00f3w do pakowania swoich wysokiej jako\u015bci mieszanek zi\u00f3\u0142 i przypraw. Firma dzia\u0142a jako marka w\u0142asna i sprzedawca internetowy, oferuj\u0105c produkty dla mi\u0142o\u015bnik\u00f3w wykwintnej kuchni.<\/p>\n<p>Z\u0142o\u017cyli pocz\u0105tkowe zam\u00f3wienie hurtowe na 12 000 szklanych s\u0142oik\u00f3w, wybieraj\u0105c ten 250 ml szklany s\u0142oik z drewnian\u0105 pokrywk\u0105 jako podstawowy rodzaj opakowania. Klient za\u017c\u0105da\u0142 kilku niestandardowych opcji, w tym:<\/p>\n<ul>\n<li>Drukowane etykiety z identyfikacj\u0105 marki<\/li>\n<li>Zestaw niestandardowych opakowa\u0144 katalogowych do ekspozycji detalicznej<\/li>\n<li>Grawerowanie markowych drewnianych \u0142y\u017cek<\/li>\n<\/ul>\n<p>Po wprowadzeniu linii produkt\u00f3w, wizualnie wyr\u00f3\u017cniaj\u0105ce si\u0119 szklane pojemniki na przyprawy znacz\u0105co poprawi\u0142y atrakcyjno\u015b\u0107 produkt\u00f3w na p\u00f3\u0142kach sklepowych i wska\u017aniki konwersji online. W ci\u0105gu o\u015bmiu miesi\u0119cy sprzeda\u017c serii przypraw wzros\u0142a o 40%, a klient z\u0142o\u017cy\u0142 kolejne zam\u00f3wienie na 20 000 s\u0142oik\u00f3w, rozszerzaj\u0105c ofert\u0119 o oleje smakowe i mieszanki pieprzu gourmet.<\/p>\n<h2>Sugestie dotycz\u0105ce dostosowywania aplikacji B2B<\/h2>\n<ol>\n<li><strong>Branding marek w\u0142asnych<\/strong>: Dodaj niestandardowe etykiety, nadruk logo lub grawerowane drewniane \u0142y\u017cki, aby stworzy\u0107 wyj\u0105tkowe szklane s\u0142oiki na przyprawy dla marek spo\u017cywczych.<\/li>\n<li><strong>Opakowanie na zestawy prezentowe<\/strong>:Opracowanie zestaw\u00f3w sk\u0142adaj\u0105cych si\u0119 z wielu s\u0142oik\u00f3w do kolekcji przypraw lub opakowa\u0144 na prezenty kuchenne przeznaczonych dla sklep\u00f3w internetowych i delikatesowych.<\/li>\n<li><strong>Funkcjonalne opcje akcesori\u00f3w<\/strong>:Zastosuj r\u00f3\u017cne nakr\u0119tki, wk\u0142adki i pokrywki, aby zmieni\u0107 s\u0142oik w pojemnik na r\u00f3\u017cne przyprawy: na s\u00f3l, pieprz, zio\u0142a lub przyprawy w proszku.<\/li>\n<\/ol>","protected":false},"excerpt":{"rendered":"<p>Wytrzyma\u0142y szklany s\u0142oik o pojemno\u015bci 250 ml z drewnian\u0105 pokrywk\u0105 i \u0142y\u017ceczk\u0105. Wysokiej jako\u015bci pojemniki do przechowywania przypraw, do sprzeda\u017cy hurtowej, hurtowej i personalizacji.<\/p>","protected":false},"featured_media":25335,"template":"","meta":[],"product_brand":[],"product_cat":[83,124,122,87,20,128],"product_tag":[],"class_list":{"0":"post-16452","1":"product","2":"type-product","3":"status-publish","4":"has-post-thumbnail","6":"product_cat-glass-jars","7":"product_cat-custom-glass-jars","8":"product_cat-custom-glass-packaging","9":"product_cat-food-storage-jars","10":"product_cat-glass-containers","11":"product_cat-spice-jars","13":"first","14":"instock","15":"shipping-taxable","16":"product-type-grouped"},"jetpack_sharing_enabled":true,"_links":{"self":[{"href":"https:\/\/yebodaglass.com\/pl\/wp-json\/wp\/v2\/product\/16452","targetHints":{"allow":["GET"]}}],"collection":[{"href":"https:\/\/yebodaglass.com\/pl\/wp-json\/wp\/v2\/product"}],"about":[{"href":"https:\/\/yebodaglass.com\/pl\/wp-json\/wp\/v2\/types\/product"}],"version-history":[{"count":5,"href":"https:\/\/yebodaglass.com\/pl\/wp-json\/wp\/v2\/product\/16452\/revisions"}],"predecessor-version":[{"id":25339,"href":"https:\/\/yebodaglass.com\/pl\/wp-json\/wp\/v2\/product\/16452\/revisions\/25339"}],"wp:featuredmedia":[{"embeddable":true,"href":"https:\/\/yebodaglass.com\/pl\/wp-json\/wp\/v2\/media\/25335"}],"wp:attachment":[{"href":"https:\/\/yebodaglass.com\/pl\/wp-json\/wp\/v2\/media?parent=16452"}],"wp:term":[{"taxonomy":"product_brand","embeddable":true,"href":"https:\/\/yebodaglass.com\/pl\/wp-json\/wp\/v2\/product_brand?post=16452"},{"taxonomy":"product_cat","embeddable":true,"href":"https:\/\/yebodaglass.com\/pl\/wp-json\/wp\/v2\/product_cat?post=16452"},{"taxonomy":"product_tag","embeddable":true,"href":"https:\/\/yebodaglass.com\/pl\/wp-json\/wp\/v2\/product_tag?post=16452"}],"curies":[{"name":"wp","href":"https:\/\/api.w.org\/{rel}","templated":true}]}}