{"id":16344,"date":"2025-07-08T15:01:59","date_gmt":"2025-07-08T07:01:59","guid":{"rendered":"https:\/\/yebodaglass.com\/?post_type=product&#038;p=16344"},"modified":"2026-03-26T11:46:23","modified_gmt":"2026-03-26T03:46:23","slug":"clear-round-small-glass-flip-top-bottles-for-beverage-bulk","status":"publish","type":"product","link":"https:\/\/yebodaglass.com\/pl\/produkt\/clear-round-small-glass-flip-top-bottles-for-beverage-bulk\/","title":{"rendered":"4-uncjowe, przezroczyste, okr\u0105g\u0142e, ma\u0142e, szklane butelki z klapk\u0105 do napoj\u00f3w hurtowych"},"content":{"rendered":"<p>Te szklane butelki z klapk\u0105 s\u0105 wykonane ze szk\u0142a \u2013 kompaktowe, praktyczne, a zarazem klasyczne. Minimalistyczny, cylindryczny kszta\u0142t i p\u0142askie dno wykonane s\u0105 z wysokiej jako\u015bci przezroczystego szk\u0142a, kt\u00f3re doskonale eksponuje nap\u00f3j w \u015brodku, niezale\u017cnie od tego, czy jest to woda, czy domowy syrop.<\/p>\n<h2>Wyr\u00f3\u017cnieni<\/h2>\n<ul>\n<li><strong>Hermetyczne zamkni\u0119cie typu Flip-Top:<\/strong> Metalowy pier\u015bcie\u0144 zatrzaskowy i korek uszczelniaj\u0105cy zapewniaj\u0105 wielokrotnego u\u017cytku, bezpieczne zamkni\u0119cie, idealne w przypadku napoj\u00f3w gazowanych lub do konserwacji zawarto\u015bci pojemnika.<\/li>\n<li><strong>Kompaktowa, cylindryczna konstrukcja:<\/strong> Ma\u0142a, cylindryczna szklana butelka jest kompaktowa, \u0142atwa do mycia i przenoszenia.<\/li>\n<li><strong>Szk\u0142o przezroczyste o wysokiej widoczno\u015bci:<\/strong> Przezroczysta butelka pozwoli Ci \u0142atwo obserwowa\u0107, co si\u0119 w niej znajduje i kontrolowa\u0107 poziom p\u0142ynu.<\/li>\n<\/ul>\n<h2 style=\"text-align: left;\">Kluczowe specyfikacje<\/h2>\n<table class=\"aligncenter\" style=\"border-collapse: collapse; width: 661.52pt;\" border=\"0\" width=\"882\" cellspacing=\"0\" cellpadding=\"0\">\n<tbody>\n<tr style=\"height: 13.50pt;\">\n<td style=\"height: 13.50pt; width: 206.25pt;\" width=\"275\" height=\"18\">Element specyfikacji<\/td>\n<td style=\"width: 455.25pt;\" width=\"607\">Bli\u017csze dane<\/td>\n<\/tr>\n<tr style=\"height: 13.50pt;\">\n<td style=\"height: 13.50pt;\" height=\"18\">Pojemno\u015b\u0107<\/td>\n<td>4 uncje (120 ml)<\/td>\n<\/tr>\n<tr style=\"height: 13.50pt;\">\n<td style=\"height: 13.50pt;\" height=\"18\">Wymiary opakowania<\/td>\n<td>8,9*6,9*6,7 cala<\/td>\n<\/tr>\n<tr style=\"height: 13.50pt;\">\n<td style=\"height: 13.50pt;\" height=\"18\">Tworzywo<\/td>\n<td>Wysokiej jako\u015bci szk\u0142o<\/td>\n<\/tr>\n<tr style=\"height: 13.50pt;\">\n<td style=\"height: 13.50pt;\" height=\"18\">Specyfikacja opakowania na opakowanie<\/td>\n<td>12 sztuk w opakowaniu<\/td>\n<\/tr>\n<tr style=\"height: 13.50pt;\">\n<td style=\"height: 13.50pt;\" height=\"18\">Funkcja butelki<\/td>\n<td>Przezroczysta obudowa, metalowa pokrywa z zaciskiem (bia\u0142a g\u00f3ra z czerwon\u0105 uszczelk\u0105)<\/td>\n<\/tr>\n<\/tbody>\n<\/table>\n<h2>Historia sukcesu: niestandardowe zam\u00f3wienie z\u0142o\u017cone przez europejsk\u0105 mark\u0119 kawy specjalistycznej<\/h2>\n<p>Nasze 250-mililitrowe szklane butelki z klapk\u0105 zosta\u0142y wybrane przez du\u0144sk\u0105 palarni\u0119 kawy specjalistycznej, kt\u00f3ra nast\u0119pnie wytrawi\u0142a na nich laserowo wz\u00f3r kawowca. Ich espresso cold brew zosta\u0142o zaprojektowane z my\u015bl\u0105 o tej specjalnej butelce: hermetyczne zamkni\u0119cie wyd\u0142u\u017ca okres przydatno\u015bci produktu w witrynach ch\u0142odniczych o 40 procent. Przezroczyste szk\u0142o odbija kolor koncentratu, co, jak twierdz\u0105, przyczyni\u0142o si\u0119 do wzrostu zakup\u00f3w impulsywnych o jedn\u0105 czwart\u0105. Na fali tego sukcesu, firma zam\u00f3wi\u0142a 480 000 kolejnych butelek, aby wprowadzi\u0107 na rynek kolejn\u0105 gam\u0119 gotowych do spo\u017cycia syrop\u00f3w do koktajli kawowych i herbat.<\/p>\n<h2>Personalizacja butelek typu Swing Top<\/h2>\n<ul>\n<li>Wyb\u00f3r kolor\u00f3w haczyk\u00f3w i zatyczek: Oferujemy szerok\u0105 gam\u0119 wyko\u0144cze\u0144 haczyk\u00f3w metalowych (miedziane, mosi\u0119\u017cne, matowe czarne), a tak\u017ce gam\u0119 kolor\u00f3w zatyczek, aby stworzy\u0107 odpowiedni wygl\u0105d w oparciu o Twoj\u0105 mark\u0119.<\/li>\n<li>Kwadratowy design: Zaprojektuj nowoczesne, oszcz\u0119dzaj\u0105ce miejsce butelki z kwadratowymi zakr\u0119tkami, kt\u00f3re zwi\u0119kszaj\u0105 stabilno\u015b\u0107 p\u00f3\u0142ek i nadaj\u0105 towarom charakterystyczny wygl\u0105d.<\/li>\n<li>Zintegrowane gradienty: zastosuj trwa\u0142e, drukowane podzia\u0142ki, kt\u00f3re mo\u017cna stosowa\u0107, gdy wymagany jest dok\u0142adniejszy pomiar koncentratu lub sk\u0142adnika (np. kawa, koktajle).<\/li>\n<\/ul>","protected":false},"excerpt":{"rendered":"<p>Ma\u0142e szklane butelki z klapk\u0105, mocnym metalowym zaciskiem i hermetycznym zamkni\u0119ciem. Butelki z klapk\u0105 utrzymuj\u0105 \u015bwie\u017co\u015b\u0107 zawarto\u015bci. Dost\u0119pne od r\u0119ki z szybk\u0105 dostaw\u0105 na ca\u0142y \u015bwiat.<\/p>","protected":false},"featured_media":17307,"template":"","meta":[],"product_brand":[],"product_cat":[81,80,20],"product_tag":[],"class_list":{"0":"post-16344","1":"product","2":"type-product","3":"status-publish","4":"has-post-thumbnail","6":"product_cat-flip-top-bottles","7":"product_cat-glass-bottles","8":"product_cat-glass-containers","10":"first","11":"instock","12":"shipping-taxable","13":"product-type-grouped"},"jetpack_sharing_enabled":true,"_links":{"self":[{"href":"https:\/\/yebodaglass.com\/pl\/wp-json\/wp\/v2\/product\/16344","targetHints":{"allow":["GET"]}}],"collection":[{"href":"https:\/\/yebodaglass.com\/pl\/wp-json\/wp\/v2\/product"}],"about":[{"href":"https:\/\/yebodaglass.com\/pl\/wp-json\/wp\/v2\/types\/product"}],"version-history":[{"count":5,"href":"https:\/\/yebodaglass.com\/pl\/wp-json\/wp\/v2\/product\/16344\/revisions"}],"predecessor-version":[{"id":25619,"href":"https:\/\/yebodaglass.com\/pl\/wp-json\/wp\/v2\/product\/16344\/revisions\/25619"}],"wp:featuredmedia":[{"embeddable":true,"href":"https:\/\/yebodaglass.com\/pl\/wp-json\/wp\/v2\/media\/17307"}],"wp:attachment":[{"href":"https:\/\/yebodaglass.com\/pl\/wp-json\/wp\/v2\/media?parent=16344"}],"wp:term":[{"taxonomy":"product_brand","embeddable":true,"href":"https:\/\/yebodaglass.com\/pl\/wp-json\/wp\/v2\/product_brand?post=16344"},{"taxonomy":"product_cat","embeddable":true,"href":"https:\/\/yebodaglass.com\/pl\/wp-json\/wp\/v2\/product_cat?post=16344"},{"taxonomy":"product_tag","embeddable":true,"href":"https:\/\/yebodaglass.com\/pl\/wp-json\/wp\/v2\/product_tag?post=16344"}],"curies":[{"name":"wp","href":"https:\/\/api.w.org\/{rel}","templated":true}]}}