{"id":3,"date":"2025-06-25T09:56:57","date_gmt":"2025-06-25T09:56:57","guid":{"rendered":"https:\/\/yebodaglass.com\/?page_id=3"},"modified":"2025-08-29T17:16:29","modified_gmt":"2025-08-29T09:16:29","slug":"privacy-policy","status":"publish","type":"page","link":"https:\/\/yebodaglass.com\/pl\/privacy-policy\/","title":{"rendered":"Polityka prywatno\u015bci"},"content":{"rendered":"<div data-elementor-type=\"wp-page\" data-elementor-id=\"3\" class=\"elementor elementor-3\" data-elementor-settings=\"{&quot;ha_cmc_init_switcher&quot;:&quot;no&quot;}\" data-elementor-post-type=\"page\">\n\t\t\t\t<div class=\"elementor-element elementor-element-d02b64f e-flex e-con-boxed e-con e-parent\" data-id=\"d02b64f\" data-element_type=\"container\" data-e-type=\"container\" data-settings=\"{&quot;_ha_eqh_enable&quot;:false}\">\n\t\t\t\t\t<div class=\"e-con-inner\">\n\t\t<div class=\"elementor-element elementor-element-576ebfc e-con-full e-flex e-con e-child\" data-id=\"576ebfc\" data-element_type=\"container\" data-e-type=\"container\" data-settings=\"{&quot;_ha_eqh_enable&quot;:false}\">\n\t\t\t\t<div class=\"elementor-element elementor-element-7ee6d88 elementor-widget elementor-widget-breadcrumbs\" data-id=\"7ee6d88\" data-element_type=\"widget\" data-e-type=\"widget\" data-widget_type=\"breadcrumbs.default\">\n\t\t\t\t<div class=\"elementor-widget-container\">\n\t\t\t\t\t<nav aria-label=\"bu\u0142ka tarta\" class=\"rank-math-breadcrumb\"><p><span class=\"last\">Dom<\/span><\/p><\/nav>\t\t\t\t<\/div>\n\t\t\t\t<\/div>\n\t\t\t\t<\/div>\n\t\t\t\t\t<\/div>\n\t\t\t\t<\/div>\n\t\t<div class=\"elementor-element elementor-element-41def54 e-flex e-con-boxed e-con e-parent\" data-id=\"41def54\" data-element_type=\"container\" data-e-type=\"container\" data-settings=\"{&quot;_ha_eqh_enable&quot;:false}\">\n\t\t\t\t\t<div class=\"e-con-inner\">\n\t\t\t\t<div class=\"elementor-element elementor-element-4e340a9 elementor-widget elementor-widget-heading\" data-id=\"4e340a9\" data-element_type=\"widget\" data-e-type=\"widget\" data-widget_type=\"heading.default\">\n\t\t\t\t<div class=\"elementor-widget-container\">\n\t\t\t\t\t<h1 class=\"elementor-heading-title elementor-size-default\">Polityka prywatno\u015bci<\/h1>\t\t\t\t<\/div>\n\t\t\t\t<\/div>\n\t\t\t\t<div class=\"elementor-element elementor-element-2c09140 elementor-widget elementor-widget-text-editor\" data-id=\"2c09140\" data-element_type=\"widget\" data-e-type=\"widget\" data-widget_type=\"text-editor.default\">\n\t\t\t\t<div class=\"elementor-widget-container\">\n\t\t\t\t\t\t\t\t\t<h2>Jakie informacje zbieramy?<\/h2><p>Gromadzimy Twoje dane, gdy rejestrujesz si\u0119 na stronie, sk\u0142adasz zam\u00f3wienie, bierzesz udzia\u0142 w konkursie lub loterii, odpowiadasz na ankiet\u0119 lub kontaktujesz si\u0119 z nami za po\u015brednictwem poczty elektronicznej lub innej funkcji strony. Podczas sk\u0142adania zam\u00f3wienia lub rejestracji mo\u017cemy poprosi\u0107 Ci\u0119 o podanie imienia i nazwiska, adresu e-mail, adresu pocztowego, numeru telefonu, danych karty kredytowej lub innych informacji. Mo\u017cesz jednak odwiedzi\u0107 nasz\u0105 stron\u0119 anonimowo. Gromadzimy r\u00f3wnie\u017c informacje o odbiorcach prezent\u00f3w, aby m\u00f3c zrealizowa\u0107 zakup prezentu. Informacje, kt\u00f3re gromadzimy o odbiorcach prezent\u00f3w, nie s\u0105 wykorzystywane do cel\u00f3w marketingowych. Podobnie jak wiele stron internetowych, u\u017cywamy plik\u00f3w \u201ecookie\u201d, aby ulepszy\u0107 Twoje do\u015bwiadczenia i zbiera\u0107 informacje o odwiedzaj\u0105cych i wizytach na naszych stronach. Zapoznaj si\u0119 z sekcj\u0105 \u201eCzy u\u017cywamy plik\u00f3w \u201ecookie\u201d?\u201d poni\u017cej, aby uzyska\u0107 informacje na temat plik\u00f3w cookie i sposobu ich wykorzystania.<\/p><h2>W jaki spos\u00f3b wykorzystujemy Twoje dane?<\/h2><p>Mo\u017cemy wykorzystywa\u0107 informacje, kt\u00f3re zbieramy od Ciebie podczas rejestracji, zakupu produkt\u00f3w, udzia\u0142u w konkursach lub promocjach, wype\u0142niania ankiet lub komunikacji marketingowej, przegl\u0105dania strony internetowej lub korzystania z niekt\u00f3rych innych funkcji witryny, w nast\u0119puj\u0105cy spos\u00f3b: Aby spersonalizowa\u0107 Twoje do\u015bwiadczenia na stronie i umo\u017cliwi\u0107 nam dostarczanie tre\u015bci i ofert produkt\u00f3w, kt\u00f3rymi jeste\u015b najbardziej zainteresowany. Aby umo\u017cliwi\u0107 nam lepsz\u0105 obs\u0142ug\u0119 w zakresie odpowiadania na Twoje pro\u015bby dotycz\u0105ce obs\u0142ugi klienta. Aby szybko przetwarza\u0107 Twoje transakcje. Aby zarz\u0105dza\u0107 konkursem, promocj\u0105, ankiet\u0105 lub inn\u0105 funkcj\u0105 witryny. Je\u015bli wyrazi\u0142e\u015b zgod\u0119 na otrzymywanie naszego biuletynu e-mail, mo\u017cemy wysy\u0142a\u0107 Ci okresowe wiadomo\u015bci e-mail. Je\u015bli nie chcesz ju\u017c otrzymywa\u0107 od nas wiadomo\u015bci e-mail o charakterze promocyjnym, zapoznaj si\u0119 z sekcj\u0105 \u201eWycofanie zgody\u201d poni\u017cej. Je\u015bli nie wyrazi\u0142e\u015b zgody na otrzymywanie biuletyn\u00f3w e-mail, nie b\u0119dziesz ich otrzymywa\u0107. Odwiedzaj\u0105cy, kt\u00f3rzy zarejestruj\u0105 si\u0119 lub wezm\u0105 udzia\u0142 w innych funkcjach witryny, takich jak programy marketingowe i tre\u015bci \u201etylko dla cz\u0142onk\u00f3w\u201d, b\u0119d\u0105 mieli mo\u017cliwo\u015b\u0107 wyboru, czy chc\u0105 znale\u017a\u0107 si\u0119 na naszej li\u015bcie e-mailowej i otrzymywa\u0107 od nas wiadomo\u015bci e-mail.<\/p><h2>W jaki spos\u00f3b chronimy informacje o odwiedzaj\u0105cych?<\/h2><p>Wdra\u017camy szereg \u015brodk\u00f3w bezpiecze\u0144stwa, aby zapewni\u0107 bezpiecze\u0144stwo Twoich danych osobowych. Twoje dane osobowe s\u0105 przechowywane w zabezpieczonych sieciach i dost\u0119pne tylko dla ograniczonej liczby os\u00f3b posiadaj\u0105cych specjalne uprawnienia dost\u0119pu do takich system\u00f3w oraz zobowi\u0105zanych do zachowania poufno\u015bci tych informacji. Podczas sk\u0142adania zam\u00f3wie\u0144 lub uzyskiwania dost\u0119pu do Twoich danych osobowych oferujemy korzystanie z bezpiecznego serwera. Wszystkie podane przez Ciebie wra\u017cliwe\/kredytowe informacje s\u0105 przesy\u0142ane za pomoc\u0105 technologii Secure Socket Layer (SSL), a nast\u0119pnie szyfrowane w naszych bazach danych, a dost\u0119p do nich jest mo\u017cliwy wy\u0142\u0105cznie w spos\u00f3b opisany powy\u017cej.<\/p><h2>Czy u\u017cywamy plik\u00f3w \u201ecookies\u201d?<\/h2><p>Tak. Pliki cookie to ma\u0142e pliki, kt\u00f3re witryna lub jej dostawca us\u0142ug przesy\u0142a na dysk twardy komputera za po\u015brednictwem przegl\u0105darki internetowej (je\u015bli na to zezwolisz), co umo\u017cliwia systemom witryny lub dostawcy us\u0142ug rozpoznanie przegl\u0105darki oraz przechwycenie i zapami\u0119tanie pewnych informacji. Na przyk\u0142ad u\u017cywamy plik\u00f3w cookie, aby pom\u00f3c nam zapami\u0119ta\u0107 i przetworzy\u0107 pozycje w koszyku. S\u0142u\u017c\u0105 one r\u00f3wnie\u017c do zrozumienia Twoich preferencji na podstawie wcze\u015bniejszej lub obecnej aktywno\u015bci na stronie, co pozwala nam zapewni\u0107 Ci lepsze us\u0142ugi. U\u017cywamy r\u00f3wnie\u017c plik\u00f3w cookie, aby pom\u00f3c nam w gromadzeniu zbiorczych danych o ruchu na stronie i interakcji z ni\u0105, aby\u015bmy mogli oferowa\u0107 lepsze do\u015bwiadczenia i narz\u0119dzia na stronie w przysz\u0142o\u015bci. Mo\u017cemy zawiera\u0107 umowy z zewn\u0119trznymi dostawcami us\u0142ug, aby pom\u00f3c nam lepiej zrozumie\u0107 odwiedzaj\u0105cych nasz\u0105 witryn\u0119. Ci dostawcy us\u0142ug nie maj\u0105 prawa wykorzystywa\u0107 informacji zebranych w naszym imieniu, z wyj\u0105tkiem pomocy w prowadzeniu i ulepszaniu naszej dzia\u0142alno\u015bci. Mo\u017cesz wybra\u0107, aby Tw\u00f3j komputer ostrzega\u0142 Ci\u0119 za ka\u017cdym razem, gdy wysy\u0142any jest plik cookie, lub mo\u017cesz wy\u0142\u0105czy\u0107 wszystkie pliki cookie. Mo\u017cesz to zrobi\u0107 za pomoc\u0105 ustawie\u0144 swojej przegl\u0105darki (np. Google Chrome, Microsoft Edge lub Safari). Ka\u017cda przegl\u0105darka dzia\u0142a nieco inaczej, dlatego zajrzyj do menu \u201ePomoc\u201d w swojej przegl\u0105darce, aby dowiedzie\u0107 si\u0119, jak poprawnie modyfikowa\u0107 pliki cookie. Je\u015bli wy\u0142\u0105czysz pliki cookie, utracisz dost\u0119p do wielu funkcji usprawniaj\u0105cych korzystanie z witryny, a niekt\u00f3re z naszych us\u0142ug nie b\u0119d\u0105 dzia\u0142a\u0107 poprawnie. Nadal mo\u017cesz jednak sk\u0142ada\u0107 zam\u00f3wienia telefonicznie, kontaktuj\u0105c si\u0119 z obs\u0142ug\u0105 klienta.<\/p><h2>Czy udost\u0119pniamy zebrane informacje stronom zewn\u0119trznym?<\/h2><p>Nie sprzedajemy, nie wymieniamy ani w \u017caden inny spos\u00f3b nie przekazujemy Twoich danych osobowych podmiotom zewn\u0119trznym, chyba \u017ce powiadomimy Ci\u0119 o tym z wyprzedzeniem, z wyj\u0105tkiem sytuacji opisanych poni\u017cej. Termin \u201epodmioty zewn\u0119trzne\u201d nie obejmuje naszej dzia\u0142alno\u015bci. Nie obejmuje on r\u00f3wnie\u017c partner\u00f3w hostingowych i innych podmiot\u00f3w, kt\u00f3re pomagaj\u0105 nam w obs\u0142udze naszej strony internetowej, prowadzeniu dzia\u0142alno\u015bci lub \u015bwiadczeniu us\u0142ug, pod warunkiem, \u017ce podmioty te zobowi\u0105\u017c\u0105 si\u0119 do zachowania poufno\u015bci tych informacji. Mo\u017cemy r\u00f3wnie\u017c ujawni\u0107 Twoje dane, je\u015bli uznamy, \u017ce jest to w\u0142a\u015bciwe w celu przestrzegania prawa, egzekwowania zasad naszej witryny lub ochrony naszych praw, w\u0142asno\u015bci lub bezpiecze\u0144stwa lub praw, w\u0142asno\u015bci lub bezpiecze\u0144stwa innych os\u00f3b. Jednak\u017ce, dane odwiedzaj\u0105cych, kt\u00f3re nie pozwalaj\u0105 na identyfikacj\u0119 osoby, mog\u0105 by\u0107 udost\u0119pniane innym podmiotom w celach marketingowych, reklamowych lub innych. Jak mo\u017cesz zrezygnowa\u0107 z otrzymywania, usun\u0105\u0107 lub zmodyfikowa\u0107 informacje, kt\u00f3re nam przekaza\u0142e\u015b? Aby zmodyfikowa\u0107 swoje subskrypcje e-mail, poinformuj nas o tym, modyfikuj\u0105c swoje preferencje w sekcji \u201eMoje konto\u201d. Pami\u0119taj, \u017ce ze wzgl\u0119du na harmonogramy produkcji wiadomo\u015bci e-mail mo\u017cesz otrzymywa\u0107 wiadomo\u015bci, kt\u00f3re s\u0105 ju\u017c w fazie produkcji. Aby usun\u0105\u0107 wszystkie informacje o koncie online z naszej bazy danych, zaloguj si\u0119 do sekcji \u201eMoje konto\u201d na naszej stronie i usu\u0144 adresy wysy\u0142ki, adresy rozliczeniowe oraz dane dotycz\u0105ce p\u0142atno\u015bci. Informujemy, \u017ce mo\u017cemy przechowywa\u0107 informacje o poszczeg\u00f3lnych transakcjach sprzeda\u017cy w celu ich obs\u0142ugi oraz w celach ewidencyjnych. Linki stron trzecich, aby zwi\u0119kszy\u0107 warto\u015b\u0107 naszych produkt\u00f3w, mog\u0105 by\u0107 umieszczane na naszej stronie. Te powi\u0105zane strony maj\u0105 oddzielne i niezale\u017cne polityki prywatno\u015bci. W zwi\u0105zku z tym nie ponosimy \u017cadnej odpowiedzialno\u015bci za tre\u015b\u0107 i dzia\u0142ania tych powi\u0105zanych stron. Niemniej jednak dbamy o integralno\u015b\u0107 naszej strony i ch\u0119tnie przyjmujemy wszelkie opinie na temat tych powi\u0105zanych stron (w tym informacje o tym, czy dany link dzia\u0142a). Zmiany w naszej polityce prywatno\u015bci, je\u015bli zdecydujemy si\u0119 j\u0105 zmieni\u0107, zostan\u0105 opublikowane na tej stronie. Zmiany w polityce prywatno\u015bci b\u0119d\u0105 mia\u0142y zastosowanie wy\u0142\u0105cznie do informacji zebranych po dacie wprowadzenia zmiany.<\/p><h2>Pytania i opinie<\/h2><p>Zapraszamy do przesy\u0142ania pyta\u0144, komentarzy i uwag dotycz\u0105cych prywatno\u015bci. Prosimy o przes\u0142anie nam wszelkich opinii na temat prywatno\u015bci lub innych kwestii. Polityka prywatno\u015bci online. Niniejsza polityka prywatno\u015bci online dotyczy wy\u0142\u0105cznie informacji gromadzonych za po\u015brednictwem naszej strony internetowej, a nie informacji gromadzonych offline.<\/p><h2>Twoja zgoda<\/h2><p>Dokonuj\u0105c zakupu za po\u015brednictwem naszej strony internetowej lub przesy\u0142aj\u0105c zapytanie zawieraj\u0105ce dane osobowe lub firmowe w celu uzyskania oferty cenowej, dokonania p\u0142atno\u015bci za zam\u00f3wienie w dowolny spos\u00f3b lub zorganizowania dostawy, wyra\u017casz zgod\u0119 na gromadzenie, przechowywanie i wykorzystywanie tych danych dla Twojego dobra i\/lub w celu ulepszania naszych us\u0142ug i oferty. Wyra\u017casz r\u00f3wnie\u017c zgod\u0119 na ujawnienie, \u017ce jeste\u015b klientem Yeboda, a tak\u017ce na wykorzystywanie nazwy Twojej firmy, logo i opakowania w celu prezentacji naszych produkt\u00f3w i us\u0142ug, o ile nie zaznaczono inaczej.<\/p><h2>Z Twoj\u0105 zgod\u0105<\/h2><p>W dowolnym momencie mo\u017cesz wycofa\u0107 swoj\u0105 zgod\u0119 na gromadzenie, wykorzystywanie lub ujawnianie Twoich danych przez Yeboda, kontaktuj\u0105c si\u0119 z nami. Yeboda zastrzega sobie prawo do zachowania wszelkich wcze\u015bniej zebranych informacji w celu realizacji zam\u00f3wie\u0144 lub rozstrzygania spor\u00f3w lub dochodze\u0144. Podczas odwiedzania naszej strony internetowej automatycznie otrzymujemy adres protoko\u0142u internetowego (IP) Twojego urz\u0105dzenia, przybli\u017cony region geograficzny oraz inne podstawowe informacje o Twojej przegl\u0105darce i systemie operacyjnym, aby zapewni\u0107 naszym klientom lepsze i bardziej spersonalizowane us\u0142ugi.<\/p>\t\t\t\t\t\t\t\t<\/div>\n\t\t\t\t<\/div>\n\t\t\t\t\t<\/div>\n\t\t\t\t<\/div>\n\t\t<div class=\"elementor-element elementor-element-ea91219 e-flex e-con-boxed e-con e-parent\" data-id=\"ea91219\" data-element_type=\"container\" data-e-type=\"container\" data-settings=\"{&quot;_ha_eqh_enable&quot;:false}\">\n\t\t\t\t\t<div class=\"e-con-inner\">\n\t\t\t\t<div class=\"elementor-element elementor-element-7e7f6e4 elementor-widget elementor-widget-heading\" data-id=\"7e7f6e4\" data-element_type=\"widget\" data-e-type=\"widget\" data-widget_type=\"heading.default\">\n\t\t\t\t<div class=\"elementor-widget-container\">\n\t\t\t\t\t<p class=\"elementor-heading-title elementor-size-default\">Rozpocznij swoj\u0105 dzia\u0142alno\u015b\u0107 w zakresie opakowa\u0144 szklanych<br> podr\u00f3\u017c z Yebod\u0105<\/p>\t\t\t\t<\/div>\n\t\t\t\t<\/div>\n\t\t\t\t<div class=\"elementor-element elementor-element-1ca6b54 elementor-widget elementor-widget-heading\" data-id=\"1ca6b54\" data-element_type=\"widget\" data-e-type=\"widget\" data-widget_type=\"heading.default\">\n\t\t\t\t<div class=\"elementor-widget-container\">\n\t\t\t\t\t<p class=\"elementor-heading-title elementor-size-default\">\nSkontaktuj si\u0119 z naszym specjalist\u0105 ds. produkt\u00f3w ju\u017c teraz<\/p>\t\t\t\t<\/div>\n\t\t\t\t<\/div>\n\t\t\t\t<div class=\"elementor-element elementor-element-a48bb7c elementor-align-center elementor-widget elementor-widget-button\" data-id=\"a48bb7c\" data-element_type=\"widget\" data-e-type=\"widget\" data-widget_type=\"button.default\">\n\t\t\t\t<div class=\"elementor-widget-container\">\n\t\t\t\t\t\t\t\t\t<div class=\"elementor-button-wrapper\">\n\t\t\t\t\t<a class=\"elementor-button elementor-button-link elementor-size-sm\" href=\"https:\/\/yebodaglass.com\/pl\/contact\/\">\n\t\t\t\t\t\t<span class=\"elementor-button-content-wrapper\">\n\t\t\t\t\t\t\t\t\t<span class=\"elementor-button-text\">Zacznij<\/span>\n\t\t\t\t\t<\/span>\n\t\t\t\t\t<\/a>\n\t\t\t\t<\/div>\n\t\t\t\t\t\t\t\t<\/div>\n\t\t\t\t<\/div>\n\t\t\t\t\t<\/div>\n\t\t\t\t<\/div>\n\t\t\t\t<\/div>","protected":false},"excerpt":{"rendered":"<p>Strona g\u0142\u00f3wna Polityka prywatno\u015bci Jakie informacje gromadzimy? Zbieramy informacje od u\u017cytkownika, gdy rejestruje si\u0119 na stronie, sk\u0142ada zam\u00f3wienie, bierze udzia\u0142 w konkursie lub loterii, odpowiada na ankiet\u0119 lub komunikacj\u0119, tak\u0105 jak e-mail, lub uczestniczy w innej funkcji witryny. Podczas sk\u0142adania zam\u00f3wienia lub rejestracji mo\u017cemy poprosi\u0107 o podanie imienia i nazwiska, adresu e-mail, [...]<\/p>","protected":false},"author":1,"featured_media":0,"parent":0,"menu_order":0,"comment_status":"closed","ping_status":"closed","template":"elementor_header_footer","meta":{"footnotes":""},"class_list":["post-3","page","type-page","status-publish","hentry"],"blocksy_meta":[],"jetpack_sharing_enabled":true,"_links":{"self":[{"href":"https:\/\/yebodaglass.com\/pl\/wp-json\/wp\/v2\/pages\/3","targetHints":{"allow":["GET"]}}],"collection":[{"href":"https:\/\/yebodaglass.com\/pl\/wp-json\/wp\/v2\/pages"}],"about":[{"href":"https:\/\/yebodaglass.com\/pl\/wp-json\/wp\/v2\/types\/page"}],"author":[{"embeddable":true,"href":"https:\/\/yebodaglass.com\/pl\/wp-json\/wp\/v2\/users\/1"}],"replies":[{"embeddable":true,"href":"https:\/\/yebodaglass.com\/pl\/wp-json\/wp\/v2\/comments?post=3"}],"version-history":[{"count":6,"href":"https:\/\/yebodaglass.com\/pl\/wp-json\/wp\/v2\/pages\/3\/revisions"}],"predecessor-version":[{"id":20202,"href":"https:\/\/yebodaglass.com\/pl\/wp-json\/wp\/v2\/pages\/3\/revisions\/20202"}],"wp:attachment":[{"href":"https:\/\/yebodaglass.com\/pl\/wp-json\/wp\/v2\/media?parent=3"}],"curies":[{"name":"wp","href":"https:\/\/api.w.org\/{rel}","templated":true}]}}