{"id":19576,"date":"2025-08-22T14:45:03","date_gmt":"2025-08-22T06:45:03","guid":{"rendered":"https:\/\/yebodaglass.com\/?page_id=19576"},"modified":"2025-08-29T18:01:01","modified_gmt":"2025-08-29T10:01:01","slug":"request-free-samples","status":"publish","type":"page","link":"https:\/\/yebodaglass.com\/pl\/request-free-samples\/","title":{"rendered":"Zam\u00f3w darmowe pr\u00f3bki"},"content":{"rendered":"<div data-elementor-type=\"wp-page\" data-elementor-id=\"19576\" class=\"elementor elementor-19576\" data-elementor-settings=\"{&quot;ha_cmc_init_switcher&quot;:&quot;no&quot;}\" data-elementor-post-type=\"page\">\n\t\t\t\t<div class=\"elementor-element elementor-element-2d4a8d5 e-flex e-con-boxed e-con e-parent\" data-id=\"2d4a8d5\" data-element_type=\"container\" data-e-type=\"container\" data-settings=\"{&quot;_ha_eqh_enable&quot;:false}\">\n\t\t\t\t\t<div class=\"e-con-inner\">\n\t\t\t\t<div class=\"elementor-element elementor-element-88309fe elementor-widget elementor-widget-breadcrumbs\" data-id=\"88309fe\" data-element_type=\"widget\" data-e-type=\"widget\" data-widget_type=\"breadcrumbs.default\">\n\t\t\t\t<div class=\"elementor-widget-container\">\n\t\t\t\t\t<nav aria-label=\"bu\u0142ka tarta\" class=\"rank-math-breadcrumb\"><p><span class=\"last\">Dom<\/span><\/p><\/nav>\t\t\t\t<\/div>\n\t\t\t\t<\/div>\n\t\t\t\t\t<\/div>\n\t\t\t\t<\/div>\n\t\t<div class=\"elementor-element elementor-element-41def54 e-flex e-con-boxed e-con e-parent\" data-id=\"41def54\" data-element_type=\"container\" data-e-type=\"container\" data-settings=\"{&quot;_ha_eqh_enable&quot;:false}\">\n\t\t\t\t\t<div class=\"e-con-inner\">\n\t\t\t\t<div class=\"elementor-element elementor-element-4e340a9 elementor-widget elementor-widget-heading\" data-id=\"4e340a9\" data-element_type=\"widget\" data-e-type=\"widget\" data-widget_type=\"heading.default\">\n\t\t\t\t<div class=\"elementor-widget-container\">\n\t\t\t\t\t<h1 class=\"elementor-heading-title elementor-size-default\">Zam\u00f3w darmowe pr\u00f3bki<\/h1>\t\t\t\t<\/div>\n\t\t\t\t<\/div>\n\t\t\t\t<div class=\"elementor-element elementor-element-2c09140 elementor-widget elementor-widget-text-editor\" data-id=\"2c09140\" data-element_type=\"widget\" data-e-type=\"widget\" data-widget_type=\"text-editor.default\">\n\t\t\t\t<div class=\"elementor-widget-container\">\n\t\t\t\t\t\t\t\t\t<p>Yeboda oferuje opcje bezp\u0142atnej pr\u00f3bki* dla naszych klient\u00f3w po z\u0142o\u017ceniu pe\u0142nego zam\u00f3wienia. Jest to opcjonalny proces, kt\u00f3ry pomaga klientowi by\u0107 bardziej pewnym wyniku. Porozmawiaj z nami teraz o swoim projekcie. Jeden z naszych specjalist\u00f3w ds. produkt\u00f3w skontaktuje si\u0119 z Tob\u0105 w ci\u0105gu 1 dnia roboczego.<\/p><p><strong>Pr\u00f3bki s\u0105 dost\u0119pne w 3 rodzajach:<\/strong><\/p><ul><li>Cyfrowy rendering 3D (grafika i styl szklanych pojemnik\u00f3w w interaktywnym 3D, przyk\u0142ad).<\/li><li>Istniej\u0105ce pr\u00f3bki (szklane pojemniki, kt\u00f3re ju\u017c wyprodukowali\u015bmy)<\/li><li>Pr\u00f3bki niestandardowe** (w pe\u0142ni niestandardowa pr\u00f3bka zgodnie ze specyfikacj\u0105)<\/li><\/ul><p><strong>Notatka:<\/strong><\/p><ul><li>Z zastrze\u017ceniem pewnych warunk\u00f3w i kategorii produkt\u00f3w. Koszt wysy\u0142ki nie jest wliczony w cen\u0119.<\/li><li>Op\u0142ata za pr\u00f3bk\u0119 niestandardow\u0105 zostanie zwr\u00f3cona po z\u0142o\u017ceniu pe\u0142nego zam\u00f3wienia produkcyjnego.<\/li><li>Zwrot koszt\u00f3w dotyczy tylko pr\u00f3bek grafiki, kt\u00f3re zosta\u0142y sfinalizowane do pe\u0142nej produkcji.<\/li><\/ul>\t\t\t\t\t\t\t\t<\/div>\n\t\t\t\t<\/div>\n\t\t\t\t\t<\/div>\n\t\t\t\t<\/div>\n\t\t<div class=\"elementor-element elementor-element-ea91219 e-flex e-con-boxed e-con e-parent\" data-id=\"ea91219\" data-element_type=\"container\" data-e-type=\"container\" data-settings=\"{&quot;_ha_eqh_enable&quot;:false}\">\n\t\t\t\t\t<div class=\"e-con-inner\">\n\t\t\t\t<div class=\"elementor-element elementor-element-7e7f6e4 elementor-widget elementor-widget-heading\" data-id=\"7e7f6e4\" data-element_type=\"widget\" data-e-type=\"widget\" data-widget_type=\"heading.default\">\n\t\t\t\t<div class=\"elementor-widget-container\">\n\t\t\t\t\t<p class=\"elementor-heading-title elementor-size-default\">Rozpocznij swoj\u0105 dzia\u0142alno\u015b\u0107 w zakresie opakowa\u0144 szklanych<br> podr\u00f3\u017c z Yebod\u0105<\/p>\t\t\t\t<\/div>\n\t\t\t\t<\/div>\n\t\t\t\t<div class=\"elementor-element elementor-element-1ca6b54 elementor-widget elementor-widget-heading\" data-id=\"1ca6b54\" data-element_type=\"widget\" data-e-type=\"widget\" data-widget_type=\"heading.default\">\n\t\t\t\t<div class=\"elementor-widget-container\">\n\t\t\t\t\t<p class=\"elementor-heading-title elementor-size-default\">\nSkontaktuj si\u0119 z naszym specjalist\u0105 ds. produkt\u00f3w ju\u017c teraz<\/p>\t\t\t\t<\/div>\n\t\t\t\t<\/div>\n\t\t\t\t<div class=\"elementor-element elementor-element-a48bb7c elementor-align-center elementor-widget elementor-widget-button\" data-id=\"a48bb7c\" data-element_type=\"widget\" data-e-type=\"widget\" data-widget_type=\"button.default\">\n\t\t\t\t<div class=\"elementor-widget-container\">\n\t\t\t\t\t\t\t\t\t<div class=\"elementor-button-wrapper\">\n\t\t\t\t\t<a class=\"elementor-button elementor-button-link elementor-size-sm\" href=\"https:\/\/yebodaglass.com\/pl\/contact\/\">\n\t\t\t\t\t\t<span class=\"elementor-button-content-wrapper\">\n\t\t\t\t\t\t\t\t\t<span class=\"elementor-button-text\">Zacznij<\/span>\n\t\t\t\t\t<\/span>\n\t\t\t\t\t<\/a>\n\t\t\t\t<\/div>\n\t\t\t\t\t\t\t\t<\/div>\n\t\t\t\t<\/div>\n\t\t\t\t\t<\/div>\n\t\t\t\t<\/div>\n\t\t\t\t<\/div>","protected":false},"excerpt":{"rendered":"<p>Strona g\u0142\u00f3wna Zam\u00f3w bezp\u0142atne pr\u00f3bki Yeboda oferuje opcje bezp\u0142atnych pr\u00f3bek* dla naszych klient\u00f3w po pe\u0142nym zaanga\u017cowaniu w zam\u00f3wienie. Jest to opcjonalny proces, kt\u00f3ry pomaga klientowi by\u0107 bardziej pewnym wyniku. Porozmawiaj z nami teraz o swoim projekcie. Jeden z naszych specjalist\u00f3w ds. produkt\u00f3w skontaktuje si\u0119 z Tob\u0105 w ci\u0105gu 1 dnia roboczego. Pr\u00f3bki s\u0105 dost\u0119pne [...]<\/p>","protected":false},"author":1,"featured_media":0,"parent":0,"menu_order":0,"comment_status":"closed","ping_status":"closed","template":"elementor_header_footer","meta":{"footnotes":""},"class_list":["post-19576","page","type-page","status-publish","hentry"],"blocksy_meta":[],"jetpack_sharing_enabled":true,"_links":{"self":[{"href":"https:\/\/yebodaglass.com\/pl\/wp-json\/wp\/v2\/pages\/19576","targetHints":{"allow":["GET"]}}],"collection":[{"href":"https:\/\/yebodaglass.com\/pl\/wp-json\/wp\/v2\/pages"}],"about":[{"href":"https:\/\/yebodaglass.com\/pl\/wp-json\/wp\/v2\/types\/page"}],"author":[{"embeddable":true,"href":"https:\/\/yebodaglass.com\/pl\/wp-json\/wp\/v2\/users\/1"}],"replies":[{"embeddable":true,"href":"https:\/\/yebodaglass.com\/pl\/wp-json\/wp\/v2\/comments?post=19576"}],"version-history":[{"count":6,"href":"https:\/\/yebodaglass.com\/pl\/wp-json\/wp\/v2\/pages\/19576\/revisions"}],"predecessor-version":[{"id":20206,"href":"https:\/\/yebodaglass.com\/pl\/wp-json\/wp\/v2\/pages\/19576\/revisions\/20206"}],"wp:attachment":[{"href":"https:\/\/yebodaglass.com\/pl\/wp-json\/wp\/v2\/media?parent=19576"}],"curies":[{"name":"wp","href":"https:\/\/api.w.org\/{rel}","templated":true}]}}