{"id":19567,"date":"2025-08-22T14:17:55","date_gmt":"2025-08-22T06:17:55","guid":{"rendered":"https:\/\/yebodaglass.com\/?page_id=19567"},"modified":"2025-08-29T18:02:25","modified_gmt":"2025-08-29T10:02:25","slug":"terms-of-services","status":"publish","type":"page","link":"https:\/\/yebodaglass.com\/pl\/terms-of-services\/","title":{"rendered":"Warunki Us\u0142ug"},"content":{"rendered":"<div data-elementor-type=\"wp-page\" data-elementor-id=\"19567\" class=\"elementor elementor-19567\" data-elementor-settings=\"{&quot;ha_cmc_init_switcher&quot;:&quot;no&quot;}\" data-elementor-post-type=\"page\">\n\t\t\t\t<div class=\"elementor-element elementor-element-e2993ff e-flex e-con-boxed e-con e-parent\" data-id=\"e2993ff\" data-element_type=\"container\" data-e-type=\"container\" data-settings=\"{&quot;_ha_eqh_enable&quot;:false}\">\n\t\t\t\t\t<div class=\"e-con-inner\">\n\t\t\t\t<div class=\"elementor-element elementor-element-fef54fd elementor-widget elementor-widget-breadcrumbs\" data-id=\"fef54fd\" data-element_type=\"widget\" data-e-type=\"widget\" data-widget_type=\"breadcrumbs.default\">\n\t\t\t\t<div class=\"elementor-widget-container\">\n\t\t\t\t\t<nav aria-label=\"bu\u0142ka tarta\" class=\"rank-math-breadcrumb\"><p><span class=\"last\">Dom<\/span><\/p><\/nav>\t\t\t\t<\/div>\n\t\t\t\t<\/div>\n\t\t\t\t\t<\/div>\n\t\t\t\t<\/div>\n\t\t<div class=\"elementor-element elementor-element-41def54 e-flex e-con-boxed e-con e-parent\" data-id=\"41def54\" data-element_type=\"container\" data-e-type=\"container\" data-settings=\"{&quot;_ha_eqh_enable&quot;:false}\">\n\t\t\t\t\t<div class=\"e-con-inner\">\n\t\t\t\t<div class=\"elementor-element elementor-element-4e340a9 elementor-widget elementor-widget-heading\" data-id=\"4e340a9\" data-element_type=\"widget\" data-e-type=\"widget\" data-widget_type=\"heading.default\">\n\t\t\t\t<div class=\"elementor-widget-container\">\n\t\t\t\t\t<h1 class=\"elementor-heading-title elementor-size-default\"> Warunki korzystania z us\u0142ugi <\/h1>\t\t\t\t<\/div>\n\t\t\t\t<\/div>\n\t\t\t\t<div class=\"elementor-element elementor-element-2c09140 elementor-widget elementor-widget-text-editor\" data-id=\"2c09140\" data-element_type=\"widget\" data-e-type=\"widget\" data-widget_type=\"text-editor.default\">\n\t\t\t\t<div class=\"elementor-widget-container\">\n\t\t\t\t\t\t\t\t\t<h2>Important<\/h2><p>Please read these Terms &amp; Conditions carefully. By accessing this website you agree to be bound by the terms and conditions stated below. If you do not agree to the Terms &amp; Conditions stated below, please do not access this website. YEBODA reserves the right to change, modify or amend these terms and conditions without notice.<\/p><h2>Acceptance of Terms<\/h2><p>Yeboda company (\u201cYeboda\u201d), supplies certain glass packaging products and provides other services (the \u201cServices\u201d) to you through this website (\u201cWebsite\u201d) and access to and use of this Website and the Services are provided to you subject to your acceptance of and compliance with the following terms and conditions (\u201cTerms\u201d).<\/p><p>By using the Website or by indicating your acceptance to the Terms, you acknowledge that you have read, accepted, and agreed to these Terms. If you do not agree to these Terms, you may not using this Website.<\/p><p>Yeboda reserves the right to change these Terms at any time without prior notice and your continued access or use of this Website or the Services after such changes indicates your acceptance of the Terms as modified. It is your responsibility to review these Terms regularly. These Terms were Last updated: 08-21-2020.<\/p><p>If you do not agree with one or more of these Terms, do not access or use this Website or the Services.<\/p><h2>Registration<\/h2><p>You may use certain areas of the Website without registration, including the creation of an account (an \u201cAccount\u201d) or a password (collectively, \u201cCredentials\u201d).<\/p>\t\t\t\t\t\t\t\t<\/div>\n\t\t\t\t<\/div>\n\t\t\t\t\t<\/div>\n\t\t\t\t<\/div>\n\t\t<div class=\"elementor-element elementor-element-ea91219 e-flex e-con-boxed e-con e-parent\" data-id=\"ea91219\" data-element_type=\"container\" data-e-type=\"container\" data-settings=\"{&quot;_ha_eqh_enable&quot;:false}\">\n\t\t\t\t\t<div class=\"e-con-inner\">\n\t\t\t\t<div class=\"elementor-element elementor-element-7e7f6e4 elementor-widget elementor-widget-heading\" data-id=\"7e7f6e4\" data-element_type=\"widget\" data-e-type=\"widget\" data-widget_type=\"heading.default\">\n\t\t\t\t<div class=\"elementor-widget-container\">\n\t\t\t\t\t<p class=\"elementor-heading-title elementor-size-default\">Rozpocznij swoj\u0105 dzia\u0142alno\u015b\u0107 w zakresie opakowa\u0144 szklanych<br> podr\u00f3\u017c z Yebod\u0105<\/p>\t\t\t\t<\/div>\n\t\t\t\t<\/div>\n\t\t\t\t<div class=\"elementor-element elementor-element-1ca6b54 elementor-widget elementor-widget-heading\" data-id=\"1ca6b54\" data-element_type=\"widget\" data-e-type=\"widget\" data-widget_type=\"heading.default\">\n\t\t\t\t<div class=\"elementor-widget-container\">\n\t\t\t\t\t<p class=\"elementor-heading-title elementor-size-default\">\nSkontaktuj si\u0119 z naszym specjalist\u0105 ds. produkt\u00f3w ju\u017c teraz<\/p>\t\t\t\t<\/div>\n\t\t\t\t<\/div>\n\t\t\t\t<div class=\"elementor-element elementor-element-a48bb7c elementor-align-center elementor-widget elementor-widget-button\" data-id=\"a48bb7c\" data-element_type=\"widget\" data-e-type=\"widget\" data-widget_type=\"button.default\">\n\t\t\t\t<div class=\"elementor-widget-container\">\n\t\t\t\t\t\t\t\t\t<div class=\"elementor-button-wrapper\">\n\t\t\t\t\t<a class=\"elementor-button elementor-button-link elementor-size-sm\" href=\"https:\/\/yebodaglass.com\/pl\/contact\/\">\n\t\t\t\t\t\t<span class=\"elementor-button-content-wrapper\">\n\t\t\t\t\t\t\t\t\t<span class=\"elementor-button-text\">Zacznij<\/span>\n\t\t\t\t\t<\/span>\n\t\t\t\t\t<\/a>\n\t\t\t\t<\/div>\n\t\t\t\t\t\t\t\t<\/div>\n\t\t\t\t<\/div>\n\t\t\t\t\t<\/div>\n\t\t\t\t<\/div>\n\t\t\t\t<\/div>","protected":false},"excerpt":{"rendered":"<p>Strona g\u0142\u00f3wna Warunki \u015bwiadczenia us\u0142ug Wa\u017cne Prosimy o uwa\u017cne zapoznanie si\u0119 z niniejszymi warunkami. Uzyskuj\u0105c dost\u0119p do tej witryny, u\u017cytkownik wyra\u017ca zgod\u0119 na przestrzeganie poni\u017cszych warunk\u00f3w. Je\u015bli nie zgadzasz si\u0119 z poni\u017cszymi warunkami, nie korzystaj z tej witryny. YEBODA zastrzega sobie prawo do zmiany, modyfikacji lub poprawiania [...]<\/p>","protected":false},"author":1,"featured_media":0,"parent":0,"menu_order":0,"comment_status":"closed","ping_status":"closed","template":"elementor_header_footer","meta":{"footnotes":""},"class_list":["post-19567","page","type-page","status-publish","hentry"],"blocksy_meta":[],"jetpack_sharing_enabled":true,"_links":{"self":[{"href":"https:\/\/yebodaglass.com\/pl\/wp-json\/wp\/v2\/pages\/19567","targetHints":{"allow":["GET"]}}],"collection":[{"href":"https:\/\/yebodaglass.com\/pl\/wp-json\/wp\/v2\/pages"}],"about":[{"href":"https:\/\/yebodaglass.com\/pl\/wp-json\/wp\/v2\/types\/page"}],"author":[{"embeddable":true,"href":"https:\/\/yebodaglass.com\/pl\/wp-json\/wp\/v2\/users\/1"}],"replies":[{"embeddable":true,"href":"https:\/\/yebodaglass.com\/pl\/wp-json\/wp\/v2\/comments?post=19567"}],"version-history":[{"count":5,"href":"https:\/\/yebodaglass.com\/pl\/wp-json\/wp\/v2\/pages\/19567\/revisions"}],"predecessor-version":[{"id":20031,"href":"https:\/\/yebodaglass.com\/pl\/wp-json\/wp\/v2\/pages\/19567\/revisions\/20031"}],"wp:attachment":[{"href":"https:\/\/yebodaglass.com\/pl\/wp-json\/wp\/v2\/media?parent=19567"}],"curies":[{"name":"wp","href":"https:\/\/api.w.org\/{rel}","templated":true}]}}