{"id":24588,"date":"2025-12-24T14:14:57","date_gmt":"2025-12-24T06:14:57","guid":{"rendered":"https:\/\/yebodaglass.com\/?post_type=product&#038;p=24588"},"modified":"2025-12-25T10:18:26","modified_gmt":"2025-12-25T02:18:26","slug":"borosilicate-glass-jars-with-lids-and-spoons-bulk","status":"publish","type":"product","link":"https:\/\/yebodaglass.com\/nl\/borosilicate-glass-jars-with-lids-and-spoons-bulk\/","title":{"rendered":"Borosilicaatglazen potten van 300 ml, 350 ml en 450 ml met deksels en lepels (bulkverpakking)"},"content":{"rendered":"<p data-start=\"66\" data-end=\"288\">Deze glazen pot met deksel en lepel is volledig gemaakt van borosilicaatglas. De cilindrische vorm wordt geleverd met een lichtbeige bamboe deksel en een lepel bij elke pot, en is eenvoudig in gebruik.<\/p>\n<h2>Producteigenschappen<\/h2>\n<ul>\n<li><strong>Gecombineerde deksel- en lepelconstructie:<\/strong> Dit wordt een bamboelepel die in het midden van het deksel is bevestigd. Deze constructie zorgt ervoor dat het keukengerei niet kwijtraakt en maakt het proces eenvoudiger.<\/li>\n<li><strong>Borosilicaatglas:<\/strong> Borosilicaatglas heeft een uitstekende temperatuurbestendigheid (-20 \u00b0C tot 150 \u00b0C), is onbreekbaar en kan hergebruikt worden.<\/li>\n<li><strong>Uitstekend luchtdicht bamboe deksel:<\/strong> De glazen pot heeft een lichtbeige bamboe deksel met een ingebouwde afdichtingsring, waardoor de pot een effectieve plek is om droge producten in te bewaren.<\/li>\n<\/ul>\n<h2 style=\"text-align: left;\">Belangrijkste specificaties<\/h2>\n<table class=\"aligncenter\" style=\"border-collapse: collapse; width: 528.02pt;\" border=\"0\" width=\"704\" cellspacing=\"0\" cellpadding=\"0\">\n<tbody>\n<tr style=\"height: 13.50pt;\">\n<td style=\"height: 13.50pt; width: 135.00pt;\" width=\"180\" height=\"18\">Attribuut<\/td>\n<td style=\"width: 393.00pt;\" width=\"524\">Details<\/td>\n<\/tr>\n<tr style=\"height: 13.50pt;\">\n<td style=\"height: 13.50pt;\" height=\"18\">Afmetingen<\/td>\n<td>300 ml: 6,5 \u00d7 10 cm; 350 ml: 6,5 \u00d7 12 cm; 450 ml: 6,5 \u00d7 15 cm<\/td>\n<\/tr>\n<tr style=\"height: 13.50pt;\">\n<td style=\"height: 13.50pt;\" height=\"18\">Materiaal<\/td>\n<td>Hoog borosilicaatglas, bamboe<\/td>\n<\/tr>\n<tr style=\"height: 13.50pt;\">\n<td style=\"height: 13.50pt;\" height=\"18\">Potvorm<\/td>\n<td>Rechte cilindrische vorm, gladde binnenwand, platte ronde basis<\/td>\n<\/tr>\n<tr style=\"height: 13.50pt;\">\n<td style=\"height: 13.50pt;\" height=\"18\">Dekseltype<\/td>\n<td>Lichtbeige bamboe platte deksel<\/td>\n<\/tr>\n<tr style=\"height: 13.50pt;\">\n<td style=\"height: 13.50pt;\" height=\"18\">Eigenschappen van borosilicaatmateriaal<\/td>\n<td>Hoge transparantie, uitstekende temperatuurbestendigheid<\/td>\n<\/tr>\n<tr style=\"height: 13.50pt;\">\n<td style=\"height: 13.50pt;\" height=\"18\">Ideaal voor<\/td>\n<td>Glazen potten met deksels en lepels, glazen potten met deksels<\/td>\n<\/tr>\n<\/tbody>\n<\/table>\n<h2>Succesverhaal: Snelle groei van distributeurs<\/h2>\n<p>Een van de regionale leveranciers van keukengerei en levensmiddelen bestelde aanvankelijk 4.000 glazen potten met deksel en lepels. De reactie van de markt was overweldigend. Ten eerste verlengde het hoogwaardige borosilicaatglas de houdbaarheid van de levensmiddelen met 43 procent; ten tweede verminderde de superieure luchtdichtheid de kans op breuk met 39 procent. Op basis van deze bevindingen bestelde de distributeur nog eens 320.000 potten met deksels.<\/p>\n<h2>Aanpassingssuggesties voor glazen potten met deksels<\/h2>\n<ul>\n<li>Lepelsteel met logo: Laat uw bedrijfslogo op de bamboe lepelsteel graveren met behulp van laseretsen.<\/li>\n<li>Bodem met structuur: De bodem van de pot is voorzien van een fijn rasterpatroon, waardoor de pot beter grip heeft op een glad aanrechtblad.<\/li>\n<li>Opties voor lepelgrootte: Er zijn verschillende lepelformaten verkrijgbaar als optionele accessoires (bijvoorbeeld mini-lepels van 300 ml).<\/li>\n<li>Vlekbestendige coating: Deze transparante, voedselveilige coating aan de binnenwand van de pot voorkomt dat kruiden of donkere voedingsmiddelen vlekken achterlaten.<\/li>\n<li>Mat etiketgebied: Dit is een rechthoekig, mat oppervlak waarop het product is ge\u00ebtiketteerd.<\/li>\n<\/ul>","protected":false},"excerpt":{"rendered":"<p dir=\"auto\">Bulk glass jar with lid and spoon offering glass jars with lid in transparent borosilicate, minimalist bamboo elements, gradient sizes. Bulk order discounts.<\/p>","protected":false},"featured_media":24596,"template":"","meta":[],"product_brand":[],"product_cat":[122,124,137],"product_tag":[],"class_list":{"0":"post-24588","1":"product","2":"type-product","3":"status-publish","4":"has-post-thumbnail","6":"product_cat-custom-glass-packaging","7":"product_cat-custom-glass-jars","8":"product_cat-glass-jars-with-lids","10":"first","11":"instock","12":"shipping-taxable","13":"product-type-simple"},"jetpack_sharing_enabled":true,"_links":{"self":[{"href":"https:\/\/yebodaglass.com\/nl\/wp-json\/wp\/v2\/product\/24588","targetHints":{"allow":["GET"]}}],"collection":[{"href":"https:\/\/yebodaglass.com\/nl\/wp-json\/wp\/v2\/product"}],"about":[{"href":"https:\/\/yebodaglass.com\/nl\/wp-json\/wp\/v2\/types\/product"}],"version-history":[{"count":4,"href":"https:\/\/yebodaglass.com\/nl\/wp-json\/wp\/v2\/product\/24588\/revisions"}],"predecessor-version":[{"id":24610,"href":"https:\/\/yebodaglass.com\/nl\/wp-json\/wp\/v2\/product\/24588\/revisions\/24610"}],"wp:featuredmedia":[{"embeddable":true,"href":"https:\/\/yebodaglass.com\/nl\/wp-json\/wp\/v2\/media\/24596"}],"wp:attachment":[{"href":"https:\/\/yebodaglass.com\/nl\/wp-json\/wp\/v2\/media?parent=24588"}],"wp:term":[{"taxonomy":"product_brand","embeddable":true,"href":"https:\/\/yebodaglass.com\/nl\/wp-json\/wp\/v2\/product_brand?post=24588"},{"taxonomy":"product_cat","embeddable":true,"href":"https:\/\/yebodaglass.com\/nl\/wp-json\/wp\/v2\/product_cat?post=24588"},{"taxonomy":"product_tag","embeddable":true,"href":"https:\/\/yebodaglass.com\/nl\/wp-json\/wp\/v2\/product_tag?post=24588"}],"curies":[{"name":"wp","href":"https:\/\/api.w.org\/{rel}","templated":true}]}}