{"id":24552,"date":"2025-12-23T15:56:39","date_gmt":"2025-12-23T07:56:39","guid":{"rendered":"https:\/\/yebodaglass.com\/?post_type=product&#038;p=24552"},"modified":"2025-12-24T09:18:02","modified_gmt":"2025-12-24T01:18:02","slug":"empty-unique-glass-jars-with-lids-wholesale","status":"publish","type":"product","link":"https:\/\/yebodaglass.com\/nl\/empty-unique-glass-jars-with-lids-wholesale\/","title":{"rendered":"Lege, unieke glazen potten van 350 ml tot 950 ml met deksels, groothandel."},"content":{"rendered":"<p data-start=\"66\" data-end=\"288\">Dit zijn bijzondere glazen potten met deksels die zelf ook weer deksels hebben: ze hebben een ongebruikelijke trapeziumvorm, smal aan de bovenkant, breder aan de onderkant en met scherpe hoeken. De inhoud is gemakkelijk te zien dankzij de lichte, natuurlijke bamboe deksels.<\/p>\n<h2>Producteigenschappen<\/h2>\n<ul>\n<li><strong>Veelzijdige trapeziumvorm:<\/strong> De trapeziumvorm, die bovenaan smaller en onderaan breder is en scherpe hoeken heeft, is niet alleen stabieler dan cilindrische potten, maar zorgt ook voor visuele diepte.<\/li>\n<li><strong>Transparante behuizing:<\/strong> De pot is volledig gemaakt van transparant glas, waardoor je de inhoud duidelijk kunt zien zonder het deksel te openen.<\/li>\n<li><strong>Bamboe deksel:<\/strong> Het bamboe deksel is een lichtgewicht deksel met een afdichtingslaag aan de binnenkant, een eenvoudig ontwerp en een uitstekende afsluiting.<\/li>\n<\/ul>\n<h2 style=\"text-align: left;\">Belangrijkste specificaties<\/h2>\n<table class=\"aligncenter\" style=\"border-collapse: collapse; width: 459.02pt;\" border=\"0\" width=\"612\" cellspacing=\"0\" cellpadding=\"0\">\n<tbody>\n<tr style=\"height: 13.50pt;\">\n<td style=\"height: 13.50pt; width: 100.50pt;\" width=\"134\" height=\"18\">Specificatie<\/td>\n<td style=\"width: 358.50pt;\" width=\"478\">Details<\/td>\n<\/tr>\n<tr style=\"height: 13.50pt;\">\n<td style=\"height: 13.50pt;\" height=\"18\">Capaciteit<\/td>\n<td>350 ml \/ 500 ml \/ 750 ml \/ 950 ml<\/td>\n<\/tr>\n<tr style=\"height: 13.50pt;\">\n<td style=\"height: 13.50pt;\" height=\"18\">Afmetingen<\/td>\n<td>10\u00d710,2 cm \/ 11,5\u00d712 cm \/ 12,5\u00d713,7 cm \/ 14\u00d715,2 cm<\/td>\n<\/tr>\n<tr style=\"height: 13.50pt;\">\n<td style=\"height: 13.50pt;\" height=\"18\">Materiaal<\/td>\n<td>Hoog borosilicaatglas<\/td>\n<\/tr>\n<tr style=\"height: 13.50pt;\">\n<td style=\"height: 13.50pt;\" height=\"18\">Potvorm<\/td>\n<td>Veelzijdige afgeknotte piramide (met verbredende basis)<\/td>\n<\/tr>\n<tr style=\"height: 13.50pt;\">\n<td style=\"height: 13.50pt;\" height=\"18\">Dekseltype<\/td>\n<td>Plat deksel van licht bamboe met randafdichting<\/td>\n<\/tr>\n<tr style=\"height: 13.50pt;\">\n<td style=\"height: 13.50pt;\" height=\"18\">Materiaaleigenschap<\/td>\n<td>Hitte- en chemicali\u00ebnbestendig, hoge helderheid<\/td>\n<\/tr>\n<tr style=\"height: 13.50pt;\">\n<td style=\"height: 13.50pt;\" height=\"18\">Ideaal voor<\/td>\n<td>Glazen potten met deksels groothandel, glazen potten met houten deksels<\/td>\n<\/tr>\n<\/tbody>\n<\/table>\n<h2>Succesverhaal<\/h2>\n<p>Een luxe theebedrijf was op zoek naar verpakkingen die zowel geschikt waren voor presentatie als voor het tentoonstellen van hun producten. Onze unieke glazen potten van 500 ml met deksel werden door hen gekozen voor hun nieuwe lijn met thee van \u00e9\u00e9n specifieke oorsprong. Dit ontwerp van borosilicaatglas is niet alleen duurzaam (met een breukpercentage van slechts 0,2% tijdens transport), maar het veelzijdige design zorgt ook voor een uitstekende presentatie van de kleur en textuur van de thee. Dit leidde tot een stijging van 70 procent in het aantal gedeelde producten op sociale media. Na dit enorme succes bestelde het bedrijf vervolgens nog eens 200.000 glazen potten voor wereldwijde promotie.<\/p>\n<h2>Aanpassingsmogelijkheden voor glazen potten en deksels in de groothandel<\/h2>\n<ul>\n<li>Promotionele bamboe potdeksels: u kunt nu overstappen op een bamboe potdeksel dat is gemaakt van \u00e9\u00e9n stuk bamboe met laserge\u00ebtste logo&#039;s.<\/li>\n<li>Frost, besluit om de afwisselende vlakken van de pot een matte afwerking te geven om opvallende licht- en schaduweffecten te cre\u00ebren.<\/li>\n<li>Geometrische zeefdrukpatronen \u2013 Patronen die de hoeken van de pot op \u00e9\u00e9n of twee oppervlakken herhalen.<\/li>\n<li>Glas-in-loodaccenten \u2013 Deze kunnen op bepaalde vlakken (bijvoorbeeld de voorkant) worden gebruikt met gekleurd glas om een \u200b\u200bcontrasterend effect te cre\u00ebren.<\/li>\n<\/ul>","protected":false},"excerpt":{"rendered":"<p dir=\"auto\">Ontdek onze groothandel in glazen potten en deksels, waaronder unieke glazen potten met deksels in een facetvormig trapeziumvormig ontwerp, gemaakt van hoogwaardig borosilicaatglas met bamboe deksels. Snelle verzending.<\/p>","protected":false},"featured_media":24554,"template":"","meta":[],"product_brand":[],"product_cat":[122,124,137],"product_tag":[],"class_list":{"0":"post-24552","1":"product","2":"type-product","3":"status-publish","4":"has-post-thumbnail","6":"product_cat-custom-glass-packaging","7":"product_cat-custom-glass-jars","8":"product_cat-glass-jars-with-lids","10":"first","11":"instock","12":"shipping-taxable","13":"product-type-simple"},"jetpack_sharing_enabled":true,"_links":{"self":[{"href":"https:\/\/yebodaglass.com\/nl\/wp-json\/wp\/v2\/product\/24552","targetHints":{"allow":["GET"]}}],"collection":[{"href":"https:\/\/yebodaglass.com\/nl\/wp-json\/wp\/v2\/product"}],"about":[{"href":"https:\/\/yebodaglass.com\/nl\/wp-json\/wp\/v2\/types\/product"}],"version-history":[{"count":3,"href":"https:\/\/yebodaglass.com\/nl\/wp-json\/wp\/v2\/product\/24552\/revisions"}],"predecessor-version":[{"id":24568,"href":"https:\/\/yebodaglass.com\/nl\/wp-json\/wp\/v2\/product\/24552\/revisions\/24568"}],"wp:featuredmedia":[{"embeddable":true,"href":"https:\/\/yebodaglass.com\/nl\/wp-json\/wp\/v2\/media\/24554"}],"wp:attachment":[{"href":"https:\/\/yebodaglass.com\/nl\/wp-json\/wp\/v2\/media?parent=24552"}],"wp:term":[{"taxonomy":"product_brand","embeddable":true,"href":"https:\/\/yebodaglass.com\/nl\/wp-json\/wp\/v2\/product_brand?post=24552"},{"taxonomy":"product_cat","embeddable":true,"href":"https:\/\/yebodaglass.com\/nl\/wp-json\/wp\/v2\/product_cat?post=24552"},{"taxonomy":"product_tag","embeddable":true,"href":"https:\/\/yebodaglass.com\/nl\/wp-json\/wp\/v2\/product_tag?post=24552"}],"curies":[{"name":"wp","href":"https:\/\/api.w.org\/{rel}","templated":true}]}}