{"id":24249,"date":"2025-12-03T10:18:31","date_gmt":"2025-12-03T02:18:31","guid":{"rendered":"https:\/\/yebodaglass.com\/?post_type=product&#038;p=24249"},"modified":"2026-03-12T16:37:09","modified_gmt":"2026-03-12T08:37:09","slug":"double-walled-glass-drinking-bottles-with-stainless-steel-lid","status":"publish","type":"product","link":"https:\/\/yebodaglass.com\/nl\/double-walled-glass-drinking-bottles-with-stainless-steel-lid\/","title":{"rendered":"Dubbelwandige glazen drinkflessen met roestvrijstalen deksel."},"content":{"rendered":"<p>Deze glazen drinkflessen hebben een slanke cilindrische vorm, gemaakt van duurzaam borosilicaatglas, gecombineerd met een moderne dubbelwandige constructie. De transparante glazen fles benadrukt de inhoud en zorgt voor warmtebehoud en voorkomt thermische schokken. De flessen hebben een roestvrijstalen schroefdop en een verwijderbaar filter van 304 roestvrij staal om theebladeren of vruchtvlees te filteren. De glazen waterfles heeft een brede opening, waardoor hij gemakkelijk te vullen en schoon te maken is. Het minimalistische ontwerp is geschikt voor op kantoor, in de sportschool en op reis. Deze milieuvriendelijke, herbruikbare glazen waterflessen helpen gebruikers gehydrateerd te blijven en een duurzame levensstijl te bevorderen.<\/p>\n<h2>Belangrijkste specificaties<\/h2>\n<table style=\"border-collapse: collapse; width: 80%; margin-left: auto; margin-right: auto;\" border=\"0\" width=\"873\" cellspacing=\"0\" cellpadding=\"0\">\n<tbody>\n<tr style=\"height: 13.50pt;\">\n<td style=\"height: 13.50pt; width: 117.75pt;\" width=\"157\" height=\"18\">Capaciteitsopties<\/td>\n<td style=\"width: 537.00pt;\" width=\"716\">350 ml \/ 500 ml \/ 700 ml<\/td>\n<\/tr>\n<tr style=\"height: 13.50pt;\">\n<td style=\"height: 13.50pt;\" height=\"18\">Materiaal<\/td>\n<td>Borosilicaatglas, roestvrijstalen deksel, filter van 304 roestvrij staal, siliconenafdichting<\/td>\n<\/tr>\n<tr style=\"height: 13.50pt;\">\n<td style=\"height: 13.50pt;\" height=\"18\">Structuur<\/td>\n<td>Cilindrische waterfles met dubbele wand<\/td>\n<\/tr>\n<tr style=\"height: 13.50pt;\">\n<td style=\"height: 13.50pt;\" height=\"18\">Dekseltype<\/td>\n<td>Roestvrijstalen deksel met schroefdraad, lekvrij<\/td>\n<\/tr>\n<tr style=\"height: 13.50pt;\">\n<td style=\"height: 13.50pt;\" height=\"18\">Filter<\/td>\n<td>Uitneembaar theefilter van roestvrij staal met handgreep.<\/td>\n<\/tr>\n<tr style=\"height: 13.50pt;\">\n<td style=\"height: 13.50pt;\" height=\"18\">Zegel<\/td>\n<td>Dikke siliconen afdichtingsring voor een druppelvrije werking.<\/td>\n<\/tr>\n<tr style=\"height: 13.50pt;\">\n<td style=\"height: 13.50pt;\" height=\"18\">Aangepaste opties<\/td>\n<td>Logoafdruk, kleurcoating, siliconen hoes, dekselontwerp, schaalverdeling, verpakking<\/td>\n<\/tr>\n<tr style=\"height: 13.50pt;\">\n<td style=\"height: 13.50pt;\" height=\"18\">Veiligheid<\/td>\n<td>Vaatwasmachinebestendig, vriesbestendig, bestand tegen thermische schokken<\/td>\n<\/tr>\n<tr style=\"height: 13.50pt;\">\n<td style=\"height: 13.50pt;\" height=\"18\">Gebruik<\/td>\n<td>Thee, vruchtensap, koffie, koude dranken, dagelijkse hydratatie<\/td>\n<\/tr>\n<\/tbody>\n<\/table>\n<h2>Belangrijkste productkenmerken<\/h2>\n<ol>\n<li><strong>Dubbelwandige temperatuurbescherming<\/strong>Het dubbelzijdige ontwerp van de fles helpt bij het isoleren van de drank, voorkomt condensatie en verhoogt het comfort voor de gebruiker.<\/li>\n<li><strong>Hoogwaardige constructie van borosilicaatglas<\/strong>Onze milieuvriendelijke waterflessen zijn gemaakt van sterk borosilicaatglas dat bestand is tegen hitte, kou en plotselinge temperatuurschommelingen, waardoor ze geschikt zijn voor warme thee of ijs.<\/li>\n<li><strong>Lekvrij en reisvriendelijk<\/strong>Een nauwkeurig roestvrijstalen deksel en een siliconenafdichting zorgen voor een lekvrije constructie, waardoor de fles gemakkelijk mee te nemen is voor woon-werkverkeer, reizen of als dagelijkse drinkfles.<\/li>\n<\/ol>\n<h2>Succesvolle B2B-case<\/h2>\n<p>Een Nederlands handelsbedrijf werkt met ons samen als hoofddistributeur van hoogwaardige glazen waterflessen, die zij als geschenkverpakkingen verkopen. Het bedrijf bestelde 8.000 flessen van 500 ml en 700 ml.<\/p>\n<p>Aanpassingen inbegrepen:<\/p>\n<ul>\n<li>Lasergesneden logo op het roestvrijstalen deksel.<\/li>\n<li>Glanzende coating op de glazen flessen.<\/li>\n<li>Verpakking met merklogo<\/li>\n<li>Een siliconen hoesje kan worden gebruikt om de grip te verbeteren.<\/li>\n<\/ul>\n<p>Deze glazen drinkflessen werden na de lancering ge\u00efntroduceerd als een van hun meest succesvolle producten onder liefhebbers van losse thee. Na \u00e9\u00e9n kwartaal constateerde het merk een groei van 35 procent in het aantal verkochte cadeausets en plaatste het een tweede grote groothandelbestelling van 12.000 flessen. Hun duurzaamheidsbewuste klanten waren zeer onder de indruk van de herbruikbare en milieuvriendelijke positionering.<\/p>\n<h2>Personalisatie-aanbevelingen voor B2B-software<\/h2>\n<ol>\n<li><strong>Bedrijfswelzijnsprogramma&#039;s<\/strong>: Toon logo&#039;s van het merk en meetmarkeringen om werknemers eraan te herinneren dagelijks water te drinken en hen aan te moedigen gedurende de dag water te drinken.<\/li>\n<li><strong>Detailhandel in outdoor-\/fitnessartikelen:<\/strong> Voeg een siliconen hoes en een draaglus toe aan deze versie om de grip en het opbergen te verbeteren, zodat deze beter geschikt is voor de sport-, wandel- en reismarkt.<\/li>\n<li><strong>Eco Lifestyle Merken<\/strong>Gekleurde coatings, minimalistische verpakking en boodschappen over duurzaamheid zullen de fles positioneren als een milieuvriendelijke waterfles en een herbruikbaar lifestyleproduct.<\/li>\n<\/ol>\n<p>Wij zijn een professionele fabrikant van glazen waterflessen en bieden daarom groothandelsoplossingen aan merken, distributeurs en retailers wereldwijd. Onze fabriek biedt flexibele minimale bestelhoeveelheden (MOQ), maatwerkontwerpen en een betrouwbare levering van milieuvriendelijke waterflessen voor de internationale markt.<\/p>","protected":false},"excerpt":{"rendered":"<p>Premium glass drinking bottles made from durable borosilicate glass. Eco friendly water bottle design with double wall insulation, leak-proof lid, ideal for wholesale.<\/p>","protected":false},"featured_media":24250,"template":"","meta":[],"product_brand":[],"product_cat":[136,123,122],"product_tag":[],"class_list":{"0":"post-24249","1":"product","2":"type-product","3":"status-publish","4":"has-post-thumbnail","6":"product_cat-glass-water-bottles","7":"product_cat-custom-glass-bottles","8":"product_cat-custom-glass-packaging","10":"first","11":"instock","12":"shipping-taxable","13":"product-type-simple"},"jetpack_sharing_enabled":true,"_links":{"self":[{"href":"https:\/\/yebodaglass.com\/nl\/wp-json\/wp\/v2\/product\/24249","targetHints":{"allow":["GET"]}}],"collection":[{"href":"https:\/\/yebodaglass.com\/nl\/wp-json\/wp\/v2\/product"}],"about":[{"href":"https:\/\/yebodaglass.com\/nl\/wp-json\/wp\/v2\/types\/product"}],"version-history":[{"count":5,"href":"https:\/\/yebodaglass.com\/nl\/wp-json\/wp\/v2\/product\/24249\/revisions"}],"predecessor-version":[{"id":25420,"href":"https:\/\/yebodaglass.com\/nl\/wp-json\/wp\/v2\/product\/24249\/revisions\/25420"}],"wp:featuredmedia":[{"embeddable":true,"href":"https:\/\/yebodaglass.com\/nl\/wp-json\/wp\/v2\/media\/24250"}],"wp:attachment":[{"href":"https:\/\/yebodaglass.com\/nl\/wp-json\/wp\/v2\/media?parent=24249"}],"wp:term":[{"taxonomy":"product_brand","embeddable":true,"href":"https:\/\/yebodaglass.com\/nl\/wp-json\/wp\/v2\/product_brand?post=24249"},{"taxonomy":"product_cat","embeddable":true,"href":"https:\/\/yebodaglass.com\/nl\/wp-json\/wp\/v2\/product_cat?post=24249"},{"taxonomy":"product_tag","embeddable":true,"href":"https:\/\/yebodaglass.com\/nl\/wp-json\/wp\/v2\/product_tag?post=24249"}],"curies":[{"name":"wp","href":"https:\/\/api.w.org\/{rel}","templated":true}]}}