{"id":24195,"date":"2025-12-01T09:53:22","date_gmt":"2025-12-01T01:53:22","guid":{"rendered":"https:\/\/yebodaglass.com\/?post_type=product&#038;p=24195"},"modified":"2025-12-01T11:13:59","modified_gmt":"2025-12-01T03:13:59","slug":"wholesale-cylindrical-small-airtight-jars-with-lids","status":"publish","type":"product","link":"https:\/\/yebodaglass.com\/nl\/wholesale-cylindrical-small-airtight-jars-with-lids\/","title":{"rendered":"Groothandel cilindrische kleine luchtdichte potten met deksels 45 ml 60 ml 100 ml 130 ml"},"content":{"rendered":"<p data-start=\"66\" data-end=\"288\">Deze kleine luchtdichte potjes zijn allemaal identiek en hebben een metalen kliksluiting. Ze zijn gemaakt van transparant, cilindrisch glas. Elk potje heeft ook een metalen kliksluiting. Ze zijn perfect voor kleine ruimtes en ideaal voor het bewaren van kleine keukenspullen of knutselmaterialen.<\/p>\n<h2>Producteigenschappen<\/h2>\n<ul>\n<li><strong>Materiaal dat helder en slank is:<\/strong> Deze potten zijn volledig gemaakt van glas, dat transparant van aard is en waardoor je de inhoud kunt zien zonder de pot te openen. Bovendien zijn de potten compact, waardoor ze perfect zijn voor kleine opbergruimtes.<\/li>\n<li><strong>Snap-Lock afdichtingsontwerp:<\/strong> De metalen kliksluiting op deze potten zorgt voor een perfecte afsluiting, zonder dat er ook maar een druppel vocht in komt en tegelijkertijd de versheid behouden blijft. Bovendien zijn ze zeer eenvoudig te openen en te sluiten.<\/li>\n<li><strong>Compact formaat en capaciteit:<\/strong> Deze kleine potjes zijn groot genoeg om kleine hoeveelheden producten in te bewaren, zoals het opnieuw verpakken van kruiden of kleine monsters kruidenthee. Hierdoor verspilt u minder doordat u grote potten moet openen.<\/li>\n<\/ul>\n<h2 style=\"text-align: left;\">Belangrijkste specificaties<\/h2>\n<table class=\"aligncenter\" style=\"border-collapse: collapse; width: 414.77pt;\" border=\"0\" width=\"553\" cellspacing=\"0\" cellpadding=\"0\">\n<tbody>\n<tr style=\"height: 13.50pt;\">\n<td style=\"height: 13.50pt; width: 99.75pt;\" width=\"133\" height=\"18\">Specificatie<\/td>\n<td style=\"width: 315.00pt;\" width=\"420\">Details<\/td>\n<\/tr>\n<tr style=\"height: 13.50pt;\">\n<td style=\"height: 13.50pt;\" height=\"18\">Capaciteit\u200b<\/td>\n<td>45 ml \/ 60 ml \/ 100 ml \/ 130 ml<\/td>\n<\/tr>\n<tr style=\"height: 13.50pt;\">\n<td style=\"height: 13.50pt;\" height=\"18\">Afmetingen\u200b<\/td>\n<td>4,5\u00d76,5 cm \/ 4,4\u00d78,5 cm \/ 4,4\u00d710,8 cm \/ 4,4\u00d713,2 cm<\/td>\n<\/tr>\n<tr style=\"height: 13.50pt;\">\n<td style=\"height: 13.50pt;\" height=\"18\">Materiaal<\/td>\n<td>Helder glas<\/td>\n<\/tr>\n<tr style=\"height: 13.50pt;\">\n<td style=\"height: 13.50pt;\" height=\"18\">Dekseltype<\/td>\n<td>Metalen klemdeksel met draadbeugel (zilver)<\/td>\n<\/tr>\n<tr style=\"height: 13.50pt;\">\n<td style=\"height: 13.50pt;\" height=\"18\">Ideaal voor<\/td>\n<td>Kleine luchtdichte potten, glazen voorraadpotten<\/td>\n<\/tr>\n<\/tbody>\n<\/table>\n<h2>Succesverhaal: Voorbeeldoplossing van Fine Tea Company<\/h2>\n<p>Een premium theebedrijf had behoefte aan prachtig ontworpen, kleine, luchtdichte potjes voor het bewaren van hun productmonsters en geschenksets. Ze gebruikten onze kleine glazen potjes van 60 ml met luchtdichte deksels om hun theesamples van hoge kwaliteit in te bewaren. Het slanke ontwerp maakte het mogelijk om stijlvolle sampleboxen te maken, waardoor er op een slimme manier 12 verschillende thee\u00ebn in \u00e9\u00e9n compacte verpakking pasten. De klanttevredenheid over de samples steeg met 40% en de conversie van samples naar aankopen in normale grootte steeg ook met 25%. Daarom plaatsten ze een bestelling voor 200.000 glazen potjes ter ondersteuning van een theeproeverij die door het hele land loopt.<\/p>\n<h2>Opties voor aanpassing van kleine luchtdichte potten<\/h2>\n<ul>\n<li>Deksels van gekleurd glas \u2013 Deksels van gekleurd glas voor items die gevoelig zijn voor licht<\/li>\n<li>Precisiezeefdruk \u2013 Zeer kleine micrologo\u2019s gedrukt met keramische inkt<\/li>\n<li>Capaciteitsroosters \u2013 Kleine graduatielijnen toegevoegd voor nauwkeurige dosering<\/li>\n<li>Gematteerde decoratieve strips \u2013 Prachtige matte strepen gemaakt door selectief etsen<\/li>\n<\/ul>\n<p>Ben je klaar om je kleine spullen op te ruimen? Neem vandaag nog contact met ons op voor groothandelsprijzen voor deze ruimtebesparende kleine glazen potjes met luchtdichte deksels.<\/p>","protected":false},"excerpt":{"rendered":"<p>Cilindrische, kleine, luchtdichte glazen potten met deksels, en kleine, luchtdichte potten voor kruiden, monsters en opslag. Superieure kwaliteit, snelle verzending voor groothandelskopers.<\/p>","protected":false},"featured_media":24199,"template":"","meta":[],"product_brand":[],"product_cat":[122,134,124],"product_tag":[],"class_list":{"0":"post-24195","1":"product","2":"type-product","3":"status-publish","4":"has-post-thumbnail","6":"product_cat-custom-glass-packaging","7":"product_cat-airtight-jars","8":"product_cat-custom-glass-jars","10":"first","11":"instock","12":"shipping-taxable","13":"product-type-simple"},"jetpack_sharing_enabled":true,"_links":{"self":[{"href":"https:\/\/yebodaglass.com\/nl\/wp-json\/wp\/v2\/product\/24195","targetHints":{"allow":["GET"]}}],"collection":[{"href":"https:\/\/yebodaglass.com\/nl\/wp-json\/wp\/v2\/product"}],"about":[{"href":"https:\/\/yebodaglass.com\/nl\/wp-json\/wp\/v2\/types\/product"}],"version-history":[{"count":4,"href":"https:\/\/yebodaglass.com\/nl\/wp-json\/wp\/v2\/product\/24195\/revisions"}],"predecessor-version":[{"id":24204,"href":"https:\/\/yebodaglass.com\/nl\/wp-json\/wp\/v2\/product\/24195\/revisions\/24204"}],"wp:featuredmedia":[{"embeddable":true,"href":"https:\/\/yebodaglass.com\/nl\/wp-json\/wp\/v2\/media\/24199"}],"wp:attachment":[{"href":"https:\/\/yebodaglass.com\/nl\/wp-json\/wp\/v2\/media?parent=24195"}],"wp:term":[{"taxonomy":"product_brand","embeddable":true,"href":"https:\/\/yebodaglass.com\/nl\/wp-json\/wp\/v2\/product_brand?post=24195"},{"taxonomy":"product_cat","embeddable":true,"href":"https:\/\/yebodaglass.com\/nl\/wp-json\/wp\/v2\/product_cat?post=24195"},{"taxonomy":"product_tag","embeddable":true,"href":"https:\/\/yebodaglass.com\/nl\/wp-json\/wp\/v2\/product_tag?post=24195"}],"curies":[{"name":"wp","href":"https:\/\/api.w.org\/{rel}","templated":true}]}}