{"id":23531,"date":"2025-11-10T14:29:06","date_gmt":"2025-11-10T06:29:06","guid":{"rendered":"https:\/\/yebodaglass.com\/?post_type=product&#038;p=23531"},"modified":"2026-04-09T17:59:19","modified_gmt":"2026-04-09T09:59:19","slug":"beverage-bottles-wholesale-glass-bottles-with-lids","status":"publish","type":"product","link":"https:\/\/yebodaglass.com\/nl\/beverage-bottles-wholesale-glass-bottles-with-lids\/","title":{"rendered":"Groothandel in drankflessen | Glazen flessen met deksels"},"content":{"rendered":"<p data-start=\"66\" data-end=\"288\">Deze serie glazen flessen met deksel heeft een platte, rechthoekige vorm, afgeronde schouders en een smalle hals. De flessen zijn gemaakt van hoogwaardig, helder glas, waardoor je de inhoud kunt zien. Elke fles heeft een schroefdeksel van aluminium met een plastic afdichting aan de binnenkant. Dit deksel zorgt ervoor dat de fles goed gesloten is en gemakkelijk te hanteren. Deze flessen zijn verkrijgbaar in formaten van 50 ml tot 500 ml. Ze zijn ideaal voor het verpakken van koffie, sap, melkthee en andere vloeistoffen. De flessen zijn compact en stevig, waardoor ze perfect zijn om in winkels te presenteren, mee te nemen of in bulk te verkopen.<\/p>\n<h2>Belangrijkste kenmerken<\/h2>\n<ul>\n<li><strong>De drankflessen lekken niet.<\/strong>De aluminium dop en de plastic afsluiting zorgen er samen voor dat de vloeistof binnen blijft, zodat u zich geen zorgen hoeft te maken over morsen tijdens het vervoer van de flessen.<\/li>\n<\/ul>\n<ul>\n<li><strong>Het glas is sterk en kan gerecycled worden.<\/strong>Een bedrijf dat gespecialiseerd is in de productie van glazen flessen heeft deze containers professioneel vervaardigd. Ze zijn stevig, kunnen meerdere keren worden gebruikt en zijn recyclebaar, wat goed is voor het milieu.<\/li>\n<\/ul>\n<ul>\n<li><strong>De platte vorm is goed voor branding.<\/strong>Het vlakke oppervlak van de flessen maakt het gemakkelijk om er etiketten op te plakken. Ze zien er geweldig uit in de schappen. Dit maakt ze perfect voor bedrijven die hun eigen glazen flessen willen cre\u00ebren en hun merk willen laten opvallen.<\/li>\n<\/ul>\n<h2 style=\"text-align: left;\">Belangrijkste specificaties<\/h2>\n<table style=\"border-collapse: collapse; margin-left: auto; margin-right: auto; width: 80%;\" border=\"0\" width=\"905\" cellspacing=\"0\" cellpadding=\"0\">\n<tbody>\n<tr style=\"height: 13.50pt;\">\n<td style=\"height: 13.50pt; width: 54.00pt;\" width=\"72\" height=\"18\">Capaciteit<\/td>\n<td style=\"width: 54.00pt;\" width=\"72\">Hoogte<\/td>\n<td style=\"width: 54.00pt;\" width=\"72\">Breedte<\/td>\n<td style=\"width: 129.75pt;\" width=\"173\">Sollicitatie<\/td>\n<td style=\"width: 98.25pt;\" width=\"131\">Materiaal<\/td>\n<td style=\"width: 121.50pt;\" width=\"162\">Dekseltype<\/td>\n<td style=\"width: 167.25pt;\" width=\"223\">Afdichten<\/td>\n<\/tr>\n<tr style=\"height: 13.50pt;\">\n<td style=\"height: 13.50pt;\" height=\"18\">50ml<\/td>\n<td>10,6 cm<\/td>\n<td>5,3 cm<\/td>\n<td>Koffie, proefmonsters<\/td>\n<td class=\"et2\" rowspan=\"6\">Loodvrij glas<\/td>\n<td class=\"et2\" rowspan=\"6\">Aluminium schroefdop + plastic binnendeksel<\/td>\n<td class=\"et2\" rowspan=\"6\">Hermetisch afgesloten, lekvrij<\/td>\n<\/tr>\n<tr style=\"height: 13.50pt;\">\n<td style=\"height: 13.50pt;\" height=\"18\">100 ml<\/td>\n<td>12,5 cm<\/td>\n<td>6,7 cm<\/td>\n<td>Sap, dranken<\/td>\n<\/tr>\n<tr style=\"height: 13.50pt;\">\n<td style=\"height: 13.50pt;\" height=\"18\">200 ml<\/td>\n<td>15 cm<\/td>\n<td>7,7 cm<\/td>\n<td>Melkthee, cold brew<\/td>\n<\/tr>\n<tr style=\"height: 13.50pt;\">\n<td style=\"height: 13.50pt;\" height=\"18\">250 ml<\/td>\n<td>16 cm<\/td>\n<td>8,3 cm<\/td>\n<td>Sap, drankjes<\/td>\n<\/tr>\n<tr style=\"height: 13.50pt;\">\n<td style=\"height: 13.50pt;\" height=\"18\">350 ml<\/td>\n<td>17 cm<\/td>\n<td>8,9 cm<\/td>\n<td>Koffie, dranken<\/td>\n<\/tr>\n<tr style=\"height: 13.50pt;\">\n<td style=\"height: 13.50pt;\" height=\"18\">500 ml<\/td>\n<td>20 cm<\/td>\n<td>10,1 cm<\/td>\n<td>Dranken in bulk<\/td>\n<\/tr>\n<\/tbody>\n<\/table>\n<h2>Casestudy<\/h2>\n<p>Een grote supermarkt in Polen gebruikt onze glazen flessen met deksels voor hun eigen merk koffie en sap. Daarvoor gebruikten ze flessen van een ander bedrijf. Die flessen sloten niet goed af, waardoor er tijdens het transport sap lekte. Dit leidde tot productverlies en klachten van klanten.<\/p>\n<p>Toen ze onze glazen flessen gingen gebruiken, kozen ze voor de formaten van 250 ml en 350 ml. Ze lieten er etiketten op maat op aanbrengen en een speciale coating om ze een luxere uitstraling te geven. De nieuwe deksels werkten beter en lekten vrijwel nooit. Het heldere glas zorgde er bovendien voor dat de producten er mooier uitzagen in de schappen.<\/p>\n<p>Na zes maanden zag de supermarkt de verkoop van dranken met 28% stijgen en waren de klanten veel tevredener. Nu kopen ze onze glazen flessen met deksels continu. Ze bestellen er minstens 100.000 per kwartaal. Ze hebben zelfs korting gekregen op de prijs omdat ze zoveel afnemen.<\/p>\n<h2>Aanpassingssuggesties voor B2B-kopers<\/h2>\n<ol>\n<li><strong>Voor koffiemerken<\/strong>Gebruik een amberkleurige coating of zeefdruk op glazen flessen om een \u200b\u200bhoogwaardige fles voor cold brew te cre\u00ebren, in combinatie met een luchtdichte schroefdop.<\/li>\n<li><strong>Voor sap- en drankenmerken<\/strong>Breng kleurrijke spuitcoating of etiketten aan om de verschillende smaken te onderscheiden, terwijl u de glazen verpakking voor al uw producten consistent houdt.<\/li>\n<li><strong>Voor detailhandel en private label-bedrijven<\/strong>Standaardiseer meerdere formaten (100 ml\u2013500 ml) als \u00e9\u00e9n uniform verpakkingssysteem om de opslag, logistiek en inkoopeffici\u00ebntie van glas in de groothandel te optimaliseren.<\/li>\n<\/ol>","protected":false},"excerpt":{"rendered":"<p>Hoogwaardige drankflessen en glazen flessen met deksels voor de groothandel, van 50 ml tot 500 ml. Duurzame, lekvrije glazen verpakkingen voor koffie, sap en bulklevering.<\/p>","protected":false},"featured_media":25706,"template":"","meta":[],"product_brand":[],"product_cat":[123,122],"product_tag":[],"class_list":{"0":"post-23531","1":"product","2":"type-product","3":"status-publish","4":"has-post-thumbnail","6":"product_cat-custom-glass-bottles","7":"product_cat-custom-glass-packaging","9":"first","10":"instock","11":"shipping-taxable","12":"product-type-simple"},"jetpack_sharing_enabled":true,"_links":{"self":[{"href":"https:\/\/yebodaglass.com\/nl\/wp-json\/wp\/v2\/product\/23531","targetHints":{"allow":["GET"]}}],"collection":[{"href":"https:\/\/yebodaglass.com\/nl\/wp-json\/wp\/v2\/product"}],"about":[{"href":"https:\/\/yebodaglass.com\/nl\/wp-json\/wp\/v2\/types\/product"}],"version-history":[{"count":5,"href":"https:\/\/yebodaglass.com\/nl\/wp-json\/wp\/v2\/product\/23531\/revisions"}],"predecessor-version":[{"id":25712,"href":"https:\/\/yebodaglass.com\/nl\/wp-json\/wp\/v2\/product\/23531\/revisions\/25712"}],"wp:featuredmedia":[{"embeddable":true,"href":"https:\/\/yebodaglass.com\/nl\/wp-json\/wp\/v2\/media\/25706"}],"wp:attachment":[{"href":"https:\/\/yebodaglass.com\/nl\/wp-json\/wp\/v2\/media?parent=23531"}],"wp:term":[{"taxonomy":"product_brand","embeddable":true,"href":"https:\/\/yebodaglass.com\/nl\/wp-json\/wp\/v2\/product_brand?post=23531"},{"taxonomy":"product_cat","embeddable":true,"href":"https:\/\/yebodaglass.com\/nl\/wp-json\/wp\/v2\/product_cat?post=23531"},{"taxonomy":"product_tag","embeddable":true,"href":"https:\/\/yebodaglass.com\/nl\/wp-json\/wp\/v2\/product_tag?post=23531"}],"curies":[{"name":"wp","href":"https:\/\/api.w.org\/{rel}","templated":true}]}}