{"id":23360,"date":"2025-11-07T13:39:54","date_gmt":"2025-11-07T05:39:54","guid":{"rendered":"https:\/\/yebodaglass.com\/?post_type=product&#038;p=23360"},"modified":"2026-03-16T15:54:12","modified_gmt":"2026-03-16T07:54:12","slug":"clear-glass-spice-shaker-jars-with-hourglass-bulk","status":"publish","type":"product","link":"https:\/\/yebodaglass.com\/nl\/product\/clear-glass-spice-shaker-jars-with-hourglass-bulk\/","title":{"rendered":"Kruidenstrooiers van 85 ml, doorzichtig glas, met zandlopervorm (in bulkverpakking)"},"content":{"rendered":"<p>Deze kruidenpotjes zijn heel uniek, met een zandlopervorm en een taps toelopend ontwerp waardoor ze makkelijk vast te pakken, te schudden en zelfs te kantelen zijn. Ze zijn voorzien van een handige gekleurde klapdeksel of een metalen deksel, zodat de inhoud altijd gemakkelijk toegankelijk is.<\/p>\n<h2>Producteigenschappen<\/h2>\n<ul>\n<li><strong>Ergonomisch zandloperontwerp:<\/strong> De taps toelopende zandlopervorm zorgt voor een comfortabele en stabiele grip, waardoor de zandloper gemakkelijk geschud kan worden en het schenken eenvoudig te controleren is.<\/li>\n<li><strong>Glas met hoge zichtbaarheid:<\/strong> Door het transparante glas zijn de inhoud, de kleur en de hoeveelheid in de glazen fles in \u00e9\u00e9n oogopslag te zien.<\/li>\n<li><strong>Diverse petopties:<\/strong> Kies voor felgekleurde, gemakkelijk te openen plastic doppen die eenvoudig toegankelijk zijn, of voor metalen schroefdoppen die een luchtdichte opslag garanderen.<\/li>\n<\/ul>\n<h2>Belangrijkste specificaties<\/h2>\n<table style=\"border-collapse: collapse; width: 80%; margin-left: auto; margin-right: auto;\" border=\"0\" width=\"144\" cellspacing=\"0\" cellpadding=\"0\">\n<tbody>\n<tr style=\"height: 13.50pt;\">\n<td style=\"height: 13.5pt; width: 54pt; text-align: center;\" width=\"72\" height=\"18\">Functie<\/td>\n<td style=\"width: 54pt; text-align: center;\" width=\"72\">Specificatie<\/td>\n<\/tr>\n<tr style=\"height: 13.50pt;\">\n<td style=\"height: 13.5pt; text-align: center;\" height=\"18\">Capaciteit<\/td>\n<td style=\"text-align: center;\">85 ml<\/td>\n<\/tr>\n<tr style=\"height: 13.50pt;\">\n<td style=\"height: 13.5pt; text-align: center;\" height=\"18\">Maat<\/td>\n<td style=\"text-align: center;\">5 * 10 cm<\/td>\n<\/tr>\n<tr style=\"height: 13.50pt;\">\n<td style=\"height: 13.5pt; text-align: center;\" height=\"18\">Kleur<\/td>\n<td style=\"text-align: center;\">Duidelijk, Aangepast<\/td>\n<\/tr>\n<tr style=\"height: 13.50pt;\">\n<td style=\"height: 13.5pt; text-align: center;\" height=\"18\">Deksels<\/td>\n<td style=\"text-align: center;\">Vlinderschroefdop<\/td>\n<\/tr>\n<tr style=\"height: 13.50pt;\">\n<td style=\"height: 13.5pt; text-align: center;\" height=\"18\">Gebruik<\/td>\n<td style=\"text-align: center;\">Gedroogde kruiden, specerijen, peper, rubs en meer.<\/td>\n<\/tr>\n<\/tbody>\n<\/table>\n<h2>Succesverhaal: Een bestelling op maat voor een Europees maaltijdbezorgbedrijf<\/h2>\n<p>Onze kruidenpot werd gekozen door een grote Europese maaltijdbezorgdienst die de maatstreepjes op de fles personaliseerde. De transparante fles en de maatstreepjes verbeterden de nauwkeurigheid van de recepten die klanten volgden. Volgens de feedback van klanten waren zij erg te spreken over de mooie glazen fles en de maatstreepjes, die zorgden voor een hoger slagingspercentage van de recepten (15%). De veilige klapdeksel verminderde het aantal klachten over gemorste kruiden met 25 procent. Op basis van deze uitstekende eigenschappen bestelde het bedrijf nog eens 500.000 potten om aan de groeiende vraag op de Noord-Amerikaanse markt te voldoen.<\/p>\n<h2>Aanbevelingen voor het personaliseren van kruidenstrooiers<\/h2>\n<ul>\n<li>Aangepaste maataanduidingen: Voeg permanent bedrukte of gerolde maataanduidingen (theelepel, eetlepel, gram) toe aan de zijkant van de pot, zodat ze nauwkeurig kunnen worden gebruikt bij recepten.<\/li>\n<li>Doseerdeksel met dubbele opening: Verwarm \u00e9\u00e9n deksel met twee openingen, \u00e9\u00e9n strooideksel met kleine openingen (meerdere kleine openingen); de andere met zaden of specerijenvlokken.<\/li>\n<li>Vierkant of rechthoekig ontwerp: Ontwerp ruimtebesparende vierkante of rechthoekige kruidenpotjes om de beschikbare ruimte in lades en planken optimaal te benutten.<\/li>\n<\/ul>","protected":false},"excerpt":{"rendered":"<p>Doorzichtige kruidenpotjes met een ergonomische taille voor een gemakkelijke grip. Ideaal voor het bewaren van kruiden en specerijen in de keuken. Direct leverbaar.<\/p>","protected":false},"featured_media":23362,"template":"","meta":[],"product_brand":[],"product_cat":[122,124,128],"product_tag":[],"class_list":{"0":"post-23360","1":"product","2":"type-product","3":"status-publish","4":"has-post-thumbnail","6":"product_cat-custom-glass-packaging","7":"product_cat-custom-glass-jars","8":"product_cat-spice-jars","10":"first","11":"instock","12":"shipping-taxable","13":"product-type-simple"},"jetpack_sharing_enabled":true,"_links":{"self":[{"href":"https:\/\/yebodaglass.com\/nl\/wp-json\/wp\/v2\/product\/23360","targetHints":{"allow":["GET"]}}],"collection":[{"href":"https:\/\/yebodaglass.com\/nl\/wp-json\/wp\/v2\/product"}],"about":[{"href":"https:\/\/yebodaglass.com\/nl\/wp-json\/wp\/v2\/types\/product"}],"version-history":[{"count":5,"href":"https:\/\/yebodaglass.com\/nl\/wp-json\/wp\/v2\/product\/23360\/revisions"}],"predecessor-version":[{"id":25459,"href":"https:\/\/yebodaglass.com\/nl\/wp-json\/wp\/v2\/product\/23360\/revisions\/25459"}],"wp:featuredmedia":[{"embeddable":true,"href":"https:\/\/yebodaglass.com\/nl\/wp-json\/wp\/v2\/media\/23362"}],"wp:attachment":[{"href":"https:\/\/yebodaglass.com\/nl\/wp-json\/wp\/v2\/media?parent=23360"}],"wp:term":[{"taxonomy":"product_brand","embeddable":true,"href":"https:\/\/yebodaglass.com\/nl\/wp-json\/wp\/v2\/product_brand?post=23360"},{"taxonomy":"product_cat","embeddable":true,"href":"https:\/\/yebodaglass.com\/nl\/wp-json\/wp\/v2\/product_cat?post=23360"},{"taxonomy":"product_tag","embeddable":true,"href":"https:\/\/yebodaglass.com\/nl\/wp-json\/wp\/v2\/product_tag?post=23360"}],"curies":[{"name":"wp","href":"https:\/\/api.w.org\/{rel}","templated":true}]}}