{"id":23171,"date":"2025-11-04T13:56:22","date_gmt":"2025-11-04T05:56:22","guid":{"rendered":"https:\/\/yebodaglass.com\/?post_type=product&#038;p=23171"},"modified":"2026-04-13T14:04:07","modified_gmt":"2026-04-13T06:04:07","slug":"wholesale-empty-glass-bbq-sauce-bottles-packaging-supplier","status":"publish","type":"product","link":"https:\/\/yebodaglass.com\/nl\/wholesale-empty-glass-bbq-sauce-bottles-packaging-supplier\/","title":{"rendered":"Groothandel lege glazen BBQ-sausflessen 250ml 410ml 485ml"},"content":{"rendered":"<p>Deze flessen barbecuesaus hebben een modern design met een kegelvormige dop van helder, voedselveilig glas en een dop in verschillende kleuren. Ze liggen comfortabel in de hand, waardoor morsen wordt voorkomen en vloeistoffen gemakkelijk kunnen worden ingeschonken.<\/p>\n<h2>Producteigenschappen<\/h2>\n<ul>\n<li><strong>Conisch stroomlijnontwerp:<\/strong> De kegelvorm, met een smallere bovenkant en een bredere onderkant, zorgt ervoor dat gebruikers vloeistoffen soepel kunnen inschenken, waardoor sausverspilling wordt verminderd en de operationele effici\u00ebntie wordt verhoogd.<\/li>\n<li><strong>Zeer transparant glas van voedselkwaliteit:<\/strong> De flessen zijn gemaakt van loodvrij, voedselveilig glas dat zeer transparant is en de kleur van de saus goed laat zien, terwijl het product veilig en geurloos blijft. Het product is gemakkelijk schoon te maken en kan meerdere keren hergebruikt worden.<\/li>\n<li><strong>Verkrijgbaar in meerdere kleuren:<\/strong> De doppen, verkrijgbaar in rood, geel, goud en andere kleuren, zijn voorzien van schroefsluitingen om de versheid van de saus te behouden.<\/li>\n<\/ul>\n<h2 style=\"text-align: left;\">Belangrijkste specificaties<\/h2>\n<table class=\"aligncenter\" style=\"border-collapse: collapse; width: 506.27pt;\" border=\"0\" width=\"675\" cellspacing=\"0\" cellpadding=\"0\">\n<tbody>\n<tr style=\"height: 13.50pt;\">\n<td style=\"height: 13.50pt; width: 109.50pt;\" width=\"146\" height=\"18\">Functie<\/td>\n<td style=\"width: 396.75pt;\" width=\"529\">Specificatie<\/td>\n<\/tr>\n<tr style=\"height: 13.50pt;\">\n<td style=\"height: 13.50pt;\" height=\"18\">Capaciteiten<\/td>\n<td>250 ml, 410 ml, 485 ml<\/td>\n<\/tr>\n<tr style=\"height: 13.50pt;\">\n<td style=\"height: 13.50pt;\" height=\"18\">Afmetingen (D\u00d7H)<\/td>\n<td>5,6\u00d721,5 cm, 6,4\u00d724,4 cm, 6,6\u00d726 cm<\/td>\n<\/tr>\n<tr style=\"height: 13.50pt;\">\n<td style=\"height: 13.50pt;\" height=\"18\">Vorm<\/td>\n<td>Conisch cilindrisch<\/td>\n<\/tr>\n<tr style=\"height: 13.50pt;\">\n<td style=\"height: 13.50pt;\" height=\"18\">Materiaal<\/td>\n<td>Helder glazen bier, voedselveilig, dikwandig<\/td>\n<\/tr>\n<tr style=\"height: 13.50pt;\">\n<td style=\"height: 13.50pt;\" height=\"18\">Sluiting<\/td>\n<td>Rode, gele of gouden schroefdop<\/td>\n<\/tr>\n<tr style=\"height: 13.50pt;\">\n<td style=\"height: 13.50pt;\" height=\"18\">Het beste voor<\/td>\n<td>Hete saus, barbecuesaus, azijn, dressing, olie<\/td>\n<\/tr>\n<tr style=\"height: 13.50pt;\">\n<td style=\"height: 13.50pt;\" height=\"18\">Ideaal gebruik<\/td>\n<td>Flessen voor hete saus, flessen voor barbecuesaus, glazen flessen voor kruiden<\/td>\n<\/tr>\n<\/tbody>\n<\/table>\n<h2>Succesverhaal: Een kernproductlijn voor een merk van zuidelijke barbecuesauzen<\/h2>\n<p>Een barbecuesausmerk uit het zuiden van de Verenigde Staten koos voor onze glazen sausflessen van 355 ml en vroeg om aanpassingen met lekvrije schenktuiten en zeefdruk voor de pittigheidsgraad. De aangepaste glazen sausflessen leverden grote resultaten op: de lekvrije schenktuiten verminderden het aantal klachten over morsen met 25% en het opvallende flesontwerp fungeerde als een merktroef, waardoor de merkbekendheid met 35% toenam. Het merk boekte groot succes en plaatste vervolgens een extra bestelling van 750.000 flessen voor de lancering van een nieuwe lijn droge ingredi\u00ebnten en sauzen.<\/p>\n<h2>Aangepaste opties voor glazen sausfles<\/h2>\n<ul>\n<li><strong>Gematteerde decoratieve strepen:<\/strong> Cre\u00eber een verfijnde en stijlvolle uitstraling door middel van zuur-etsen. Hiermee kunt u horizontale of verticale matte strepen op uw heldere glas aanbrengen.<\/li>\n<li><strong>Glas-in-lood flessenhals:<\/strong> Tijdens de productie wordt een gekleurde glazen ring om de hals gespecificeerd voor een luxueus, uniek visueel effect en om etikettering te vermijden.<\/li>\n<li><strong>Eendelige anti-druppelsproeier:<\/strong> Een precisiestuk van kunststof dat zo is gemaakt dat het nauw aansluit op de flesopening. Zo wordt ervoor gezorgd dat het schenken iedere keer schoon en zonder druppels gebeurt.<\/li>\n<\/ul>","protected":false},"excerpt":{"rendered":"<p>Duurzame glazen sausflessen met taps toelopend ontwerp en deksels. Perfecte BBQ-sausflessen voor het promoten van uw hete saus. Mogelijkheid tot personalisatie van uw logo en snelle levering.<\/p>","protected":false},"featured_media":23174,"template":"","meta":[],"product_brand":[],"product_cat":[129,123,122],"product_tag":[],"class_list":{"0":"post-23171","1":"product","2":"type-product","3":"status-publish","4":"has-post-thumbnail","6":"product_cat-hot-sauce-bottles","7":"product_cat-custom-glass-bottles","8":"product_cat-custom-glass-packaging","10":"first","11":"instock","12":"shipping-taxable","13":"product-type-simple"},"jetpack_sharing_enabled":true,"_links":{"self":[{"href":"https:\/\/yebodaglass.com\/nl\/wp-json\/wp\/v2\/product\/23171","targetHints":{"allow":["GET"]}}],"collection":[{"href":"https:\/\/yebodaglass.com\/nl\/wp-json\/wp\/v2\/product"}],"about":[{"href":"https:\/\/yebodaglass.com\/nl\/wp-json\/wp\/v2\/types\/product"}],"version-history":[{"count":5,"href":"https:\/\/yebodaglass.com\/nl\/wp-json\/wp\/v2\/product\/23171\/revisions"}],"predecessor-version":[{"id":25761,"href":"https:\/\/yebodaglass.com\/nl\/wp-json\/wp\/v2\/product\/23171\/revisions\/25761"}],"wp:featuredmedia":[{"embeddable":true,"href":"https:\/\/yebodaglass.com\/nl\/wp-json\/wp\/v2\/media\/23174"}],"wp:attachment":[{"href":"https:\/\/yebodaglass.com\/nl\/wp-json\/wp\/v2\/media?parent=23171"}],"wp:term":[{"taxonomy":"product_brand","embeddable":true,"href":"https:\/\/yebodaglass.com\/nl\/wp-json\/wp\/v2\/product_brand?post=23171"},{"taxonomy":"product_cat","embeddable":true,"href":"https:\/\/yebodaglass.com\/nl\/wp-json\/wp\/v2\/product_cat?post=23171"},{"taxonomy":"product_tag","embeddable":true,"href":"https:\/\/yebodaglass.com\/nl\/wp-json\/wp\/v2\/product_tag?post=23171"}],"curies":[{"name":"wp","href":"https:\/\/api.w.org\/{rel}","templated":true}]}}