{"id":23155,"date":"2025-11-04T10:53:15","date_gmt":"2025-11-04T02:53:15","guid":{"rendered":"https:\/\/yebodaglass.com\/?post_type=product&#038;p=23155"},"modified":"2026-03-25T11:24:10","modified_gmt":"2026-03-25T03:24:10","slug":"custom-clear-glass-hot-sauce-bottles-bulk","status":"publish","type":"product","link":"https:\/\/yebodaglass.com\/nl\/custom-clear-glass-hot-sauce-bottles-bulk\/","title":{"rendered":"250ml 350ml 500ml Aangepaste heldere glazen flessen voor hete saus in bulk"},"content":{"rendered":"<p>Deze sausflessen hebben een strakke, afgeronde cilindrische vorm en een slanke hals. De flessen zijn gemaakt van kristalhelder glas, hebben een opnieuw getapte hals en een schroefdop in zwart, rood of goud.<\/p>\n<h2>Producteigenschappen<\/h2>\n<ul>\n<li><strong>Cilindrisch glas met hoge transparantie:<\/strong> Het transparante cilindrische glas is volkomen helder en laat de kleur, textuur en kwaliteit van het product direct zien, waardoor de visuele aantrekkelijkheid ervan toeneemt.<\/li>\n<li><strong>Verkrijgbaar in verschillende kleuren schroefdoppen:<\/strong> Schroefdoppen zijn verkrijgbaar in verschillende kleuren, zoals zwart, rood en goud, om te voldoen aan de eisen van flexibele verpakkingen op maat.<\/li>\n<li><strong>Afgedicht en lekvrij ontwerp:<\/strong> De schroefdop sluit stevig aan op de hals van de fles, waardoor de fles goed afsluit en de houdbaarheid van het product wordt verlengd.<\/li>\n<\/ul>\n<h2 style=\"text-align: left;\">Belangrijkste specificaties<\/h2>\n<table class=\"aligncenter\" style=\"border-collapse: collapse; width: 388.52pt;\" border=\"0\" width=\"518\" cellspacing=\"0\" cellpadding=\"0\">\n<tbody>\n<tr style=\"height: 13.50pt;\">\n<td style=\"height: 13.50pt; width: 109.50pt;\" width=\"146\" height=\"18\">Functie<\/td>\n<td style=\"width: 279.00pt;\" width=\"372\">Specificatie<\/td>\n<\/tr>\n<tr style=\"height: 13.50pt;\">\n<td style=\"height: 13.50pt;\" height=\"18\">Capaciteiten<\/td>\n<td>250 ml (8 oz), 350 ml (12 oz), 500 ml (17 oz)<\/td>\n<\/tr>\n<tr style=\"height: 13.50pt;\">\n<td style=\"height: 13.50pt;\" height=\"18\">Afmetingen (D\u00d7H)<\/td>\n<td>5,6 \u00d7 18,8 cm, 6,3 \u00d7 17,1 cm, 7,1 \u00d7 19,1 cm<\/td>\n<\/tr>\n<tr style=\"height: 13.50pt;\">\n<td style=\"height: 13.50pt;\" height=\"18\">Materiaal<\/td>\n<td>Heldere glazen stout, geschikt voor levensmiddelen<\/td>\n<\/tr>\n<tr style=\"height: 13.50pt;\">\n<td style=\"height: 13.50pt;\" height=\"18\">Sluiting<\/td>\n<td>Zwarte, rode of gouden schroefdop<\/td>\n<\/tr>\n<tr style=\"height: 13.50pt;\">\n<td style=\"height: 13.50pt;\" height=\"18\">Het beste voor<\/td>\n<td>Hete saus, barbecuesaus, dressing, condiment<\/td>\n<\/tr>\n<tr style=\"height: 13.50pt;\">\n<td style=\"height: 13.50pt;\" height=\"18\">Ideaal gebruik<\/td>\n<td>Sausfles, hete sausflessen in bulk<\/td>\n<\/tr>\n<\/tbody>\n<\/table>\n<h2>Succesverhaal<\/h2>\n<p>Een bedrijf uit Ohio dat handgemaakte sauzen en specerijen produceert, koos ervoor om onze flessen te vullen met saus en deze te laten bedrukken met een speciaal gezeefdrukt, mat etiketvlak en een hittebestendige siliconen dop. De gepersonaliseerde flessen zijn een groot succes: het transparante glas laat hun handgemaakte sauzen perfect zien en volgens hen heeft het hun impulsieve aankopen op boerenmarkten met 30 procent verhoogd. De speciaal ontworpen dopvoering zorgt ervoor dat de flessen perfect gesloten blijven, voorkomt lekken en vermindert klachten van klanten met 25 procent. Het merk was zo succesvol dat het nog eens 200.000 flessen van zijn nieuwe lijn kooksauzen en dips heeft besteld.<\/p>\n<h2>Flessen hete saus, individueel aanpasbaar<\/h2>\n<ul>\n<li>Speciaal ontworpen schenktuit: Dit model heeft een schroefdop met een ingebouwde anti-druppel schenktuit van kunststof of roestvrij staal, waarmee de saus gemakkelijk en nauwkeurig kan worden uitgeschonken.<\/li>\n<li>UV-bestendig gekleurd glas: Dit wordt in dezelfde cilinder gemaakt als amberkleurig of groen glas om lichtgevoelige ingredi\u00ebnten af \u200b\u200bte dekken.<\/li>\n<li>Kleur van de dop: U kunt de kleur van de dop vinden in elke Pantone-kleurenkaart, zodat deze perfect aansluit bij uw merkidentiteit.<\/li>\n<\/ul>","protected":false},"excerpt":{"rendered":"<p>Heldere glazen flessen voor hete saus met kleurrijke metalen deksels. Uitstekende afsluiting, perfect voor het cre\u00ebren van uw eigen sausmerk. Bestel glazen flessen in bulk en ontvang ze snel!<\/p>","protected":false},"featured_media":23165,"template":"","meta":[],"product_brand":[],"product_cat":[129,123,122],"product_tag":[],"class_list":{"0":"post-23155","1":"product","2":"type-product","3":"status-publish","4":"has-post-thumbnail","6":"product_cat-hot-sauce-bottles","7":"product_cat-custom-glass-bottles","8":"product_cat-custom-glass-packaging","10":"first","11":"instock","12":"shipping-taxable","13":"product-type-simple"},"jetpack_sharing_enabled":true,"_links":{"self":[{"href":"https:\/\/yebodaglass.com\/nl\/wp-json\/wp\/v2\/product\/23155","targetHints":{"allow":["GET"]}}],"collection":[{"href":"https:\/\/yebodaglass.com\/nl\/wp-json\/wp\/v2\/product"}],"about":[{"href":"https:\/\/yebodaglass.com\/nl\/wp-json\/wp\/v2\/types\/product"}],"version-history":[{"count":5,"href":"https:\/\/yebodaglass.com\/nl\/wp-json\/wp\/v2\/product\/23155\/revisions"}],"predecessor-version":[{"id":25596,"href":"https:\/\/yebodaglass.com\/nl\/wp-json\/wp\/v2\/product\/23155\/revisions\/25596"}],"wp:featuredmedia":[{"embeddable":true,"href":"https:\/\/yebodaglass.com\/nl\/wp-json\/wp\/v2\/media\/23165"}],"wp:attachment":[{"href":"https:\/\/yebodaglass.com\/nl\/wp-json\/wp\/v2\/media?parent=23155"}],"wp:term":[{"taxonomy":"product_brand","embeddable":true,"href":"https:\/\/yebodaglass.com\/nl\/wp-json\/wp\/v2\/product_brand?post=23155"},{"taxonomy":"product_cat","embeddable":true,"href":"https:\/\/yebodaglass.com\/nl\/wp-json\/wp\/v2\/product_cat?post=23155"},{"taxonomy":"product_tag","embeddable":true,"href":"https:\/\/yebodaglass.com\/nl\/wp-json\/wp\/v2\/product_tag?post=23155"}],"curies":[{"name":"wp","href":"https:\/\/api.w.org\/{rel}","templated":true}]}}