{"id":23046,"date":"2025-10-31T17:23:17","date_gmt":"2025-10-31T09:23:17","guid":{"rendered":"https:\/\/yebodaglass.com\/?post_type=product&#038;p=23046"},"modified":"2026-04-10T15:35:27","modified_gmt":"2026-04-10T07:35:27","slug":"wholesale-honey-hexagon-jars-with-honeycomb-design","status":"publish","type":"product","link":"https:\/\/yebodaglass.com\/nl\/wholesale-honey-hexagon-jars-with-honeycomb-design\/","title":{"rendered":"Groothandel Honing Hexagon Potten met Honingraat Ontwerp 500ml 1000ml"},"content":{"rendered":"<p>Deze zeshoekige honingpot heeft een elegante zeshoekige structuur die door de glazen pot heen schijnt en aan beide zijden een reli\u00ebf van een honingraatmotief toont. De gouden schroefdop voegt een vleugje natuurlijke schoonheid en luxe toe.<\/p>\n<h2>Producteigenschappen<\/h2>\n<ul>\n<li><strong>Ontwerp met honingraatpatroon:<\/strong> Het honingraatpatroon op de pot verbetert de grip en de merkherkenning en bootst de natuurlijke eigenschappen van honing na.<\/li>\n<li><strong>Transparant glasmateriaal:<\/strong> De honing wordt tentoongesteld in helder, voedselveilig glas dat transparant is en daardoor gemakkelijk schoon te maken en opnieuw te gebruiken is.<\/li>\n<li><strong>Hoogwaardige afsluitdop:<\/strong> De gouden metalen schroefdop zorgt voor een luchtdichte afsluiting, waardoor de houdbaarheid van honing met 30 procent wordt verlengd en de geschenkverpakking er aantrekkelijker uitziet.<\/li>\n<\/ul>\n<h2 style=\"text-align: left;\">Belangrijkste specificaties<\/h2>\n<table class=\"aligncenter\" style=\"border-collapse: collapse; width: 415.52pt;\" border=\"0\" width=\"554\" cellspacing=\"0\" cellpadding=\"0\">\n<tbody>\n<tr style=\"height: 13.50pt;\">\n<td style=\"height: 13.50pt; width: 95.25pt;\" width=\"127\" height=\"18\">Functie<\/td>\n<td style=\"width: 320.25pt;\" width=\"427\">Specificatie<\/td>\n<\/tr>\n<tr style=\"height: 13.50pt;\">\n<td style=\"height: 13.50pt;\" height=\"18\">Capaciteit<\/td>\n<td>500 ml, 1000 ml<\/td>\n<\/tr>\n<tr style=\"height: 13.50pt;\">\n<td style=\"height: 13.50pt;\" height=\"18\">Vorm<\/td>\n<td>Zeshoek met volledige honingraatreli\u00ebf<\/td>\n<\/tr>\n<tr style=\"height: 13.50pt;\">\n<td style=\"height: 13.50pt;\" height=\"18\">Afmetingen<\/td>\n<td>7,5\u00d78\u00d711,9 cm, 9,2\u00d79,7\u00d714,5 cm<\/td>\n<\/tr>\n<tr style=\"height: 13.50pt;\">\n<td style=\"height: 13.50pt;\" height=\"18\">Materiaal<\/td>\n<td>Helder glas, schroefdeksel<\/td>\n<\/tr>\n<tr style=\"height: 13.50pt;\">\n<td style=\"height: 13.50pt;\" height=\"18\">Dekselopties<\/td>\n<td>Goud, zilver, zwart, geel<\/td>\n<\/tr>\n<tr style=\"height: 13.50pt;\">\n<td style=\"height: 13.50pt;\" height=\"18\">Het beste voor<\/td>\n<td>eco-winkels, imkerco\u00f6peraties, boetiekmerken<\/td>\n<\/tr>\n<tr style=\"height: 13.50pt;\">\n<td style=\"height: 13.50pt;\" height=\"18\">Ideaal gebruik<\/td>\n<td>Honingpot met honingraat, ambachtelijke bedrijfstakken<\/td>\n<\/tr>\n<\/tbody>\n<\/table>\n<h2>Succesverhaal<\/h2>\n<p>Een van onze Europese ambachtelijke honingmerken plaatste een bestelling voor onze honingpotten met honingraatmotief. De amberkleurige glazen pot werd gepersonaliseerd en het honingraatpatroon werd met een laser gegraveerd. De stijlvolle uitstraling van deze honingpotten zorgde voor een omzetstijging van 40 procent tijdens de feestdagen. Het amberkleurige glas versterkt de rijkere smaak van de honing, wat leidde tot een verbetering van 15 procent in de waargenomen kwaliteit en waarde volgens klantonderzoeken. Het merk was zo tevreden met de resultaten dat het een nieuwe bestelling plaatste van 280.000 honingpotten met honingraatmotief om het wereldwijde aanbod in de detailhandel en geschenkverpakkingen uit te breiden.<\/p>\n<h2>Aanbevelingen voor het aanpassen van honingzeshoekpotten<\/h2>\n<ul>\n<li>Kleur deksel naar wens: Kies goud, zilver, zwart of een matte afwerking die perfect bij uw merk past.<\/li>\n<li>Instelbaar volume: Het volume kan worden aangepast van 100 ml tot 1000 ml, afhankelijk van de behoefte aan eenpersoonsporties, gezinsverpakkingen of grootverpakkingen.<\/li>\n<li>Vormoptimalisatie: Verander de kromming van het bolvormige deel van de fles of stel de diepte van de honingraatstructuur in om een \u200b\u200bproduct te cre\u00ebren dat zich in het schap onderscheidt.<\/li>\n<\/ul>","protected":false},"excerpt":{"rendered":"<p>Zeshoekige honingpot van helder glas met honingraatstructuur. Ideale honingpot met honingraatdesign voor het bewaren van honing, als brandingpot of als cadeau. Snelle verzending.<\/p>","protected":false},"featured_media":23072,"template":"","meta":[],"product_brand":[],"product_cat":[127,124,122],"product_tag":[],"class_list":{"0":"post-23046","1":"product","2":"type-product","3":"status-publish","4":"has-post-thumbnail","6":"product_cat-glass-honey-jars","7":"product_cat-custom-glass-jars","8":"product_cat-custom-glass-packaging","10":"first","11":"instock","12":"shipping-taxable","13":"product-type-simple"},"jetpack_sharing_enabled":true,"_links":{"self":[{"href":"https:\/\/yebodaglass.com\/nl\/wp-json\/wp\/v2\/product\/23046","targetHints":{"allow":["GET"]}}],"collection":[{"href":"https:\/\/yebodaglass.com\/nl\/wp-json\/wp\/v2\/product"}],"about":[{"href":"https:\/\/yebodaglass.com\/nl\/wp-json\/wp\/v2\/types\/product"}],"version-history":[{"count":5,"href":"https:\/\/yebodaglass.com\/nl\/wp-json\/wp\/v2\/product\/23046\/revisions"}],"predecessor-version":[{"id":25745,"href":"https:\/\/yebodaglass.com\/nl\/wp-json\/wp\/v2\/product\/23046\/revisions\/25745"}],"wp:featuredmedia":[{"embeddable":true,"href":"https:\/\/yebodaglass.com\/nl\/wp-json\/wp\/v2\/media\/23072"}],"wp:attachment":[{"href":"https:\/\/yebodaglass.com\/nl\/wp-json\/wp\/v2\/media?parent=23046"}],"wp:term":[{"taxonomy":"product_brand","embeddable":true,"href":"https:\/\/yebodaglass.com\/nl\/wp-json\/wp\/v2\/product_brand?post=23046"},{"taxonomy":"product_cat","embeddable":true,"href":"https:\/\/yebodaglass.com\/nl\/wp-json\/wp\/v2\/product_cat?post=23046"},{"taxonomy":"product_tag","embeddable":true,"href":"https:\/\/yebodaglass.com\/nl\/wp-json\/wp\/v2\/product_tag?post=23046"}],"curies":[{"name":"wp","href":"https:\/\/api.w.org\/{rel}","templated":true}]}}