{"id":22798,"date":"2025-10-28T10:15:09","date_gmt":"2025-10-28T02:15:09","guid":{"rendered":"https:\/\/yebodaglass.com\/?post_type=product&#038;p=22798"},"modified":"2025-10-28T13:38:10","modified_gmt":"2025-10-28T05:38:10","slug":"wholesale-small-glass-jam-jars-with-flame-texture-design-50ml-75ml-100ml","status":"publish","type":"product","link":"https:\/\/yebodaglass.com\/nl\/wholesale-small-glass-jam-jars-with-flame-texture-design-50ml-75ml-100ml\/","title":{"rendered":"Groothandel in kleine glazen jampotjes met vlamtextuurdesign: 50 ml, 75 ml, 100 ml"},"content":{"rendered":"<p>Het transparante, met vlammen versierde glas met een smalle taille maakt deze kleine glazen jampotjes een lust voor het oog. Verkrijgbaar met rode en gouden deksels en in verschillende maten, stralen ze niet alleen puurheid uit, maar versterken ze ook de visuele aantrekkingskracht van goudgele, schuimende honing door hun artistieke en verfijnde ontwerp.<\/p>\n<h2>Producteigenschappen<\/h2>\n<ul>\n<li><strong>Transparant glas:<\/strong> Laat de kleur en kwaliteit van uw honing zien door gebruik te maken van hoogwaardige glazen potten die langdurig bestand zijn tegen verkleuring.<\/li>\n<li><strong>Dlaczego szklane s\u0142oiki na mi\u00f3d s\u0105 preferowane jako opakowania eksportowe? - YEBODA GLASS<\/strong> Szklane s\u0142oiki na mi\u00f3d gwarantuj\u0105 bezpiecze\u0144stwo \u017cywno\u015bci, przed\u0142u\u017caj\u0105 termin przydatno\u015bci do spo\u017cycia, podnosz\u0105 presti\u017c marki i zwi\u0119kszaj\u0105 jej zr\u00f3wnowa\u017cony rozw\u00f3j w kontek\u015bcie eksportu globalnego.<\/li>\n<li><strong>Er zijn verschillende specificaties mogelijk:<\/strong> Deze flessen worden in verschillende maten geproduceerd, afhankelijk van het gebruik, vari\u00ebrend van dagelijks gebruik in huishoudens tot verpakking voor geschenken.<\/li>\n<\/ul>\n<h2 style=\"text-align: left;\">Belangrijkste specificaties<\/h2>\n<table class=\"aligncenter\" style=\"border-collapse: collapse; width: 383.27pt;\" border=\"0\" width=\"511\" cellspacing=\"0\" cellpadding=\"0\">\n<tbody>\n<tr style=\"height: 13.50pt;\">\n<td style=\"height: 13.50pt; width: 85.50pt;\" width=\"114\" height=\"18\">Functie<\/td>\n<td style=\"width: 297.75pt;\" width=\"397\">Specificatie<\/td>\n<\/tr>\n<tr style=\"height: 13.50pt;\">\n<td style=\"height: 13.50pt;\" height=\"18\">Capaciteit<\/td>\n<td>50 ml, 75 ml, 100 ml<\/td>\n<\/tr>\n<tr style=\"height: 13.50pt;\">\n<td style=\"height: 13.50pt;\" height=\"18\">Afmetingen<\/td>\n<td>4,9\u00d76,8 cm tot 6,2\u00d78,6 cm<\/td>\n<\/tr>\n<tr style=\"height: 13.50pt;\">\n<td style=\"height: 13.50pt;\" height=\"18\">Materiaal<\/td>\n<td>Helder glas, metalen schroefdeksel<\/td>\n<\/tr>\n<tr style=\"height: 13.50pt;\">\n<td style=\"height: 13.50pt;\" height=\"18\">Dekselopties<\/td>\n<td>Rood, goud, zwart, zilver (op maat gemaakt mogelijk)<\/td>\n<\/tr>\n<tr style=\"height: 13.50pt;\">\n<td style=\"height: 13.50pt;\" height=\"18\">Het beste voor<\/td>\n<td>Honing, mini-jam, cadeausets<\/td>\n<\/tr>\n<tr style=\"height: 13.50pt;\">\n<td style=\"height: 13.50pt;\" height=\"18\">Ideaal gebruik<\/td>\n<td>Kleine glazen jampotjes, jamweckpotten<\/td>\n<\/tr>\n<\/tbody>\n<\/table>\n<h2>Succesverhaal: De imkerijsector wordt sterker.<\/h2>\n<p>Een familiebedrijf in de imkerij dat rauwe honing van \u00e9\u00e9n enkele oorsprong produceert, gebruikte standaard jampotten. De verpakking was prima, maar gaf niet echt de kwaliteit van het product weer. Het was een geweldige verandering toen ze besloten om te stoppen met het gebruik van hun standaardpotten en in plaats daarvan onze op maat bedrukte kleine jampotten van 100 ml met deksels te gaan gebruiken. Ze hebben hun online omzet binnen 6 maanden met 30% verhoogd, en een van de factoren die aan dit succes hebben bijgedragen, is de feedback van klanten die aangeven dat de potten &#034;mooi en van hoge kwaliteit aanvoelen&#034;. Het aantal herhaalaankopen is ook met 60% gestegen. Een kleine prijsverhoging kan dus niet alleen de winst per stuk verhogen, maar ook de uitpakervaring verbeteren. Bovendien heeft de klant al drie keer een bestelling van 100.000 stuks geplaatst, waardoor de initi\u00eble bulkbestelling geleidelijk is omgezet in een stabiele kwartaalovereenkomst voor de groothandel in hun populairste honingpotformaten.<\/p>\n<h2>Tips voor het personaliseren van kleine glazen jampotjes<\/h2>\n<ul>\n<li><strong>Zeefdruk:<\/strong> Een van de beste, zo niet d\u00e9 beste, manieren om uw logo of kunstwerk te drukken is via zeefdruk. U kunt overwegen om dit aan de binnenkant van het honingkleurige glas te doen voor een luxe en duurzame uitstraling.<\/li>\n<li><strong>Gekleurd glas:<\/strong> Om de ervaring compleet anders te maken, kun je voor je honing amberkleurige of groene glazen potten gebruiken, die bovendien lichtdicht zijn.<\/li>\n<li><strong>Kleuren voor de deksels naar keuze:<\/strong> Heeft uw merk een specifieke kleuridentiteit (zoals goud, rood of zwart)? Kies dan een van deze kleuren uit het aangeboden kleurenpalet voor uw oogleden.<\/li>\n<\/ul>","protected":false},"excerpt":{"rendered":"<p>Elegante kleine glazen jampotjes met een vlamvormig design en metalen deksels. Perfect voor het verpakken van jam of honing. Rechtstreeks van de fabriek, snelle levering, gratis proefmonsters.<\/p>","protected":false},"featured_media":22801,"template":"","meta":[],"product_brand":[],"product_cat":[122,124,127],"product_tag":[],"class_list":{"0":"post-22798","1":"product","2":"type-product","3":"status-publish","4":"has-post-thumbnail","6":"product_cat-custom-glass-packaging","7":"product_cat-custom-glass-jars","8":"product_cat-glass-honey-jars","10":"first","11":"instock","12":"shipping-taxable","13":"product-type-simple"},"jetpack_sharing_enabled":true,"_links":{"self":[{"href":"https:\/\/yebodaglass.com\/nl\/wp-json\/wp\/v2\/product\/22798","targetHints":{"allow":["GET"]}}],"collection":[{"href":"https:\/\/yebodaglass.com\/nl\/wp-json\/wp\/v2\/product"}],"about":[{"href":"https:\/\/yebodaglass.com\/nl\/wp-json\/wp\/v2\/types\/product"}],"version-history":[{"count":5,"href":"https:\/\/yebodaglass.com\/nl\/wp-json\/wp\/v2\/product\/22798\/revisions"}],"predecessor-version":[{"id":22809,"href":"https:\/\/yebodaglass.com\/nl\/wp-json\/wp\/v2\/product\/22798\/revisions\/22809"}],"wp:featuredmedia":[{"embeddable":true,"href":"https:\/\/yebodaglass.com\/nl\/wp-json\/wp\/v2\/media\/22801"}],"wp:attachment":[{"href":"https:\/\/yebodaglass.com\/nl\/wp-json\/wp\/v2\/media?parent=22798"}],"wp:term":[{"taxonomy":"product_brand","embeddable":true,"href":"https:\/\/yebodaglass.com\/nl\/wp-json\/wp\/v2\/product_brand?post=22798"},{"taxonomy":"product_cat","embeddable":true,"href":"https:\/\/yebodaglass.com\/nl\/wp-json\/wp\/v2\/product_cat?post=22798"},{"taxonomy":"product_tag","embeddable":true,"href":"https:\/\/yebodaglass.com\/nl\/wp-json\/wp\/v2\/product_tag?post=22798"}],"curies":[{"name":"wp","href":"https:\/\/api.w.org\/{rel}","templated":true}]}}