{"id":22531,"date":"2025-10-21T11:32:49","date_gmt":"2025-10-21T03:32:49","guid":{"rendered":"https:\/\/yebodaglass.com\/?post_type=product&#038;p=22531"},"modified":"2025-11-04T11:55:47","modified_gmt":"2025-11-04T03:55:47","slug":"custom-heart-glass-yogurt-bottles-for-romantic-dessert-bulk","status":"publish","type":"product","link":"https:\/\/yebodaglass.com\/nl\/custom-heart-glass-yogurt-bottles-for-romantic-dessert-bulk\/","title":{"rendered":"Geli\u015fmi\u015f Tasarruflar i\u00e7in Hacim ve B\u00fcy\u00fcmeyi Kullanma"},"content":{"rendered":"<div class=\"text-base my-auto mx-auto pb-10 [--thread-content-margin:--spacing(4)] thread-sm:[--thread-content-margin:--spacing(6)] thread-lg:[--thread-content-margin:--spacing(16)] px-(--thread-content-margin)\">\n<div class=\"[--thread-content-max-width:40rem] thread-lg:[--thread-content-max-width:48rem] mx-auto max-w-(--thread-content-max-width) flex-1 group\/turn-messages focus-visible:outline-hidden relative flex w-full min-w-0 flex-col agent-turn\" tabindex=\"-1\">\n<div class=\"flex max-w-full flex-col grow\">\n<div class=\"min-h-8 text-message relative flex w-full flex-col items-end gap-2 text-start break-words whitespace-normal [.text-message+&amp;]:mt-1\" dir=\"auto\" data-message-author-role=\"assistant\" data-message-id=\"8d18012a-fb48-4b95-868b-4e577d237289\" data-message-model-slug=\"gpt-5\">\n<div class=\"flex w-full flex-col gap-1 empty:hidden first:pt-[1px]\">\n<div class=\"markdown prose dark:prose-invert w-full break-words light markdown-new-styling\">\n<p>Bent u het zat dat zuivelverpakkingen naar de achtergrond verdwijnen? Wij maken hartvormige glazen yoghurtflessen \u2013 geen saaie verpakkingen meer. Deze glazen yoghurtflessen veranderen eenvoudige opslag in een romantisch verhaal. Bij grote bestellingen krijgt u gepersonaliseerde glazen yoghurtflessen die passen bij het hart van uw merk.<\/p>\n<h2>Producteigenschappen<\/h2>\n<p><strong>Hartvormige bedel<\/strong><\/p>\n<p>Dubbel hart in reli\u00ebf \u2013 uw glazen yoghurtflessen zullen u vanaf het eerste gezicht betoveren.<\/p>\n<p><strong>Veilige afdichting<\/strong><\/p>\n<p>Licht uitlopende hals \u2013 behoudt de versheid en voorkomt lekken tijdens transport.<\/p>\n<p><strong>Kristalhelder<\/strong><\/p>\n<p>Zeer transparant glas straalt direct kwaliteit uit en wekt vertrouwen bij de klant.<\/p>\n<p><strong>Aangepaste magie van liefde<\/strong><\/p>\n<p>Laat uw logo op de glazen yoghurtflessen drukken, zodat uw product nog beter onthouden wordt.<\/p>\n<h2>Belangrijkste specificaties<\/h2>\n<table style=\"border-collapse: collapse; width: 80%; margin-left: auto; margin-right: auto;\" border=\"0\" width=\"288\" cellspacing=\"0\" cellpadding=\"0\">\n<tbody>\n<tr style=\"height: 13.50pt;\">\n<td style=\"height: 13.5pt; width: 54pt; text-align: center;\" width=\"72\" height=\"18\">Model<\/td>\n<td style=\"width: 54pt; text-align: center;\" width=\"72\">Capaciteit (ml)<\/td>\n<td style=\"width: 54pt; text-align: center;\" width=\"72\">Maat (cm)<\/td>\n<td style=\"width: 54pt; text-align: center;\" width=\"72\">Patroon<\/td>\n<\/tr>\n<tr style=\"height: 13.50pt;\">\n<td style=\"height: 13.5pt; text-align: center;\" align=\"right\" height=\"18\">64010035<\/td>\n<td style=\"text-align: center;\" align=\"right\">100<\/td>\n<td style=\"text-align: center;\">6.2&#215;6.7<\/td>\n<td class=\"et2\" style=\"text-align: center;\" rowspan=\"3\">Dubbelhart<\/td>\n<\/tr>\n<tr style=\"height: 13.50pt;\">\n<td style=\"height: 13.5pt; text-align: center;\" align=\"right\" height=\"18\">64015036<\/td>\n<td style=\"text-align: center;\" align=\"right\">150<\/td>\n<td style=\"text-align: center;\">6.3&#215;7.9<\/td>\n<\/tr>\n<tr style=\"height: 13.50pt;\">\n<td style=\"height: 13.5pt; text-align: center;\" align=\"right\" height=\"18\">64025037<\/td>\n<td style=\"text-align: center;\" align=\"right\">250<\/td>\n<td style=\"text-align: center;\">7.0&#215;9.6<\/td>\n<\/tr>\n<\/tbody>\n<\/table>\n<h2>Succesgeval<\/h2>\n<p>Een Europees yoghurtmerk vroeg ons om op maat gemaakte glazen yoghurtflessen van 200 ml te maken. De flessen met een hartvormige opdruk en een foliedop zorgen niet alleen voor een charmante, ambachtelijke uitstraling, maar zijn ook zeer aantrekkelijk voor consumenten die in de koelkast staan.<\/p>\n<p>We hebben de doppen ook voorzien van een matte afwerking die bij de smaken past: roze voor de aardbei, lichtblauw voor de bosbes en beige voor de vanille. Naast het feit dat het glas dik en geschikt is voor levensmiddelen, draagt \u200b\u200bhet ook bij aan de versheid van het product. Bovendien worden de flessen zwaarder, waardoor het merkimago van &#034;zorgvuldig vervaardigd&#034; wordt versterkt.<\/p>\n<p>Na de verpakkingswijziging daalden de klachten van klanten met 60% en stegen de bulkbestellingen met 50%.<\/p>\n<h2>Uw aanpassingshandboek<\/h2>\n<ol>\n<li><strong>Gepersonaliseerde gravure:<\/strong>Voeg persoonlijke namen, data of korte berichten toe aan de pot voor bruiloften of cadeauverzamelingen.<\/li>\n<li><strong>Opties voor aangepaste deksels:<\/strong>Kies uit deksels van kurk, bamboe of gekleurd metaal, passend bij verschillende thema&#039;s of merkstijlen.<\/li>\n<\/ol>\n<\/div>\n<\/div>\n<\/div>\n<\/div>\n<\/div>\n<\/div>","protected":false},"excerpt":{"rendered":"<p>Charmante glazen yoghurtflessen in de vorm van een dubbel hart, ideaal voor desserts, jam of kaarsen. Romantische glazen potten, perfect als cadeau of voor speciale gelegenheden.<\/p>","protected":false},"featured_media":22536,"template":"","meta":[],"product_brand":[],"product_cat":[124,122,130],"product_tag":[],"class_list":{"0":"post-22531","1":"product","2":"type-product","3":"status-publish","4":"has-post-thumbnail","6":"product_cat-custom-glass-jars","7":"product_cat-custom-glass-packaging","8":"product_cat-glass-yogurt-jars","10":"first","11":"instock","12":"shipping-taxable","13":"product-type-simple"},"jetpack_sharing_enabled":true,"_links":{"self":[{"href":"https:\/\/yebodaglass.com\/nl\/wp-json\/wp\/v2\/product\/22531","targetHints":{"allow":["GET"]}}],"collection":[{"href":"https:\/\/yebodaglass.com\/nl\/wp-json\/wp\/v2\/product"}],"about":[{"href":"https:\/\/yebodaglass.com\/nl\/wp-json\/wp\/v2\/types\/product"}],"version-history":[{"count":6,"href":"https:\/\/yebodaglass.com\/nl\/wp-json\/wp\/v2\/product\/22531\/revisions"}],"predecessor-version":[{"id":22563,"href":"https:\/\/yebodaglass.com\/nl\/wp-json\/wp\/v2\/product\/22531\/revisions\/22563"}],"wp:featuredmedia":[{"embeddable":true,"href":"https:\/\/yebodaglass.com\/nl\/wp-json\/wp\/v2\/media\/22536"}],"wp:attachment":[{"href":"https:\/\/yebodaglass.com\/nl\/wp-json\/wp\/v2\/media?parent=22531"}],"wp:term":[{"taxonomy":"product_brand","embeddable":true,"href":"https:\/\/yebodaglass.com\/nl\/wp-json\/wp\/v2\/product_brand?post=22531"},{"taxonomy":"product_cat","embeddable":true,"href":"https:\/\/yebodaglass.com\/nl\/wp-json\/wp\/v2\/product_cat?post=22531"},{"taxonomy":"product_tag","embeddable":true,"href":"https:\/\/yebodaglass.com\/nl\/wp-json\/wp\/v2\/product_tag?post=22531"}],"curies":[{"name":"wp","href":"https:\/\/api.w.org\/{rel}","templated":true}]}}