{"id":22488,"date":"2025-10-20T17:04:07","date_gmt":"2025-10-20T09:04:07","guid":{"rendered":"https:\/\/yebodaglass.com\/?post_type=product&#038;p=22488"},"modified":"2025-11-04T11:56:48","modified_gmt":"2025-11-04T03:56:48","slug":"round-glass-pudding-bottles-bulk-custom-yogurt-jars","status":"publish","type":"product","link":"https:\/\/yebodaglass.com\/nl\/round-glass-pudding-bottles-bulk-custom-yogurt-jars\/","title":{"rendered":"Ronde glazen puddingfles - 50-200 ml yoghurtpotten met metalen deksels"},"content":{"rendered":"<p>Heb je genoeg van melkflessen die morsen of die de versheid dof maken? Wij maken glazen melkflessen met doppen voor de perfecte puddingfles \u2013 geen zompige desserts meer. Deze bewaarsets voor melk in glazen flessen maken van zoete verpakkingen een vertrouwde plek. Bij grote bestellingen krijg je aangepaste glazen flessen die passen bij de uitstraling van je merk.<\/p>\n<h2>Producteigenschappen<\/h2>\n<p><strong>Elegant en functioneel ontwerp<\/strong><\/p>\n<p>Dankzij het brede schroefdraadontwerp van de slanke fles is het serveren en vullen gemakkelijk. Bovendien worden de lagen en kleuren van het dessert visueel geaccentueerd zonder dat u er extra moeite voor hoeft te doen. De fles oogt eenvoudig en charmant.<\/p>\n<p><strong>Hoogwaardig materiaal van voedingskwaliteit<\/strong><\/p>\n<p>Dankzij de hoge helderheid en transparantie is het glas geschikt voor levensmiddelen, loodvrij, hittebestendig en geurloos. Het is dus geschikt voor zowel gekoelde als gestoomde desserts.<\/p>\n<p><strong>Praktische functionaliteit en herbruikbaarheid<\/strong><\/p>\n<p>Het product is lekvrij en houdt het dessert vers. De brede opening is handig bij het schoonmaken en hergebruiken van de verpakking, waardoor een verpakking zowel een dessert voor thuis als een commercieel dessert kan zijn.<\/p>\n<p><strong>Veelzijdige aanpassingsopties<\/strong><\/p>\n<p>Aan de behoeften van merken en toepassingen kan worden voldaan door middel van capaciteit, logo-opdruk, etikettering en aanpassing van de stijl van het deksel (metaal, kunststof of fraudebestendig).<\/p>\n<h2>Belangrijkste specificaties<\/h2>\n<table style=\"border-collapse: collapse; width: 80%; margin-right: auto; margin-left: auto;\" border=\"0\" width=\"360\" cellspacing=\"0\" cellpadding=\"0\">\n<tbody>\n<tr style=\"height: 13.50pt;\">\n<td style=\"height: 13.5pt; width: 54pt; text-align: center;\" width=\"72\" height=\"18\">Model<\/td>\n<td style=\"width: 54pt; text-align: center;\" width=\"72\">Capaciteit (ml)<\/td>\n<td style=\"width: 54pt; text-align: center;\" width=\"72\">Maat (cm)<\/td>\n<td style=\"width: 54pt; text-align: center;\" width=\"72\">Nektype<\/td>\n<td style=\"width: 54pt; text-align: center;\" width=\"72\">Vorm<\/td>\n<\/tr>\n<tr style=\"height: 13.50pt;\">\n<td style=\"height: 13.5pt; text-align: center;\" align=\"right\" height=\"18\">64005021<\/td>\n<td style=\"text-align: center;\" align=\"right\">50<\/td>\n<td style=\"text-align: center;\">4.8&#215;5.8<\/td>\n<td class=\"et2\" style=\"text-align: center;\" rowspan=\"5\">Met schroefdraad<\/td>\n<td class=\"et2\" style=\"text-align: center;\" rowspan=\"5\">Ronde<\/td>\n<\/tr>\n<tr style=\"height: 13.50pt;\">\n<td style=\"height: 13.5pt; text-align: center;\" align=\"right\" height=\"18\">64007522<\/td>\n<td style=\"text-align: center;\" align=\"right\">75<\/td>\n<td style=\"text-align: center;\">5.1&#215;7.1<\/td>\n<\/tr>\n<tr style=\"height: 13.50pt;\">\n<td style=\"height: 13.5pt; text-align: center;\" align=\"right\" height=\"18\">64010023<\/td>\n<td style=\"text-align: center;\" align=\"right\">100<\/td>\n<td style=\"text-align: center;\">5.5&#215;7.3<\/td>\n<\/tr>\n<tr style=\"height: 13.50pt;\">\n<td style=\"height: 13.5pt; text-align: center;\" align=\"right\" height=\"18\">64015024<\/td>\n<td style=\"text-align: center;\" align=\"right\">150<\/td>\n<td style=\"text-align: center;\">6.5&#215;7.8<\/td>\n<\/tr>\n<tr style=\"height: 13.50pt;\">\n<td style=\"height: 13.5pt; text-align: center;\" align=\"right\" height=\"18\">64020025<\/td>\n<td style=\"text-align: center;\" align=\"right\">200<\/td>\n<td style=\"text-align: center;\">7.0&#215;9.0<\/td>\n<\/tr>\n<\/tbody>\n<\/table>\n<h2>Succesgeval<\/h2>\n<p>Een Japans boetiekdessertmerk benaderde ons om een \u200b\u200bglazen puddingpot van 75 ml op maat te maken. Glas is kristalhelder en van voedselveilige kwaliteit, waardoor deze potten de ideale basis vormen om de fluweelzachte textuur en prachtige natuurlijke kleur van de pudding te benadrukken. De potten hebben een verfijnde, ronde vorm en een zware bodem, wat ze een premium, robuuste uitstraling geeft. Een gouden aluminium deksel en een luchtdichte siliconen afsluiting sluiten ze af en voorkomen lekken. Een gezeefdrukt logo en een mat etiketgedeelte werden toegevoegd om de stijlvolle uitstraling van het merk te benadrukken.<\/p>\n<p>D\u00f6k\u00fclen veya bayat tad\u0131 olan s\u00fct \u015fi\u015felerinden b\u0131kt\u0131n\u0131z m\u0131? H\u0131rs\u0131zl\u0131\u011fa kar\u015f\u0131 korumal\u0131 cam s\u00fct \u015fi\u015fesi saklama kaplar\u0131 \u00fcretiyoruz; art\u0131k s\u00fct israf\u0131na son. Bu \u00e7ilekli s\u00fct cam \u015fi\u015fe par\u00e7alar\u0131, i\u00e7ecek \u015fi\u015felemeyi g\u00fcvene d\u00f6n\u00fc\u015ft\u00fcr\u00fcyor. Toplu sipari\u015flerde, markan\u0131z\u0131n havas\u0131na uygun \u00f6zel cam \u015fi\u015feler sunuyoruz.<\/p>\n<h2>Uw aanpassingshandboek<\/h2>\n<ol>\n<li><strong>Kurcalamaya Dayan\u0131kl\u0131 Boyun Tasar\u0131m\u0131<\/strong> S\u0131k\u0131ca kapat\u0131lm\u0131\u015f tek kullan\u0131ml\u0131k m\u00fchr\u00fc ile \u00fcr\u00fcn\u00fcn ilk andan itibaren g\u00fcvenli ve taze kalmas\u0131n\u0131 sa\u011flar.<\/li>\n<li><strong>Sa\u011flam ve Geri D\u00f6n\u00fc\u015ft\u00fcr\u00fclebilir<\/strong> Uzun \u00f6m\u00fcrl\u00fc ve kullan\u0131m\u0131 kolay olmas\u0131 i\u00e7in kal\u0131n, kaliteli camdan \u00fcretilmi\u015ftir.<\/li>\n<\/ol>","protected":false},"excerpt":{"rendered":"<p>Ronde glazen pudding- en melkflessen met deksel, ideaal voor desserts, yoghurt of jam. Duurzaam, herbruikbaar en aanpasbaar aan de merken voor voedselverpakkingen.<\/p>","protected":false},"featured_media":22492,"template":"","meta":[],"product_brand":[],"product_cat":[124,122,130],"product_tag":[],"class_list":{"0":"post-22488","1":"product","2":"type-product","3":"status-publish","4":"has-post-thumbnail","6":"product_cat-custom-glass-jars","7":"product_cat-custom-glass-packaging","8":"product_cat-glass-yogurt-jars","10":"first","11":"instock","12":"shipping-taxable","13":"product-type-simple"},"jetpack_sharing_enabled":true,"_links":{"self":[{"href":"https:\/\/yebodaglass.com\/nl\/wp-json\/wp\/v2\/product\/22488","targetHints":{"allow":["GET"]}}],"collection":[{"href":"https:\/\/yebodaglass.com\/nl\/wp-json\/wp\/v2\/product"}],"about":[{"href":"https:\/\/yebodaglass.com\/nl\/wp-json\/wp\/v2\/types\/product"}],"version-history":[{"count":5,"href":"https:\/\/yebodaglass.com\/nl\/wp-json\/wp\/v2\/product\/22488\/revisions"}],"predecessor-version":[{"id":22507,"href":"https:\/\/yebodaglass.com\/nl\/wp-json\/wp\/v2\/product\/22488\/revisions\/22507"}],"wp:featuredmedia":[{"embeddable":true,"href":"https:\/\/yebodaglass.com\/nl\/wp-json\/wp\/v2\/media\/22492"}],"wp:attachment":[{"href":"https:\/\/yebodaglass.com\/nl\/wp-json\/wp\/v2\/media?parent=22488"}],"wp:term":[{"taxonomy":"product_brand","embeddable":true,"href":"https:\/\/yebodaglass.com\/nl\/wp-json\/wp\/v2\/product_brand?post=22488"},{"taxonomy":"product_cat","embeddable":true,"href":"https:\/\/yebodaglass.com\/nl\/wp-json\/wp\/v2\/product_cat?post=22488"},{"taxonomy":"product_tag","embeddable":true,"href":"https:\/\/yebodaglass.com\/nl\/wp-json\/wp\/v2\/product_tag?post=22488"}],"curies":[{"name":"wp","href":"https:\/\/api.w.org\/{rel}","templated":true}]}}