{"id":22482,"date":"2025-10-20T15:55:45","date_gmt":"2025-10-20T07:55:45","guid":{"rendered":"https:\/\/yebodaglass.com\/?post_type=product&#038;p=22482"},"modified":"2025-11-11T13:52:06","modified_gmt":"2025-11-11T05:52:06","slug":"wholesale-square-glass-milk-bottles-custom-beverage-container","status":"publish","type":"product","link":"https:\/\/yebodaglass.com\/nl\/wholesale-square-glass-milk-bottles-custom-beverage-container\/","title":{"rendered":"Groothandel vierkante glazen melkflessen met plastic deksels 300-500 ml"},"content":{"rendered":"<p>Bent u het zat dat melkflessen ruimte innemen in de schappen? Wij maken vierkante glazen melkflessen met ruimtebesparende geometrie - geen lastige hoeken meer. Deze glazen melkopbergers maken van het bottelen van dranken slimme winkelsuccessen. Bij grote bestellingen krijgt u gepersonaliseerde glazen flessen die passen bij de frisse uitstraling van uw merk.<\/p>\n<h2>Producteigenschappen<\/h2>\n<p><strong>Ontwerp<\/strong><\/p>\n<p>Kurcalamaya dayan\u0131kl\u0131 boyun<\/p>\n<ul>\n<li><strong>Materiaal: <\/strong>5,4x5x14,4<\/li>\n<li><strong>Functionaliteit:\u00a0<\/strong>Het is een herbruikbare, lekvrije en vershoudbare container. De brede hals is gemakkelijk schoon te maken en kan daarom zowel thuis als in een commerci\u00eble omgeving worden gebruikt.<\/li>\n<li><strong>Aanpassing:\u00a0<\/strong>Uw merk kan profiteren van de verpakkingsopties doordat u de capaciteit, de logo-opdruk, de kleur van de dop en het materiaal (aluminium, plastic of fraudebestendig) kunt aanpassen.<\/li>\n<\/ul>\n<h2>Belangrijkste specificaties<\/h2>\n<table style=\"border-collapse: collapse; width: 80%; margin-left: auto; margin-right: auto;\" border=\"0\" width=\"288\" cellspacing=\"0\" cellpadding=\"0\">\n<tbody>\n<tr style=\"height: 13.50pt;\">\n<td style=\"height: 13.5pt; width: 54pt; text-align: center;\" width=\"72\" height=\"18\">Model<\/td>\n<td style=\"width: 54pt; text-align: center;\" width=\"72\">Capaciteit (ml)<\/td>\n<td style=\"width: 54pt; text-align: center;\" width=\"72\">Maat (cm)<\/td>\n<td style=\"width: 54pt; text-align: center;\" width=\"72\">Vorm<\/td>\n<\/tr>\n<tr style=\"height: 13.50pt;\">\n<td style=\"height: 13.5pt; text-align: center;\" align=\"right\" height=\"18\">64030019<\/td>\n<td style=\"text-align: center;\" align=\"right\">300<\/td>\n<td style=\"text-align: center;\">7.6&#215;12.3<\/td>\n<td class=\"et2\" style=\"text-align: center;\" rowspan=\"2\">Vierkant<\/td>\n<\/tr>\n<tr style=\"height: 13.50pt;\">\n<td style=\"height: 13.5pt; text-align: center;\" align=\"right\" height=\"18\">64050020<\/td>\n<td style=\"text-align: center;\" align=\"right\">500<\/td>\n<td style=\"text-align: center;\">8.6&#215;13.6<\/td>\n<\/tr>\n<\/tbody>\n<\/table>\n<h2>Succesgeval<\/h2>\n<p>Een Nieuw-Zeelandse producent van biologische melk zocht een verpakkingsoplossing die ruimte zou besparen voor hun ronde melkflessen. Deze flessen zagen er traditioneel uit, maar namen veel ruimte in beslag in de winkelschappen en tijdens het transport. Ze wilden een vierkante glazen melkfles op maat die hun merkimago niet zou aantasten. Het resultaat was een eenvoudig, elegant ontwerp dat stapelbaar en bovendien compact was. Dankzij het vierkante ontwerp kon het bedrijf niet alleen de schapruimte met 25% vergroten, maar hebben ze ook gekozen voor een zilverkleurige metalen schroefdop met een siliconen sluiting van voedingskwaliteit om de melk vers te houden van de boerderij tot in de winkel. Elke fles is voorzien van het bedrijfslogo op de zijkant. In slechts twee weken tijd is het aantal groothandelsbestellingen verdubbeld!<\/p>\n<h2>Uw aanpassingshandboek<\/h2>\n<ol>\n<li><strong>Gepersonaliseerde flessendoppen:<\/strong>U kunt kiezen uit aluminium, fraudebestendige of kunststof doppen in diverse kleuren (zoals zilver, wit en goud) en logo-opdrukopties om de herkenning van uw merk te vergroten.<\/li>\n<li><strong>Aangepaste oppervlakteafwerkingen:<\/strong>Wij ondersteunen een verscheidenheid aan decoratieve opties, waaronder zeefdruk, warmdruk, glazuur en etikettering, om unieke visuele effecten te cre\u00ebren en de premium aantrekkingskracht en herkenning van uw product te vergroten.<\/li>\n<\/ol>","protected":false},"excerpt":{"rendered":"<p>\u00c7ok \u00c7e\u015fitli Kullan\u0131mlar<\/p>","protected":false},"featured_media":22484,"template":"","meta":[],"product_brand":[],"product_cat":[123,122,131],"product_tag":[],"class_list":{"0":"post-22482","1":"product","2":"type-product","3":"status-publish","4":"has-post-thumbnail","6":"product_cat-custom-glass-bottles","7":"product_cat-custom-glass-packaging","8":"product_cat-glass-milk-bottles","10":"first","11":"instock","12":"shipping-taxable","13":"product-type-simple"},"jetpack_sharing_enabled":true,"_links":{"self":[{"href":"https:\/\/yebodaglass.com\/nl\/wp-json\/wp\/v2\/product\/22482","targetHints":{"allow":["GET"]}}],"collection":[{"href":"https:\/\/yebodaglass.com\/nl\/wp-json\/wp\/v2\/product"}],"about":[{"href":"https:\/\/yebodaglass.com\/nl\/wp-json\/wp\/v2\/types\/product"}],"version-history":[{"count":3,"href":"https:\/\/yebodaglass.com\/nl\/wp-json\/wp\/v2\/product\/22482\/revisions"}],"predecessor-version":[{"id":23591,"href":"https:\/\/yebodaglass.com\/nl\/wp-json\/wp\/v2\/product\/22482\/revisions\/23591"}],"wp:featuredmedia":[{"embeddable":true,"href":"https:\/\/yebodaglass.com\/nl\/wp-json\/wp\/v2\/media\/22484"}],"wp:attachment":[{"href":"https:\/\/yebodaglass.com\/nl\/wp-json\/wp\/v2\/media?parent=22482"}],"wp:term":[{"taxonomy":"product_brand","embeddable":true,"href":"https:\/\/yebodaglass.com\/nl\/wp-json\/wp\/v2\/product_brand?post=22482"},{"taxonomy":"product_cat","embeddable":true,"href":"https:\/\/yebodaglass.com\/nl\/wp-json\/wp\/v2\/product_cat?post=22482"},{"taxonomy":"product_tag","embeddable":true,"href":"https:\/\/yebodaglass.com\/nl\/wp-json\/wp\/v2\/product_tag?post=22482"}],"curies":[{"name":"wp","href":"https:\/\/api.w.org\/{rel}","templated":true}]}}