{"id":22238,"date":"2025-10-11T13:14:08","date_gmt":"2025-10-11T05:14:08","guid":{"rendered":"https:\/\/yebodaglass.com\/?post_type=product&#038;p=22238"},"modified":"2026-03-26T14:45:20","modified_gmt":"2026-03-26T06:45:20","slug":"rectangular-amber-glass-olive-oil-bottles-for-cooking-bulk","status":"publish","type":"product","link":"https:\/\/yebodaglass.com\/nl\/product\/rectangular-amber-glass-olive-oil-bottles-for-cooking-bulk\/","title":{"rendered":"Rechthoekige amberkleurige glazen olijfolieflessen van 250 ml, 500 ml en 750 ml voor koken (bulkverpakking)."},"content":{"rendered":"<p>Dit zijn amberkleurige glazen olijfolieflessen met een slanke, rechthoekige vorm, die de fles goed beschermt tegen de aantasting van olijfolie door licht. Ze zijn verkrijgbaar in verschillende maten en hebben een stevige, betrouwbare zwarte schroefdop.<\/p>\n<h2>Producteigenschappen<\/h2>\n<ul>\n<li><strong>Body Amber Lichtdichte Fles:<\/strong> Amberkleurig glas is extreem transparant en het transparante glas filtert effectief UV-stralen, waardoor de houdbaarheid van de olie wordt verlengd.<\/li>\n<li><strong>Afgeronde vierkante flesvorm:<\/strong> De afgeronde vierkante vorm van de flessen ligt prettig in de hand; ze zijn niet glad, waardoor ze makkelijk te stapelen zijn.<\/li>\n<li><strong>Zwarte afsluitdop met schroefsluiting:<\/strong> De zwarte schroefdop zorgt voor een zeer goede afdichting, waardoor olielekkage en verdamping worden voorkomen.<\/li>\n<\/ul>\n<h2>Belangrijkste specificaties<\/h2>\n<table style=\"border-collapse: collapse; margin-left: auto; margin-right: auto; width: 642.77pt;\" border=\"0\" width=\"857\" cellspacing=\"0\" cellpadding=\"0\">\n<tbody>\n<tr style=\"height: 13.50pt;\">\n<td style=\"height: 13.50pt; width: 99.75pt;\" width=\"133\" height=\"18\">Functie<\/td>\n<td style=\"width: 543.00pt;\" width=\"724\">Specificatie<\/td>\n<\/tr>\n<tr style=\"height: 13.50pt;\">\n<td style=\"height: 13.50pt;\" height=\"18\">Afmetingen<\/td>\n<td>4,7 \u00d7 4,7 \u00d7 21 cm (250 ml), 5,8 \u00d7 5,8 \u00d7 26,4 cm (500 ml), 6,5 \u00d7 6,5 \u00d7 30,2 cm (750 ml)<\/td>\n<\/tr>\n<tr style=\"height: 13.50pt;\">\n<td style=\"height: 13.50pt;\" height=\"18\">Nekmaat<\/td>\n<td>19mm*30mm schroefdraad<\/td>\n<\/tr>\n<tr style=\"height: 13.50pt;\">\n<td style=\"height: 13.50pt;\" height=\"18\">Materiaal<\/td>\n<td>UV-beschermend amberkleurig glas<\/td>\n<\/tr>\n<tr style=\"height: 13.50pt;\">\n<td style=\"height: 13.50pt;\" height=\"18\">Vorm<\/td>\n<td>Rechthoekig (vierkant glas)<\/td>\n<\/tr>\n<tr style=\"height: 13.50pt;\">\n<td style=\"height: 13.50pt;\" height=\"18\">Het beste voor<\/td>\n<td>Olijfolie, azijn, kookoli\u00ebn, marinades<\/td>\n<\/tr>\n<tr style=\"height: 13.50pt;\">\n<td style=\"height: 13.50pt;\" height=\"18\">Ideaal gebruik<\/td>\n<td>Olieflessen voor koken, olie- en azijnkruiken, groothandel in flessen, keukenopslag<\/td>\n<\/tr>\n<\/tbody>\n<\/table>\n<h2>Succesverhaal: Een luxe merk van een Italiaanse olijfolie-importeur<\/h2>\n<p>Onze 500 ml amberkleurige glazen olijfolieflessen werden geselecteerd door een Italiaanse olijfolie-importeur aan de Amerikaanse westkust. Het ontwerp van de vintage zeefdruketiketten en de lekvrije binnenkant werd op maat gemaakt. De UV-bescherming was essentieel, omdat deze de optimale houdbaarheid van de olijfolie met 6 maanden verlengde en de verkoop met 65 procent deed stijgen. De importeur was hier zo tevreden over dat hij nog eens 500.000 flessen van hun nieuwe lijn olijfolie met truffel- en chilismaak bestelde.<\/p>\n<h2>Aanbevelingen voor aanpassing<\/h2>\n<ul>\n<li><strong>Etsen van logo&#039;s:<\/strong> De beste manier om uw merk elegantie te geven, is door uw merklogo op het vierkante glas te laten etsen. Dit is perfect voor groothandelsklanten die hun merkbekendheid willen vergroten.<\/li>\n<li><strong>Gekleurde glastinten:<\/strong> Als u een unieke amberkleurige oliefles voor in de keuken wilt, kunt u de huidige groene kleur veranderen in een donkerdere of lichtere tint groen die past bij uw merkkleuren.<\/li>\n<li><strong>Afstudeercijfers:<\/strong> Om het voor gebruikers makkelijker te maken om de juiste hoeveelheid vloeistof te schenken, kan men bijvoorbeeld de volumemarkeringen op het glas van bakolie graveren. Dit is ideaal voor gebruik in de keuken.<\/li>\n<li><strong>Matte afwerking:<\/strong> Het glazen oppervlak is mat en vingerafdrukbestendig, waardoor de fles zijn zachte en elegante karakter behoudt. Deze eigenschap is vooral geschikt voor de markt voor hoogwaardige olijfolie.<\/li>\n<\/ul>","protected":false},"excerpt":{"rendered":"<p>Hoogwaardige rechthoekige olijfolieflessen van amberkleurig glas met zwarte doppen, ideaal om mee te koken. Duurzame, stijlvolle olieflessen voor in de keuken. Rechtstreeks van de fabriek, snelle levering.<\/p>","protected":false},"featured_media":25637,"template":"","meta":[],"product_brand":[],"product_cat":[126,123,122],"product_tag":[],"class_list":{"0":"post-22238","1":"product","2":"type-product","3":"status-publish","4":"has-post-thumbnail","6":"product_cat-olive-oil-bottles","7":"product_cat-custom-glass-bottles","8":"product_cat-custom-glass-packaging","10":"first","11":"instock","12":"shipping-taxable","13":"product-type-simple"},"jetpack_sharing_enabled":true,"_links":{"self":[{"href":"https:\/\/yebodaglass.com\/nl\/wp-json\/wp\/v2\/product\/22238","targetHints":{"allow":["GET"]}}],"collection":[{"href":"https:\/\/yebodaglass.com\/nl\/wp-json\/wp\/v2\/product"}],"about":[{"href":"https:\/\/yebodaglass.com\/nl\/wp-json\/wp\/v2\/types\/product"}],"version-history":[{"count":5,"href":"https:\/\/yebodaglass.com\/nl\/wp-json\/wp\/v2\/product\/22238\/revisions"}],"predecessor-version":[{"id":25573,"href":"https:\/\/yebodaglass.com\/nl\/wp-json\/wp\/v2\/product\/22238\/revisions\/25573"}],"wp:featuredmedia":[{"embeddable":true,"href":"https:\/\/yebodaglass.com\/nl\/wp-json\/wp\/v2\/media\/25637"}],"wp:attachment":[{"href":"https:\/\/yebodaglass.com\/nl\/wp-json\/wp\/v2\/media?parent=22238"}],"wp:term":[{"taxonomy":"product_brand","embeddable":true,"href":"https:\/\/yebodaglass.com\/nl\/wp-json\/wp\/v2\/product_brand?post=22238"},{"taxonomy":"product_cat","embeddable":true,"href":"https:\/\/yebodaglass.com\/nl\/wp-json\/wp\/v2\/product_cat?post=22238"},{"taxonomy":"product_tag","embeddable":true,"href":"https:\/\/yebodaglass.com\/nl\/wp-json\/wp\/v2\/product_tag?post=22238"}],"curies":[{"name":"wp","href":"https:\/\/api.w.org\/{rel}","templated":true}]}}