{"id":22237,"date":"2025-10-11T13:14:04","date_gmt":"2025-10-11T05:14:04","guid":{"rendered":"https:\/\/yebodaglass.com\/?post_type=product&#038;p=22237"},"modified":"2025-10-11T16:34:58","modified_gmt":"2025-10-11T08:34:58","slug":"bulk-stainless-steel-oil-glass-container-with-glass-base","status":"publish","type":"product","link":"https:\/\/yebodaglass.com\/nl\/bulk-stainless-steel-oil-glass-container-with-glass-base\/","title":{"rendered":"Bulk roestvrijstalen olieglascontainer met glazen bodem - 200 ml 300 ml 500 ml"},"content":{"rendered":"<p>Deze olieglazen flessen zijn voorzien van een speciale schenktuit en zijn gemaakt van helder glas met zilverkleurige metalen accenten. Ze zijn verkrijgbaar in verschillende maten.<\/p>\n<h2>Producteigenschappen<\/h2>\n<ul>\n<li><strong>Hedendaags, minimalistisch design:<\/strong> De combinatie van glas en metaal past door zijn eenvoud goed bij elke keukenstijl. Hierdoor is het item een \u200b\u200bperfecte combinatie van schoonheid en functionaliteit.<\/li>\n<li><strong>Speciale schenktuit:<\/strong> Ze zijn verkrijgbaar in verschillende soorten metalen schenktuiten, die niet alleen de schenkstroom nauwkeurig regelen, maar ook morsen verminderen en het gebruiksgemak maximaal vergroten.<\/li>\n<li><strong>Glas-metaalcombinatie:<\/strong> Voor de onderste helft van de fles is helder glas gebruikt, zodat u gemakkelijk kunt zien hoeveel olie er nog in zit. De bovenste helft is van metaal, wat zorgt voor een kwalitatieve en duurzame uitstraling.<\/li>\n<\/ul>\n<h2>Belangrijkste specificaties<\/h2>\n<table style=\"border-collapse: collapse; margin-left: auto; margin-right: auto; width: 642.77pt;\" border=\"0\" width=\"857\" cellspacing=\"0\" cellpadding=\"0\">\n<tbody>\n<tr style=\"height: 13.50pt;\">\n<td style=\"height: 13.50pt; width: 99.75pt;\" width=\"133\" height=\"18\">Functie<\/td>\n<td style=\"width: 543.00pt;\" width=\"724\">Specificatie<\/td>\n<\/tr>\n<tr style=\"height: 13.50pt;\">\n<td style=\"height: 13.50pt;\" height=\"18\">Afmetingen<\/td>\n<td>3,0 \u00d7 6,5 \u00d7 15,0 cm (200 ml), 3,0 \u00d7 6,5 \u00d7 21,0 cm (300 ml), 3,0 \u00d7 7,4 \u00d7 24,7 cm (500 ml)<\/td>\n<\/tr>\n<tr style=\"height: 13.50pt;\">\n<td style=\"height: 13.50pt;\" height=\"18\">Materiaal<\/td>\n<td>Helder glazen lichaam, roestvrijstalen tuit<\/td>\n<\/tr>\n<tr style=\"height: 13.50pt;\">\n<td style=\"height: 13.50pt;\" height=\"18\">Dekselopties<\/td>\n<td>Uitloop van roestvrij staal met klapdeksel, massieve dop<\/td>\n<\/tr>\n<tr style=\"height: 13.50pt;\">\n<td style=\"height: 13.50pt;\" height=\"18\">Het beste voor<\/td>\n<td>Olijfolie, azijn, dressings, olie- en azijnsets<\/td>\n<\/tr>\n<tr style=\"height: 13.50pt;\">\n<td style=\"height: 13.50pt;\" height=\"18\">Ideaal gebruik<\/td>\n<td>Oliefles in roestvrij staal, keukenopslag, groothandel olieglascontainer<\/td>\n<\/tr>\n<\/tbody>\n<\/table>\n<h2>Succesverhaal: een transformerende keuze voor de horeca<\/h2>\n<p>Het middelgrote cateringbedrijf was teleurgesteld over het aanhoudende gebruik van lekkende en kwetsbare olieflessen. Na de overstap naar onze glazen bulkflessen voor olie veranderde alles. Ten eerste waren de roestvrijstalen flessen sterk, omdat het aantal breuken met 40% was verminderd. Ten tweede stelde de nauwkeurige schenktuit chefs in staat om gemakkelijk olie of azijn toe te voegen, wat een aanzienlijke tijdsbesparing opleverde tijdens het schoonmaken. Consumenten waren vooral enthousiast over het moderne uiterlijk van de fles, waardoor het aantal herhaalaankopen met 25% toenam. Sommigen van hen vertelden ons zelfs dat ze meer flessen voor thuis willen hebben! Momenteel plaatst ons cateringteam elk kwartaal een bulkbestelling.<\/p>\n<h2>Idee\u00ebn voor aanpassing<\/h2>\n<p>Wil je je glazen olieflesje een uniek tintje geven? Probeer deze transformaties!<\/p>\n<ul>\n<li>Gekleurde glastinten: geef het heldere glas een zachte groene of blauwe kleur (in plaats van gewoon helder) zodat deze past bij de merkkleuren van olijfolieflessen.<\/li>\n<li>Matte logo&#039;s: maak een matte plek op het glas voor de logo&#039;s van uw klanten. Dit ziet er premium uit en laat niet los zoals stickers.<\/li>\n<li>Laserge\u00ebtste vullijnen \u2013 Brand ml-markeringen in het glas. Helpt bij het bottelen en geeft gebruikers nauwkeurige controle.<\/li>\n<\/ul>\n<p>Klaar om uw olieflesselectie te upgraden? Neem vandaag nog contact met ons op om uw bulkbestelling of maatwerkbehoeften te bespreken. Wij helpen u graag verder!<\/p>","protected":false},"excerpt":{"rendered":"<p>Moderne olieglas container met roestvrijstalen deksel en schenktuit. Duurzaam, aanpasbaar en ideaal voor het promoten van uw keuken. Kortingen op bulkbestellingen mogelijk.<\/p>","protected":false},"featured_media":22262,"template":"","meta":[],"product_brand":[],"product_cat":[122,123,126],"product_tag":[],"class_list":{"0":"post-22237","1":"product","2":"type-product","3":"status-publish","4":"has-post-thumbnail","6":"product_cat-custom-glass-packaging","7":"product_cat-custom-glass-bottles","8":"product_cat-olive-oil-bottles","10":"first","11":"instock","12":"shipping-taxable","13":"product-type-simple"},"jetpack_sharing_enabled":true,"_links":{"self":[{"href":"https:\/\/yebodaglass.com\/nl\/wp-json\/wp\/v2\/product\/22237","targetHints":{"allow":["GET"]}}],"collection":[{"href":"https:\/\/yebodaglass.com\/nl\/wp-json\/wp\/v2\/product"}],"about":[{"href":"https:\/\/yebodaglass.com\/nl\/wp-json\/wp\/v2\/types\/product"}],"version-history":[{"count":5,"href":"https:\/\/yebodaglass.com\/nl\/wp-json\/wp\/v2\/product\/22237\/revisions"}],"predecessor-version":[{"id":22270,"href":"https:\/\/yebodaglass.com\/nl\/wp-json\/wp\/v2\/product\/22237\/revisions\/22270"}],"wp:featuredmedia":[{"embeddable":true,"href":"https:\/\/yebodaglass.com\/nl\/wp-json\/wp\/v2\/media\/22262"}],"wp:attachment":[{"href":"https:\/\/yebodaglass.com\/nl\/wp-json\/wp\/v2\/media?parent=22237"}],"wp:term":[{"taxonomy":"product_brand","embeddable":true,"href":"https:\/\/yebodaglass.com\/nl\/wp-json\/wp\/v2\/product_brand?post=22237"},{"taxonomy":"product_cat","embeddable":true,"href":"https:\/\/yebodaglass.com\/nl\/wp-json\/wp\/v2\/product_cat?post=22237"},{"taxonomy":"product_tag","embeddable":true,"href":"https:\/\/yebodaglass.com\/nl\/wp-json\/wp\/v2\/product_tag?post=22237"}],"curies":[{"name":"wp","href":"https:\/\/api.w.org\/{rel}","templated":true}]}}