{"id":22104,"date":"2025-10-10T15:01:45","date_gmt":"2025-10-10T07:01:45","guid":{"rendered":"https:\/\/yebodaglass.com\/?post_type=product&#038;p=22104"},"modified":"2026-03-26T15:44:18","modified_gmt":"2026-03-26T07:44:18","slug":"wholesale-green-oil-olive-bottles-with-cylindrical-shape","status":"publish","type":"product","link":"https:\/\/yebodaglass.com\/nl\/wholesale-green-oil-olive-bottles-with-cylindrical-shape\/","title":{"rendered":"Groothandel Groene Olijfolie Flessen met Cilindrische Vorm \u2013 250ml 500ml 750ml"},"content":{"rendered":"<p>Deze olijfoliefles heeft een rechte, cilindrische vorm, is slank en heeft geen afgeronde hoeken. De fles is gemaakt van diep olijfgroen glas, dat een goede bescherming tegen licht biedt. De hals is voorzien van schroefdraad en heeft een schroefdop, die verkrijgbaar is in goud of zwart.<\/p>\n<h2>Producteigenschappen<\/h2>\n<ul>\n<li><strong>Eenheid UV-bescherming:<\/strong> Het groene glas van de olieflessen beschermt de olijfolie die erin zit. Het voorkomt dat de olie verkleurt of ranzig wordt door zonlicht. Zo blijft de olie langer houdbaar.<\/li>\n<li><strong>Slanke cilindrische vorm:<\/strong> De slanke, cilindrische vorm bespaart niet alleen ruimte, maar is ook eenvoudig te hanteren en zorgt er daardoor voor dat u de vloeistofstroom beter kunt regelen wanneer u deze uitschenkt.<\/li>\n<li><strong>Meerdere maten:<\/strong> Wij bieden flessen in verschillende formaten aan, zodat u kunt voldoen aan uw dagelijkse behoeften, zowel voor kleine als grote volumes.<\/li>\n<\/ul>\n<h2>Belangrijkste specificaties<\/h2>\n<table style=\"border-collapse: collapse; margin-left: auto; margin-right: auto; width: 448.52pt;\" border=\"0\" width=\"598\" cellspacing=\"0\" cellpadding=\"0\">\n<tbody>\n<tr style=\"height: 13.50pt;\">\n<td style=\"height: 13.50pt; width: 92.25pt;\" width=\"123\" height=\"18\">Functie<\/td>\n<td style=\"width: 356.25pt;\" width=\"475\">Specificatie<\/td>\n<\/tr>\n<tr style=\"height: 13.50pt;\">\n<td style=\"height: 13.50pt;\" height=\"18\">Afmetingen<\/td>\n<td>5,0 \u00d7 23,2 cm (250 ml), 6,1 \u00d7 28 cm (500 ml), 6,9 \u00d7 30,9 cm (750 ml)<\/td>\n<\/tr>\n<tr style=\"height: 13.50pt;\">\n<td style=\"height: 13.50pt;\" height=\"18\">Nekmaat<\/td>\n<td>19x30mm schroefdraad<\/td>\n<\/tr>\n<tr style=\"height: 13.50pt;\">\n<td style=\"height: 13.50pt;\" height=\"18\">Materiaal<\/td>\n<td>UV-beschermend groen glas<\/td>\n<\/tr>\n<tr style=\"height: 13.50pt;\">\n<td style=\"height: 13.50pt;\" height=\"18\">Vorm<\/td>\n<td>Hoog cilindrisch (rond glas)<\/td>\n<\/tr>\n<tr style=\"height: 13.50pt;\">\n<td style=\"height: 13.50pt;\" height=\"18\">Het beste voor<\/td>\n<td>Olijfolie, kookolie, dressings<\/td>\n<\/tr>\n<\/tbody>\n<\/table>\n<h2>Succesgeval<\/h2>\n<p>Een van de familiebedrijven in de Spaanse olijfolieproductie koos voor onze groene olijfoliefles van 750 ml met een gouden dop waarop de oogstdatum en batchcode met laser zijn gegraveerd. De glazen fles met UV-bestendige eigenschappen, in combinatie met de nauwkeurige batchcode, stelde hen in staat hun verliezen op verlopen voorraad met 42 procent te verminderen. De hoogwaardige verpakking leverde hen bovendien 20 procent meer op bij de export. De producent bestelde 200.000 flessen van hun nieuwe serie vroeggeoogste olijfolie, wat een succes bleek en leidde tot meer bestellingen.<\/p>\n<h2>Tips voor het personaliseren van glazen olie-olijfflessen<\/h2>\n<ul>\n<li>Frosted Bottle \u2013 Zandstraal het hele oppervlak voor een zachte, matte afwerking. De groene kleur blijft behouden, maar het geeft een trendy en gestructureerde afwerking.<\/li>\n<li>Gestructureerde basis \u2013 Plaats concentrische ringen of een zonnestralenontwerp op de bodem van de fles. Zo ontstaat een patroon dat rijk en gestructureerd aanvoelt en tegelijkertijd een unieke uitstraling heeft.<\/li>\n<li>Afgeschuinde schouder \u2013 Vorm een \u200b\u200baflopende curve van de hals tot aan de romp van de container. De eenvoudige vorm voegt glamour toe en laat het licht er perfect doorheen schijnen.<\/li>\n<li>Lasergraveren \u2013 Profiteer van een precisielaser en ets uw merklogo of een andere afbeelding rechtstreeks in het glas.<\/li>\n<\/ul>","protected":false},"excerpt":{"rendered":"<p>Donkergroene glazen olijfolieflessen met schroefdoppen, die de kwaliteit van de olie beschermen. Perfect voor olijfolie, bakolie en andere gastronomische oli\u00ebn. Rechtstreeks van de fabriek.<\/p>","protected":false},"featured_media":25642,"template":"","meta":[],"product_brand":[],"product_cat":[126,123,122],"product_tag":[],"class_list":{"0":"post-22104","1":"product","2":"type-product","3":"status-publish","4":"has-post-thumbnail","6":"product_cat-olive-oil-bottles","7":"product_cat-custom-glass-bottles","8":"product_cat-custom-glass-packaging","10":"first","11":"instock","12":"shipping-taxable","13":"product-type-simple"},"jetpack_sharing_enabled":true,"_links":{"self":[{"href":"https:\/\/yebodaglass.com\/nl\/wp-json\/wp\/v2\/product\/22104","targetHints":{"allow":["GET"]}}],"collection":[{"href":"https:\/\/yebodaglass.com\/nl\/wp-json\/wp\/v2\/product"}],"about":[{"href":"https:\/\/yebodaglass.com\/nl\/wp-json\/wp\/v2\/types\/product"}],"version-history":[{"count":5,"href":"https:\/\/yebodaglass.com\/nl\/wp-json\/wp\/v2\/product\/22104\/revisions"}],"predecessor-version":[{"id":25556,"href":"https:\/\/yebodaglass.com\/nl\/wp-json\/wp\/v2\/product\/22104\/revisions\/25556"}],"wp:featuredmedia":[{"embeddable":true,"href":"https:\/\/yebodaglass.com\/nl\/wp-json\/wp\/v2\/media\/25642"}],"wp:attachment":[{"href":"https:\/\/yebodaglass.com\/nl\/wp-json\/wp\/v2\/media?parent=22104"}],"wp:term":[{"taxonomy":"product_brand","embeddable":true,"href":"https:\/\/yebodaglass.com\/nl\/wp-json\/wp\/v2\/product_brand?post=22104"},{"taxonomy":"product_cat","embeddable":true,"href":"https:\/\/yebodaglass.com\/nl\/wp-json\/wp\/v2\/product_cat?post=22104"},{"taxonomy":"product_tag","embeddable":true,"href":"https:\/\/yebodaglass.com\/nl\/wp-json\/wp\/v2\/product_tag?post=22104"}],"curies":[{"name":"wp","href":"https:\/\/api.w.org\/{rel}","templated":true}]}}