{"id":22079,"date":"2025-10-09T16:44:16","date_gmt":"2025-10-09T08:44:16","guid":{"rendered":"https:\/\/yebodaglass.com\/?post_type=product&#038;p=22079"},"modified":"2026-03-26T15:22:44","modified_gmt":"2026-03-26T07:22:44","slug":"wholesale-clear-olive-oil-bottle-for-kitchen","status":"publish","type":"product","link":"https:\/\/yebodaglass.com\/nl\/wholesale-clear-olive-oil-bottle-for-kitchen\/","title":{"rendered":"Groothandel transparante olijfolieflessen voor de keuken: 250ml, 500ml, 750ml, 1000ml"},"content":{"rendered":"<p>Dit zijn transparante olijfolieflessen met een gladde, lange cilindrische vorm, gemaakt van kristalhelder glas. Ze zijn verkrijgbaar in verschillende maten met een zwarte of groene schroefdop.<\/p>\n<h2>Producteigenschappen<\/h2>\n<ul>\n<li><strong>Diverse capaciteitsopties:<\/strong> Er zijn 4 verschillende hoogtes beschikbaar om aan diverse behoeften te voldoen, zoals het testen van kleine monsters, dagelijks gebruik thuis en het vullen van commerci\u00eble ruimtes\/restaurants.<\/li>\n<li><strong>Tweekleurige schroefdopoplossingen:<\/strong> Het heeft zwarte en groene schroefdoppen voor een optimale afsluiting.<\/li>\n<li><strong>Flesvormig, slank en cilindrisch:<\/strong> De slanke, cilindrische flesvorm biedt een goede grip en maakt het schenken gemakkelijk, terwijl hij tegelijkertijd ruimte bespaart tijdens opslag en transport.<\/li>\n<\/ul>\n<h2 style=\"text-align: left;\">Belangrijkste specificaties<\/h2>\n<table class=\"aligncenter\" style=\"border-collapse: collapse; width: 534.02pt;\" border=\"0\" width=\"712\" cellspacing=\"0\" cellpadding=\"0\">\n<tbody>\n<tr style=\"height: 13.50pt;\">\n<td style=\"height: 13.50pt; width: 69.75pt;\" width=\"93\" height=\"18\">Functie<\/td>\n<td style=\"width: 464.25pt;\" width=\"619\">Specificatie<\/td>\n<\/tr>\n<tr style=\"height: 13.50pt;\">\n<td style=\"height: 13.50pt;\" height=\"18\">Afmetingen<\/td>\n<td>5\u00d723,2 cm (250 ml), 6,1\u00d728 cm (500 ml), 6,9\u00d731,2 cm (750 ml), 7,8\u00d732,5 cm (1000 ml)<\/td>\n<\/tr>\n<tr style=\"height: 13.50pt;\">\n<td style=\"height: 13.50pt;\" height=\"18\">Nekmaat<\/td>\n<td>19\u00d730mm (standaard schroefdraad)<\/td>\n<\/tr>\n<tr style=\"height: 13.50pt;\">\n<td style=\"height: 13.50pt;\" height=\"18\">Materiaal<\/td>\n<td>Helder glas<\/td>\n<\/tr>\n<tr style=\"height: 13.50pt;\">\n<td style=\"height: 13.50pt;\" height=\"18\">Vorm<\/td>\n<td>Cilindrisch<\/td>\n<\/tr>\n<tr style=\"height: 13.50pt;\">\n<td style=\"height: 13.50pt;\" height=\"18\">Dekselopties<\/td>\n<td>Stevige schroefdop, schenktuit, pompdispenser<\/td>\n<\/tr>\n<tr style=\"height: 13.50pt;\">\n<td style=\"height: 13.50pt;\" height=\"18\">Het beste voor<\/td>\n<td>Olijfolie, azijn, sauzen<\/td>\n<\/tr>\n<\/tbody>\n<\/table>\n<h2>Succesverhaal<\/h2>\n<p>Onze olijfolieflessen voor in de keuken werden geselecteerd door een Californische olijfboerderij en voorzien van speciale doppen met ingebouwde glazen schenktuiten. De gepersonaliseerde flessen boden een uitstekende meerwaarde: het kristalheldere glas liet de prachtige kleur van de olijfolie perfect zien en volgens de fabrikant droeg dit bij aan een toename van 25 procent in impulsaankopen op boerenmarkten. De doppen met schenktuiten verminderden het morsen gemiddeld met 30 procent. Op basis van dit succes hebben ze onlangs nog eens 120.000 flessen van hun nieuwe lijn gearomatiseerde olijfolie besteld en zijn ze een samenwerking aangegaan met een van de luxe hotelketens voor het uitbrengen van geschenksets.<\/p>\n<h2>Personalisatie van transparante olijfolieflessen<\/h2>\n<ul>\n<li>Matte Acid Wash \u2013 Geeft het hele oppervlak een zachte, matte afwerking. Het voelt duur aan en verbergt vingerafdrukken.<\/li>\n<li>Logo zandstralen \u2013 Ets uw embleem in het frontpaneel. Het is permanent en straalt vakmanschap uit.<\/li>\n<li>Tintdieptecontrole: kies voor donkerder groen dan de standaardkleur voor extra UV-bescherming en een gedurfde look.<\/li>\n<\/ul>\n<p>Wij zijn fabrikant. Dat betekent dat u niet extra betaalt voor deze aanpassingen. Wij integreren ze vanaf dag \u00e9\u00e9n in uw groothandelsorder.<\/p>","protected":false},"excerpt":{"rendered":"<p>Hoogwaardige, transparante olijfolieflessen van helder glas. Ideaal voor in de keuken en voor het bewaren van voedsel. Snelle verzending en groothandelsprijzen beschikbaar.<\/p>","protected":false},"featured_media":25640,"template":"","meta":[],"product_brand":[],"product_cat":[126,123,122],"product_tag":[],"class_list":{"0":"post-22079","1":"product","2":"type-product","3":"status-publish","4":"has-post-thumbnail","6":"product_cat-olive-oil-bottles","7":"product_cat-custom-glass-bottles","8":"product_cat-custom-glass-packaging","10":"first","11":"instock","12":"shipping-taxable","13":"product-type-simple"},"jetpack_sharing_enabled":true,"_links":{"self":[{"href":"https:\/\/yebodaglass.com\/nl\/wp-json\/wp\/v2\/product\/22079","targetHints":{"allow":["GET"]}}],"collection":[{"href":"https:\/\/yebodaglass.com\/nl\/wp-json\/wp\/v2\/product"}],"about":[{"href":"https:\/\/yebodaglass.com\/nl\/wp-json\/wp\/v2\/types\/product"}],"version-history":[{"count":5,"href":"https:\/\/yebodaglass.com\/nl\/wp-json\/wp\/v2\/product\/22079\/revisions"}],"predecessor-version":[{"id":25569,"href":"https:\/\/yebodaglass.com\/nl\/wp-json\/wp\/v2\/product\/22079\/revisions\/25569"}],"wp:featuredmedia":[{"embeddable":true,"href":"https:\/\/yebodaglass.com\/nl\/wp-json\/wp\/v2\/media\/25640"}],"wp:attachment":[{"href":"https:\/\/yebodaglass.com\/nl\/wp-json\/wp\/v2\/media?parent=22079"}],"wp:term":[{"taxonomy":"product_brand","embeddable":true,"href":"https:\/\/yebodaglass.com\/nl\/wp-json\/wp\/v2\/product_brand?post=22079"},{"taxonomy":"product_cat","embeddable":true,"href":"https:\/\/yebodaglass.com\/nl\/wp-json\/wp\/v2\/product_cat?post=22079"},{"taxonomy":"product_tag","embeddable":true,"href":"https:\/\/yebodaglass.com\/nl\/wp-json\/wp\/v2\/product_tag?post=22079"}],"curies":[{"name":"wp","href":"https:\/\/api.w.org\/{rel}","templated":true}]}}