{"id":22031,"date":"2025-10-09T11:57:24","date_gmt":"2025-10-09T03:57:24","guid":{"rendered":"https:\/\/yebodaglass.com\/?post_type=product&#038;p=22031"},"modified":"2025-10-09T14:54:29","modified_gmt":"2025-10-09T06:54:29","slug":"wholesale-unique-olive-oil-dispensers-with-glass-handle-100ml-250ml-500ml","status":"publish","type":"product","link":"https:\/\/yebodaglass.com\/nl\/wholesale-unique-olive-oil-dispensers-with-glass-handle-100ml-250ml-500ml\/","title":{"rendered":"Groothandel Unieke Olijfolie Dispensers met Glazen Handvat \u2013 100ml 250ml 500ml"},"content":{"rendered":"<div data-elementor-type=\"product-post\" data-elementor-id=\"22031\" class=\"elementor elementor-22031\" data-elementor-settings=\"{&quot;ha_cmc_init_switcher&quot;:&quot;no&quot;}\" data-elementor-post-type=\"product\">\n\t\t\t\t<div class=\"elementor-element elementor-element-7cc6e53 e-flex e-con-boxed e-con e-parent\" data-id=\"7cc6e53\" data-element_type=\"container\" data-e-type=\"container\" data-settings=\"{&quot;_ha_eqh_enable&quot;:false}\">\n\t\t\t\t\t<div class=\"e-con-inner\">\n\t\t\t\t<div class=\"elementor-element elementor-element-b9ffd68 elementor-widget elementor-widget-text-editor\" data-id=\"b9ffd68\" data-element_type=\"widget\" data-e-type=\"widget\" data-widget_type=\"text-editor.default\">\n\t\t\t\t<div class=\"elementor-widget-container\">\n\t\t\t\t\t\t\t\t\t<p>Deze glazen oliedispensers hebben een unieke gebogen vorm, handige glazen handgrepen en zijn gemaakt van helder glas. Stijl en gebruik gaan hand in hand en vormen daarom de perfecte aanvulling op uw keuken.<\/p><h2>Producteigenschappen<\/h2><ul><li><strong>Met handvat:<\/strong> De hendel is voorzien van een klein glazen handvat waarmee u de olie gemakkelijk kunt losmaken en schenken. Hierdoor hoeft u als gebruiker niet telkens de olie te schenken.<\/li><li><strong>Druppelvrij:<\/strong> Dankzij de nauwkeurige schroefdop garanderen deze flesjes etherische olie dat de vloeistof altijd soepel stroomt. Ze zijn precies wat je nodig hebt voor het eenvoudig gebruiken van kruidenpotjes of op de eettafel.<\/li><li><strong>Helder glas:<\/strong> Dankzij het heldere glas kunt u zien hoeveel olie er nog in de fles zit, waardoor bijvullen geen enkel probleem oplevert.<\/li><\/ul>\t\t\t\t\t\t\t\t<\/div>\n\t\t\t\t<\/div>\n\t\t\t\t<div class=\"elementor-element elementor-element-920ae84 elementor-widget elementor-widget-text-editor\" data-id=\"920ae84\" data-element_type=\"widget\" data-e-type=\"widget\" data-widget_type=\"text-editor.default\">\n\t\t\t\t<div class=\"elementor-widget-container\">\n\t\t\t\t\t\t\t\t\t<h2 style=\"text-align: center;\">Belangrijkste specificaties:<\/h2><table class=\"aligncenter\" style=\"border-collapse: collapse; width: 470.27pt;\" border=\"0\" width=\"627\" cellspacing=\"0\" cellpadding=\"0\"><tbody><tr style=\"height: 13.50pt;\"><td style=\"height: 13.50pt; width: 86.25pt;\" width=\"115\" height=\"18\">Functie<\/td><td style=\"width: 384.00pt;\" width=\"512\">Specificatie<\/td><\/tr><tr style=\"height: 13.50pt;\"><td style=\"height: 13.50pt;\" height=\"18\">Afmetingen<\/td><td>5,4 \u00d7 13,9 cm (100 ml), 7,1 \u00d7 17,3 cm (250 ml), 8,8 \u00d7 21,9 cm (500 ml)<\/td><\/tr><tr style=\"height: 13.50pt;\"><td style=\"height: 13.50pt;\" height=\"18\">Materiaal<\/td><td>Hoog helder glas<\/td><\/tr><tr style=\"height: 13.50pt;\"><td style=\"height: 13.50pt;\" height=\"18\">Vorm<\/td><td>Conisch rond met ge\u00efntegreerde handgreep<\/td><\/tr><tr style=\"height: 13.50pt;\"><td style=\"height: 13.50pt;\" height=\"18\">Dekseltype<\/td><td>Massief schroefdeksel<\/td><\/tr><tr style=\"height: 13.50pt;\"><td style=\"height: 13.50pt;\" height=\"18\">Het beste voor<\/td><td>Olijfolie, azijn, dressings, gourmetoli\u00ebn<\/td><\/tr><\/tbody><\/table><h2>Waargebeurd verhaal<\/h2><p>Een producent van kleine hoeveelheden koudgeperste olijfolie, die voornamelijk op boerenmarkten verkocht, had hoogwaardige olijfolie in zijn assortiment, maar de verpakking leek op een gewone glazen fles in het schap. Ze kozen voor deze unieke olijfoliedispenser. Dezelfde olijfolie, een andere fles. Na een paar maanden begonnen klanten het te noemen: &#034;die met het handvat&#034;. Hij zag er stijlvoller uit, was comfortabeler in gebruik en het schenken veroorzaakte geen morsen, dus mensen waren er blij mee.<\/p><h2>Aangepaste glazen oliedispensers<\/h2><ul><li>Gematteerd handvat \u2013 Het handvat is het enige deel dat gezandstraald is, wat zorgt voor een zachte, antislip grip die mooi contrasteert met de heldere fles.<\/li><li>Ge\u00ebtste markering \u2013 Een kleine markering is aangebracht nabij de hals van de fles om het ideale vulniveau aan te geven. Het ziet er professioneel uit en voelt verfijnd aan.<\/li><li>Bodemreli\u00ebf \u2013 Uw logo of merkverhaal wordt in reli\u00ebf op de onderkant van de fles gedrukt. De iconen worden zichtbaar wanneer de fles bijna leeg is, zodat uw merk direct zichtbaar is voor uw klanten.<\/li><\/ul>\t\t\t\t\t\t\t\t<\/div>\n\t\t\t\t<\/div>\n\t\t\t\t\t<\/div>\n\t\t\t\t<\/div>\n\t\t\t\t<\/div>","protected":false},"excerpt":{"rendered":"<p>Unieke glazen olijfoliedispensers met een discrete handgreep en een premium uitstraling, ideaal voor keukenmerken. Te personaliseren met gratis monsters en bulkkortingen.<\/p>","protected":false},"featured_media":22060,"template":"","meta":[],"product_brand":[],"product_cat":[122,123,126],"product_tag":[],"class_list":{"0":"post-22031","1":"product","2":"type-product","3":"status-publish","4":"has-post-thumbnail","6":"product_cat-custom-glass-packaging","7":"product_cat-custom-glass-bottles","8":"product_cat-olive-oil-bottles","10":"first","11":"instock","12":"shipping-taxable","13":"product-type-simple"},"jetpack_sharing_enabled":true,"_links":{"self":[{"href":"https:\/\/yebodaglass.com\/nl\/wp-json\/wp\/v2\/product\/22031","targetHints":{"allow":["GET"]}}],"collection":[{"href":"https:\/\/yebodaglass.com\/nl\/wp-json\/wp\/v2\/product"}],"about":[{"href":"https:\/\/yebodaglass.com\/nl\/wp-json\/wp\/v2\/types\/product"}],"version-history":[{"count":5,"href":"https:\/\/yebodaglass.com\/nl\/wp-json\/wp\/v2\/product\/22031\/revisions"}],"predecessor-version":[{"id":22078,"href":"https:\/\/yebodaglass.com\/nl\/wp-json\/wp\/v2\/product\/22031\/revisions\/22078"}],"wp:featuredmedia":[{"embeddable":true,"href":"https:\/\/yebodaglass.com\/nl\/wp-json\/wp\/v2\/media\/22060"}],"wp:attachment":[{"href":"https:\/\/yebodaglass.com\/nl\/wp-json\/wp\/v2\/media?parent=22031"}],"wp:term":[{"taxonomy":"product_brand","embeddable":true,"href":"https:\/\/yebodaglass.com\/nl\/wp-json\/wp\/v2\/product_brand?post=22031"},{"taxonomy":"product_cat","embeddable":true,"href":"https:\/\/yebodaglass.com\/nl\/wp-json\/wp\/v2\/product_cat?post=22031"},{"taxonomy":"product_tag","embeddable":true,"href":"https:\/\/yebodaglass.com\/nl\/wp-json\/wp\/v2\/product_tag?post=22031"}],"curies":[{"name":"wp","href":"https:\/\/api.w.org\/{rel}","templated":true}]}}