{"id":21965,"date":"2025-10-08T15:17:10","date_gmt":"2025-10-08T07:17:10","guid":{"rendered":"https:\/\/yebodaglass.com\/?post_type=product&#038;p=21965"},"modified":"2026-03-26T15:55:16","modified_gmt":"2026-03-26T07:55:16","slug":"wholesale-green-oil-olive-bottles-with-square-bases","status":"publish","type":"product","link":"https:\/\/yebodaglass.com\/nl\/wholesale-green-oil-olive-bottles-with-square-bases\/","title":{"rendered":"Groothandel Groene Olijfolie Flessen met Vierkante Bodems \u2013 500ml 750ml 1000ml"},"content":{"rendered":"<p>Deze groene olijfolieflessen hebben een zeer elegante, afgeronde vierkante vorm en zijn gemaakt van donker olijfkleurig glas om te voorkomen dat de olijfolie door blootstelling aan licht bederft. Ze zijn verkrijgbaar met een zwarte, gouden of groene schroefdop en in verschillende maten.<\/p>\n<h2>Producteigenschappen<\/h2>\n<ul>\n<li><strong>Natuurlijk UV-beschermend:<\/strong> Groen glas werkt als een zonnebrandcr\u00e8me en houdt je vloeistof lang vers. Vergeleken met gewoon glas behoudt het de versheid van olijfolie langdurig, waardoor het ideaal is voor gevoelige, hoogwaardige olijfolie.<\/li>\n<li><strong>Rechthoekgrootte:<\/strong> Door de rechthoekige vorm van de fles kunt u hem gemakkelijk tentoonstellen en opbergen, en is de balans duidelijk zichtbaar.<\/li>\n<li><strong>Navulbaar:<\/strong> Deze hervulbare glazen olijfolieflessen zijn sterk en duurzaam. Restaurants en navulwinkels zijn er dol op vanwege hun duurzaamheid.<\/li>\n<\/ul>\n<h2 style=\"text-align: left;\">Belangrijkste specificaties<\/h2>\n<table class=\"aligncenter\" style=\"border-collapse: collapse; width: 429.77pt;\" border=\"0\" width=\"573\" cellspacing=\"0\" cellpadding=\"0\">\n<tbody>\n<tr style=\"height: 13.50pt;\">\n<td style=\"height: 13.50pt; width: 69.75pt;\" width=\"93\" height=\"18\">Functie<\/td>\n<td style=\"width: 360.00pt;\" width=\"480\">Specificatie<\/td>\n<\/tr>\n<tr style=\"height: 13.50pt;\">\n<td style=\"height: 13.50pt;\" height=\"18\">Afmetingen<\/td>\n<td>5,8 \u00d7 5,8 \u00d7 26,4 cm (500 ml), 6,5 \u00d7 6,5 \u00d7 30,2 cm (750 ml), 7,4 \u00d7 7,4 \u00d7 30 cm (1000 ml)<\/td>\n<\/tr>\n<tr style=\"height: 13.50pt;\">\n<td style=\"height: 13.50pt;\" height=\"18\">Nekmaat<\/td>\n<td>19\u00d730mm (standaard schroefdraad)<\/td>\n<\/tr>\n<tr style=\"height: 13.50pt;\">\n<td style=\"height: 13.50pt;\" height=\"18\">Materiaal<\/td>\n<td>Groen glas (donkere glasvariant beschikbaar)<\/td>\n<\/tr>\n<tr style=\"height: 13.50pt;\">\n<td style=\"height: 13.50pt;\" height=\"18\">Vorm<\/td>\n<td>Vierkant \/ rechthoekig prisma<\/td>\n<\/tr>\n<tr style=\"height: 13.50pt;\">\n<td style=\"height: 13.50pt;\" height=\"18\">Dekselopties<\/td>\n<td>Stevige schroefdop, schenktuit, pompdispenser<\/td>\n<\/tr>\n<tr style=\"height: 13.50pt;\">\n<td style=\"height: 13.50pt;\" height=\"18\">Het beste voor<\/td>\n<td>Olijfolie, azijn, sauzen, keukenbenodigdheden<\/td>\n<\/tr>\n<\/tbody>\n<\/table>\n<h2>Succesverhaal: Exportafdeling van een Californische olijfolieproducent<\/h2>\n<p>Onze groene olijfolieflessen van 750 ml werden gekozen door een vooraanstaande producent van Californische olijfolie. Hij ontwierp ze met een zeefdruk in goudfolie en een zwarte anti-druppeltuit. Deze UV-gecoate glazen flessen bleken ook effectief in het behoud van de kwaliteit van de olijfolie tijdens transport over lange afstanden, waardoor het aantal claims voor bederf met 40% daalde. De flessen doorstonden de test voor internationaal transport met een succespercentage van 99,9%. Op basis van deze indrukwekkende resultaten bestelde de producent vervolgens nog eens 200.000 flessen van zijn nieuwe gearomatiseerde en ge\u00efnfuseerde olijfolie.<\/p>\n<h2>Idee\u00ebn voor aanpassing<\/h2>\n<ul>\n<li>Matte Acid Wash \u2013 Geeft het hele oppervlak een zachte, matte afwerking. Het voelt duur aan en verbergt vingerafdrukken.<\/li>\n<li>Logo zandstralen \u2013 Ets uw embleem in het frontpaneel. Het is permanent en straalt vakmanschap uit.<\/li>\n<li>Tintdieptecontrole: kies voor donkerder groen dan de standaardkleur voor extra UV-bescherming en een gedurfde look.<\/li>\n<\/ul>","protected":false},"excerpt":{"rendered":"<p>Klassieke vierkante glazen flessen voor groene olijfolie met zwarte, gouden of groene schroefdoppen. Perfect om de kwaliteit van de olijfolie te behouden. Rechtstreeks van de fabriek, snelle verzending.<\/p>","protected":false},"featured_media":25644,"template":"","meta":[],"product_brand":[],"product_cat":[126,123,122],"product_tag":[],"class_list":{"0":"post-21965","1":"product","2":"type-product","3":"status-publish","4":"has-post-thumbnail","6":"product_cat-olive-oil-bottles","7":"product_cat-custom-glass-bottles","8":"product_cat-custom-glass-packaging","10":"first","11":"instock","12":"shipping-taxable","13":"product-type-simple"},"jetpack_sharing_enabled":true,"_links":{"self":[{"href":"https:\/\/yebodaglass.com\/nl\/wp-json\/wp\/v2\/product\/21965","targetHints":{"allow":["GET"]}}],"collection":[{"href":"https:\/\/yebodaglass.com\/nl\/wp-json\/wp\/v2\/product"}],"about":[{"href":"https:\/\/yebodaglass.com\/nl\/wp-json\/wp\/v2\/types\/product"}],"version-history":[{"count":5,"href":"https:\/\/yebodaglass.com\/nl\/wp-json\/wp\/v2\/product\/21965\/revisions"}],"predecessor-version":[{"id":25561,"href":"https:\/\/yebodaglass.com\/nl\/wp-json\/wp\/v2\/product\/21965\/revisions\/25561"}],"wp:featuredmedia":[{"embeddable":true,"href":"https:\/\/yebodaglass.com\/nl\/wp-json\/wp\/v2\/media\/25644"}],"wp:attachment":[{"href":"https:\/\/yebodaglass.com\/nl\/wp-json\/wp\/v2\/media?parent=21965"}],"wp:term":[{"taxonomy":"product_brand","embeddable":true,"href":"https:\/\/yebodaglass.com\/nl\/wp-json\/wp\/v2\/product_brand?post=21965"},{"taxonomy":"product_cat","embeddable":true,"href":"https:\/\/yebodaglass.com\/nl\/wp-json\/wp\/v2\/product_cat?post=21965"},{"taxonomy":"product_tag","embeddable":true,"href":"https:\/\/yebodaglass.com\/nl\/wp-json\/wp\/v2\/product_tag?post=21965"}],"curies":[{"name":"wp","href":"https:\/\/api.w.org\/{rel}","templated":true}]}}