{"id":21943,"date":"2025-10-08T11:17:15","date_gmt":"2025-10-08T03:17:15","guid":{"rendered":"https:\/\/yebodaglass.com\/?post_type=product&#038;p=21943"},"modified":"2026-04-10T10:25:45","modified_gmt":"2026-04-10T02:25:45","slug":"amber-cylindrical-olive-oil-glass-containers-bulk","status":"publish","type":"product","link":"https:\/\/yebodaglass.com\/nl\/product\/amber-cylindrical-olive-oil-glass-containers-bulk\/","title":{"rendered":"Amberkleurige cilindrische glazen olijfoliecontainers (250 ml, 500 ml, 750 ml) in bulkverpakking."},"content":{"rendered":"<p>Deze glazen olijfolieflessen hebben een cilindrische vorm die smaller wordt naar de hals, waar een typische schroefdop ontstaat. Het amberkleurige glas van deze flessen biedt optimale UV-bescherming, waardoor de oorspronkelijke kwaliteit van de olijfolie behouden blijft.<\/p>\n<h2>Producteigenschappen<\/h2>\n<ul>\n<li><strong>UV-bestendig amberkleurig glas:<\/strong> Het diep amberkleurige glas fungeert als een UV-barri\u00e8re die gevoelige oli\u00ebn beschermt tegen bederf, terwijl de oorspronkelijke smaak, het uiterlijk en de volledige voedingswaarde behouden blijven.<\/li>\n<li><strong>Verkrijgbaar in drie maten:<\/strong> Kleine, middelgrote en grote flessen zijn verkrijgbaar om aan diverse verpakkingsbehoeften te voldoen, van proefverpakkingen tot basisproducten voor in de keuken.<\/li>\n<li><strong>Stevige cilindrische behuizing:<\/strong> Het ontwerp van de glazen cilinder maakt gebruik van dikke en rechte wanden om een \u200b\u200bsterke en weerbestendige constructie te cre\u00ebren die gebruikers gemakkelijk kunnen hanteren, terwijl er voldoende ruimte is voor productidentificatie.<\/li>\n<\/ul>\n<h2 style=\"text-align: left;\">Belangrijkste specificaties<\/h2>\n<table class=\"aligncenter\" style=\"border-collapse: collapse; width: 493.52pt;\" border=\"0\" width=\"658\" cellspacing=\"0\" cellpadding=\"0\">\n<tbody>\n<tr style=\"height: 13.50pt;\">\n<td style=\"height: 13.50pt; width: 101.25pt;\" width=\"135\" height=\"18\">Functie<\/td>\n<td style=\"width: 392.25pt;\" width=\"523\">Specificatie<\/td>\n<\/tr>\n<tr style=\"height: 13.50pt;\">\n<td style=\"height: 13.50pt;\" height=\"18\">Afmetingen<\/td>\n<td>5\u00d723,2 cm (250 ml), 6,1\u00d728 cm (500 ml), 6,9\u00d730,9 cm (750 ml)<\/td>\n<\/tr>\n<tr style=\"height: 13.50pt;\">\n<td style=\"height: 13.50pt;\" height=\"18\">Nekmaat<\/td>\n<td>19\u00d730mm (schroefdraad)<\/td>\n<\/tr>\n<tr style=\"height: 13.50pt;\">\n<td style=\"height: 13.50pt;\" height=\"18\">Materiaal<\/td>\n<td>Amberkleurig glas<\/td>\n<\/tr>\n<tr style=\"height: 13.50pt;\">\n<td style=\"height: 13.50pt;\" height=\"18\">Vorm<\/td>\n<td>Cilindrisch<\/td>\n<\/tr>\n<tr style=\"height: 13.50pt;\">\n<td style=\"height: 13.50pt;\" height=\"18\">Dekseltype<\/td>\n<td>Schroefdop (compatibel met pomp, schenktuit of vast deksel)<\/td>\n<\/tr>\n<tr style=\"height: 13.50pt;\">\n<td style=\"height: 13.50pt;\" height=\"18\">Gebruiksscenario&#039;s<\/td>\n<td>Olijfolie, azijn, sauzen, ambachtelijke oli\u00ebn, keukenopslag<\/td>\n<\/tr>\n<\/tbody>\n<\/table>\n<h2>Succesverhaal: Herlancering van een Californisch merk extra vierge olijfolie<\/h2>\n<p>De Californische olijfolieproducent koos voor onze amberkleurige glazen olijfoliefles van 250 ml en liet deze personaliseren met behulp van zeefdruktechnieken, waarbij goudfolie werd aangebracht. De UV-bescherming verlengde de houdbaarheid van de ongefilterde olijfolie met 60%, terwijl de goudopdruk de exportwaarde met 25% verhoogde. Het merk behaalde groot succes en bestelde vervolgens 380.000 flessen voor de lancering van een nieuwe lijn gearomatiseerde oli\u00ebn en geschenksets.<\/p>\n<h2>Aanpassingsmogelijkheden voor glazen olijfoliecontainers<\/h2>\n<ul>\n<li>De glaskleuren omvatten drie opties: licht amber, medium amber en donker amber, die elk een verschillende mate van UV-bescherming bieden.<\/li>\n<li>Het product maakt gebruik van een geperforeerde krimpfolie of een kwetsbare plastic veiligheidsring die onder de dop wordt geplaatst om fraudebestendige bescherming te bieden voor producten in de detailhandel.<\/li>\n<li>Met zeefdruk kunnen productinformatie, details over het land van herkomst en gebruiksaanwijzingen rechtstreeks op het glasoppervlak worden aangebracht.<\/li>\n<\/ul>","protected":false},"excerpt":{"rendered":"<p>Hoogwaardige glazen olijfolieflessen met duurzaam amberkleurig glas en een veilige dop. Deze glazen olijfolieflessen zijn perfect voor gebruik in de keuken en de detailhandel. Snelle verzending wereldwijd.<\/p>","protected":false},"featured_media":25631,"template":"","meta":[],"product_brand":[],"product_cat":[126,123,122],"product_tag":[],"class_list":{"0":"post-21943","1":"product","2":"type-product","3":"status-publish","4":"has-post-thumbnail","6":"product_cat-olive-oil-bottles","7":"product_cat-custom-glass-bottles","8":"product_cat-custom-glass-packaging","10":"first","11":"instock","12":"shipping-taxable","13":"product-type-simple"},"jetpack_sharing_enabled":true,"_links":{"self":[{"href":"https:\/\/yebodaglass.com\/nl\/wp-json\/wp\/v2\/product\/21943","targetHints":{"allow":["GET"]}}],"collection":[{"href":"https:\/\/yebodaglass.com\/nl\/wp-json\/wp\/v2\/product"}],"about":[{"href":"https:\/\/yebodaglass.com\/nl\/wp-json\/wp\/v2\/types\/product"}],"version-history":[{"count":5,"href":"https:\/\/yebodaglass.com\/nl\/wp-json\/wp\/v2\/product\/21943\/revisions"}],"predecessor-version":[{"id":25716,"href":"https:\/\/yebodaglass.com\/nl\/wp-json\/wp\/v2\/product\/21943\/revisions\/25716"}],"wp:featuredmedia":[{"embeddable":true,"href":"https:\/\/yebodaglass.com\/nl\/wp-json\/wp\/v2\/media\/25631"}],"wp:attachment":[{"href":"https:\/\/yebodaglass.com\/nl\/wp-json\/wp\/v2\/media?parent=21943"}],"wp:term":[{"taxonomy":"product_brand","embeddable":true,"href":"https:\/\/yebodaglass.com\/nl\/wp-json\/wp\/v2\/product_brand?post=21943"},{"taxonomy":"product_cat","embeddable":true,"href":"https:\/\/yebodaglass.com\/nl\/wp-json\/wp\/v2\/product_cat?post=21943"},{"taxonomy":"product_tag","embeddable":true,"href":"https:\/\/yebodaglass.com\/nl\/wp-json\/wp\/v2\/product_tag?post=21943"}],"curies":[{"name":"wp","href":"https:\/\/api.w.org\/{rel}","templated":true}]}}