{"id":21833,"date":"2025-09-29T11:46:29","date_gmt":"2025-09-29T03:46:29","guid":{"rendered":"https:\/\/yebodaglass.com\/?post_type=product&#038;p=21833"},"modified":"2025-10-09T18:01:44","modified_gmt":"2025-10-09T10:01:44","slug":"custom-olive-oil-bottles-high-quality-glass-oil-bottles-for-wholesale","status":"publish","type":"product","link":"https:\/\/yebodaglass.com\/nl\/custom-olive-oil-bottles-high-quality-glass-oil-bottles-for-wholesale\/","title":{"rendered":"Aangepaste 60-1000ml heldere glazen olijfolie flessen - vierkante flessen met schroefdeksel"},"content":{"rendered":"<div data-elementor-type=\"product-post\" data-elementor-id=\"21833\" class=\"elementor elementor-21833\" data-elementor-settings=\"{&quot;ha_cmc_init_switcher&quot;:&quot;no&quot;}\" data-elementor-post-type=\"product\">\n\t\t\t\t<div class=\"elementor-element elementor-element-7cc6e53 e-flex e-con-boxed e-con e-parent\" data-id=\"7cc6e53\" data-element_type=\"container\" data-e-type=\"container\" data-settings=\"{&quot;_ha_eqh_enable&quot;:false}\">\n\t\t\t\t\t<div class=\"e-con-inner\">\n\t\t\t\t<div class=\"elementor-element elementor-element-b9ffd68 elementor-widget elementor-widget-text-editor\" data-id=\"b9ffd68\" data-element_type=\"widget\" data-e-type=\"widget\" data-widget_type=\"text-editor.default\">\n\t\t\t\t<div class=\"elementor-widget-container\">\n\t\t\t\t\t\t\t\t\t<p>Als toonaangevende fabrikant en leverancier van hoogwaardige glazen verpakkingen begrijpen we de behoefte aan hoogwaardige, op maat gemaakte olijfolieflessen die uw oliemerk naar een hoger niveau tillen. Onze serie biedt veelzijdigheid voor groothandels- en bulkbestellingen en is ontworpen om heldere glazen olijfolieflessen te presenteren die de zuiverheid van uw olijfolie aantonen. Of u nu een standaard oliedispenserfles nodig heeft of een volledig op maat gemaakte oplossing, onze glazen flessen zijn verkrijgbaar in diverse maten voor elk gebruik.<\/p><h2>Producteigenschappen<\/h2><ul><li><strong>Vierkant modern ontwerp<\/strong>: Moderne klassengroottes zorgen voor een aantrekkelijkere uitstraling van de schappen en besparen ruimte, waardoor ze ideaal zijn voor de detailhandel.<\/li><li><strong>Helder glas van voedingskwaliteit<\/strong>: Gemaakt van hoogwaardig olieflesglas, zodat klanten de rijke kleur, constructie en smaak van uw olijfolie kunnen zien.<\/li><li><strong>Veilige schroefhals<\/strong>: Compatibel met verschillende DEKSEL-opties, waaronder metaal of kunststof, zorgt voor een lekvrije olijfoliecontainer die eenvoudig kan worden geplaatst.<\/li><li><strong>Meerdere capaciteitsopties<\/strong>: Van grote verpakkingen van 1000 ml voor bulkgebruik tot kleine flesjes van 60 ml voor monsters: wij bieden flexibiliteit om aan uiteenlopende vereisten te voldoen.<\/li><\/ul>\t\t\t\t\t\t\t\t<\/div>\n\t\t\t\t<\/div>\n\t\t\t\t<div class=\"elementor-element elementor-element-920ae84 elementor-widget elementor-widget-text-editor\" data-id=\"920ae84\" data-element_type=\"widget\" data-e-type=\"widget\" data-widget_type=\"text-editor.default\">\n\t\t\t\t<div class=\"elementor-widget-container\">\n\t\t\t\t\t\t\t\t\t<h2>Belangrijkste specificaties:<\/h2><table border=\"0\" width=\"100%\" cellspacing=\"0\" cellpadding=\"0\"><tbody><tr><td class=\"et2\" style=\"text-align: center;\" colspan=\"4\" width=\"100%\" height=\"18\"><strong>Vierkante, heldere glazen olijfoliefles met schroefhals<\/strong><\/td><\/tr><tr><td class=\"et2\" style=\"text-align: left;\" height=\"24\"><strong>Model<\/strong><\/td><td class=\"et2\" style=\"text-align: left;\"><strong>Capaciteit\/ml<\/strong><\/td><td class=\"et2\" style=\"text-align: left;\"><strong>maat\/cm<\/strong><\/td><td class=\"et2\" style=\"text-align: left;\"><strong>binnen-\/buitendiameters\/mm<\/strong><\/td><\/tr><tr><td class=\"et2\" style=\"text-align: center;\" height=\"24\">11006001<\/td><td class=\"et2\">60<\/td><td class=\"et2\">3.5*3.5*12.4<\/td><td class=\"et2\">9.5*18<\/td><\/tr><tr><td class=\"et2\" style=\"text-align: center;\" height=\"18\">11010002<\/td><td class=\"et2\">100<\/td><td class=\"et2\">4.1*4.1*14.0<\/td><td class=\"et2\">13.5*24<\/td><\/tr><tr><td class=\"et2\" style=\"text-align: center;\" height=\"18\">11010003<\/td><td class=\"et2\">100<\/td><td class=\"et2\">4.3*4.3*14.0<\/td><td class=\"et2\">13.5*24<\/td><\/tr><tr><td class=\"et2\" style=\"text-align: center;\" height=\"20\">11015004<\/td><td class=\"et2\">150<\/td><td class=\"et2\">4.9*4.9*15.6<\/td><td class=\"et2\">19*30<\/td><\/tr><tr><td class=\"et2\" style=\"text-align: center;\" height=\"20\">11025005<\/td><td class=\"et2\">250<\/td><td class=\"et2\">4.7*4.7*21.0<\/td><td class=\"et2\">19*30<\/td><\/tr><tr><td class=\"et2\" style=\"text-align: center;\" height=\"20\">11050006<\/td><td class=\"et2\">500<\/td><td class=\"et2\">5.8*5.8*26.4<\/td><td class=\"et2\">19*30<\/td><\/tr><tr><td class=\"et2\" style=\"text-align: center;\" height=\"20\">11075007<\/td><td class=\"et2\">750<\/td><td class=\"et2\">6.5*6.5*30.2<\/td><td class=\"et2\">19*30<\/td><\/tr><tr><td class=\"et2\" style=\"text-align: center;\" height=\"20\">11100008<\/td><td class=\"et2\">1000<\/td><td class=\"et2\">7.4*7.4*30<\/td><td class=\"et2\">19*30<\/td><\/tr><\/tbody><\/table><p>Accessoires: Elke fles wordt geleverd met een schroefhals die compatibel is met verschillende soorten deksels (metaal of kunststof), binnenafdichtingen, schenktuiten (oliedispenser) en buitenfolies. Aanpassingsopties omvatten kleurvariaties voor deksels of etiketten.<\/p><h2>Casestudy:<\/h2><p>Een van onze klanten, een premium oliemerk, zag een stijging van 30% in de online verkoop na de overstap naar onze gepersonaliseerde olijfolieflessen. Ze bestelden grote hoeveelheden van de vierkante glazen olijfoliefles van 500 ml met een gepersonaliseerde dop en schenktuit. De heldere glazen verpakking benadrukte de kwaliteit van hun product en onze betrouwbare verzending zorgde voor een tijdige levering voor hun feestdagencampagne.<\/p><h2>Tips voor maatwerk<\/h2><p>Merken die zich willen onderscheiden, raden we aan om de kleur van het deksel aan te passen aan uw merk of een speciale oliedispenser toe te voegen voor gecontroleerd schenken. Grote bestellingen krijgen groothandelskortingen en we bieden een gratis proefprogramma aan om de glazen oliefles met schenkdeksel te testen voordat u bestelt. Onze maatwerkservices omvatten logo-opdruk en maataanpassingen. Neem contact met ons op en vertel ons wat u nodig hebt.<\/p><p><strong>Bestelgegevens<\/strong>: Plaats vandaag nog uw bestelling voor snelle verzending en levering. Deze glazen olijfolieflessen zijn verkrijgbaar in een heldere afwerking, perfect voor elke toepassing in olijfolieflessen.<\/p>\t\t\t\t\t\t\t\t<\/div>\n\t\t\t\t<\/div>\n\t\t\t\t\t<\/div>\n\t\t\t\t<\/div>\n\t\t\t\t<\/div>","protected":false},"excerpt":{"rendered":"<p>Mi\u00f3d zachowuje \u015bwie\u017co\u015b\u0107 przez d\u0142ugi czas, wspomaga zarz\u0105dzanie zapasami.<\/p>","protected":false},"featured_media":21837,"template":"","meta":[],"product_brand":[],"product_cat":[122,123],"product_tag":[],"class_list":{"0":"post-21833","1":"product","2":"type-product","3":"status-publish","4":"has-post-thumbnail","6":"product_cat-custom-glass-packaging","7":"product_cat-custom-glass-bottles","9":"first","10":"instock","11":"shipping-taxable","12":"product-type-simple"},"jetpack_sharing_enabled":true,"_links":{"self":[{"href":"https:\/\/yebodaglass.com\/nl\/wp-json\/wp\/v2\/product\/21833","targetHints":{"allow":["GET"]}}],"collection":[{"href":"https:\/\/yebodaglass.com\/nl\/wp-json\/wp\/v2\/product"}],"about":[{"href":"https:\/\/yebodaglass.com\/nl\/wp-json\/wp\/v2\/types\/product"}],"version-history":[{"count":5,"href":"https:\/\/yebodaglass.com\/nl\/wp-json\/wp\/v2\/product\/21833\/revisions"}],"predecessor-version":[{"id":21848,"href":"https:\/\/yebodaglass.com\/nl\/wp-json\/wp\/v2\/product\/21833\/revisions\/21848"}],"wp:featuredmedia":[{"embeddable":true,"href":"https:\/\/yebodaglass.com\/nl\/wp-json\/wp\/v2\/media\/21837"}],"wp:attachment":[{"href":"https:\/\/yebodaglass.com\/nl\/wp-json\/wp\/v2\/media?parent=21833"}],"wp:term":[{"taxonomy":"product_brand","embeddable":true,"href":"https:\/\/yebodaglass.com\/nl\/wp-json\/wp\/v2\/product_brand?post=21833"},{"taxonomy":"product_cat","embeddable":true,"href":"https:\/\/yebodaglass.com\/nl\/wp-json\/wp\/v2\/product_cat?post=21833"},{"taxonomy":"product_tag","embeddable":true,"href":"https:\/\/yebodaglass.com\/nl\/wp-json\/wp\/v2\/product_tag?post=21833"}],"curies":[{"name":"wp","href":"https:\/\/api.w.org\/{rel}","templated":true}]}}