{"id":24588,"date":"2025-12-24T14:14:57","date_gmt":"2025-12-24T06:14:57","guid":{"rendered":"https:\/\/yebodaglass.com\/?post_type=product&#038;p=24588"},"modified":"2025-12-25T10:18:26","modified_gmt":"2025-12-25T02:18:26","slug":"borosilicate-glass-jars-with-lids-and-spoons-bulk","status":"publish","type":"product","link":"https:\/\/yebodaglass.com\/ko\/borosilicate-glass-jars-with-lids-and-spoons-bulk\/","title":{"rendered":"300ml, 350ml, 450ml \ubd95\uaddc\uc0b0 \uc720\ub9ac\ubcd1 (\ub69c\uaed1 \ubc0f \uc2a4\ud47c \ud3ec\ud568) \ub300\ub7c9 \ud310\ub9e4"},"content":{"rendered":"<p data-start=\"66\" data-end=\"288\">\ub69c\uaed1\uacfc \uc21f\uac00\ub77d\uc774 \ud3ec\ud568\ub41c \uc774 \uc720\ub9ac\ubcd1\uc740 \uc804\uccb4\uac00 \ubd95\uaddc\uc0b0 \uc720\ub9ac\ub85c \ub9cc\ub4e4\uc5b4\uc84c\uc2b5\ub2c8\ub2e4. \uc6d0\ud1b5\ud615 \ubaa8\uc591\uc5d0 \uc5f0\ud55c \ubca0\uc774\uc9c0\uc0c9 \ub300\ub098\ubb34 \ub69c\uaed1\uacfc \uc21f\uac00\ub77d\uc774 \ud568\uaed8 \uc81c\uacf5\ub418\uc5b4 \uc0ac\uc6a9\uc774 \uac04\ud3b8\ud569\ub2c8\ub2e4.<\/p>\n<h2>\uc81c\ud488 \ud2b9\uc9d5<\/h2>\n<ul>\n<li><strong>\ub69c\uaed1\uacfc \uc21f\uac00\ub77d\uc774 \uacb0\ud569\ub41c \uad6c\uc870:<\/strong> \ub69c\uaed1 \uc911\uc559\uc5d0 \ub300\ub098\ubb34 \uc21f\uac00\ub77d\uc774 \ubd80\ucc29\ub418\uc5b4 \uc788\uc5b4, \uc2dd\uae30\ub97c \uc783\uc5b4\ubc84\ub9ac\uc9c0 \uc54a\uace0 \ub354\uc6b1 \uac04\ud3b8\ud558\uac8c \uc0ac\uc6a9\ud560 \uc218 \uc788\uc2b5\ub2c8\ub2e4.<\/li>\n<li><strong>\ubd95\uaddc\uc0b0 \uc720\ub9ac:<\/strong> \ubd95\uaddc\uc0b0 \uc720\ub9ac\ub294 \ub0b4\uc5f4\uc131(-20\u00b0C ~ 150\u00b0C)\uc774 \ub6f0\uc5b4\ub098\uace0 \uae68\uc9c0\uc9c0 \uc54a\uc73c\uba70 \uc7ac\uc0ac\uc6a9\uc774 \uac00\ub2a5\ud569\ub2c8\ub2e4.<\/li>\n<li><strong>\ud0c1\uc6d4\ud55c \ubc00\ud3d0\ub825\uc744 \uc790\ub791\ud558\ub294 \ub300\ub098\ubb34 \ub69c\uaed1:<\/strong> \uc774 \uc720\ub9ac\ubcd1\uc740 \ubc00\ubd09 \ub9c1\uc774 \ub0b4\uc7a5\ub41c \uc5f0\ud55c \ubca0\uc774\uc9c0\uc0c9 \ub300\ub098\ubb34 \ub69c\uaed1\uc774 \uc788\uc5b4 \uac74\uc870 \uc2dd\ud488\uc744 \ubcf4\uad00\ud558\uae30\uc5d0 \ud6a8\uacfc\uc801\uc785\ub2c8\ub2e4.<\/li>\n<\/ul>\n<h2 style=\"text-align: left;\">\uc8fc\uc694 \uc0ac\uc591<\/h2>\n<table class=\"aligncenter\" style=\"border-collapse: collapse; width: 528.02pt;\" border=\"0\" width=\"704\" cellspacing=\"0\" cellpadding=\"0\">\n<tbody>\n<tr style=\"height: 13.50pt;\">\n<td style=\"height: 13.50pt; width: 135.00pt;\" width=\"180\" height=\"18\">\uae30\uc778\ud558\ub2e4<\/td>\n<td style=\"width: 393.00pt;\" width=\"524\">\uc138\ubd80<\/td>\n<\/tr>\n<tr style=\"height: 13.50pt;\">\n<td style=\"height: 13.50pt;\" height=\"18\">\uce58\uc218<\/td>\n<td>300ml: 6.5\u00d710cm; 350ml: 6.5\u00d712cm; 450ml: 6.5\u00d715cm<\/td>\n<\/tr>\n<tr style=\"height: 13.50pt;\">\n<td style=\"height: 13.50pt;\" height=\"18\">\uc7ac\ub8cc<\/td>\n<td>\uace0\ubd95\uaddc\uc0b0 \uc720\ub9ac, \ub300\ub098\ubb34<\/td>\n<\/tr>\n<tr style=\"height: 13.50pt;\">\n<td style=\"height: 13.50pt;\" height=\"18\">\ud56d\uc544\ub9ac \ubaa8\uc591<\/td>\n<td>\uc9c1\uc120\ud615 \uc6d0\uae30\ub465 \ubaa8\uc591, \ub9e4\ub044\ub7ec\uc6b4 \ub0b4\ubcbd, \ud3c9\ud3c9\ud55c \uc6d0\ud615 \ubc14\ub2e5<\/td>\n<\/tr>\n<tr style=\"height: 13.50pt;\">\n<td style=\"height: 13.50pt;\" height=\"18\">\ub69c\uaed1 \uc720\ud615<\/td>\n<td>\uc5f0\ud55c \ubca0\uc774\uc9c0\uc0c9 \ub300\ub098\ubb34 \uc18c\uc7ac\uc758 \ub0a9\uc791\ud55c \ub69c\uaed1<\/td>\n<\/tr>\n<tr style=\"height: 13.50pt;\">\n<td style=\"height: 13.50pt;\" height=\"18\">\ubd95\uaddc\uc0b0 \uc720\ub9ac \uc18c\uc7ac\uc758 \ud2b9\uc9d5<\/td>\n<td>\ub192\uc740 \ud22c\uba85\ub3c4, \ud0c1\uc6d4\ud55c \ub0b4\uc5f4\uc131<\/td>\n<\/tr>\n<tr style=\"height: 13.50pt;\">\n<td style=\"height: 13.50pt;\" height=\"18\">\uc774\uc0c1\uc801<\/td>\n<td>\ub69c\uaed1\uacfc \uc21f\uac00\ub77d\uc774 \uc788\ub294 \uc720\ub9ac\ubcd1, \ub69c\uaed1\uc774 \uc788\ub294 \uc720\ub9ac\ubcd1<\/td>\n<\/tr>\n<\/tbody>\n<\/table>\n<h2>\uc131\uacf5 \uc0ac\ub840: \uc720\ud1b5\uc5c5\uccb4\uc758 \uae09\uc18d\ud55c \uc131\uc7a5<\/h2>\n<p>\ud55c \uc9c0\uc5ed \uc8fc\ubc29\uc6a9\ud488 \ubc0f \uc2dd\ud488 \uacf5\uae09\uc5c5\uccb4\ub294 \ucc98\uc74c\uc5d0 \ub69c\uaed1\uacfc \uc2a4\ud47c\uc774 \ud3ec\ud568\ub41c \uc720\ub9ac\ubcd1 4,000\uac1c\ub97c \uc8fc\ubb38\ud588\uc2b5\ub2c8\ub2e4. \uc2dc\uc7a5 \ubc18\uc751\uc740 \ub9e4\uc6b0 \uae0d\uc815\uc801\uc774\uc5c8\uc2b5\ub2c8\ub2e4. \uccab\uc9f8, \uace0\ud488\uc9c8 \ubd95\uaddc\uc0b0 \uc720\ub9ac \ub355\ubd84\uc5d0 \uc2dd\ud488\uc758 \uc720\ud1b5\uae30\ud55c\uc774 43% \uc99d\uac00\ud588\uace0, \ub458\uc9f8, \ub6f0\uc5b4\ub09c \ubc00\ud3d0\uc131\uc73c\ub85c \ud30c\uc190\uc728\uc774 39% \uac10\uc18c\ud588\uc2b5\ub2c8\ub2e4. \uc774\ub7ec\ud55c \uacb0\uacfc\ub97c \ubc14\ud0d5\uc73c\ub85c \ud574\ub2f9 \uc720\ud1b5\uc5c5\uccb4\ub294 \ub69c\uaed1\uc774 \ud3ec\ud568\ub41c \uc720\ub9ac\ubcd1 32\ub9cc \uac1c\ub97c \ucd94\uac00\ub85c \uc8fc\ubb38\ud588\uc2b5\ub2c8\ub2e4.<\/p>\n<h2>\ub69c\uaed1\uc774 \uc788\ub294 \uc720\ub9ac\ubcd1 \ub9de\ucda4 \uc81c\uc791 \uc81c\uc548<\/h2>\n<ul>\n<li>\ud68c\uc0ac \ub85c\uace0\uac00 \uc0c8\uaca8\uc9c4 \uc21f\uac00\ub77d \uc190\uc7a1\uc774: \ub808\uc774\uc800 \uac01\uc778\uc744 \uc774\uc6a9\ud558\uc5ec \ub300\ub098\ubb34 \uc21f\uac00\ub77d \uc190\uc7a1\uc774\uc5d0 \ud68c\uc0ac \ub85c\uace0\ub97c \uc0c8\uaca8 \ub123\uc73c\uc138\uc694.<\/li>\n<li>\ubc14\ub2e5\uba74\uc758 \uc9c8\uac10: \ubcd1 \ubc14\ub2e5\uc5d0\ub294 \ubbf8\uc138\ud55c \uaca9\uc790 \ubb34\ub2ac\uac00 \uc0c8\uaca8\uc838 \uc788\uc5b4 \ub9e4\ub044\ub7ec\uc6b4 \uc8fc\ubc29 \uc870\ub9ac\ub300\uc5d0\uc11c\ub3c4 \ubbf8\ub044\ub7ec\uc9c0\uc9c0 \uc54a\uace0 \uc548\uc815\uc801\uc73c\ub85c \uc7a1\uc744 \uc218 \uc788\uc2b5\ub2c8\ub2e4.<\/li>\n<li>\uc2a4\ud47c \ud06c\uae30 \uc635\uc158: \ub2e4\uc591\ud55c \ud06c\uae30\uc758 \uc2a4\ud47c(\uc608: 300ml \ubbf8\ub2c8 \uc2a4\ud47c)\uc744 \uc635\uc158 \uc561\uc138\uc11c\ub9ac\ub85c \uad6c\ub9e4\ud558\uc2e4 \uc218 \uc788\uc2b5\ub2c8\ub2e4.<\/li>\n<li>\uc5bc\ub8e9 \ubc29\uc9c0 \ucf54\ud305: \uc6a9\uae30 \ub0b4\ubd80 \ubcbd\uba74\uc5d0 \uc2dd\ud488 \ub4f1\uae09\uc758 \ud22c\uba85 \ucf54\ud305\uc774 \ub418\uc5b4 \uc788\uc5b4 \ud5a5\uc2e0\ub8cc\ub098 \uc5b4\ub450\uc6b4 \uc0c9 \uc2dd\ud488\uc73c\ub85c \uc778\ud55c \uc5bc\ub8e9\uc744 \ubc29\uc9c0\ud569\ub2c8\ub2e4.<\/li>\n<li>\ubd88\ud22c\uba85 \ub77c\ubca8 \uc601\uc5ed: \uc81c\ud488 \ub77c\ubca8\uc744 \ubd80\ucc29\ud558\ub294 \uc9c1\uc0ac\uac01\ud615 \ubaa8\uc591\uc758 \ubd88\ud22c\uba85\ud55c \uc601\uc5ed\uc785\ub2c8\ub2e4.<\/li>\n<\/ul>","protected":false},"excerpt":{"rendered":"<p dir=\"auto\">Bulk glass jar with lid and spoon offering glass jars with lid in transparent borosilicate, minimalist bamboo elements, gradient sizes. Bulk order discounts.<\/p>","protected":false},"featured_media":24596,"template":"","meta":[],"product_brand":[],"product_cat":[122,124,137],"product_tag":[],"class_list":{"0":"post-24588","1":"product","2":"type-product","3":"status-publish","4":"has-post-thumbnail","6":"product_cat-custom-glass-packaging","7":"product_cat-custom-glass-jars","8":"product_cat-glass-jars-with-lids","10":"first","11":"instock","12":"shipping-taxable","13":"product-type-simple"},"jetpack_sharing_enabled":true,"_links":{"self":[{"href":"https:\/\/yebodaglass.com\/ko\/wp-json\/wp\/v2\/product\/24588","targetHints":{"allow":["GET"]}}],"collection":[{"href":"https:\/\/yebodaglass.com\/ko\/wp-json\/wp\/v2\/product"}],"about":[{"href":"https:\/\/yebodaglass.com\/ko\/wp-json\/wp\/v2\/types\/product"}],"version-history":[{"count":4,"href":"https:\/\/yebodaglass.com\/ko\/wp-json\/wp\/v2\/product\/24588\/revisions"}],"predecessor-version":[{"id":24610,"href":"https:\/\/yebodaglass.com\/ko\/wp-json\/wp\/v2\/product\/24588\/revisions\/24610"}],"wp:featuredmedia":[{"embeddable":true,"href":"https:\/\/yebodaglass.com\/ko\/wp-json\/wp\/v2\/media\/24596"}],"wp:attachment":[{"href":"https:\/\/yebodaglass.com\/ko\/wp-json\/wp\/v2\/media?parent=24588"}],"wp:term":[{"taxonomy":"product_brand","embeddable":true,"href":"https:\/\/yebodaglass.com\/ko\/wp-json\/wp\/v2\/product_brand?post=24588"},{"taxonomy":"product_cat","embeddable":true,"href":"https:\/\/yebodaglass.com\/ko\/wp-json\/wp\/v2\/product_cat?post=24588"},{"taxonomy":"product_tag","embeddable":true,"href":"https:\/\/yebodaglass.com\/ko\/wp-json\/wp\/v2\/product_tag?post=24588"}],"curies":[{"name":"wp","href":"https:\/\/api.w.org\/{rel}","templated":true}]}}