{"id":23171,"date":"2025-11-04T13:56:22","date_gmt":"2025-11-04T05:56:22","guid":{"rendered":"https:\/\/yebodaglass.com\/?post_type=product&#038;p=23171"},"modified":"2026-04-13T14:04:07","modified_gmt":"2026-04-13T06:04:07","slug":"wholesale-empty-glass-bbq-sauce-bottles-packaging-supplier","status":"publish","type":"product","link":"https:\/\/yebodaglass.com\/ko\/wholesale-empty-glass-bbq-sauce-bottles-packaging-supplier\/","title":{"rendered":"\ub3c4\ub9e4 \ube48 \uc720\ub9ac \ubc14\ubca0\ud050 \uc18c\uc2a4 \ubcd1 250ml 410ml 485ml"},"content":{"rendered":"<p>\uc774 \ubc14\ube44\ud050 \uc18c\uc2a4 \ubcd1\uc740 \ud604\ub300\uc801\uc778 \ub514\uc790\uc778\uc744 \uc790\ub791\ud558\uba70, \uc2dd\ud488 \ub4f1\uae09\uc758 \ud22c\uba85\ud55c \uc720\ub9ac\ub85c \uc6d0\ubfd4\ud615\uc744 \ub9cc\ub4e4\uace0 \ub2e4\uc591\ud55c \uc0c9\uc0c1\uc758 \ud50c\ub77c\uc2a4\ud2f1 \ub69c\uaed1\uc744 \uc0ac\uc6a9\ud588\uc2b5\ub2c8\ub2e4. \ud3b8\uc548\ud55c \uadf8\ub9bd\uac10\uc744 \uc81c\uacf5\ud558\uc5ec \uc561\uccb4\ub97c \ub530\ub97c \ub54c \ud758\ub9ac\uc9c0 \uc54a\ub3c4\ub85d \ubc29\uc9c0\ud569\ub2c8\ub2e4.<\/p>\n<h2>\uc81c\ud488 \ud2b9\uc9d5<\/h2>\n<ul>\n<li><strong>\uc6d0\ubfd4\ud615 \uc720\uc120\ud615 \ub514\uc790\uc778:<\/strong> \uc717\ubd80\ubd84\uc774 \uc881\uace0 \uc544\ub7ab\ubd80\ubd84\uc774 \ub113\uc740 \uc6d0\ubfd4\ud615 \ubaa8\uc591 \ub355\ubd84\uc5d0 \uc0ac\uc6a9\uc790\ub294 \uc561\uccb4\ub97c \ubd80\ub4dc\ub7fd\uac8c \ub530\ub97c \uc218 \uc788\uc73c\uba70, \uc18c\uc2a4 \ub0ad\ube44\ub97c \uc904\uc774\uace0 \uc791\uc5c5 \ud6a8\uc728\uc131\uc744 \ub192\uc77c \uc218 \uc788\uc2b5\ub2c8\ub2e4.<\/li>\n<li><strong>\uc2dd\ud488 \ub4f1\uae09\uc758 \uace0\ud22c\uba85 \uc720\ub9ac:<\/strong> \uc774 \ubcd1\uc740 \ub0a9\uc774 \ud568\uc720\ub418\uc9c0 \uc54a\uc740 \uc2dd\ud488 \ub4f1\uae09 \uc720\ub9ac\ub85c \ub9cc\ub4e4\uc5b4\uc838 \ud22c\uba85\ub3c4\uac00 \ub192\uace0 \uc18c\uc2a4\uc758 \uc0c9\uae54\uc744 \uc798 \ubcf4\uc5ec\uc8fc\uba70, \uc548\uc804\ud558\uace0 \ubb34\ucde8\uc785\ub2c8\ub2e4. \ub610\ud55c \uc138\ucc99\uc774 \uac04\ud3b8\ud558\uace0 \uc5ec\ub7ec \ubc88 \uc7ac\uc0ac\uc6a9\ud560 \uc218 \uc788\uc2b5\ub2c8\ub2e4.<\/li>\n<li><strong>\ub2e4\uc591\ud55c \uc0c9\uc0c1\uc758 \ucea1\uc744 \uad6c\ub9e4\ud558\uc2e4 \uc218 \uc788\uc2b5\ub2c8\ub2e4.<\/strong> \ube68\uac15, \ub178\ub791, \uae08\uc0c9 \ubc0f \uae30\ud0c0 \uc0c9\uc0c1\uc744 \ud3ec\ud568\ud558\ub294 \ub69c\uaed1\uc740 \ub098\uc0ac\uc2dd \ubc00\ubd09 \ubc29\uc2dd\uc744 \uc0ac\uc6a9\ud558\uc5ec \uc18c\uc2a4\uc758 \uc2e0\uc120\ub3c4\ub97c \uc720\uc9c0\ud569\ub2c8\ub2e4.<\/li>\n<\/ul>\n<h2 style=\"text-align: left;\">\uc8fc\uc694 \uc0ac\uc591<\/h2>\n<table class=\"aligncenter\" style=\"border-collapse: collapse; width: 506.27pt;\" border=\"0\" width=\"675\" cellspacing=\"0\" cellpadding=\"0\">\n<tbody>\n<tr style=\"height: 13.50pt;\">\n<td style=\"height: 13.50pt; width: 109.50pt;\" width=\"146\" height=\"18\">\ud2b9\uc9d5<\/td>\n<td style=\"width: 396.75pt;\" width=\"529\">\uc0ac\uc591<\/td>\n<\/tr>\n<tr style=\"height: 13.50pt;\">\n<td style=\"height: 13.50pt;\" height=\"18\">\uc6a9\ub7c9<\/td>\n<td>250ml, 410ml, 485ml<\/td>\n<\/tr>\n<tr style=\"height: 13.50pt;\">\n<td style=\"height: 13.50pt;\" height=\"18\">\uce58\uc218(D\u00d7H)<\/td>\n<td>5.6\u00d721.5cm, 6.4\u00d724.4cm, 6.6\u00d726cm<\/td>\n<\/tr>\n<tr style=\"height: 13.50pt;\">\n<td style=\"height: 13.50pt;\" height=\"18\">\ubaa8\uc591<\/td>\n<td>\ud14c\uc774\ud37c\ud615 \uc6d0\ud1b5\ud615<\/td>\n<\/tr>\n<tr style=\"height: 13.50pt;\">\n<td style=\"height: 13.50pt;\" height=\"18\">\uc7ac\ub8cc<\/td>\n<td>\ud22c\uba85 \uc720\ub9ac \uc2a4\ud0c0\uc6b0\ud2b8, \uc2dd\ud488 \uc548\uc804, \ub450\uaebc\uc6b4 \ubcbd<\/td>\n<\/tr>\n<tr style=\"height: 13.50pt;\">\n<td style=\"height: 13.50pt;\" height=\"18\">\ud3d0\uc1c4<\/td>\n<td>\ube68\uac04\uc0c9, \ub178\ub780\uc0c9 \ub610\ub294 \uae08\uc0c9 \ub098\uc0ac \ucea1<\/td>\n<\/tr>\n<tr style=\"height: 13.50pt;\">\n<td style=\"height: 13.50pt;\" height=\"18\">\uac00\uc7a5 \uc801\ud569\ud55c<\/td>\n<td>\ub9e4\uc6b4 \uc18c\uc2a4, \ubc14\ube44\ud050 \uc18c\uc2a4, \uc2dd\ucd08, \ub4dc\ub808\uc2f1, \uc624\uc77c<\/td>\n<\/tr>\n<tr style=\"height: 13.50pt;\">\n<td style=\"height: 13.50pt;\" height=\"18\">\uc774\uc0c1\uc801\uc778 \uc0ac\uc6a9<\/td>\n<td>\ub9e4\uc6b4 \uc18c\uc2a4 \ubcd1, \ubc14\ube44\ud050 \uc18c\uc2a4 \ubcd1, \uc870\ubbf8\ub8cc \uc720\ub9ac \ubcd1<\/td>\n<\/tr>\n<\/tbody>\n<\/table>\n<h2>\uc131\uacf5 \uc0ac\ub840: \ub0a8\ubd80 \ubc14\ube44\ud050 \uc18c\uc2a4 \ube0c\ub79c\ub4dc\uc758 \ud575\uc2ec \uc81c\ud488 \ub77c\uc778<\/h2>\n<p>\ubbf8\uad6d \ub0a8\ubd80\uc758 \ud55c \ubc14\ube44\ud050 \uc18c\uc2a4 \ube0c\ub79c\ub4dc\uac00 \uc800\ud76c 12\uc628\uc2a4 \uc720\ub9ac \uc18c\uc2a4\ubcd1\uc744 \uc120\ud0dd\ud558\uace0, \ub204\uc218 \ubc29\uc9c0 \ub178\uc990\uacfc \uc2a4\ud06c\ub9b0 \uc778\uc1c4\ub41c \ub9e4\uc6b4\ub9db \ud45c\uc2dc\ub97c \ucd94\uac00\ud574 \ub2ec\ub77c\uace0 \uc694\uccad\ud588\uc2b5\ub2c8\ub2e4. \ub9de\ucda4 \uc81c\uc791\ub41c \uc720\ub9ac \uc18c\uc2a4\ubcd1\uc740 \uc0c1\ub2f9\ud55c \ud6a8\uacfc\ub97c \uac00\uc838\uc654\uc2b5\ub2c8\ub2e4. \ub204\uc218 \ubc29\uc9c0 \ub178\uc990 \ub355\ubd84\uc5d0 \uc18c\ube44\uc790\uc758 \uc18c\uc2a4 \ud758\ub9bc \ubd88\ub9cc\uc774 25% \uac10\uc18c\ud588\uace0, \ub3c5\ud2b9\ud55c \ubcd1 \ub514\uc790\uc778\uc740 \ube0c\ub79c\ub4dc \uc790\uc0b0\uc73c\ub85c \uc791\uc6a9\ud558\uc5ec \ube0c\ub79c\ub4dc \uc778\uc9c0\ub3c4\ub97c 35% \ud5a5\uc0c1\uc2dc\ucf30\uc2b5\ub2c8\ub2e4. \uc774 \ube0c\ub79c\ub4dc\ub294 \ud070 \uc131\uacf5\uc744 \uac70\ub450\uc5c8\uace0, \uc774\ud6c4 \uc0c8\ub85c\uc6b4 \uac74\uc870 \uc7ac\ub8cc \ubc0f \uc18c\uc2a4 \ub77c\uc778 \ucd9c\uc2dc\ub97c \uc704\ud574 75\ub9cc \ubcd1\uc744 \ucd94\uac00 \uc8fc\ubb38\ud588\uc2b5\ub2c8\ub2e4.<\/p>\n<h2>\uc720\ub9ac \uc18c\uc2a4\ubcd1\uc5d0 \ub300\ud55c \uc0ac\uc6a9\uc790 \uc815\uc758 \uc635\uc158<\/h2>\n<ul>\n<li><strong>\uc11c\ub9ac \uc7a5\uc2dd \uc904\ubb34\ub2ac:<\/strong> \ud22c\uba85\ud55c \uc720\ub9ac\uc5d0 \uc218\ud3c9 \ub610\ub294 \uc218\uc9c1\uc758 \ubd88\ud22c\uba85 \uc904\ubb34\ub2ac\ub97c \ub9cc\ub4dc\ub294 \uc0b0 \uc5d0\uce6d \ubc29\ubc95\uc744 \uc0ac\uc6a9\ud558\uba74 \uc815\uad50\ud558\uace0 \uc138\ub828\ub41c \ubaa8\uc2b5\uc744 \uc5bb\uc744 \uc218 \uc788\uc2b5\ub2c8\ub2e4.<\/li>\n<li><strong>\uc2a4\ud14c\uc778\ub4dc \uae00\ub77c\uc2a4 \ubcd1\ubaa9:<\/strong> \uc0dd\uc0b0 \uc2dc\uc5d0\ub294 \uace0\uae09\uc2a4\ub7fd\uace0 \ub3c5\ud2b9\ud55c \uc2dc\uac01\uc801 \ud6a8\uacfc\ub97c \uc704\ud574 \ubaa9 \uc8fc\uc704\uc5d0 \uceec\ub7ec \uc720\ub9ac \ub9c1\uc744 \uc9c0\uc815\ud558\uace0 \ub77c\ubca8\uc744 \uc81c\uac70\ud588\uc2b5\ub2c8\ub2e4.<\/li>\n<li><strong>\uc77c\uccb4\ud615 \ubc29\uc6b8 \ubc29\uc9c0 \ub178\uc990:<\/strong> \ubcd1 \uc785\uad6c\uc5d0 \uaf2d \ub9de\uac8c \uc81c\uc791\ub41c \uc815\ubc00 \ud50c\ub77c\uc2a4\ud2f1 \uc870\uac01\uc73c\ub85c, \ud56d\uc0c1 \ubd93\ub294 \ub3d9\uc548 \uae68\ub057\ud558\uace0 \ud758\ub7ec\ub0b4\ub9bc\uc774 \uc5c6\uc2b5\ub2c8\ub2e4.<\/li>\n<\/ul>","protected":false},"excerpt":{"rendered":"<p>\ud14c\uc774\ud37c\ud615 \ub514\uc790\uc778\uacfc \ub69c\uaed1\uc774 \uc788\ub294 \ub0b4\uad6c\uc131 \uc88b\uc740 \uc720\ub9ac \uc18c\uc2a4\ubcd1\uc785\ub2c8\ub2e4. \ud56b\uc18c\uc2a4 \ube0c\ub79c\ub529\uc5d0 \uc644\ubcbd\ud55c \ubc14\ube44\ud050 \uc18c\uc2a4\ubcd1\uc785\ub2c8\ub2e4. \ub9de\ucda4 \ub85c\uace0 \uc81c\uc791 \ubc0f \ube60\ub978 \ubc30\uc1a1\uc774 \uac00\ub2a5\ud569\ub2c8\ub2e4.<\/p>","protected":false},"featured_media":23174,"template":"","meta":[],"product_brand":[],"product_cat":[129,123,122],"product_tag":[],"class_list":{"0":"post-23171","1":"product","2":"type-product","3":"status-publish","4":"has-post-thumbnail","6":"product_cat-hot-sauce-bottles","7":"product_cat-custom-glass-bottles","8":"product_cat-custom-glass-packaging","10":"first","11":"instock","12":"shipping-taxable","13":"product-type-simple"},"jetpack_sharing_enabled":true,"_links":{"self":[{"href":"https:\/\/yebodaglass.com\/ko\/wp-json\/wp\/v2\/product\/23171","targetHints":{"allow":["GET"]}}],"collection":[{"href":"https:\/\/yebodaglass.com\/ko\/wp-json\/wp\/v2\/product"}],"about":[{"href":"https:\/\/yebodaglass.com\/ko\/wp-json\/wp\/v2\/types\/product"}],"version-history":[{"count":5,"href":"https:\/\/yebodaglass.com\/ko\/wp-json\/wp\/v2\/product\/23171\/revisions"}],"predecessor-version":[{"id":25761,"href":"https:\/\/yebodaglass.com\/ko\/wp-json\/wp\/v2\/product\/23171\/revisions\/25761"}],"wp:featuredmedia":[{"embeddable":true,"href":"https:\/\/yebodaglass.com\/ko\/wp-json\/wp\/v2\/media\/23174"}],"wp:attachment":[{"href":"https:\/\/yebodaglass.com\/ko\/wp-json\/wp\/v2\/media?parent=23171"}],"wp:term":[{"taxonomy":"product_brand","embeddable":true,"href":"https:\/\/yebodaglass.com\/ko\/wp-json\/wp\/v2\/product_brand?post=23171"},{"taxonomy":"product_cat","embeddable":true,"href":"https:\/\/yebodaglass.com\/ko\/wp-json\/wp\/v2\/product_cat?post=23171"},{"taxonomy":"product_tag","embeddable":true,"href":"https:\/\/yebodaglass.com\/ko\/wp-json\/wp\/v2\/product_tag?post=23171"}],"curies":[{"name":"wp","href":"https:\/\/api.w.org\/{rel}","templated":true}]}}