{"id":23155,"date":"2025-11-04T10:53:15","date_gmt":"2025-11-04T02:53:15","guid":{"rendered":"https:\/\/yebodaglass.com\/?post_type=product&#038;p=23155"},"modified":"2026-03-25T11:24:10","modified_gmt":"2026-03-25T03:24:10","slug":"custom-clear-glass-hot-sauce-bottles-bulk","status":"publish","type":"product","link":"https:\/\/yebodaglass.com\/ko\/custom-clear-glass-hot-sauce-bottles-bulk\/","title":{"rendered":"250ml 350ml 500ml \ub9de\ucda4\ud615 \ud22c\uba85 \uc720\ub9ac \ub9e4\uc6b4 \uc18c\uc2a4 \ubcd1 \ub300\ub7c9 \ud310\ub9e4"},"content":{"rendered":"<p>\uc774 \uc18c\uc2a4\ubcd1\ub4e4\uc740 \uae54\ub054\ud558\uace0 \ub465\uadfc \uc6d0\ud1b5\ud615 \ubaa8\uc591\uc5d0 \uac00\ub290\ub2e4\ub780 \ubaa9\uc744 \uac00\uc9c0\uace0 \uc788\uc2b5\ub2c8\ub2e4. \ubcd1\uc740 \ud22c\uba85\ud55c \uc720\ub9ac\ub85c \ub9cc\ub4e4\uc5b4\uc84c\uc73c\uba70, \ubaa9 \ubd80\ubd84\uc740 \ud0ed\uc73c\ub85c \ub9c8\uac10\ub418\uc5c8\uace0 \ub69c\uaed1\uc740 \uac80\uc815\uc0c9, \ube68\uac04\uc0c9 \ub610\ub294 \uae08\uc0c9\uc758 \uc2a4\ud06c\ub958 \ucea1\uc73c\ub85c \ub418\uc5b4 \uc788\uc2b5\ub2c8\ub2e4.<\/p>\n<h2>\uc81c\ud488 \ud2b9\uc9d5<\/h2>\n<ul>\n<li><strong>\ub192\uc740 \ud22c\uba85\ub3c4\uc758 \uc6d0\ud1b5\ud615 \uc720\ub9ac:<\/strong> \ud22c\uba85\ud55c \uc6d0\ud1b5\ud615 \uc720\ub9ac \uc6a9\uae30\ub294 \ub0b4\uc6a9\ubb3c\uc774 \uc644\ubcbd\ud558\uac8c \ud22c\uba85\ud558\uc5ec \uc81c\ud488\uc758 \uc0c9\uc0c1, \uc9c8\uac10, \ud488\uc9c8\uc744 \uc989\uc2dc \ubcf4\uc5ec\uc8fc\ubbc0\ub85c \uc2dc\uac01\uc801 \ub9e4\ub825\uc744 \ud55c\uce35 \ub192\uc5ec\uc90d\ub2c8\ub2e4.<\/li>\n<li><strong>\ub2e4\uc591\ud55c \uc0c9\uc0c1\uc758 \ub098\uc0ac \ub69c\uaed1\uc744 \uc120\ud0dd\ud560 \uc218 \uc788\uc2b5\ub2c8\ub2e4.<\/strong> \uc2a4\ud06c\ub958 \ucea1\uc740 \uc720\uc5f0\ud55c \ud3ec\uc7a5 \ub9de\ucda4 \uc81c\uc791 \uc694\uad6c \uc0ac\ud56d\uc5d0 \ub9de\ucdb0 \uac80\uc815\uc0c9, \ube68\uac04\uc0c9, \uae08\uc0c9 \ub4f1 \ub2e4\uc591\ud55c \uc0c9\uc0c1\uc73c\ub85c \uc81c\uacf5\ub429\ub2c8\ub2e4.<\/li>\n<li><strong>\ubc00\ud3d0\ud615 \ubc0f \ub204\uc218 \ubc29\uc9c0 \uc124\uacc4:<\/strong> \ub098\uc0ac\uc2dd \ub69c\uaed1\uc740 \ubcd1\ubaa9\uc5d0 \ub2e8\ub2e8\ud788 \uace0\uc815\ub418\uc5b4 \ub6f0\uc5b4\ub09c \ubc00\ubd09 \uc131\ub2a5\uacfc \uc81c\ud488\uc758 \uae34 \uc720\ud1b5\uae30\ud55c\uc744 \uc81c\uacf5\ud569\ub2c8\ub2e4.<\/li>\n<\/ul>\n<h2 style=\"text-align: left;\">\uc8fc\uc694 \uc0ac\uc591<\/h2>\n<table class=\"aligncenter\" style=\"border-collapse: collapse; width: 388.52pt;\" border=\"0\" width=\"518\" cellspacing=\"0\" cellpadding=\"0\">\n<tbody>\n<tr style=\"height: 13.50pt;\">\n<td style=\"height: 13.50pt; width: 109.50pt;\" width=\"146\" height=\"18\">\ud2b9\uc9d5<\/td>\n<td style=\"width: 279.00pt;\" width=\"372\">\uc0ac\uc591<\/td>\n<\/tr>\n<tr style=\"height: 13.50pt;\">\n<td style=\"height: 13.50pt;\" height=\"18\">\uc6a9\ub7c9<\/td>\n<td>250ml(8oz), 350ml(12oz), 500ml(17oz)<\/td>\n<\/tr>\n<tr style=\"height: 13.50pt;\">\n<td style=\"height: 13.50pt;\" height=\"18\">\uce58\uc218(D\u00d7H)<\/td>\n<td>5.6\u00d718.8cm, 6.3\u00d717.1cm, 7.1\u00d719.1cm<\/td>\n<\/tr>\n<tr style=\"height: 13.50pt;\">\n<td style=\"height: 13.50pt;\" height=\"18\">\uc7ac\ub8cc<\/td>\n<td>\ud22c\uba85 \uc720\ub9ac \uc2a4\ud0c0\uc6b0\ud2b8, \uc2dd\ud488 \ub4f1\uae09<\/td>\n<\/tr>\n<tr style=\"height: 13.50pt;\">\n<td style=\"height: 13.50pt;\" height=\"18\">\ud3d0\uc1c4<\/td>\n<td>\uac80\uc815\uc0c9, \ube68\uac04\uc0c9 \ub610\ub294 \uae08\uc0c9 \ub098\uc0ac\ud615 \ucea1<\/td>\n<\/tr>\n<tr style=\"height: 13.50pt;\">\n<td style=\"height: 13.50pt;\" height=\"18\">\uac00\uc7a5 \uc801\ud569\ud55c<\/td>\n<td>\ub9e4\uc6b4 \uc18c\uc2a4, \ubc14\ube44\ud050 \uc18c\uc2a4, \ub4dc\ub808\uc2f1, \uc870\ubbf8\ub8cc<\/td>\n<\/tr>\n<tr style=\"height: 13.50pt;\">\n<td style=\"height: 13.50pt;\" height=\"18\">\uc774\uc0c1\uc801\uc778 \uc0ac\uc6a9<\/td>\n<td>\uc18c\uc2a4\ubcd1, \ud56b\uc18c\uc2a4\ubcd1 \ubc8c\ud06c<\/td>\n<\/tr>\n<\/tbody>\n<\/table>\n<h2>\uc131\uacf5 \uc0ac\ub840<\/h2>\n<p>\uc624\ud558\uc774\uc624\uc5d0 \ubcf8\uc0ac\ub97c \ub454 \uc218\uc81c \uc870\ubbf8\ub8cc \ud68c\uc0ac\uac00 \uc800\ud76c \ubcd1\uc5d0 \uc18c\uc2a4\ub97c \ub2f4\uace0 \ud2b9\uc218 \uc2a4\ud06c\ub9b0 \uc778\uc1c4\ub41c \ubb34\uad11 \ub77c\ubca8 \uc601\uc5ed\uacfc \uc2e4\ub9ac\ucf58 \uc548\uac10 \ucc98\ub9ac\ub41c \ub0b4\uc5f4 \ub69c\uaed1\uc744 \ucd94\uac00\ud558\uc5ec \ub9de\ucda4 \uc81c\uc791\ud588\uc2b5\ub2c8\ub2e4. \uc774 \ub9de\ucda4\ud615 \ubcd1\uc740 \ud070 \uc778\uae30\ub97c \uc5bb\uc5c8\uc2b5\ub2c8\ub2e4. \ud22c\uba85\ud55c \uc720\ub9ac\ubcd1\uc740 \uc218\uc81c \uc18c\uc2a4\ub97c \uc644\ubcbd\ud558\uac8c \ubcf4\uc5ec\uc8fc\uc5b4 \ub18d\uc0b0\ubb3c \uc9c1\ud310\uc7a5\uc5d0\uc11c \uc989\ud765 \uad6c\ub9e4\ub7c9\uc774 30% \uc99d\uac00\ud588\uc73c\uba70, \ud2b9\uc218 \uc124\uacc4\ub41c \ub69c\uaed1 \uc548\uac10\uc740 \ubcd1\uc744 \uc644\ubcbd\ud558\uac8c \ubc00\ubd09\ud558\uc5ec \ub204\ucd9c\uc744 \ubc29\uc9c0\ud558\uace0 \uace0\uac1d \ubd88\ub9cc\uc744 25% \uc904\uc600\ub2e4\uace0 \ud569\ub2c8\ub2e4. \uc774 \ube0c\ub79c\ub4dc\ub294 \ub9e4\uc6b0 \uc131\uacf5\uc801\uc774\uc5b4\uc11c \uc0c8\ub85c \ucd9c\uc2dc\ud55c \uc694\ub9ac \uc18c\uc2a4 \ubc0f \ub525 \uc81c\ud488 \ub77c\uc778\uc5d0 20\ub9cc \ubcd1\uc744 \ucd94\uac00\ub85c \uc8fc\ubb38\ud588\uc2b5\ub2c8\ub2e4.<\/p>\n<h2>\ud56b\uc18c\uc2a4 \ubcd1 \uac1c\ubcc4 \ub9de\ucda4 \uc81c\uc791<\/h2>\n<ul>\n<li>\uc804\uc6a9 \ub530\ub974\uae30 \uc8fc\ub465\uc774: \uc774 \ub514\uc790\uc778\uc740 \ub098\uc0ac\uc2dd \ub69c\uaed1\uc5d0 \ubb3c\ubc29\uc6b8\uc774 \ub5a8\uc5b4\uc9c0\uc9c0 \uc54a\ub294 \ud50c\ub77c\uc2a4\ud2f1 \ub610\ub294 \uc2a4\ud14c\uc778\ub9ac\uc2a4 \uc2a4\ud2f8 \ub530\ub974\uae30 \uc8fc\ub465\uc774\uac00 \ub0b4\uc7a5\ub418\uc5b4 \uc788\uc5b4 \uc18c\uc2a4\ub97c \uc27d\uace0 \uc815\ud655\ud558\uac8c \ub530\ub97c \uc218 \uc788\uc2b5\ub2c8\ub2e4.<\/li>\n<li>\uc790\uc678\uc120 \ucc28\ub2e8 \uc720\uc0c9 \uc720\ub9ac: \ube5b\uc5d0 \ubbfc\uac10\ud55c \uc7ac\ub8cc\ub97c \ub36e\uae30 \uc704\ud574 \ud638\ubc15\uc0c9 \ub610\ub294 \ub179\uc0c9 \uc720\ub9ac\uc640 \ub3d9\uc77c\ud55c \uc6d0\ud1b5\ud615 \uc6a9\uae30\uc5d0\uc11c \ub9cc\ub4e4\uc5b4\uc9d1\ub2c8\ub2e4.<\/li>\n<li>\ubaa8\uc790 \uc0c9\uc0c1: \ubaa8\uc790 \uc0c9\uc0c1\uc740 \ud32c\ud1a4 \uceec\ub7ec \ucc28\ud2b8\uc5d0\uc11c \ube0c\ub79c\ub4dc \uc774\ubbf8\uc9c0\uc5d0 \ub531 \ub9de\ub294 \uc0c9\uc0c1\uc744 \ucc3e\uc744 \uc218 \uc788\uc2b5\ub2c8\ub2e4.<\/li>\n<\/ul>","protected":false},"excerpt":{"rendered":"<p>\ud22c\uba85 \uc720\ub9ac \ud56b\uc18c\uc2a4 \ubcd1\uc5d0 \uc54c\ub85d\ub2ec\ub85d\ud55c \uae08\uc18d \ub69c\uaed1\uc744 \ub2ec\uc558\uc2b5\ub2c8\ub2e4. \ubc00\ubd09\uc774 \ub6f0\uc5b4\ub098 \ub098\ub9cc\uc758 \uc18c\uc2a4\ub97c \ub9cc\ub4e4\uae30\uc5d0 \uc548\uc131\ub9de\ucda4\uc785\ub2c8\ub2e4. \uc720\ub9ac\ubcd1\uc744 \ub300\ub7c9 \uc8fc\ubb38\ud558\uc2dc\uba74 \ube60\ub978 \ubc30\uc1a1\uc774 \uac00\ub2a5\ud569\ub2c8\ub2e4!<\/p>","protected":false},"featured_media":23165,"template":"","meta":[],"product_brand":[],"product_cat":[129,123,122],"product_tag":[],"class_list":{"0":"post-23155","1":"product","2":"type-product","3":"status-publish","4":"has-post-thumbnail","6":"product_cat-hot-sauce-bottles","7":"product_cat-custom-glass-bottles","8":"product_cat-custom-glass-packaging","10":"first","11":"instock","12":"shipping-taxable","13":"product-type-simple"},"jetpack_sharing_enabled":true,"_links":{"self":[{"href":"https:\/\/yebodaglass.com\/ko\/wp-json\/wp\/v2\/product\/23155","targetHints":{"allow":["GET"]}}],"collection":[{"href":"https:\/\/yebodaglass.com\/ko\/wp-json\/wp\/v2\/product"}],"about":[{"href":"https:\/\/yebodaglass.com\/ko\/wp-json\/wp\/v2\/types\/product"}],"version-history":[{"count":5,"href":"https:\/\/yebodaglass.com\/ko\/wp-json\/wp\/v2\/product\/23155\/revisions"}],"predecessor-version":[{"id":25596,"href":"https:\/\/yebodaglass.com\/ko\/wp-json\/wp\/v2\/product\/23155\/revisions\/25596"}],"wp:featuredmedia":[{"embeddable":true,"href":"https:\/\/yebodaglass.com\/ko\/wp-json\/wp\/v2\/media\/23165"}],"wp:attachment":[{"href":"https:\/\/yebodaglass.com\/ko\/wp-json\/wp\/v2\/media?parent=23155"}],"wp:term":[{"taxonomy":"product_brand","embeddable":true,"href":"https:\/\/yebodaglass.com\/ko\/wp-json\/wp\/v2\/product_brand?post=23155"},{"taxonomy":"product_cat","embeddable":true,"href":"https:\/\/yebodaglass.com\/ko\/wp-json\/wp\/v2\/product_cat?post=23155"},{"taxonomy":"product_tag","embeddable":true,"href":"https:\/\/yebodaglass.com\/ko\/wp-json\/wp\/v2\/product_tag?post=23155"}],"curies":[{"name":"wp","href":"https:\/\/api.w.org\/{rel}","templated":true}]}}