{"id":23091,"date":"2025-11-03T16:20:39","date_gmt":"2025-11-03T08:20:39","guid":{"rendered":"https:\/\/yebodaglass.com\/?post_type=product&#038;p=23091"},"modified":"2025-11-03T17:29:17","modified_gmt":"2025-11-03T09:29:17","slug":"wholesale-clear-glass-hot-sauce-bottles-with-lids","status":"publish","type":"product","link":"https:\/\/yebodaglass.com\/ko\/wholesale-clear-glass-hot-sauce-bottles-with-lids\/","title":{"rendered":"\ub69c\uaed1\uc774 \uc788\ub294 \ud22c\uba85 \uc720\ub9ac \ub9e4\uc6b4 \uc18c\uc2a4 \ubcd1 250ml 350ml 500ml \ub3c4\ub9e4"},"content":{"rendered":"<p>\uc774 \ud56b\uc18c\uc2a4 \ubcd1\uc758 \uae54\ub054\ud55c \ub514\uc790\uc778\uc740 \uc0b4\uc9dd \uac00\ub298\uc5b4\uc9c0\ub294 \ubab8\uccb4\uc640 \uc9e7\uace0 \ub450\uaebc\uc6b4 \ubaa9 \ubd80\ubd84\uc774 \uc2dc\uac01\uc801\uc73c\ub85c \uc870\ud654\ub97c \uc774\ub8e8\ub294 \uac83\uc774 \ud2b9\uc9d5\uc785\ub2c8\ub2e4. \uc804\ubc18\uc801\uc73c\ub85c \ud22c\uba85 \uc720\ub9ac\ub85c \ub9cc\ub4e4\uc5b4\uc9c4 \uc9c1\uad00\uc801\uc774\uace0 \ud3b8\ub9ac\ud55c \ub514\uc790\uc778\uc73c\ub85c, \ubcd1\uc744 \uc5f4\uc9c0 \uc54a\uace0\ub3c4 \ub204\uad6c\ub098 \ub0b4\ubd80\ub97c \ubcfc \uc218 \uc788\uc2b5\ub2c8\ub2e4.<\/p>\n<h2>\uc81c\ud488 \ud2b9\uc9d5<\/h2>\n<ul>\n<li><strong>\ud22c\uba85 \uc720\ub9ac \uc18c\uc7ac:<\/strong> \ud22c\uba85\ud55c \uc720\ub9ac \uc6a9\uae30 \ub355\ubd84\uc5d0 \uc0ac\uc6a9\uc790\ub294 \ubcd1\uc744 \uc5f4\uc9c0 \uc54a\uace0\ub3c4 \uc18c\uc2a4\uc758 \uc0c9\uae54\uc744 \uc2dc\uac01\uc801\uc73c\ub85c \ud655\uc778\ud558\uace0 \ub0a8\uc740 \uc591\uc744 \ud655\uc778\ud560 \uc218 \uc788\uc2b5\ub2c8\ub2e4.<\/li>\n<li><strong>\ub0a0\uc52c\ud55c \ucee8\ud14c\uc774\ub108 \ub514\uc790\uc778:<\/strong> \uac00\ub290\ub2e4\ub780 \uc2e4\ub8e8\uc5e3\uacfc \ub9e4\ub044\ub7ec\uc6b4 \uace1\uc120\uc744 \uac16\ucd98 \ubcd1\uc740 \ud734\ub300\uc640 \ubcf4\uad00\uc774 \uac04\ud3b8\ud558\ub3c4\ub85d \uc124\uacc4\ub418\uc5b4 \uc804\uccb4\uc801\uc778 \uc0ac\uc6a9\uc790 \uacbd\ud5d8\uc774 \ub354\uc6b1 \ud3b8\uc548\ud558\uace0 \ud3b8\ub9ac\ud574\uc84c\uc2b5\ub2c8\ub2e4.<\/li>\n<li><strong>\ubbf8\ub2c8\uba40\ub9ac\uc998 \ucee8\uc149:<\/strong> \ud22c\uba85\ud55c \uc6a9\uae30\uc5d0 \ub2e8\uc0c9 \ub69c\uaed1\uc744 \uc870\ud569\ud558\uba74 \uae54\ub054\ud558\uace0 \ubc1d\uc740 \ub290\ub08c\uc744 \uc8fc\uba70, \ub2e4\uc591\ud55c \uc2a4\ud0c0\uc77c\ub85c \uc5f0\ucd9c\ud560 \uc218 \uc788\uace0, \uc0ac\uc6a9 \uba74\uc5d0\uc11c\ub3c4 \ub9e4\uc6b0 \uae30\ub2a5\uc801\uc785\ub2c8\ub2e4.<\/li>\n<\/ul>\n<h2 style=\"text-align: left;\">\uc8fc\uc694 \uc0ac\uc591<\/h2>\n<table class=\"aligncenter\" style=\"border-collapse: collapse; width: 471.02pt;\" border=\"0\" width=\"628\" cellspacing=\"0\" cellpadding=\"0\">\n<tbody>\n<tr style=\"height: 13.50pt;\">\n<td style=\"height: 13.50pt; width: 111.75pt;\" width=\"149\" height=\"18\">\ud2b9\uc9d5<\/td>\n<td style=\"width: 359.25pt;\" width=\"479\">\uc0ac\uc591<\/td>\n<\/tr>\n<tr style=\"height: 13.50pt;\">\n<td style=\"height: 13.50pt;\" height=\"18\">\uc6a9\ub7c9<\/td>\n<td>250ml(8oz), 350ml(12oz), 500ml(17oz)<\/td>\n<\/tr>\n<tr style=\"height: 13.50pt;\">\n<td style=\"height: 13.50pt;\" height=\"18\">\uce58\uc218<\/td>\n<td>5.5\u00d717.8cm, 6.1\u00d719.6cm, 6.9\u00d721.4cm<\/td>\n<\/tr>\n<tr style=\"height: 13.50pt;\">\n<td style=\"height: 13.50pt;\" height=\"18\">\ubaa8\uc591<\/td>\n<td>\uc644\ub9cc\ud55c \u200b\u200b\ud14c\uc774\ud37c\uac00 \uc788\ub294 \uc6d0\ud1b5\ud615<\/td>\n<\/tr>\n<tr style=\"height: 13.50pt;\">\n<td style=\"height: 13.50pt;\" height=\"18\">\uc7ac\ub8cc<\/td>\n<td>\ud22c\uba85 \uc720\ub9ac, \ud50c\ub77c\uc2a4\ud2f1\/\uae08\uc18d \uc7a0\uae08 \uc7a5\uce58\uc640 \ud638\ud658 \uac00\ub2a5<\/td>\n<\/tr>\n<tr style=\"height: 13.50pt;\">\n<td style=\"height: 13.50pt;\" height=\"18\">\ud3d0\uc1c4 \uc635\uc158<\/td>\n<td>\ub178\ub780\uc0c9, \ud770\uc0c9, \ube68\uac04\uc0c9, \uac80\uc740\uc0c9 \ucea1(\ub9de\ucda4\ud615)<\/td>\n<\/tr>\n<tr style=\"height: 13.50pt;\">\n<td style=\"height: 13.50pt;\" height=\"18\">\uac00\uc7a5 \uc801\ud569\ud55c<\/td>\n<td>\ubc14\ube44\ud050 \uc18c\uc2a4, \ub4dc\ub808\uc2f1, \uc2dc\ub7fd, \uc2dd\ucd08, \uc870\ubbf8\ub8cc \ube0c\ub79c\ub4dc<\/td>\n<\/tr>\n<tr style=\"height: 13.50pt;\">\n<td style=\"height: 13.50pt;\" height=\"18\">\uc774\uc0c1\uc801\uc778 \uc0ac\uc6a9<\/td>\n<td>\ub9e4\uc6b4 \uc18c\uc2a4 \ubcd1, \uc720\ub9ac\ub85c \ub41c \ud750\ub9bf\ud55c \ubcd1, \uc870\ubbf8\ub8cc \uc720\ub9ac \ubcd1<\/td>\n<\/tr>\n<\/tbody>\n<\/table>\n<h2>\uc2e4\uc81c \uc0ac\ub840 \uc5f0\uad6c: \ube0c\ub79c\ub4dc\uac00 \uaddc\ubaa8\ub97c \ub2ec\uc131\ud55c \ubc29\ubc95<\/h2>\n<p>\uc18c\ub7c9 \uc0dd\uc0b0 \uc2dd\ucd08 \uae30\ubc18 \uce60\ub9ac\uc18c\uc2a4\ub97c \uc804\ubb38\uc73c\ub85c \ud558\ub294 \ud55c \uc2a4\ud0c0\ud2b8\uc5c5 \uc7a5\uc778 \uc870\ubbf8\ub8cc \ud68c\uc0ac\ub294 \uc804\uad6d\uc801\uc778 \uc18c\ub9e4 \uccb4\uc778\uc73c\ub85c \ud655\uc7a5\ud558\uae30 \uc704\ud574 \ube44\uc6a9 \ud6a8\uc728\uc801\uc774\uace0 \uc2e0\ub8b0\ud560 \uc218 \uc788\ub294 \ubcd1\uc774 \ud544\uc694\ud588\uc2b5\ub2c8\ub2e4. \ube68\uac04\uc0c9 \ucea1\uacfc \ube0c\ub79c\ub4dc \ub85c\uace0\uac00 \uc788\ub294 500ml \ud22c\uba85 \uc18c\uc2a4\ubcd1 2,500\uac1c\ub97c \ub3c4\ub9e4\ub85c \uad6c\ub9e4\ud558\ub294 \uac83\uc774 \uccab \ubc88\uc9f8 \ub2e8\uacc4\uc600\uace0, \uadf8\ub4e4\uc740 \uacbd\uc7c1\uc5d0 \ub6f0\uc5b4\ub4e4\uc5c8\uc2b5\ub2c8\ub2e4. \uacb0\uacfc\ub294 \ud6a8\uacfc\uc801\uc774\uc5c8\uc2b5\ub2c8\ub2e4. \uc6b0\uc120, \ud22c\uba85 \uc720\ub9ac\ubcd1\uacfc \uceec\ub7ec \ucea1\uc740 \ub9e4\ucd9c\uc5d0 \uc0c1\ub2f9\ud55c \uc601\ud5a5\uc744 \ubbf8\ucce4\uc2b5\ub2c8\ub2e4. \ud55c \ud56b\uc18c\uc2a4 \ube0c\ub79c\ub4dc\ub294 \ud758\ub7ec\ub0b4\ub9bc\uacfc \ud758\ub9bc\uc744 \ucd5c\uc18c\ud654\ud558\ub294 \ud3b8\ub9ac\ud55c \ubd93\uae30 \ub514\uc790\uc778 \ub355\ubd84\uc5d0 \uc628\ub77c\uc778 \ub9e4\ucd9c\uc774 38% \uc99d\uac00\ud558\uace0 \ud3d0\uae30\ubb3c\uc774 29% \uac10\uc18c\ud588\ub2e4\uace0 \ubcf4\uace0\ud588\uc2b5\ub2c8\ub2e4. \uadf8\ub798\uc11c \uadf8\ub4e4\uc740 30\ub9cc \ubcd1\uc744 \ucd94\uac00 \uc8fc\ubb38\ud558\uae30\ub85c \uacb0\uc815\ud588\uc2b5\ub2c8\ub2e4. \ud604\uc7ac \uadf8\ub4e4\uc740 \uc6b4\uc1a1 \ubc0f \uace0\uac1d \ub9cc\uc871 \uce21\uba74\uc5d0\uc11c \ubaa8\ub450 \uc790\uc0ac\uc758 \uc694\uad6c \uc0ac\ud56d\uc744 \ucda9\uc871\ud558\ub294 \uace0\uc815 \ud3ec\uc7a5 \uc635\uc158\uc73c\ub85c \uc774 \ubcd1\uc744 \uace0\ub824\ud558\uace0 \uc788\uc2b5\ub2c8\ub2e4.<\/p>\n<h2>\uc720\ub9ac \uc18c\uc2a4\ubcd1 \uac1c\uc778\ud654<\/h2>\n<ul>\n<li>\ubd88\ud22c\uba85 \uc720\ub9ac: \uc0b0 \uc5d0\uce6d \ucc98\ub9ac\ub41c \ubc18\ud22c\uba85 \uc720\ub9ac\ub85c \uace0\uae09\uc2a4\ub7fd\uace0 \uc138\ub828\ub41c \ub290\ub08c\uc744 \uc120\uc0ac\ud569\ub2c8\ub2e4.<\/li>\n<li>\ube0c\ub79c\ub4dc \ub85c\uace0 \uc778\uc1c4: \ud68c\uc0ac\uc758 \ub85c\uace0\ub098 \ub514\uc790\uc778\uc744 \uc720\ub9ac\uc5d0 \uc9c1\uc811 \uc778\uc1c4\ud558\uc5ec \uc624\ub798\ub3c4\ub85d \uae30\uc5b5\ub420 \uc218 \uc788\ub294 \ube0c\ub79c\ub4dc\ub97c \ub354\uc6b1 \uac15\ud654\ud558\uc138\uc694.<\/li>\n<li>\uceec\ub7ec \uc720\ub9ac: \uc18c\uc2a4\uc5d0 \ube5b\uc774 \ub4e4\uc5b4\uc624\uc9c0 \uc54a\uace0 \uc120\ubc18\uc5d0 \ub193\uc778 \uc81c\ud488\uc758 \ud488\uc9c8\uc5d0 \uc8fc\ubaa9\ud558\uac8c \ud558\ub824\uba74 \ud638\ubc15\uc0c9\uc774\ub098 \ub179\uc0c9 \uc720\ub9ac\ub97c \uc120\ud0dd\ud558\uc138\uc694.<\/li>\n<li>\ub9de\ucda4\ud615 \ucea1 \uc0c9\uc0c1: \uc804\ud1b5\uc801\uc778 \ud770\uc0c9\uc774\ub098 \uc120\uba85\ud55c \ube68\uac04\uc0c9\uacfc \uac19\uc740 \uc2dc\uadf8\ub2c8\ucc98 \ucea1 \uc0c9\uc0c1\uc744 \uc0ac\uc6a9\ud558\uc5ec \ube0c\ub79c\ub4dc\ub97c \ucc28\ubcc4\ud654\ud558\uace0 \ube60\ub974\uac8c \uc2dd\ubcc4\ud560 \uc218 \uc788\uc2b5\ub2c8\ub2e4.<\/li>\n<li>\uc548\uac10 \uc18c\uc7ac \uc635\uc158: \uc18c\uc2a4\uc758 \uc0b0\ub3c4\uc640 \uae30\ub984 \ud568\ub7c9\uc5d0 \uc801\ud569\ud55c \ubc00\ud3d0 \uc6a9\uae30\ub97c \uc81c\uacf5\ud558\uae30 \uc704\ud574 \uc62c\ubc14\ub978 \uc548\uac10(\uc608: \ud3fc PVC)\uc744 \uc120\ud0dd\ud558\uc138\uc694.<\/li>\n<\/ul>","protected":false},"excerpt":{"rendered":"<p>\ub9e4\ub048\ud55c \uc720\ub9ac \ud45c\uba74\uacfc \ubc00\ud3d0 \ucea1\uc774 \uc788\ub294 \ud22c\uba85 \ud56b\uc18c\uc2a4 \ubcd1\uc785\ub2c8\ub2e4. \ud56b\uc18c\uc2a4\ub098 \uc591\ub150 \uc6a9\uae30\uc5d0 \uc801\ud569\ud569\ub2c8\ub2e4. \uacf5\uc7a5 \uac00\uaca9, \ub300\ub7c9 \uc8fc\ubb38, \ube60\ub978 \ubc30\uc1a1!<\/p>","protected":false},"featured_media":23107,"template":"","meta":[],"product_brand":[],"product_cat":[20,129,80],"product_tag":[],"class_list":{"0":"post-23091","1":"product","2":"type-product","3":"status-publish","4":"has-post-thumbnail","6":"product_cat-glass-containers","7":"product_cat-hot-sauce-bottles","8":"product_cat-glass-bottles","10":"first","11":"instock","12":"shipping-taxable","13":"product-type-simple"},"jetpack_sharing_enabled":true,"_links":{"self":[{"href":"https:\/\/yebodaglass.com\/ko\/wp-json\/wp\/v2\/product\/23091","targetHints":{"allow":["GET"]}}],"collection":[{"href":"https:\/\/yebodaglass.com\/ko\/wp-json\/wp\/v2\/product"}],"about":[{"href":"https:\/\/yebodaglass.com\/ko\/wp-json\/wp\/v2\/types\/product"}],"version-history":[{"count":3,"href":"https:\/\/yebodaglass.com\/ko\/wp-json\/wp\/v2\/product\/23091\/revisions"}],"predecessor-version":[{"id":23134,"href":"https:\/\/yebodaglass.com\/ko\/wp-json\/wp\/v2\/product\/23091\/revisions\/23134"}],"wp:featuredmedia":[{"embeddable":true,"href":"https:\/\/yebodaglass.com\/ko\/wp-json\/wp\/v2\/media\/23107"}],"wp:attachment":[{"href":"https:\/\/yebodaglass.com\/ko\/wp-json\/wp\/v2\/media?parent=23091"}],"wp:term":[{"taxonomy":"product_brand","embeddable":true,"href":"https:\/\/yebodaglass.com\/ko\/wp-json\/wp\/v2\/product_brand?post=23091"},{"taxonomy":"product_cat","embeddable":true,"href":"https:\/\/yebodaglass.com\/ko\/wp-json\/wp\/v2\/product_cat?post=23091"},{"taxonomy":"product_tag","embeddable":true,"href":"https:\/\/yebodaglass.com\/ko\/wp-json\/wp\/v2\/product_tag?post=23091"}],"curies":[{"name":"wp","href":"https:\/\/api.w.org\/{rel}","templated":true}]}}