{"id":23046,"date":"2025-10-31T17:23:17","date_gmt":"2025-10-31T09:23:17","guid":{"rendered":"https:\/\/yebodaglass.com\/?post_type=product&#038;p=23046"},"modified":"2026-04-10T15:35:27","modified_gmt":"2026-04-10T07:35:27","slug":"wholesale-honey-hexagon-jars-with-honeycomb-design","status":"publish","type":"product","link":"https:\/\/yebodaglass.com\/ko\/wholesale-honey-hexagon-jars-with-honeycomb-design\/","title":{"rendered":"\ubc8c\uc9d1 \ub514\uc790\uc778\uc758 \uc721\uac01\ud615 \uafc0\ubcd1 \ub3c4\ub9e4 500ml 1000ml"},"content":{"rendered":"<p>\uc774 \uc721\uac01\ud615 \uafc0\ubcd1\uc740 \uc720\ub9ac \ubcf8\uccb4\ub97c \ud1b5\ud574 \uc6b0\uc544\ud55c \uc721\uac01\ud615 \uad6c\uc870\uac00 \ub4dc\ub7ec\ub098\uba70, \uc591\uba74\uc5d0\ub294 \ubc8c\uc9d1 \ubaa8\uc591\uc758 \uc591\uac01 \ubb34\ub2ac\uac00 \uc0c8\uaca8\uc838 \uc788\uc2b5\ub2c8\ub2e4. \uae08\uc0c9 \ub098\uc0ac\ud615 \ub69c\uaed1\uc740 \uc790\uc5f0\uc2a4\ub7ec\uc6b4 \uc544\ub984\ub2e4\uc6c0\uacfc \uace0\uae09\uc2a4\ub7ec\uc6c0\uc744 \ub354\ud574\uc90d\ub2c8\ub2e4.<\/p>\n<h2>\uc81c\ud488 \ud2b9\uc9d5<\/h2>\n<ul>\n<li><strong>\ubc8c\uc9d1 \ubaa8\uc591 \ud328\ud134 \ub514\uc790\uc778:<\/strong> \ubcd1 \ud45c\uba74\uc5d0 \uc591\uac01\uc73c\ub85c \uc0c8\uaca8\uc9c4 \ubc8c\uc9d1 \ubb34\ub2ac\ub294 \uadf8\ub9bd\uac10\uc744 \ud5a5\uc0c1\uc2dc\ud0a4\uace0 \ube0c\ub79c\ub4dc \uc778\uc9c0\ub3c4\ub97c \ub192\uc774\uba70 \uafc0\uc758 \uc790\uc5f0\uc801\uc778 \ud2b9\uc131\uc744 \uc5f0\uc0c1\uc2dc\ud0b5\ub2c8\ub2e4.<\/li>\n<li><strong>\ud22c\uba85 \uc720\ub9ac \uc18c\uc7ac:<\/strong> \uafc0\uc740 \uc2dd\ud488 \ub4f1\uae09\uc758 \ud22c\uba85 \uc720\ub9ac \uc6a9\uae30\uc5d0 \ub2f4\uaca8 \uc788\uc5b4 \uc138\ucc99\uacfc \uc7ac\uc0ac\uc6a9\uc774 \uc6a9\uc774\ud569\ub2c8\ub2e4.<\/li>\n<li><strong>\ud504\ub9ac\ubbf8\uc5c4 \ubc00\ubd09 \ucea1:<\/strong> \uae08\uc18d \uc7ac\uc9c8\uc758 \ub098\uc0ac\ud615 \ub69c\uaed1\uc740 \ubc00\ud3d0\ub825\uc744 \ub192\uc5ec \uafc0\uc758 \uc720\ud1b5\uae30\ud55c\uc744 30% \uc5f0\uc7a5\uc2dc\ucf1c\uc8fc\uba70, \uc120\ubb3c \ud3ec\uc7a5\uc758 \ub9e4\ub825\uc744 \ub354\ud574\uc90d\ub2c8\ub2e4.<\/li>\n<\/ul>\n<h2 style=\"text-align: left;\">\uc8fc\uc694 \uc0ac\uc591<\/h2>\n<table class=\"aligncenter\" style=\"border-collapse: collapse; width: 415.52pt;\" border=\"0\" width=\"554\" cellspacing=\"0\" cellpadding=\"0\">\n<tbody>\n<tr style=\"height: 13.50pt;\">\n<td style=\"height: 13.50pt; width: 95.25pt;\" width=\"127\" height=\"18\">\ud2b9\uc9d5<\/td>\n<td style=\"width: 320.25pt;\" width=\"427\">\uc0ac\uc591<\/td>\n<\/tr>\n<tr style=\"height: 13.50pt;\">\n<td style=\"height: 13.50pt;\" height=\"18\">\uc6a9\ub7c9<\/td>\n<td>\u5b9a\u5236\u73bb\u7483\u5305\u88c5 - \u8036\u535a\u8fbe\u73bb\u7483<\/td>\n<\/tr>\n<tr style=\"height: 13.50pt;\">\n<td style=\"height: 13.50pt;\" height=\"18\">\ubaa8\uc591<\/td>\n<td>\ubc8c\uc9d1 \ubaa8\uc591\uc758 \uc5e0\ubcf4\uc2f1\uc774 \uc788\ub294 \uc721\uac01\ud615<\/td>\n<\/tr>\n<tr style=\"height: 13.50pt;\">\n<td style=\"height: 13.50pt;\" height=\"18\">\uce58\uc218<\/td>\n<td>7.5\u00d78\u00d711.9cm, 9.2\u00d79.7\u00d714.5cm<\/td>\n<\/tr>\n<tr style=\"height: 13.50pt;\">\n<td style=\"height: 13.50pt;\" height=\"18\">\uc7ac\ub8cc<\/td>\n<td>\ud22c\uba85 \uc720\ub9ac, \ub098\uc0ac\ud615 \ub69c\uaed1<\/td>\n<\/tr>\n<tr style=\"height: 13.50pt;\">\n<td style=\"height: 13.50pt;\" height=\"18\">\ub69c\uaed1 \uc635\uc158<\/td>\n<td>\uae08, \uc740, \uac80\uc815, \ub178\ub791<\/td>\n<\/tr>\n<tr style=\"height: 13.50pt;\">\n<td style=\"height: 13.50pt;\" height=\"18\">\uac00\uc7a5 \uc801\ud569\ud55c<\/td>\n<td>\uc5d0\ucf54\uc2a4\ud1a0\uc5b4, \uc591\ubd09 \ud611\ub3d9\uc870\ud569, \ubd80\ud2f0\ud06c \ube0c\ub79c\ub4dc<\/td>\n<\/tr>\n<tr style=\"height: 13.50pt;\">\n<td style=\"height: 13.50pt;\" height=\"18\">\uc774\uc0c1\uc801\uc778 \uc0ac\uc6a9<\/td>\n<td>\ubc8c\uc9d1\uc774 \uc788\ub294 \uafc0\ubcd1, \uc7a5\uc778 \uc0ac\uc5c5 \ub77c\uc778<\/td>\n<\/tr>\n<\/tbody>\n<\/table>\n<h2>\uc131\uacf5 \uc0ac\ub840<\/h2>\n<p>\uc720\ub7fd\uc758 \ud55c \uc218\uc81c \uafc0 \ube0c\ub79c\ub4dc\uac00 \uc800\ud76c\uc758 \ubc8c\uc9d1 \ubb34\ub2ac \uafc0\ubcd1\uc744 \uc8fc\ubb38\ud588\uc2b5\ub2c8\ub2e4. \ud638\ubc15\uc0c9 \uc720\ub9ac\ubcd1\uc5d0 \ubc8c\uc9d1 \ubb34\ub2ac\ub97c \ub808\uc774\uc800\ub85c \uc0c8\uaca8 \ub123\uc740 \ub9de\ucda4\ud615 \uc81c\ud488\uc774\uc5c8\uc8e0. \uc774 \uafc0\ubcd1\uc758 \uc138\ub828\ub41c \ub514\uc790\uc778 \ub355\ubd84\uc5d0 \uc5f0\ud734 \uae30\uac04 \ub3d9\uc548 \ub9e4\ucd9c\uc774 40%\ub098 \uc99d\uac00\ud588\uc2b5\ub2c8\ub2e4. \ud638\ubc15\uc0c9 \uc720\ub9ac\ub294 \uafc0\uc758 \ud48d\ubbf8\ub97c \ub354\uc6b1 \ud48d\ubd80\ud558\uac8c \ud574 \uc8fc\uc5b4 \uace0\uac1d \uc124\ubb38 \uc870\uc0ac\uc5d0\uc11c \ud488\uc9c8\uacfc \uac00\uce58\uc5d0 \ub300\ud55c \uc778\uc2dd\uc774 15% \ud5a5\uc0c1\ub418\ub294 \uacb0\uacfc\ub97c \uac00\uc838\uc654\uc2b5\ub2c8\ub2e4. \ube0c\ub79c\ub4dc \uce21\uc740 \uc774\ub7ec\ud55c \uacb0\uacfc\uc5d0 \ub9e4\uc6b0 \ub9cc\uc871\ud558\uc5ec \uc804 \uc138\uacc4 \uc18c\ub9e4 \ubc0f \uc120\ubb3c \uc138\ud2b8 \uc81c\ud488 \ud310\ub9e4\ub97c \ub298\ub9ac\uae30 \uc704\ud574 \ubc8c\uc9d1 \ubb34\ub2ac \uafc0\ubcd1 28\ub9cc \uac1c\ub97c \ucd94\uac00 \uc8fc\ubb38\ud588\uc2b5\ub2c8\ub2e4.<\/p>\n<h2>\uafc0 \uc721\uac01\ud615 \ubcd1 \ub9de\ucda4 \uc81c\uc791 \ucd94\ucc9c<\/h2>\n<ul>\n<li>\ub69c\uaed1 \uc0c9\uc0c1 \ub9de\ucda4: \ube0c\ub79c\ub4dc \uc774\ubbf8\uc9c0\uc5d0 \ub9de\ucdb0 \uae08\uc0c9, \uc740\uc0c9, \uac80\uc815\uc0c9 \ub610\ub294 \ub9de\ucda4\ud615 \ubb34\uad11 \ub9c8\uac10 \uc911\uc5d0\uc11c \uc120\ud0dd\ud558\uc138\uc694.<\/li>\n<li>\uc6a9\ub7c9 \uc870\uc808 \uac00\ub2a5: 1\uc778\ubd84, \uac00\uc871\uc6a9 \ub610\ub294 \ub300\uc6a9\ub7c9 \ub4f1 \ud544\uc694\uc5d0 \ub530\ub77c 100ml\ubd80\ud130 1000ml\uae4c\uc9c0 \uc6a9\ub7c9\uc744 \uc870\uc808\ud560 \uc218 \uc788\uc2b5\ub2c8\ub2e4.<\/li>\n<li>\ud615\ud0dc \ucd5c\uc801\ud654: \ubcd1\uc758 \uad6c\ud615 \ubd80\ubd84\uc758 \uace1\ub960\uc744 \ubcc0\uacbd\ud558\uac70\ub098 \ubc8c\uc9d1 \ubaa8\uc591 \uc9c8\uac10\uc758 \uae4a\uc774\ub97c \uc124\uc815\ud558\uc5ec \uc9c4\uc5f4\ub300\uc5d0\uc11c \ucc28\ubcc4\ud654\ub41c \uc81c\ud488\uc744 \ub9cc\ub4dc\uc138\uc694.<\/li>\n<\/ul>","protected":false},"excerpt":{"rendered":"<p>\ubc8c\uc9d1 \ubb34\ub2ac\uac00 \uc788\ub294 \ud22c\uba85 \uc720\ub9ac \uc721\uac01\ud615 \uafc0\ubcd1\uc785\ub2c8\ub2e4. \uafc0 \ubcf4\uad00, \ube0c\ub79c\ub529 \ubc0f \uc120\ubb3c\uc6a9\uc73c\ub85c \uc774\uc0c1\uc801\uc778 \ubc8c\uc9d1 \ub514\uc790\uc778\uc758 \uafc0\ubcd1\uc785\ub2c8\ub2e4. \ube60\ub978 \ubc30\uc1a1.<\/p>","protected":false},"featured_media":23072,"template":"","meta":[],"product_brand":[],"product_cat":[127,124,122],"product_tag":[],"class_list":{"0":"post-23046","1":"product","2":"type-product","3":"status-publish","4":"has-post-thumbnail","6":"product_cat-glass-honey-jars","7":"product_cat-custom-glass-jars","8":"product_cat-custom-glass-packaging","10":"first","11":"instock","12":"shipping-taxable","13":"product-type-simple"},"jetpack_sharing_enabled":true,"_links":{"self":[{"href":"https:\/\/yebodaglass.com\/ko\/wp-json\/wp\/v2\/product\/23046","targetHints":{"allow":["GET"]}}],"collection":[{"href":"https:\/\/yebodaglass.com\/ko\/wp-json\/wp\/v2\/product"}],"about":[{"href":"https:\/\/yebodaglass.com\/ko\/wp-json\/wp\/v2\/types\/product"}],"version-history":[{"count":5,"href":"https:\/\/yebodaglass.com\/ko\/wp-json\/wp\/v2\/product\/23046\/revisions"}],"predecessor-version":[{"id":25745,"href":"https:\/\/yebodaglass.com\/ko\/wp-json\/wp\/v2\/product\/23046\/revisions\/25745"}],"wp:featuredmedia":[{"embeddable":true,"href":"https:\/\/yebodaglass.com\/ko\/wp-json\/wp\/v2\/media\/23072"}],"wp:attachment":[{"href":"https:\/\/yebodaglass.com\/ko\/wp-json\/wp\/v2\/media?parent=23046"}],"wp:term":[{"taxonomy":"product_brand","embeddable":true,"href":"https:\/\/yebodaglass.com\/ko\/wp-json\/wp\/v2\/product_brand?post=23046"},{"taxonomy":"product_cat","embeddable":true,"href":"https:\/\/yebodaglass.com\/ko\/wp-json\/wp\/v2\/product_cat?post=23046"},{"taxonomy":"product_tag","embeddable":true,"href":"https:\/\/yebodaglass.com\/ko\/wp-json\/wp\/v2\/product_tag?post=23046"}],"curies":[{"name":"wp","href":"https:\/\/api.w.org\/{rel}","templated":true}]}}