{"id":22238,"date":"2025-10-11T13:14:08","date_gmt":"2025-10-11T05:14:08","guid":{"rendered":"https:\/\/yebodaglass.com\/?post_type=product&#038;p=22238"},"modified":"2026-03-26T14:45:20","modified_gmt":"2026-03-26T06:45:20","slug":"rectangular-amber-glass-olive-oil-bottles-for-cooking-bulk","status":"publish","type":"product","link":"https:\/\/yebodaglass.com\/ko\/%ec%a0%9c%ed%92%88\/rectangular-amber-glass-olive-oil-bottles-for-cooking-bulk\/","title":{"rendered":"250ml, 500ml, 750ml \uc9c1\uc0ac\uac01\ud615 \ud638\ubc15\uc0c9 \uc720\ub9ac \uc62c\ub9ac\ube0c \uc624\uc77c \ubcd1 (\uc694\ub9ac\uc6a9, \ub300\uc6a9\ub7c9)"},"content":{"rendered":"<p>\uc774 \ubcd1\ub4e4\uc740 \ud638\ubc15\uc0c9 \uc720\ub9ac\ub85c \ub9cc\ub4e4\uc5b4\uc9c4 \uc62c\ub9ac\ube0c \uc624\uc77c \ubcd1\uc73c\ub85c, \ub0a0\uc52c\ud55c \uc9c1\uc0ac\uac01\ud615 \ubaa8\uc591\uc774 \ud2b9\uc9d5\uc785\ub2c8\ub2e4. \uc9c1\uc0ac\uac01\ud615 \ud615\ud0dc\ub294 \ube5b\uc73c\ub85c\ubd80\ud130 \uace0\ud488\uc9c8 \uc62c\ub9ac\ube0c \uc624\uc77c\uc758 \ubcc0\uc9c8\uc744 \ud6a8\uacfc\uc801\uc73c\ub85c \ub9c9\uc544\uc90d\ub2c8\ub2e4. \ub2e4\uc591\ud55c \ud06c\uae30\ub85c \uc81c\uacf5\ub418\uba70, \uc548\uc804\ud558\uace0 \ubbff\uc744 \uc218 \uc788\ub294 \uac80\uc740\uc0c9 \uc2a4\ud06c\ub958 \ucea1\uc774 \ub2ec\ub824 \uc788\uc2b5\ub2c8\ub2e4.<\/p>\n<h2>\uc81c\ud488 \ud2b9\uc9d5<\/h2>\n<ul>\n<li><strong>\ubcf8\uccb4\ub294 \ud638\ubc15\uc0c9\uc774\uace0 \ube5b\uc5d0 \uc57d\ud568:<\/strong> \ud638\ubc15\uc0c9 \uc720\ub9ac\ubcd1\uc740 \ub9e4\uc6b0 \ud22c\uba85\ud558\uba70, \ud22c\uba85\ud55c \uc720\ub9ac\uac00 \uc790\uc678\uc120\uc744 \ud6a8\uacfc\uc801\uc73c\ub85c \ucc28\ub2e8\ud558\uc5ec \uc624\uc77c\uc758 \uc720\ud1b5\uae30\ud55c\uc744 \ub298\ub824\uc90d\ub2c8\ub2e4.<\/li>\n<li><strong>\ub465\uadfc \uc0ac\uac01\ud615 \ubcd1 \ud615\ud0dc:<\/strong> \ubcd1\uc758 \ub465\uadfc \uc0ac\uac01\ud615 \ubaa8\uc591\uc740 \uc7a1\uae30 \ud3b8\ud558\uace0 \ubbf8\ub044\ub7fd\uc9c0 \uc54a\uc544 \uc313\uc544 \uc62c\ub9ac\uae30\uc5d0\ub3c4 \uc88b\uc2b5\ub2c8\ub2e4.<\/li>\n<li><strong>\uac80\uc815\uc0c9 \ubc00\ubd09 \uc2a4\ud06c\ub958 \ucea1:<\/strong> \uac80\uc740\uc0c9 \ub098\uc0ac\ud615 \ub69c\uaed1\uc740 \ubc00\ubd09 \ud6a8\uacfc\uac00 \ub9e4\uc6b0 \ub6f0\uc5b4\ub098 \uae30\ub984 \ub204\ucd9c \ubc0f \uc99d\ubc1c\uc744 \ubc29\uc9c0\ud569\ub2c8\ub2e4.<\/li>\n<\/ul>\n<h2>\uc8fc\uc694 \uc0ac\uc591<\/h2>\n<table style=\"border-collapse: collapse; margin-left: auto; margin-right: auto; width: 642.77pt;\" border=\"0\" width=\"857\" cellspacing=\"0\" cellpadding=\"0\">\n<tbody>\n<tr style=\"height: 13.50pt;\">\n<td style=\"height: 13.50pt; width: 99.75pt;\" width=\"133\" height=\"18\">\ud2b9\uc9d5<\/td>\n<td style=\"width: 543.00pt;\" width=\"724\">\uc0ac\uc591<\/td>\n<\/tr>\n<tr style=\"height: 13.50pt;\">\n<td style=\"height: 13.50pt;\" height=\"18\">\uce58\uc218<\/td>\n<td>4.7\u00d74.7\u00d721cm(250ml), 5.8\u00d75.8\u00d726.4cm(500ml), 6.5\u00d76.5\u00d730.2cm(750ml)<\/td>\n<\/tr>\n<tr style=\"height: 13.50pt;\">\n<td style=\"height: 13.50pt;\" height=\"18\">\ubaa9 \ud06c\uae30<\/td>\n<td>19mm*30mm \ub098\uc0ac\uc0b0<\/td>\n<\/tr>\n<tr style=\"height: 13.50pt;\">\n<td style=\"height: 13.50pt;\" height=\"18\">\uc7ac\ub8cc<\/td>\n<td>\uc790\uc678\uc120 \ucc28\ub2e8 \uc570\ubc84 \uc720\ub9ac<\/td>\n<\/tr>\n<tr style=\"height: 13.50pt;\">\n<td style=\"height: 13.50pt;\" height=\"18\">\ubaa8\uc591<\/td>\n<td>\uc9c1\uc0ac\uac01\ud615(\uc815\uc0ac\uac01\ud615 \uc720\ub9ac)<\/td>\n<\/tr>\n<tr style=\"height: 13.50pt;\">\n<td style=\"height: 13.50pt;\" height=\"18\">\uac00\uc7a5 \uc801\ud569\ud55c<\/td>\n<td>\uc62c\ub9ac\ube0c \uc624\uc77c, \uc2dd\ucd08, \uc2dd\uc6a9\uc720, \ub9e4\ub9ac\ub124\uc774\ub4dc<\/td>\n<\/tr>\n<tr style=\"height: 13.50pt;\">\n<td style=\"height: 13.50pt;\" height=\"18\">\uc774\uc0c1\uc801\uc778 \uc0ac\uc6a9<\/td>\n<td>\uc694\ub9ac\uc6a9 \uc624\uc77c\ubcd1, \uc624\uc77c \ubc0f \uc2dd\ucd08 \uc6a9\uae30, \ub3c4\ub9e4 \ubcd1\uc785, \uc8fc\ubc29 \ubcf4\uad00<\/td>\n<\/tr>\n<\/tbody>\n<\/table>\n<h2>\uc131\uacf5 \uc0ac\ub840: \uc774\ud0c8\ub9ac\uc544 \uc62c\ub9ac\ube0c \uc624\uc77c \uc218\uc785\uc5c5\uccb4\uc758 \uace0\uae09 \ube0c\ub79c\ub4dc<\/h2>\n<p>\uc800\ud76c 500ml \ud638\ubc15\uc0c9 \uc720\ub9ac \uc62c\ub9ac\ube0c \uc624\uc77c \ubcd1\uc740 \ubbf8\uad6d \uc11c\ubd80 \ud574\uc548\uc758 \uc774\ud0c8\ub9ac\uc544 \uc62c\ub9ac\ube0c \uc624\uc77c \uc218\uc785\uc5c5\uccb4\uc5d0\uc11c \uc120\ud0dd\ud588\uc73c\uba70, \ube48\ud2f0\uc9c0 \uc2a4\ud0c0\uc77c\uc758 \uc2a4\ud06c\ub9b0 \uc778\uc1c4 \ub77c\ubca8\uacfc \ubb3c\ubc29\uc6b8 \ubc29\uc9c0 \uc548\uac10 \ub514\uc790\uc778\uc740 \ub9de\ucda4 \uc81c\uc791\ub418\uc5c8\uc2b5\ub2c8\ub2e4. \uc790\uc678\uc120 \ucc28\ub2e8 \uae30\ub2a5\uc740 \uc62c\ub9ac\ube0c \uc624\uc77c\uc758 \ucd5c\uc801 \uc720\ud1b5\uae30\ud55c\uc744 6\uac1c\uc6d4 \uc5f0\uc7a5\ud558\ub294 \ub370 \ud544\uc218\uc801\uc774\uc5c8\uc73c\uba70, \ub9e4\ucd9c \ub610\ud55c 65% \uc99d\uac00\uc2dc\ucf30\uc2b5\ub2c8\ub2e4. \uc774\uc5d0 \ub9cc\uc871\ud55c \uc218\uc785\uc5c5\uccb4\ub294 \ud2b8\ub7ec\ud50c\uacfc \uce60\ub9ac \ud5a5\uc774 \ucca8\uac00\ub41c \uc0c8\ub85c\uc6b4 \uc62c\ub9ac\ube0c \uc624\uc77c \uc81c\ud488 50\ub9cc \ubcd1\uc744 \ucd94\uac00\ub85c \uc8fc\ubb38\ud588\uc2b5\ub2c8\ub2e4.<\/p>\n<h2>\uc0ac\uc6a9\uc790 \uc815\uc758 \uad8c\uc7a5 \uc0ac\ud56d<\/h2>\n<ul>\n<li><strong>\ub85c\uace0 \uc5d0\uce6d:<\/strong> \ube0c\ub79c\ub4dc\uc5d0 \uc6b0\uc544\ud568\uc744 \ub354\ud558\ub294 \uac00\uc7a5 \uc88b\uc740 \ubc29\ubc95\uc740 \uc0ac\uac01\ud615 \uc720\ub9ac\uc5d0 \ube0c\ub79c\ub4dc \ub85c\uace0\ub97c \uc0c8\uae30\ub294 \uac83\uc785\ub2c8\ub2e4. \uc774\ub294 \ube0c\ub79c\ub4dc \uc778\uc9c0\ub3c4\ub97c \ub192\uc774\uace0 \uc2f6\uc740 \ub3c4\ub9e4 \uace0\uac1d\uc5d0\uac8c \uc801\ud569\ud569\ub2c8\ub2e4.<\/li>\n<li><strong>\uceec\ub7ec \uc720\ub9ac \uc0c9\uc870:<\/strong> \uc694\ub9ac\uc6a9\uc73c\ub85c \ub3c5\ud2b9\ud55c \ud638\ubc15\uc0c9 \uc624\uc77c\ubcd1\uc744 \uc6d0\ud55c\ub2e4\uba74 \ud604\uc7ac\uc758 \ub179\uc0c9 \uc0c9\uc0c1\uc744 \ube0c\ub79c\ub4dc \uc0c9\uc0c1\uc5d0 \ub9de\ucdb0 \uc5b4\ub461\uac70\ub098 \ubc1d\uc740 \ub179\uc0c9 \uc74c\uc601\uc73c\ub85c \ubc14\uafb8\ub294 \uac83\uc774 \uac00\uc7a5 \uc88b\uc2b5\ub2c8\ub2e4.<\/li>\n<li><strong>\uc878\uc5c5 \ud45c\uc2dc:<\/strong> \uc0ac\uc6a9\uc790\uac00 \uc815\ud655\ud55c \uc591\uc758 \uc561\uccb4\ub97c \ub354 \uc27d\uac8c \ubd80\uc744 \uc218 \uc788\ub3c4\ub85d, \uc608\ub97c \ub4e4\uc5b4 \uc2dd\uc6a9\uc720 \uc794\uc5d0 \uc6a9\ub7c9 \uc5ec\uc720 \uacf5\uac04\uc744 \uc0c8\uaca8 \ub123\uc744 \uc218 \uc788\ub294\ub370, \uc774\ub294 \uc8fc\ubc29\uc5d0 \uc774\uc0c1\uc801\uc785\ub2c8\ub2e4.<\/li>\n<li><strong>\ub9e4\ud2b8 \ub9c8\uac10:<\/strong> \uc720\ub9ac \ud45c\uba74\uc5d0\ub294 \ubb34\uad11\ud0dd \ucf54\ud305\uc774 \ub418\uc5b4 \uc788\uace0 \uc9c0\ubb38\uc774 \uc798 \ubb3b\uc9c0 \uc54a\uc73c\uba70 \ubcd1\uc740 \ubd80\ub4dc\ub7fd\uace0 \uc6b0\uc544\ud55c \ud2b9\uc9d5\uc744 \uc720\uc9c0\ud569\ub2c8\ub2e4. \uc774 \ud2b9\uc9d5\uc740 \uc8fc\ub85c \uc6b0\uc218\ud55c \uc62c\ub9ac\ube0c \uc624\uc77c \uc2dc\uc7a5\uc744 \uc704\ud55c \uac83\uc785\ub2c8\ub2e4.<\/li>\n<\/ul>","protected":false},"excerpt":{"rendered":"<p>\uace0\uae09\uc2a4\ub7ec\uc6b4 \uc9c1\uc0ac\uac01\ud615 \ud638\ubc15\uc0c9 \uc720\ub9ac \uc62c\ub9ac\ube0c \uc624\uc77c \ubcd1 (\uac80\uc740\uc0c9 \ub69c\uaed1). \ub0b4\uad6c\uc131\uc774 \ub6f0\uc5b4\ub098\uace0 \uc138\ub828\ub41c \ub514\uc790\uc778\uc758 \uc694\ub9ac\uc6a9 \uc624\uc77c \ubcd1\uc785\ub2c8\ub2e4. \uacf5\uc7a5 \uc9c1\ud310\uc73c\ub85c \ube60\ub978 \ubc30\uc1a1\uc774 \uac00\ub2a5\ud569\ub2c8\ub2e4.<\/p>","protected":false},"featured_media":25637,"template":"","meta":[],"product_brand":[],"product_cat":[126,123,122],"product_tag":[],"class_list":{"0":"post-22238","1":"product","2":"type-product","3":"status-publish","4":"has-post-thumbnail","6":"product_cat-olive-oil-bottles","7":"product_cat-custom-glass-bottles","8":"product_cat-custom-glass-packaging","10":"first","11":"instock","12":"shipping-taxable","13":"product-type-simple"},"jetpack_sharing_enabled":true,"_links":{"self":[{"href":"https:\/\/yebodaglass.com\/ko\/wp-json\/wp\/v2\/product\/22238","targetHints":{"allow":["GET"]}}],"collection":[{"href":"https:\/\/yebodaglass.com\/ko\/wp-json\/wp\/v2\/product"}],"about":[{"href":"https:\/\/yebodaglass.com\/ko\/wp-json\/wp\/v2\/types\/product"}],"version-history":[{"count":5,"href":"https:\/\/yebodaglass.com\/ko\/wp-json\/wp\/v2\/product\/22238\/revisions"}],"predecessor-version":[{"id":25573,"href":"https:\/\/yebodaglass.com\/ko\/wp-json\/wp\/v2\/product\/22238\/revisions\/25573"}],"wp:featuredmedia":[{"embeddable":true,"href":"https:\/\/yebodaglass.com\/ko\/wp-json\/wp\/v2\/media\/25637"}],"wp:attachment":[{"href":"https:\/\/yebodaglass.com\/ko\/wp-json\/wp\/v2\/media?parent=22238"}],"wp:term":[{"taxonomy":"product_brand","embeddable":true,"href":"https:\/\/yebodaglass.com\/ko\/wp-json\/wp\/v2\/product_brand?post=22238"},{"taxonomy":"product_cat","embeddable":true,"href":"https:\/\/yebodaglass.com\/ko\/wp-json\/wp\/v2\/product_cat?post=22238"},{"taxonomy":"product_tag","embeddable":true,"href":"https:\/\/yebodaglass.com\/ko\/wp-json\/wp\/v2\/product_tag?post=22238"}],"curies":[{"name":"wp","href":"https:\/\/api.w.org\/{rel}","templated":true}]}}