{"id":22237,"date":"2025-10-11T13:14:04","date_gmt":"2025-10-11T05:14:04","guid":{"rendered":"https:\/\/yebodaglass.com\/?post_type=product&#038;p=22237"},"modified":"2025-10-11T16:34:58","modified_gmt":"2025-10-11T08:34:58","slug":"bulk-stainless-steel-oil-glass-container-with-glass-base","status":"publish","type":"product","link":"https:\/\/yebodaglass.com\/ko\/bulk-stainless-steel-oil-glass-container-with-glass-base\/","title":{"rendered":"\uc720\ub9ac \ubc14\ub2e5\uc774 \uc788\ub294 \ub300\uc6a9\ub7c9 \uc2a4\ud14c\uc778\ub9ac\uc2a4 \uc2a4\ud2f8 \uc624\uc77c \uc720\ub9ac \uc6a9\uae30 - 200ml 300ml 500ml"},"content":{"rendered":"<p>\uc774 \uc720\ub9ac \uc624\uc77c \uc6a9\uae30\ub294 \uc804\uc6a9 \uc8fc\ub465\uc774\uac00 \uc788\uc73c\uba70, \uc740\uc0c9 \uba54\ud0c8\ub9ad \ud3ec\uc778\ud2b8\uac00 \uc788\ub294 \ud22c\uba85 \uc720\ub9ac\ub85c \uc81c\uc791\ub418\uc5c8\uc2b5\ub2c8\ub2e4. \ub2e4\uc591\ud55c \ud06c\uae30\ub85c \uc81c\uacf5\ub429\ub2c8\ub2e4.<\/p>\n<h2>\uc81c\ud488 \ud2b9\uc9d5<\/h2>\n<ul>\n<li><strong>\ud604\ub300\uc801\uc774\uace0 \ubbf8\ub2c8\uba40\ud55c \ub514\uc790\uc778:<\/strong> \uc720\ub9ac\uc640 \uae08\uc18d\uc758 \uc735\ud569\uc740 \ub2e8\uc21c\ud568\uc73c\ub85c \uc778\ud574 \uc5b4\ub5a4 \uc8fc\ubc29 \uc2a4\ud0c0\uc77c\uacfc\ub3c4 \uc798 \uc5b4\uc6b8\ub9ac\uba70, \uc544\ub984\ub2e4\uc6c0\uacfc \uc2e4\uc6a9\uc131\uc774 \uc644\ubcbd\ud558\uac8c \uc870\ud654\ub97c \uc774\ub8e8\ub294 \uc81c\ud488\uc785\ub2c8\ub2e4.<\/li>\n<li><strong>\uc804\uc6a9 \ubd93\uae30 \uc8fc\ub465\uc774:<\/strong> \ub2e4\uc591\ud55c \uae08\uc18d \ubd93\uae30 \uc8fc\ub465\uc774 \uc2a4\ud0c0\uc77c\ub85c \uc81c\uacf5\ub418\uba70, \ubd93\ub294 \ud750\ub984\uc744 \uc815\ud655\ud558\uac8c \uc81c\uc5b4\ud560 \ubfd0\ub9cc \uc544\ub2c8\ub77c \uc720\ucd9c\uc744 \uc904\uc774\uace0 \uc0ac\uc6a9\uc790 \uce5c\ud654\uc131\uc744 \ucd5c\ub300\ud55c \ub192\uc785\ub2c8\ub2e4.<\/li>\n<li><strong>\uc720\ub9ac-\uae08\uc18d \uc870\ud569:<\/strong> \ubcd1\uc758 \uc544\ub7ab\ubd80\ubd84\uc740 \ub0a8\uc544 \uc788\ub294 \uc624\uc77c\uc758 \uc591\uc744 \uc27d\uac8c \ubcfc \uc218 \uc788\ub3c4\ub85d \ud22c\uba85\ud55c \uc720\ub9ac\ub85c \ub9cc\ub4e4\uc5b4\uc84c\uace0, \uc717\ubd80\ubd84\uc740 \uae08\uc18d\uc73c\ub85c \ub418\uc5b4 \uc788\uc5b4 \ud488\uc9c8\uacfc \ub0b4\uad6c\uc131\uc774 \ub6f0\uc5b4\ub09c \ub290\ub08c\uc744 \uc90d\ub2c8\ub2e4.<\/li>\n<\/ul>\n<h2>\uc8fc\uc694 \uc0ac\uc591<\/h2>\n<table style=\"border-collapse: collapse; margin-left: auto; margin-right: auto; width: 642.77pt;\" border=\"0\" width=\"857\" cellspacing=\"0\" cellpadding=\"0\">\n<tbody>\n<tr style=\"height: 13.50pt;\">\n<td style=\"height: 13.50pt; width: 99.75pt;\" width=\"133\" height=\"18\">\ud2b9\uc9d5<\/td>\n<td style=\"width: 543.00pt;\" width=\"724\">\uc0ac\uc591<\/td>\n<\/tr>\n<tr style=\"height: 13.50pt;\">\n<td style=\"height: 13.50pt;\" height=\"18\">\uce58\uc218<\/td>\n<td>3.0\u00d76.5\u00d715.0cm(200ml), 3.0\u00d76.5\u00d721.0cm(300ml), 3.0\u00d77.4\u00d724.7cm(500ml)<\/td>\n<\/tr>\n<tr style=\"height: 13.50pt;\">\n<td style=\"height: 13.50pt;\" height=\"18\">\uc7ac\ub8cc<\/td>\n<td>\ud22c\uba85 \uc720\ub9ac \ubc14\ub514, \uc2a4\ud14c\uc778\ub9ac\uc2a4 \uc2a4\ud2f8 \uc8fc\ub465\uc774<\/td>\n<\/tr>\n<tr style=\"height: 13.50pt;\">\n<td style=\"height: 13.50pt;\" height=\"18\">\ub69c\uaed1 \uc635\uc158<\/td>\n<td>\ud50c\ub9bd\ud0d1 \uc2a4\ud14c\uc778\ub9ac\uc2a4 \uc2a4\ud2f8 \uc2a4\ud30c\uc6b0\ud2b8, \uc194\ub9ac\ub4dc \ucea1<\/td>\n<\/tr>\n<tr style=\"height: 13.50pt;\">\n<td style=\"height: 13.50pt;\" height=\"18\">\uac00\uc7a5 \uc801\ud569\ud55c<\/td>\n<td>\uc62c\ub9ac\ube0c \uc624\uc77c, \uc2dd\ucd08, \ub4dc\ub808\uc2f1, \uc624\uc77c \ubc0f \uc2dd\ucd08 \uc138\ud2b8<\/td>\n<\/tr>\n<tr style=\"height: 13.50pt;\">\n<td style=\"height: 13.50pt;\" height=\"18\">\uc774\uc0c1\uc801\uc778 \uc0ac\uc6a9<\/td>\n<td>\uc624\uc77c\ubcd1 \uc2a4\ud14c\uc778\ub9ac\uc2a4 \uc2a4\ud2f8 \uc2a4\ud0c0\uc77c, \uc8fc\ubc29 \ubcf4\uad00, \ub3c4\ub9e4 \uc624\uc77c \uc720\ub9ac \uc6a9\uae30<\/td>\n<\/tr>\n<\/tbody>\n<\/table>\n<h2>\uc131\uacf5 \uc0ac\ub840: \ucf00\uc774\ud130\ub9c1 \uc0b0\uc5c5\uc744 \uc704\ud55c \ud601\uc2e0\uc801\uc778 \uc120\ud0dd<\/h2>\n<p>\uc911\uacac \ucf00\uc774\ud130\ub9c1 \ud68c\uc0ac\ub294 \uc0c8\uae30 \uc27d\uace0 \uae68\uc9c0\uae30 \uc26c\uc6b4 \uae30\ub984\ubcd1\uc744 \uacc4\uc18d \uc0ac\uc6a9\ud558\ub294 \uac83\uc5d0 \uc2e4\ub9dd\ud588\uc2b5\ub2c8\ub2e4. \ud558\uc9c0\ub9cc \uc800\ud76c \ub300\uc6a9\ub7c9 \uc720\ub9ac \uae30\ub984\ubcd1\uc73c\ub85c \ubc14\uafbc \ud6c4 \ubaa8\ub4e0 \uac83\uc774 \ub2ec\ub77c\uc84c\uc2b5\ub2c8\ub2e4. \uccab\uc9f8, \uc2a4\ud14c\uc778\ub9ac\uc2a4 \uc2a4\ud2f8 \ubcd1\uc740 \ud2bc\ud2bc\ud574\uc838\uc11c \uae68\uc9c0\ub294 \ud69f\uc218\uac00 40%\ub098 \uc904\uc5c8\uc2b5\ub2c8\ub2e4. \ub458\uc9f8, \uc815\ud655\ud55c \uc8fc\ub465\uc774 \ub355\ubd84\uc5d0 \uc170\ud504\ub4e4\uc774 \uae30\ub984\uc774\ub098 \uc2dd\ucd08\ub97c \uc27d\uac8c \ub123\uc744 \uc218 \uc788\uc5b4 \uc138\ucc99 \uc2dc\uac04\uc744 \ud06c\uac8c \uc808\uc57d\ud560 \uc218 \uc788\uc5c8\uc2b5\ub2c8\ub2e4. \ubb34\uc5c7\ubcf4\ub2e4 \uc18c\ube44\uc790\ub4e4\uc740 \ubcd1\uc758 \uc138\ub828\ub41c \ub514\uc790\uc778\uc5d0 \uc5f4\uad11\ud588\uace0, \uadf8 \uacb0\uacfc \uc7ac\uad6c\ub9e4\uc728\uc774 25% \uc99d\uac00\ud588\uc2b5\ub2c8\ub2e4. \uc2e4\uc81c\ub85c \uc77c\ubd80 \uace0\uac1d\ub4e4\uc740 \uc9d1\uc5d0 \ub354 \ub9ce\uc740 \uae30\ub984\ubcd1\uc744 \ub450\uace0 \uc2f6\ub2e4\uace0 \ub9d0\ud558\uae30\ub3c4 \ud569\ub2c8\ub2e4! \ud604\uc7ac \uc800\ud76c \ucf00\uc774\ud130\ub9c1 \ud300\uc740 \ubd84\uae30\ub9c8\ub2e4 \ub300\ub7c9 \uc8fc\ubb38\uc744 \ud558\uace0 \uc788\uc2b5\ub2c8\ub2e4.<\/p>\n<h2>\ub9de\ucda4\ud615 \uc544\uc774\ub514\uc5b4<\/h2>\n<p>\uc720\ub9ac \uc624\uc77c\ubcd1\uc744 \ud2b9\ubcc4\ud558\uac8c \ub9cc\ub4e4\uace0 \uc2f6\uc73c\uc2e0\uac00\uc694? \uc774\ub807\uac8c \ubcc0\uc2e0\uc2dc\ucf1c \ubcf4\uc138\uc694!<\/p>\n<ul>\n<li>\uceec\ub7ec \uc720\ub9ac \uc0c9\uc870: \uc62c\ub9ac\ube0c \uc624\uc77c \ubcd1\uc758 \ube0c\ub79c\ub4dc \uc0c9\uc0c1\uacfc \uc5b4\uc6b8\ub9ac\ub3c4\ub85d \ud22c\uba85 \uc720\ub9ac\uc5d0 \ubd80\ub4dc\ub7ec\uc6b4 \ub179\uc0c9\uc774\ub098 \ud30c\ub780\uc0c9(\ub2e8\uc21c\ud55c \ud22c\uba85 \uc720\ub9ac \ub300\uc2e0) \uc0c9\uc870\ub97c \uc785\ud799\ub2c8\ub2e4.<\/li>\n<li>\ubd88\ud22c\uba85 \ub85c\uace0: \uace0\uac1d \ub85c\uace0\ub97c \uc704\ud574 \uc720\ub9ac\uc5d0 \ubd88\ud22c\uba85\ud55c \uc601\uc5ed\uc744 \ub9cc\ub4ed\ub2c8\ub2e4. \uc774\ub807\uac8c \ud558\uba74 \uace0\uae09\uc2a4\ub7ec\uc6b4 \ub290\ub08c\uc744 \uc8fc\uace0 \uc2a4\ud2f0\ucee4\ucc98\ub7fc \ubc97\uaca8\uc9c0\uc9c0 \uc54a\uc2b5\ub2c8\ub2e4.<\/li>\n<li>\ub808\uc774\uc800\ub85c \uac01\uc778\ub41c \uc8fc\uc785\uc120 - ml \ub9c8\ucee4\ub97c \uc720\ub9ac\uc794\uc5d0 \uc0c8\uaca8 \ub123\uc2b5\ub2c8\ub2e4. \ubcd1\uc785 \uc2dc \ud3b8\ub9ac\ud558\uace0 \uc0ac\uc6a9\uc790\uac00 \uc815\ubc00\ud558\uac8c \uc81c\uc5b4\ud560 \uc218 \uc788\uc2b5\ub2c8\ub2e4.<\/li>\n<\/ul>\n<p>\uc624\uc77c \ubcd1 \uc140\ub809\uc158\uc744 \uc5c5\uadf8\ub808\uc774\ub4dc\ud560 \uc900\ube44\uac00 \ub418\uc168\ub098\uc694? \ub300\ub7c9 \uc8fc\ubb38\uc774\ub098 \ub9de\ucda4 \uc81c\uc791\uc5d0 \ub300\ud55c \ubb38\uc758\ub294 \uc9c0\uae08 \ubc14\ub85c \uc5f0\ub77d\uc8fc\uc138\uc694. \uace0\uac1d\ub2d8\uc758 \uc131\uacf5\uc744 \uc704\ud574 \ucd5c\uc120\uc744 \ub2e4\ud558\uaca0\uc2b5\ub2c8\ub2e4!<\/p>","protected":false},"excerpt":{"rendered":"<p>\uc2a4\ud14c\uc778\ub9ac\uc2a4 \uc2a4\ud2f8 \ub69c\uaed1\uacfc \uc8fc\ub465\uc774\uac00 \uc788\ub294 \ubaa8\ub358\ud55c \uc720\ub9ac \uc624\uc77c \uc6a9\uae30\uc785\ub2c8\ub2e4. \ub0b4\uad6c\uc131\uc774 \ub6f0\uc5b4\ub098\uace0 \ub9de\ucda4 \uc81c\uc791\uc774 \uac00\ub2a5\ud558\uba70 \uc8fc\ubc29 \ube0c\ub79c\ub529\uc5d0 \uc774\uc0c1\uc801\uc785\ub2c8\ub2e4. \ub300\ub7c9 \uad6c\ub9e4 \uc2dc \ud560\uc778 \ud61c\ud0dd\uc744 \ubc1b\uc73c\uc2e4 \uc218 \uc788\uc2b5\ub2c8\ub2e4.<\/p>","protected":false},"featured_media":22262,"template":"","meta":[],"product_brand":[],"product_cat":[122,123,126],"product_tag":[],"class_list":{"0":"post-22237","1":"product","2":"type-product","3":"status-publish","4":"has-post-thumbnail","6":"product_cat-custom-glass-packaging","7":"product_cat-custom-glass-bottles","8":"product_cat-olive-oil-bottles","10":"first","11":"instock","12":"shipping-taxable","13":"product-type-simple"},"jetpack_sharing_enabled":true,"_links":{"self":[{"href":"https:\/\/yebodaglass.com\/ko\/wp-json\/wp\/v2\/product\/22237","targetHints":{"allow":["GET"]}}],"collection":[{"href":"https:\/\/yebodaglass.com\/ko\/wp-json\/wp\/v2\/product"}],"about":[{"href":"https:\/\/yebodaglass.com\/ko\/wp-json\/wp\/v2\/types\/product"}],"version-history":[{"count":5,"href":"https:\/\/yebodaglass.com\/ko\/wp-json\/wp\/v2\/product\/22237\/revisions"}],"predecessor-version":[{"id":22270,"href":"https:\/\/yebodaglass.com\/ko\/wp-json\/wp\/v2\/product\/22237\/revisions\/22270"}],"wp:featuredmedia":[{"embeddable":true,"href":"https:\/\/yebodaglass.com\/ko\/wp-json\/wp\/v2\/media\/22262"}],"wp:attachment":[{"href":"https:\/\/yebodaglass.com\/ko\/wp-json\/wp\/v2\/media?parent=22237"}],"wp:term":[{"taxonomy":"product_brand","embeddable":true,"href":"https:\/\/yebodaglass.com\/ko\/wp-json\/wp\/v2\/product_brand?post=22237"},{"taxonomy":"product_cat","embeddable":true,"href":"https:\/\/yebodaglass.com\/ko\/wp-json\/wp\/v2\/product_cat?post=22237"},{"taxonomy":"product_tag","embeddable":true,"href":"https:\/\/yebodaglass.com\/ko\/wp-json\/wp\/v2\/product_tag?post=22237"}],"curies":[{"name":"wp","href":"https:\/\/api.w.org\/{rel}","templated":true}]}}