{"id":22104,"date":"2025-10-10T15:01:45","date_gmt":"2025-10-10T07:01:45","guid":{"rendered":"https:\/\/yebodaglass.com\/?post_type=product&#038;p=22104"},"modified":"2026-03-26T15:44:18","modified_gmt":"2026-03-26T07:44:18","slug":"wholesale-green-oil-olive-bottles-with-cylindrical-shape","status":"publish","type":"product","link":"https:\/\/yebodaglass.com\/ko\/wholesale-green-oil-olive-bottles-with-cylindrical-shape\/","title":{"rendered":"\uc6d0\ud1b5\ud615 \uadf8\ub9b0 \uc624\uc77c \uc62c\ub9ac\ube0c \ubcd1 \ub3c4\ub9e4 - 250ml 500ml 750ml"},"content":{"rendered":"<p>\uc774 \uc62c\ub9ac\ube0c \uc624\uc77c \ubcd1\uc740 \uace1\uc120\uc774 \uc5c6\ub294 \ub0a0\ub835\ud55c \uc6d0\ud1b5\ud615\uc73c\ub85c \ub514\uc790\uc778\ub418\uc5c8\uc2b5\ub2c8\ub2e4. \ubcd1 \ubcf8\uccb4\ub294 \ube5b\uc744 \uc798 \ucc28\ub2e8\ud558\ub294 \uc9d9\uc740 \uc62c\ub9ac\ube0c \uadf8\ub9b0 \uc0c9\uc0c1\uc758 \uc720\ub9ac\ub85c \uc81c\uc791\ub418\uc5c8\uc2b5\ub2c8\ub2e4. \ubcd1\ubaa9\uc740 \ub098\uc0ac\uc2dd\uc774\uba70 \ub69c\uaed1\uc740 \uae08\uc0c9 \ub610\ub294 \uac80\uc740\uc0c9\uc785\ub2c8\ub2e4.<\/p>\n<h2>\uc81c\ud488 \ud2b9\uc9d5<\/h2>\n<ul>\n<li><strong>\uc790\uc678\uc120 \ucc28\ub2e8 \ub2e8\uc704:<\/strong> \uc624\uc77c \ubcd1\uc758 \ub179\uc0c9 \uc720\ub9ac\ub294 \ubcd1 \uc548\uc5d0 \uc788\ub294 \uc62c\ub9ac\ube0c \uc624\uc77c\uc744 \ubcf4\ud638\ud558\ub294 \uc5ed\ud560\uc744 \ud558\uba70, \ud587\ube5b\uc73c\ub85c \uc778\ud55c \ud0c8\uc0c9\uacfc \uc0b0\ud328\ub97c \ubc29\uc9c0\ud558\uc5ec \uc624\uc77c\uc758 \uc720\ud1b5\uae30\ud55c\uc744 \uc5f0\uc7a5\ud569\ub2c8\ub2e4.<\/li>\n<li><strong>\uc587\uc740 \uc6d0\ud1b5\ud615 \ubaa8\uc591:<\/strong> \uac00\ub290\ub2e4\ub780 \uc6d0\ud1b5\ud615 \ubaa8\uc591\uc740 \uacf5\uac04\uc744 \uc808\uc57d\ud560 \ubfd0\ub9cc \uc544\ub2c8\ub77c, \ub2e4\ub8e8\uae30\ub3c4 \ub9e4\uc6b0 \uc27d\uae30 \ub54c\ubb38\uc5d0 \uc561\uccb4\ub97c \ubd80\uc744 \ub54c \ud750\ub984\uc744 \uc81c\uc5b4\ud558\uae30\uac00 \ub354 \uc27d\uc2b5\ub2c8\ub2e4.<\/li>\n<li><strong>\ub2e4\uc591\ud55c \ud06c\uae30:<\/strong> \uc800\ud76c\ub294 \uadc0\ud558\uc758 \uc77c\uc0c1\uc801\uc778 \uc18c\ub7c9 \ub610\ub294 \ub300\ub7c9 \uc218\uc694\uc5d0 \ub9de\ucdb0 \ub2e4\uc591\ud55c \ud06c\uae30\uc758 \ubcd1\uc744 \uc81c\uacf5\ud569\ub2c8\ub2e4.<\/li>\n<\/ul>\n<h2>\uc8fc\uc694 \uc0ac\uc591<\/h2>\n<table style=\"border-collapse: collapse; margin-left: auto; margin-right: auto; width: 448.52pt;\" border=\"0\" width=\"598\" cellspacing=\"0\" cellpadding=\"0\">\n<tbody>\n<tr style=\"height: 13.50pt;\">\n<td style=\"height: 13.50pt; width: 92.25pt;\" width=\"123\" height=\"18\">\ud2b9\uc9d5<\/td>\n<td style=\"width: 356.25pt;\" width=\"475\">\uc0ac\uc591<\/td>\n<\/tr>\n<tr style=\"height: 13.50pt;\">\n<td style=\"height: 13.50pt;\" height=\"18\">\uce58\uc218<\/td>\n<td>5.0\u00d723.2cm(250ml), 6.1\u00d728cm(500ml), 6.9\u00d730.9cm(750ml)<\/td>\n<\/tr>\n<tr style=\"height: 13.50pt;\">\n<td style=\"height: 13.50pt;\" height=\"18\">\ubaa9 \ud06c\uae30<\/td>\n<td>19x30mm \ub098\uc0ac\uc0b0<\/td>\n<\/tr>\n<tr style=\"height: 13.50pt;\">\n<td style=\"height: 13.50pt;\" height=\"18\">\uc7ac\ub8cc<\/td>\n<td>\uc790\uc678\uc120 \ucc28\ub2e8 \ub179\uc0c9 \uc720\ub9ac<\/td>\n<\/tr>\n<tr style=\"height: 13.50pt;\">\n<td style=\"height: 13.50pt;\" height=\"18\">\ubaa8\uc591<\/td>\n<td>\ud0a4\uac00 \ud070 \uc6d0\ud1b5\ud615(\ub465\uadfc \uc720\ub9ac)<\/td>\n<\/tr>\n<tr style=\"height: 13.50pt;\">\n<td style=\"height: 13.50pt;\" height=\"18\">\uac00\uc7a5 \uc801\ud569\ud55c<\/td>\n<td>\uc62c\ub9ac\ube0c \uc624\uc77c, \uc2dd\uc6a9\uc720, \ub4dc\ub808\uc2f1<\/td>\n<\/tr>\n<\/tbody>\n<\/table>\n<h2>\uc131\uacf5 \uc0ac\ub840<\/h2>\n<p>\uc2a4\ud398\uc778\uc758 \ud55c \uac00\uc871 \uacbd\uc601 \uc62c\ub9ac\ube0c\uc720 \uc81c\uc870\uc5c5\uccb4\uac00 \uc218\ud655\uc77c\uc790\uc640 \ubc30\uce58 \ucf54\ub4dc\uac00 \ub808\uc774\uc800\ub85c \uac01\uc778\ub41c \uae08\uc0c9 \ub69c\uaed1\uc774 \uc788\ub294 750ml \ub179\uc0c9 \uc624\uc77c \ubcd1\uc744 \uc120\ud0dd\ud588\uc2b5\ub2c8\ub2e4. \uc790\uc678\uc120 \ucc28\ub2e8 \uae30\ub2a5\uc774 \uc788\ub294 \uc720\ub9ac\ubcd1\uacfc \uc815\ud655\ud55c \ubc30\uce58 \ucf54\ub4dc \ub355\ubd84\uc5d0 \uc720\ud1b5\uae30\ud55c\uc774 \uc9c0\ub09c \uc81c\ud488\uc73c\ub85c \uc778\ud55c \uc190\uc2e4\uc744 42% \uc904\uc77c \uc218 \uc788\uc5c8\uace0, \uace0\ud488\uc9c8 \ud3ec\uc7a5\uc73c\ub85c \uc218\ucd9c \uc218\uc775\ub3c4 20% \uc99d\uac00\ud588\uc2b5\ub2c8\ub2e4. \uc774 \uc81c\uc870\uc5c5\uccb4\ub294 \uc0c8\ub85c\uc6b4 \uc870\uae30 \uc218\ud655 \uc62c\ub9ac\ube0c\uc720 \uc2dc\ub9ac\uc988 20\ub9cc \ubcd1\uc744 \uc8fc\ubb38\ud588\uace0, \ubc18\uc751\uc774 \uc88b\uc544\uc11c \ucd94\uac00 \uc8fc\ubb38\uc73c\ub85c \uc774\uc5b4\uc84c\uc2b5\ub2c8\ub2e4.<\/p>\n<h2>\uc720\ub9ac \uc624\uc77c \uc62c\ub9ac\ube0c \ubcd1 \ub9de\ucda4 \uc81c\uc791 \ud301<\/h2>\n<ul>\n<li>\ud504\ub85c\uc2a4\ud2f0\ub4dc \ubcd1 - \ud45c\uba74 \uc804\uccb4\ub97c \uc0cc\ub4dc\ube14\ub77c\uc2a4\ud305\ud558\uc5ec \ubd80\ub4dc\ub7fd\uace0 \ubb34\uad11 \ub9c8\uac10\ud569\ub2c8\ub2e4. \ub179\uc0c9 \uc0c9\uc0c1\uc740 \uadf8\ub300\ub85c \uc720\uc9c0\ud558\uba74\uc11c \ud2b8\ub80c\ub514\ud558\uace0 \uc9c8\uac10 \uc788\ub294 \ub9c8\uac10\uc744 \ub354\ud569\ub2c8\ub2e4.<\/li>\n<li>\uc9c8\uac10 \uc788\ub294 \ubc14\ub2e5 - \ubcd1 \ubc14\ub2e5\uc5d0 \ub3d9\uc2ec\uc6d0\uc774\ub098 \uc120\ubc84\uc2a4\ud2b8 \ub514\uc790\uc778\uc744 \ubc30\uce58\ud558\uc5ec \ud48d\ubd80\ud558\uace0 \uc9c8\uac10 \uc788\ub294 \ub290\ub08c\uc744 \uc8fc\ub294 \ub3d9\uc2dc\uc5d0 \ub3c5\ud2b9\ud55c \ubaa8\uc2b5\uc744 \uc5f0\ucd9c\ud569\ub2c8\ub2e4.<\/li>\n<li>\ubca0\ubca8 \uc204\ub354 - \uc6a9\uae30\uc758 \ubaa9 \ubd80\ubd84\ubd80\ud130 \ubab8\ud1b5\uae4c\uc9c0 \uacbd\uc0ac\uc9c4 \uace1\uc120\uc744 \ud615\uc131\ud569\ub2c8\ub2e4. \uc774 \uc2ec\ud50c\ud55c \ub514\uc790\uc778\uc740 \ube5b\uc744 \uc644\ubcbd\ud558\uac8c \ud1b5\uacfc\uc2dc\ud0a4\ub294 \ub3d9\uc2dc\uc5d0 \ud654\ub824\ud568\uc744 \ub354\ud569\ub2c8\ub2e4.<\/li>\n<li>\ub808\uc774\uc800 \uc870\uac01 \u2013 \uc815\ubc00 \ub808\uc774\uc800\ub97c \ud65c\uc6a9\ud574 \ube0c\ub79c\ub4dc \ub85c\uace0\ub098 \uc774\ubbf8\uc9c0\ub97c \uc720\ub9ac\uc5d0 \uc9c1\uc811 \uc0c8\uaca8 \ub123\uc73c\uc138\uc694.<\/li>\n<\/ul>","protected":false},"excerpt":{"rendered":"<p>\uc2a4\ud06c\ub958 \ucea1\uc774 \ub2ec\ub9b0 \uc9d9\uc740 \ub179\uc0c9 \uc720\ub9ac \uc62c\ub9ac\ube0c \uc624\uc77c \ubcd1\uc740 \uc624\uc77c\uc758 \ud488\uc9c8\uc744 \ubcf4\ud638\ud569\ub2c8\ub2e4. \uc62c\ub9ac\ube0c \uc624\uc77c, \uc2dd\uc6a9\uc720, \uace0\uae09 \uc624\uc77c \ub4f1 \ub2e4\uc591\ud55c \uc6a9\ub3c4\ub85c \uc0ac\uc6a9\ud560 \uc218 \uc788\uc2b5\ub2c8\ub2e4. \uacf5\uc7a5 \uc9c1\uc1a1 \uc81c\ud488\uc785\ub2c8\ub2e4.<\/p>","protected":false},"featured_media":25642,"template":"","meta":[],"product_brand":[],"product_cat":[126,123,122],"product_tag":[],"class_list":{"0":"post-22104","1":"product","2":"type-product","3":"status-publish","4":"has-post-thumbnail","6":"product_cat-olive-oil-bottles","7":"product_cat-custom-glass-bottles","8":"product_cat-custom-glass-packaging","10":"first","11":"instock","12":"shipping-taxable","13":"product-type-simple"},"jetpack_sharing_enabled":true,"_links":{"self":[{"href":"https:\/\/yebodaglass.com\/ko\/wp-json\/wp\/v2\/product\/22104","targetHints":{"allow":["GET"]}}],"collection":[{"href":"https:\/\/yebodaglass.com\/ko\/wp-json\/wp\/v2\/product"}],"about":[{"href":"https:\/\/yebodaglass.com\/ko\/wp-json\/wp\/v2\/types\/product"}],"version-history":[{"count":5,"href":"https:\/\/yebodaglass.com\/ko\/wp-json\/wp\/v2\/product\/22104\/revisions"}],"predecessor-version":[{"id":25556,"href":"https:\/\/yebodaglass.com\/ko\/wp-json\/wp\/v2\/product\/22104\/revisions\/25556"}],"wp:featuredmedia":[{"embeddable":true,"href":"https:\/\/yebodaglass.com\/ko\/wp-json\/wp\/v2\/media\/25642"}],"wp:attachment":[{"href":"https:\/\/yebodaglass.com\/ko\/wp-json\/wp\/v2\/media?parent=22104"}],"wp:term":[{"taxonomy":"product_brand","embeddable":true,"href":"https:\/\/yebodaglass.com\/ko\/wp-json\/wp\/v2\/product_brand?post=22104"},{"taxonomy":"product_cat","embeddable":true,"href":"https:\/\/yebodaglass.com\/ko\/wp-json\/wp\/v2\/product_cat?post=22104"},{"taxonomy":"product_tag","embeddable":true,"href":"https:\/\/yebodaglass.com\/ko\/wp-json\/wp\/v2\/product_tag?post=22104"}],"curies":[{"name":"wp","href":"https:\/\/api.w.org\/{rel}","templated":true}]}}