{"id":22079,"date":"2025-10-09T16:44:16","date_gmt":"2025-10-09T08:44:16","guid":{"rendered":"https:\/\/yebodaglass.com\/?post_type=product&#038;p=22079"},"modified":"2026-03-26T15:22:44","modified_gmt":"2026-03-26T07:22:44","slug":"wholesale-clear-olive-oil-bottle-for-kitchen","status":"publish","type":"product","link":"https:\/\/yebodaglass.com\/ko\/wholesale-clear-olive-oil-bottle-for-kitchen\/","title":{"rendered":"\uc8fc\ubc29\uc6a9 \ud22c\uba85 \uc62c\ub9ac\ube0c \uc624\uc77c \uc6a9\uae30 \ub3c4\ub9e4 (250ml, 500ml, 750ml, 1000ml)"},"content":{"rendered":"<p>\uc774 \uc81c\ud488\ub4e4\uc740 \ub9e4\ub044\ub7fd\uace0 \uae34 \uc6d0\ud1b5\ud615 \ub514\uc790\uc778\uc758 \ud22c\uba85\ud55c \uc62c\ub9ac\ube0c \uc624\uc77c \ubcd1\uc73c\ub85c, \ud06c\ub9ac\uc2a4\ud0c8\ucc98\ub7fc \ud22c\uba85\ud55c \uc720\ub9ac\ub85c \ub9cc\ub4e4\uc5b4\uc84c\uc73c\uba70 \ub2e4\uc591\ud55c \ud06c\uae30\ub85c \uc81c\uacf5\ub418\uace0 \uac80\uc740\uc0c9 \ub610\ub294 \ub179\uc0c9 \ub098\uc0ac\uc2dd \ub69c\uaed1\uc774 \uc788\uc2b5\ub2c8\ub2e4.<\/p>\n<h2>\uc81c\ud488 \ud2b9\uc9d5<\/h2>\n<ul>\n<li><strong>\ub2e4\uc591\ud55c \uc6a9\ub7c9 \uc635\uc158:<\/strong> \ub2e4\uc591\ud55c \uc694\uad6c \uc0ac\ud56d(\uc18c\ub7c9 \uc0d8\ud50c \ud14c\uc2a4\ud2b8, \uac00\uc815\uc6a9 \uc77c\uc0c1\uc6a9\ud488, \uc0c1\uc5c5\uc6a9\/\uc2dd\ub2f9\uc6a9 \ucda9\uc804 \ub4f1)\uc744 \ucda9\uc871\ud558\uae30 \uc704\ud574 4\uac00\uc9c0 \ub192\uc774\ub85c \uc81c\uacf5\ub429\ub2c8\ub2e4.<\/li>\n<li><strong>\uc774\uc911 \uc0c9\uc0c1 \uc2a4\ud06c\ub958 \ucea1 \uc194\ub8e8\uc158:<\/strong> \uc774 \uc81c\ud488\uc740 \ub6f0\uc5b4\ub09c \ubc00\ubd09 \uc131\ub2a5\uc744 \ubcf4\uc7a5\ud558\uae30 \uc704\ud574 \uac80\uc815\uc0c9\uacfc \ub179\uc0c9\uc758 \ub098\uc0ac \ub69c\uaed1\uc744 \uac16\ucd94\uace0 \uc788\uc2b5\ub2c8\ub2e4.<\/li>\n<li><strong>\ubcd1 \ubaa8\uc591\uc740 \uc2ac\ub9bc\ud55c \uc6d0\ud1b5\ud615\uc785\ub2c8\ub2e4.<\/strong> \uac00\ub298\uace0 \uc6d0\ud1b5\ud615\uc758 \ubcd1 \ubaa8\uc591\uc740 \uadf8\ub9bd\uac10\uc774 \uc88b\uace0 \ub530\ub974\uae30 \uc26c\uc6b0\uba70, \ubcf4\uad00 \ubc0f \uc6b4\uc1a1 \uc2dc \uacf5\uac04\uc744 \uc808\uc57d\ud560 \uc218 \uc788\uc2b5\ub2c8\ub2e4.<\/li>\n<\/ul>\n<h2 style=\"text-align: left;\">\uc8fc\uc694 \uc0ac\uc591<\/h2>\n<table class=\"aligncenter\" style=\"border-collapse: collapse; width: 534.02pt;\" border=\"0\" width=\"712\" cellspacing=\"0\" cellpadding=\"0\">\n<tbody>\n<tr style=\"height: 13.50pt;\">\n<td style=\"height: 13.50pt; width: 69.75pt;\" width=\"93\" height=\"18\">\ud2b9\uc9d5<\/td>\n<td style=\"width: 464.25pt;\" width=\"619\">\uc0ac\uc591<\/td>\n<\/tr>\n<tr style=\"height: 13.50pt;\">\n<td style=\"height: 13.50pt;\" height=\"18\">\uce58\uc218<\/td>\n<td>5\u00d723.2cm (250ml), 6.1\u00d728cm (500ml), 6.9\u00d731.2cm (750ml), 7.8\u00d732.5cm (1000ml)<\/td>\n<\/tr>\n<tr style=\"height: 13.50pt;\">\n<td style=\"height: 13.50pt;\" height=\"18\">\ubaa9 \ud06c\uae30<\/td>\n<td>19\u00d730mm(\ud45c\uc900 \ub098\uc0ac\uc0b0)<\/td>\n<\/tr>\n<tr style=\"height: 13.50pt;\">\n<td style=\"height: 13.50pt;\" height=\"18\">\uc7ac\ub8cc<\/td>\n<td>\ud22c\uba85 \uc720\ub9ac<\/td>\n<\/tr>\n<tr style=\"height: 13.50pt;\">\n<td style=\"height: 13.50pt;\" height=\"18\">\ubaa8\uc591<\/td>\n<td>\uc6d0\ud1b5\ud615<\/td>\n<\/tr>\n<tr style=\"height: 13.50pt;\">\n<td style=\"height: 13.50pt;\" height=\"18\">\ub69c\uaed1 \uc635\uc158<\/td>\n<td>\uc194\ub9ac\ub4dc \uc2a4\ud06c\ub958 \ucea1, \uc8fc\ub465\uc774, \ud38c\ud504 \ub514\uc2a4\ud39c\uc11c<\/td>\n<\/tr>\n<tr style=\"height: 13.50pt;\">\n<td style=\"height: 13.50pt;\" height=\"18\">\uac00\uc7a5 \uc801\ud569\ud55c<\/td>\n<td>\uc62c\ub9ac\ube0c \uc624\uc77c, \uc2dd\ucd08, \uc18c\uc2a4<\/td>\n<\/tr>\n<\/tbody>\n<\/table>\n<h2>\uc131\uacf5 \uc0ac\ub840<\/h2>\n<p>\uc800\ud76c\uac00 \uc8fc\ubc29\uc6a9\uc73c\ub85c \uc0ac\uc6a9\ud558\ub294 \uc62c\ub9ac\ube0c \uc624\uc77c \ubcd1\uc740 \uce98\ub9ac\ud3ec\ub2c8\uc544\uc758 \ud55c \uc62c\ub9ac\ube0c \ub18d\uc7a5\uc5d0\uc11c \uc9c1\uc811 \uc218\ud655\ud55c \uc62c\ub9ac\ube0c\ub85c \ub9cc\ub4e4\uc5b4\uc84c\uc73c\uba70, \uc720\ub9ac\ub85c \ub41c \ub530\ub974\uae30 \uc26c\uc6b4 \uc8fc\ub465\uc774\uac00 \ub2ec\ub9b0 \ud2b9\uc218 \ub69c\uaed1\uc774 \ubd80\ucc29\ub418\uc5b4 \uc788\uc2b5\ub2c8\ub2e4. \uc774\ub807\uac8c \ub9de\ucda4 \uc81c\uc791\ub41c \ubcd1\uc740 \ub6f0\uc5b4\ub09c \uac00\uce58\ub97c \ub354\ud588\uc2b5\ub2c8\ub2e4. \ud22c\uba85\ud55c \uc720\ub9ac\ubcd1\uc740 \uc62c\ub9ac\ube0c \uc624\uc77c\uc758 \uc544\ub984\ub2e4\uc6b4 \uc0c9\uac10\uc744 \uc644\ubcbd\ud558\uac8c \ubcf4\uc5ec\uc8fc\uc5c8\uace0, \ub355\ubd84\uc5d0 \ub18d\uc0b0\ubb3c \uc9c1\uac70\ub798 \uc7a5\ud130\uc5d0\uc11c \uc989\ud765 \uad6c\ub9e4\uc728\uc774 25% \uc99d\uac00\ud588\ub2e4\uace0 \ud569\ub2c8\ub2e4. \ub610\ud55c, \ub530\ub974\uae30 \uc26c\uc6b4 \uc8fc\ub465\uc774\uac00 \ub2ec\ub9b0 \ub69c\uaed1 \ub355\ubd84\uc5d0 \uc624\uc77c\uc774 \ud758\ub7ec \ud758\ub9ac\ub294 \ud604\uc0c1\uc774 \ud3c9\uade0 30% \uac10\uc18c\ud588\uc2b5\ub2c8\ub2e4. \uc774\ub7ec\ud55c \uc131\uacfc\ub97c \ubc14\ud0d5\uc73c\ub85c, \uc800\ud76c\ub294 \ucd5c\uadfc \uc0c8\ub85c\uc6b4 \ud5a5\ubbf8 \uc62c\ub9ac\ube0c \uc624\uc77c \ub77c\uc778 12\ub9cc \ubcd1\uc744 \ucd94\uac00 \uc8fc\ubb38\ud588\uc73c\uba70, \ud55c \uace0\uae09 \ud638\ud154 \uccb4\uc778\uacfc \ud611\ub825\ud558\uc5ec \uc120\ubb3c \uc138\ud2b8\ub97c \ucd9c\uc2dc\ud588\uc2b5\ub2c8\ub2e4.<\/p>\n<h2>\ud22c\uba85 \uc62c\ub9ac\ube0c \uc624\uc77c \ubcd1 \ub9de\ucda4 \uc81c\uc791<\/h2>\n<ul>\n<li>\ub9e4\ud2b8 \uc0b0 \uc138\ucc99 - \ud45c\uba74 \uc804\uccb4\ub97c \ubd80\ub4dc\ub7fd\uace0 \uc724\uae30 \uc788\ub294 \ub9c8\uac10 \ucc98\ub9ac\ud569\ub2c8\ub2e4. \uace0\uae09\uc2a4\ub7ec\uc6b4 \ub290\ub08c\uc744 \uc8fc\uba74\uc11c\ub3c4 \uc9c0\ubb38\uc774 \uc798 \ubb3b\uc9c0 \uc54a\uc2b5\ub2c8\ub2e4.<\/li>\n<li>\ub85c\uace0 \uc0cc\ub4dc\ube14\ub77c\uc2a4\ud305 \u2013 \uc55e\uba74\uc5d0 \ub85c\uace0\ub97c \uc0c8\uaca8\ub123\uc73c\uc138\uc694. \uc601\uad6c\uc801\uc73c\ub85c \uc81c\uc791\ub418\uba70, \ucd5c\uace0\uae09 \uc7a5\uc778 \uc815\uc2e0\uc774 \ub290\uaef4\uc9d1\ub2c8\ub2e4.<\/li>\n<li>\uc0c9\uc870 \uae4a\uc774 \uc870\uc808 \u2013 \ud45c\uc900 \ub179\uc0c9\ubcf4\ub2e4 \ub354 \uc9c4\ud55c \uc0c9\uc0c1\uc744 \uc120\ud0dd\ud558\uc5ec \uc790\uc678\uc120 \ucc28\ub2e8 \uae30\ub2a5\uc744 \uac15\ud654\ud558\uace0 \ub354\uc6b1 \ub69c\ub837\ud55c \ub290\ub08c\uc744 \uc90d\ub2c8\ub2e4.<\/li>\n<\/ul>\n<p>\uc800\ud76c\ub294 \uc81c\uc870\uc5c5\uccb4\uc785\ub2c8\ub2e4. \uc989, \uc774\ub7ec\ud55c \uc218\uc815 \uc0ac\ud56d\uc5d0 \ub300\ud574 \ucd94\uac00 \ube44\uc6a9\uc744 \uc9c0\ubd88\ud558\uc9c0 \uc54a\uc73c\uc154\ub3c4 \ub429\ub2c8\ub2e4. \ucc98\uc74c\ubd80\ud130 \ub3c4\ub9e4 \ud310\ub9e4\uc5d0 \uc774\ub7ec\ud55c \uc218\uc815 \uc0ac\ud56d\uc744 \ud3ec\ud568\uc2dc\ucf1c \ub4dc\ub9bd\ub2c8\ub2e4.<\/p>","protected":false},"excerpt":{"rendered":"<p>\uace0\uae09 \ud22c\uba85 \uc62c\ub9ac\ube0c \uc624\uc77c \ubcd1\uc740 \ub192\uc740 \ud22c\uba85\ub3c4\ub97c \uc790\ub791\ud558\ub294 \uc720\ub9ac\ub85c \uc81c\uc791\ub418\uc5c8\uc2b5\ub2c8\ub2e4. \uc8fc\ubc29 \ubc0f \uc2dd\ud488 \ubcf4\uad00\uc5d0 \uc774\uc0c1\uc801\uc785\ub2c8\ub2e4. \ube60\ub978 \ubc30\uc1a1\uacfc \ub3c4\ub9e4\uac00 \uc81c\uacf5 \uac00\ub2a5\ud569\ub2c8\ub2e4.<\/p>","protected":false},"featured_media":25640,"template":"","meta":[],"product_brand":[],"product_cat":[126,123,122],"product_tag":[],"class_list":{"0":"post-22079","1":"product","2":"type-product","3":"status-publish","4":"has-post-thumbnail","6":"product_cat-olive-oil-bottles","7":"product_cat-custom-glass-bottles","8":"product_cat-custom-glass-packaging","10":"first","11":"instock","12":"shipping-taxable","13":"product-type-simple"},"jetpack_sharing_enabled":true,"_links":{"self":[{"href":"https:\/\/yebodaglass.com\/ko\/wp-json\/wp\/v2\/product\/22079","targetHints":{"allow":["GET"]}}],"collection":[{"href":"https:\/\/yebodaglass.com\/ko\/wp-json\/wp\/v2\/product"}],"about":[{"href":"https:\/\/yebodaglass.com\/ko\/wp-json\/wp\/v2\/types\/product"}],"version-history":[{"count":5,"href":"https:\/\/yebodaglass.com\/ko\/wp-json\/wp\/v2\/product\/22079\/revisions"}],"predecessor-version":[{"id":25569,"href":"https:\/\/yebodaglass.com\/ko\/wp-json\/wp\/v2\/product\/22079\/revisions\/25569"}],"wp:featuredmedia":[{"embeddable":true,"href":"https:\/\/yebodaglass.com\/ko\/wp-json\/wp\/v2\/media\/25640"}],"wp:attachment":[{"href":"https:\/\/yebodaglass.com\/ko\/wp-json\/wp\/v2\/media?parent=22079"}],"wp:term":[{"taxonomy":"product_brand","embeddable":true,"href":"https:\/\/yebodaglass.com\/ko\/wp-json\/wp\/v2\/product_brand?post=22079"},{"taxonomy":"product_cat","embeddable":true,"href":"https:\/\/yebodaglass.com\/ko\/wp-json\/wp\/v2\/product_cat?post=22079"},{"taxonomy":"product_tag","embeddable":true,"href":"https:\/\/yebodaglass.com\/ko\/wp-json\/wp\/v2\/product_tag?post=22079"}],"curies":[{"name":"wp","href":"https:\/\/api.w.org\/{rel}","templated":true}]}}