{"id":22032,"date":"2025-10-09T11:57:30","date_gmt":"2025-10-09T03:57:30","guid":{"rendered":"https:\/\/yebodaglass.com\/?post_type=product&#038;p=22032"},"modified":"2026-03-26T14:47:01","modified_gmt":"2026-03-26T06:47:01","slug":"wholesale-clear-olive-oil-dispenser-bottles-with-square-base-150ml-250ml-500ml","status":"publish","type":"product","link":"https:\/\/yebodaglass.com\/ko\/wholesale-clear-olive-oil-dispenser-bottles-with-square-base-150ml-250ml-500ml\/","title":{"rendered":"\uc0ac\uac01\ud615 \ubc14\ub2e5\uc774 \uc788\ub294 \ub3c4\ub9e4 \ud22c\uba85 \uc62c\ub9ac\ube0c \uc624\uc77c \ub514\uc2a4\ud39c\uc11c \ubcd1 - 150ml 250ml 500ml"},"content":{"rendered":"<p>It is a functional as well as a modern glass framed set of oil dispensers bottles in a transparent square shape. Constructed of glass of extreme clarity, the bottle is designed with clean straight lines and the profile of bare squares with minimalist appearance, rich in a premium and professional look that will suit retail and hospitality venues.<\/p>\n<h2>\uc81c\ud488 \ud2b9\uc9d5<\/h2>\n<ul>\n<li><strong>\ub2e4\uc591\ud55c \ud06c\uae30\ub85c \uc81c\uacf5\ub429\ub2c8\ub2e4:<\/strong> \uac00\uc815\uc5d0\uc11c \uac00\uc871\uacfc \ud568\uaed8 \uc694\ub9ac\ud560 \ub54c, \uc0c1\uc5c5\uc6a9 \ub808\uc2a4\ud1a0\ub791\uc5d0\uc11c, \ub610\ub294 \uc774\ub3d9 \uc911\uc5d0\ub3c4 \uc0ac\uc6a9\ud560 \uc218 \uc788\ub3c4\ub85d \ub300\ud615, \uc911\ud615, \uc18c\ud615 \ub4f1 \ub2e4\uc591\ud55c \ud06c\uae30\ub85c \uc81c\uacf5\ub429\ub2c8\ub2e4.<\/li>\n<li><strong>\uc790\uccb4 \ubc00\ubd09\ud615 \uc8fc\ub465\uc774:<\/strong> \uc774 \uc81c\ud488\uc740 \uae30\uc6b8\uc774\uba74 \uc2a4\ud504\ub9c1 \ubc38\ube0c\uac00 \uc791\ub3d9\ud558\uc5ec \ub0b4\uc6a9\ubb3c\uc744 \uc870\uc808\ud558\uba70 \ub530\ub97c \uc218 \uc788\uace0, \uae30\uc6b8\uc774\uba74 \uc790\ub3d9\uc73c\ub85c \ub2eb\ud600 \ubb3c\ubc29\uc6b8\uc774 \ub5a8\uc5b4\uc9c0\uac70\ub098 \uc0c8\ub294 \uac83\uc744 \ubc29\uc9c0\ud569\ub2c8\ub2e4.<\/li>\n<li><strong>\ub465\uadfc \uc0ac\uac01\ud615 \ubcd1 \ubaa8\uc591:<\/strong> Bottles of this shape have another advantage, the square shape makes the bottle a comfortable and non-slip grip and also they can be stacked and save the space in the kitchen store.<\/li>\n<\/ul>\n<h2 style=\"text-align: left;\">\uc8fc\uc694 \uc0ac\uc591<\/h2>\n<table class=\"aligncenter\" style=\"border-collapse: collapse; width: 429.77pt;\" border=\"0\" width=\"573\" cellspacing=\"0\" cellpadding=\"0\">\n<tbody>\n<tr style=\"height: 13.50pt;\">\n<td style=\"height: 13.50pt; width: 69.75pt;\" width=\"93\" height=\"18\">\ud2b9\uc9d5<\/td>\n<td style=\"width: 360.00pt;\" width=\"480\">\uc0ac\uc591<\/td>\n<\/tr>\n<tr style=\"height: 13.50pt;\">\n<td style=\"height: 13.50pt;\" height=\"18\">\uce58\uc218<\/td>\n<td>4.8\u00d74.8\u00d715.8cm(150ml), 4.7\u00d74.7\u00d721cm(250ml), 5.8\u00d75.8\u00d726.1cm(500ml)<\/td>\n<\/tr>\n<tr style=\"height: 13.50pt;\">\n<td style=\"height: 13.50pt;\" height=\"18\">\ubaa9 \ud06c\uae30<\/td>\n<td>17\u00d729mm<\/td>\n<\/tr>\n<tr style=\"height: 13.50pt;\">\n<td style=\"height: 13.50pt;\" height=\"18\">\uc7ac\ub8cc<\/td>\n<td>Lead-free Soda-lime Transparent Glass<\/td>\n<\/tr>\n<tr style=\"height: 13.50pt;\">\n<td style=\"height: 13.50pt;\" height=\"18\">\ubaa8\uc591<\/td>\n<td>Square base<\/td>\n<\/tr>\n<tr style=\"height: 13.50pt;\">\n<td style=\"height: 13.50pt;\" height=\"18\">\uac00\uc7a5 \uc801\ud569\ud55c<\/td>\n<td>\uc62c\ub9ac\ube0c \uc624\uc77c, \uc2dd\ucd08, \ub4dc\ub808\uc2f1, \uace0\uae09 \uc624\uc77c<\/td>\n<\/tr>\n<tr style=\"height: 13.50pt;\">\n<td style=\"height: 13.50pt;\" height=\"18\">\uc774\uc0c1\uc801\uc778 \uc0ac\uc6a9<\/td>\n<td>\ub3c4\ub9e4 \ud3ec\uc7a5, \uacf5\uc608 \ubcd1\uc785, \uc18c\ub9e4 \uc8fc\ubc29 \uc138\ud2b8<\/td>\n<\/tr>\n<\/tbody>\n<\/table>\n<h2>\uc131\uacf5 \uc0ac\ub840<\/h2>\n<p>\uc800\ud76c\uc758 500ml \uc62c\ub9ac\ube0c \uc624\uc77c \ub514\uc2a4\ud39c\uc11c\uc640 \uc2a4\ud06c\ub9b0 \uc778\uc1c4\ub41c \ub208\uae08, \uc2a4\ud14c\uc778\ub9ac\uc2a4 \uc2a4\ud2f8 \uc8fc\ub465\uc774\ub294 \ubbf8\uad6d \uc911\uc11c\ubd80\uc758 \ud55c \ucf00\uc774\ud130\ub9c1 \uc5c5\uccb4\uc5d0\uc11c \ub9de\ucda4 \uc81c\uc791\uc744 \uc704\ud574 \uc120\ud0dd\ub418\uc5c8\uc2b5\ub2c8\ub2e4. \uc790\ub3d9 \uc8fc\ub465\uc774\ub294 \uc8fc\ubc29\uc5d0\uc11c \ub0ad\ube44\ub418\ub294 \uc624\uc77c\uc744 15% \uc904\uc5ec\uc8fc\uace0, \ud22c\uba85\ud55c \ub514\uc790\uc778\uc73c\ub85c \uc624\uc77c \uc794\ub7c9\uc744 \ube60\ub974\uac8c \ud655\uc778\ud560 \uc218 \uc788\uc5b4 \uc81c\ud488 \ud68c\uc218 \uc2dc\uac04\uc744 15% \ub2e8\ucd95\uc2dc\ucf1c \uc90d\ub2c8\ub2e4. \ub6f0\uc5b4\ub09c \uc131\ub2a5 \ub355\ubd84\uc5d0 \ud574\ub2f9 \uc5c5\uccb4\ub294 \uace0\uae09 \ub808\uc2a4\ud1a0\ub791\uc5d0 \uc720\ud1b5\ub418\ub294 \uc0c8\ub85c\uc6b4 \uace0\uae09 \uac1c\uc778\uc6a9 \uc62c\ub9ac\ube0c \uc624\uc77c \ub77c\uc778 75,000\ubcd1\uc744 \ucd94\uac00\ub85c \uc8fc\ubb38\ud588\uc2b5\ub2c8\ub2e4.<\/p>\n<h2>\uc624\uc77c \ub514\uc2a4\ud39c\uc11c \ub9de\ucda4 \uc124\uc815 \ud301<\/h2>\n<ul>\n<li>\uc816\ube5b \uc720\ub9ac \ub9c8\uac10 \u2013 \ubb34\uad11 \uc5d0\uce6d\uc73c\ub85c \ubd80\ub4dc\ub7fd\uace0 \uace0\uae09\uc2a4\ub7ec\uc6b4 \ub290\ub08c\uc744 \uc8fc\uba70 \uc791\uc740 \uc9c0\ubb38\uc744 \uac10\ucdb0\uc90d\ub2c8\ub2e4.<\/li>\n<li>\uc0c9\uc720\ub9ac \uc635\uc158 \u2013 \ube5b\uc5d0 \ubbfc\uac10\ud55c \uc624\uc77c\uc744 \ubcf4\ud638\ud558\ub824\uba74 \ud638\ubc15\uc0c9\uc774\ub098 \uac08\uc0c9 \uc720\ub9ac\ub97c \uc0ac\uc6a9\ud574\ubcf4\uc138\uc694.<\/li>\n<li>\uc0ac\uc6a9\uc790 \uc815\uc758 \ub514\uc2a4\ud39c\uc11c \uc0c9\uc0c1 \u2013 \ube0c\ub79c\ub4dc \uc774\ubbf8\uc9c0\uc5d0 \ub9de\uac8c \uae08\uc0c9\uc744 \uac80\uc815, \uc740\uc0c9 \ub610\ub294 \ub2e6\uc740 \uad6c\ub9ac\uc0c9\uc73c\ub85c \ubc14\uafb8\uc138\uc694.<\/li>\n<li>\ub808\uc774\uc800\ub85c \uc0c8\uae34 \ub85c\uace0 \u2013 \uc720\ub9ac\ubcd1\uc5d0 \ub85c\uace0\ub098 \ubcfc\ub968 \ub77c\uc778\uc744 \uc9c1\uc811 \uc601\uad6c\uc801\uc73c\ub85c \uc0c8\uaca8 \ub123\uc2b5\ub2c8\ub2e4.<\/li>\n<\/ul>\n<p>\uc774\ub7ec\ud55c \uc870\uc815\uc744 \ud1b5\ud574 \ud575\uc2ec \uae30\uc220\uacfc \uae30\ub2a5\uc740 \uadf8\ub300\ub85c \uc720\uc9c0\ud558\uba74\uc11c\ub3c4 \uc62c\ub9ac\ube0c \uc624\uc77c \ub514\uc2a4\ud39c\uc11c \ubcd1\uc744 \ud2c0\ub9bc\uc5c6\uc774 \ub2f9\uc2e0\ub9cc\uc758 \uac83\uc73c\ub85c \ub9cc\ub4e4 \uc218 \uc788\uc2b5\ub2c8\ub2e4.<\/p>","protected":false},"excerpt":{"rendered":"<p>\uc0ac\uac01\ud615 \ubca0\uc774\uc2a4\uc758 \ud22c\uba85 \uc720\ub9ac \uc62c\ub9ac\ube0c \uc624\uc77c \ub514\uc2a4\ud39c\uc11c \ubcd1\uc785\ub2c8\ub2e4. \uc6b0\uc544\ud55c \ub514\uc790\uc778\uc73c\ub85c \ub300\ub7c9 \uc8fc\ubb38 \ubc0f \ub9de\ucda4 \ube0c\ub79c\ub529\uc5d0 \uc801\ud569\ud569\ub2c8\ub2e4. \ubb34\ub8cc \uc0d8\ud50c \uc81c\uacf5 \ubc0f \ube60\ub978 \ubc30\uc1a1\uc774 \uac00\ub2a5\ud569\ub2c8\ub2e4.<\/p>","protected":false},"featured_media":25639,"template":"","meta":[],"product_brand":[],"product_cat":[126,123,122],"product_tag":[],"class_list":{"0":"post-22032","1":"product","2":"type-product","3":"status-publish","4":"has-post-thumbnail","6":"product_cat-olive-oil-bottles","7":"product_cat-custom-glass-bottles","8":"product_cat-custom-glass-packaging","10":"first","11":"instock","12":"shipping-taxable","13":"product-type-simple"},"jetpack_sharing_enabled":true,"_links":{"self":[{"href":"https:\/\/yebodaglass.com\/ko\/wp-json\/wp\/v2\/product\/22032","targetHints":{"allow":["GET"]}}],"collection":[{"href":"https:\/\/yebodaglass.com\/ko\/wp-json\/wp\/v2\/product"}],"about":[{"href":"https:\/\/yebodaglass.com\/ko\/wp-json\/wp\/v2\/types\/product"}],"version-history":[{"count":5,"href":"https:\/\/yebodaglass.com\/ko\/wp-json\/wp\/v2\/product\/22032\/revisions"}],"predecessor-version":[{"id":25614,"href":"https:\/\/yebodaglass.com\/ko\/wp-json\/wp\/v2\/product\/22032\/revisions\/25614"}],"wp:featuredmedia":[{"embeddable":true,"href":"https:\/\/yebodaglass.com\/ko\/wp-json\/wp\/v2\/media\/25639"}],"wp:attachment":[{"href":"https:\/\/yebodaglass.com\/ko\/wp-json\/wp\/v2\/media?parent=22032"}],"wp:term":[{"taxonomy":"product_brand","embeddable":true,"href":"https:\/\/yebodaglass.com\/ko\/wp-json\/wp\/v2\/product_brand?post=22032"},{"taxonomy":"product_cat","embeddable":true,"href":"https:\/\/yebodaglass.com\/ko\/wp-json\/wp\/v2\/product_cat?post=22032"},{"taxonomy":"product_tag","embeddable":true,"href":"https:\/\/yebodaglass.com\/ko\/wp-json\/wp\/v2\/product_tag?post=22032"}],"curies":[{"name":"wp","href":"https:\/\/api.w.org\/{rel}","templated":true}]}}