{"id":22031,"date":"2025-10-09T11:57:24","date_gmt":"2025-10-09T03:57:24","guid":{"rendered":"https:\/\/yebodaglass.com\/?post_type=product&#038;p=22031"},"modified":"2025-10-09T14:54:29","modified_gmt":"2025-10-09T06:54:29","slug":"wholesale-unique-olive-oil-dispensers-with-glass-handle-100ml-250ml-500ml","status":"publish","type":"product","link":"https:\/\/yebodaglass.com\/ko\/wholesale-unique-olive-oil-dispensers-with-glass-handle-100ml-250ml-500ml\/","title":{"rendered":"\uc720\ub9ac \uc190\uc7a1\uc774\uac00 \ub2ec\ub9b0 \ub3c5\ud2b9\ud55c \uc62c\ub9ac\ube0c \uc624\uc77c \ub514\uc2a4\ud39c\uc11c \ub3c4\ub9e4 - 100ml 250ml 500ml"},"content":{"rendered":"<div data-elementor-type=\"product-post\" data-elementor-id=\"22031\" class=\"elementor elementor-22031\" data-elementor-settings=\"{&quot;ha_cmc_init_switcher&quot;:&quot;no&quot;}\" data-elementor-post-type=\"product\">\n\t\t\t\t<div class=\"elementor-element elementor-element-7cc6e53 e-flex e-con-boxed e-con e-parent\" data-id=\"7cc6e53\" data-element_type=\"container\" data-e-type=\"container\" data-settings=\"{&quot;_ha_eqh_enable&quot;:false}\">\n\t\t\t\t\t<div class=\"e-con-inner\">\n\t\t\t\t<div class=\"elementor-element elementor-element-b9ffd68 elementor-widget elementor-widget-text-editor\" data-id=\"b9ffd68\" data-element_type=\"widget\" data-e-type=\"widget\" data-widget_type=\"text-editor.default\">\n\t\t\t\t<div class=\"elementor-widget-container\">\n\t\t\t\t\t\t\t\t\t<p>\uc774 \uc720\ub9ac \uc624\uc77c \ub514\uc2a4\ud39c\uc11c\ub294 \ub3c5\ud2b9\ud55c \uace1\uc120\ud615 \ubcf8\uccb4\uc640 \uc7a1\uae30 \ud3b8\ud55c \uc720\ub9ac \uc190\uc7a1\uc774\ub97c \ud2b9\uc9d5\uc73c\ub85c \ud558\uba70, \ud22c\uba85 \uc720\ub9ac\ub85c \uc81c\uc791\ub418\uc5c8\uc2b5\ub2c8\ub2e4. \uc2a4\ud0c0\uc77c\uacfc \ud65c\uc6a9\ub3c4\uac00 \uc870\ud654\ub97c \uc774\ub8e8\uc5b4 \uc8fc\ubc29\uc5d0 \uc644\ubcbd\ud55c \uc870\ud654\ub97c \uc774\ub8f9\ub2c8\ub2e4.<\/p><h2>\uc81c\ud488 \ud2b9\uc9d5<\/h2><ul><li><strong>\uc190\uc7a1\uc774 \ud3ec\ud568:<\/strong> \uc791\uc740 \uc720\ub9ac \uc190\uc7a1\uc774\uac00 \uc788\uc5b4 \uc5b8\uc81c\ub4e0\uc9c0 \uc27d\uac8c \uaebc\ub0b4\uace0 \uc3df\uc744 \uc218 \uc788\uc5b4 \uc0ac\uc6a9\uc790\ub294 \uae30\ub984\uc744 \uc3df\ub294 \ubc88\uac70\ub85c\uc6c0\uc744 \uacaa\uc9c0 \uc54a\uc544\ub3c4 \ub429\ub2c8\ub2e4.<\/li><li><strong>\ub204\uc218 \ubc29\uc9c0:<\/strong> \uc815\ubc00 \ub098\uc0ac\ud615 \ucea1\uc744 \uc0ac\uc6a9\ud558\uc5ec \uc5d0\uc13c\uc15c \uc624\uc77c \ubcd1\uc774 \ud56d\uc0c1 \ubd80\ub4dc\ub7fd\uac8c \ud758\ub7ec\ub0b4\ub9bd\ub2c8\ub2e4. \ud5a5\uc2e0\ub8cc \ubcd1\uc774\ub098 \uc2dd\ud0c1\uc5d0\uc11c \uac04\ud3b8\ud558\uac8c \uc0ac\uc6a9\ud560 \uc218 \uc788\ub294 \uc81c\ud488\uc785\ub2c8\ub2e4.<\/li><li><strong>\ud22c\uba85 \uc720\ub9ac:<\/strong> \ubcd1\uc5d0 \ub0a8\uc544 \uc788\ub294 \uc624\uc77c\uc744 \ud55c\ub208\uc5d0 \ubcfc \uc218 \uc788\ub294 \ud22c\uba85\ud55c \uc720\ub9ac\uc794\uc774\uae30 \ub54c\ubb38\uc5d0 \uc5b4\ub824\uc6c0 \uc5c6\uc774 \uc624\uc77c\uc744 \ub2e4\uc2dc \ucc44\uc6b8 \uc218 \uc788\uc2b5\ub2c8\ub2e4.<\/li><\/ul>\t\t\t\t\t\t\t\t<\/div>\n\t\t\t\t<\/div>\n\t\t\t\t<div class=\"elementor-element elementor-element-920ae84 elementor-widget elementor-widget-text-editor\" data-id=\"920ae84\" data-element_type=\"widget\" data-e-type=\"widget\" data-widget_type=\"text-editor.default\">\n\t\t\t\t<div class=\"elementor-widget-container\">\n\t\t\t\t\t\t\t\t\t<h2 style=\"text-align: center;\">\uc8fc\uc694 \uc0ac\uc591:<\/h2><table class=\"aligncenter\" style=\"border-collapse: collapse; width: 470.27pt;\" border=\"0\" width=\"627\" cellspacing=\"0\" cellpadding=\"0\"><tbody><tr style=\"height: 13.50pt;\"><td style=\"height: 13.50pt; width: 86.25pt;\" width=\"115\" height=\"18\">\ud2b9\uc9d5<\/td><td style=\"width: 384.00pt;\" width=\"512\">\uc0ac\uc591<\/td><\/tr><tr style=\"height: 13.50pt;\"><td style=\"height: 13.50pt;\" height=\"18\">\uce58\uc218<\/td><td>5.4\u00d713.9cm(100ml), 7.1\u00d717.3cm(250ml), 8.8\u00d721.9cm(500ml)<\/td><\/tr><tr style=\"height: 13.50pt;\"><td style=\"height: 13.50pt;\" height=\"18\">\uc7ac\ub8cc<\/td><td>\uace0\ud22c\uba85\ub3c4 \ud22c\uba85 \uc720\ub9ac<\/td><\/tr><tr style=\"height: 13.50pt;\"><td style=\"height: 13.50pt;\" height=\"18\">\ubaa8\uc591<\/td><td>\ud1b5\ud569 \ud578\ub4e4\uc774 \uc788\ub294 \ud14c\uc774\ud37c\ud615 \ub77c\uc6b4\ub4dc<\/td><\/tr><tr style=\"height: 13.50pt;\"><td style=\"height: 13.50pt;\" height=\"18\">\ub69c\uaed1 \uc720\ud615<\/td><td>\ub2e8\ub2e8\ud55c \ub098\uc0ac \ub69c\uaed1<\/td><\/tr><tr style=\"height: 13.50pt;\"><td style=\"height: 13.50pt;\" height=\"18\">\uac00\uc7a5 \uc801\ud569\ud55c<\/td><td>\uc62c\ub9ac\ube0c \uc624\uc77c, \uc2dd\ucd08, \ub4dc\ub808\uc2f1, \uace0\uae09 \uc624\uc77c<\/td><\/tr><\/tbody><\/table><h2>\uc2e4\ud654<\/h2><p>\uc8fc\ub85c \ub18d\uc0b0\ubb3c \uc9c1\uac70\ub798 \uc2dc\uc7a5\uc5d0\uc11c \uc18c\ub7c9\uc758 \ub0c9\uc555\ucc29 \uc62c\ub9ac\ube0c \uc624\uc77c\uc744 \ud310\ub9e4\ud558\ub294 \ud55c \uc0dd\uc0b0\uc790\uac00 \uace0\uae09 \uc62c\ub9ac\ube0c \uc624\uc77c\uc744 \ubcf4\uc720\ud558\uace0 \uc788\uc5c8\uc9c0\ub9cc, \ud3ec\uc7a5\uc740 \uc9c4\uc5f4\ub300\uc5d0 \ub193\uc778 \ud3c9\ubc94\ud55c \uc720\ub9ac\ubcd1\uacfc \ube44\uc2b7\ud588\uc2b5\ub2c8\ub2e4. \uadf8\ub4e4\uc740 \uc774 \ub3c5\ud2b9\ud55c \uc62c\ub9ac\ube0c \uc624\uc77c \ub514\uc2a4\ud39c\uc11c\ub97c \uc120\ud0dd\ud588\uc2b5\ub2c8\ub2e4. \uac19\uc740 \uc62c\ub9ac\ube0c \uc624\uc77c\uc778\ub370 \ubcd1\ub9cc \ub2ec\ub790\uc2b5\ub2c8\ub2e4. \uadf8\ub7f0\ub370 \uba87 \ub2ec \ud6c4, \uace0\uac1d\ub4e4\uc774 &#034;\uc190\uc7a1\uc774 \ub2ec\ub9b0 \ub514\uc2a4\ud39c\uc11c&#034;\ub77c\uace0 \ub9d0\ud558\uae30 \uc2dc\uc791\ud588\uc2b5\ub2c8\ub2e4. \ub354 \uc138\ub828\ub418\uace0, \uc0ac\uc6a9\ud558\uae30 \ud3b8\ub9ac\ud558\uba70, \ub530\ub97c \ub54c \ub0b4\uc6a9\ubb3c\uc774 \uc0c8\uc9c0 \uc54a\uc544 \uc0ac\ub78c\ub4e4\uc774 \uc88b\uc544\ud588\uc2b5\ub2c8\ub2e4.<\/p><h2>\ub9de\ucda4\ud615 \uc720\ub9ac \uc624\uc77c \ub514\uc2a4\ud39c\uc11c<\/h2><ul><li>\uc11c\ub9ac\ub85c \ub36e\uc778 \uc190\uc7a1\uc774 - \uc190\uc7a1\uc774 \ubd80\ubd84\ub9cc \ubaa8\ub798 \ubd84\uc0ac \ucc98\ub9ac\ub418\uc5b4 \uac00\ubccd\uace0 \ubbf8\ub044\ub7ec\uc9c0\uc9c0 \uc54a\ub294 \uadf8\ub9bd\uac10\uc744 \uc81c\uacf5\ud558\uba70, \ud22c\uba85\ud55c \ubcd1\uacfc \uba4b\uc9c4 \ub300\ube44\ub97c \uc774\ub8f9\ub2c8\ub2e4.<\/li><li>\uc5d0\uce6d \ub9c8\ud0b9 \u2013 \ubcd1\ubaa9 \uadfc\ucc98\uc5d0 \uc791\uc740 \ud45c\uc2dc\ub97c \ub354\ud574 \uc774\uc0c1\uc801\uc778 \ucda9\uc804\ub7c9\uc744 \ud45c\uc2dc\ud569\ub2c8\ub2e4. \uc804\ubb38\uc801\uc774\uba74\uc11c\ub3c4 \uc138\ub828\ub41c \ub290\ub08c\uc744 \uc90d\ub2c8\ub2e4.<\/li><li>\ud558\ub2e8 \uc5e0\ubcf4\uc2f1 \u2013 \ub85c\uace0\ub098 \ube0c\ub79c\ub4dc \uc2a4\ud1a0\ub9ac\uac00 \ubcd1 \uc544\ub7ab\uba74\uc5d0 \uc5e0\ubcf4\uc2f1 \ucc98\ub9ac\ub429\ub2c8\ub2e4. \ubcd1\uc774 \uac70\uc758 \ube44\uc5c8\uc744 \ub54c \uc544\uc774\ucf58\uc774 \ubcf4\uc774\uae30 \ub54c\ubb38\uc5d0 \uace0\uac1d \ub208\uc55e\uc5d0 \ube0c\ub79c\ub4dc\uac00 \ubc14\ub85c \ub178\ucd9c\ub429\ub2c8\ub2e4.<\/li><\/ul>\t\t\t\t\t\t\t\t<\/div>\n\t\t\t\t<\/div>\n\t\t\t\t\t<\/div>\n\t\t\t\t<\/div>\n\t\t\t\t<\/div>","protected":false},"excerpt":{"rendered":"<p>\uace0\uae09\uc2a4\ub7ec\uc6b4 \uc190\uc7a1\uc774\uac00 \ub3cb\ubcf4\uc774\ub294 \ub3c5\ud2b9\ud55c \uc720\ub9ac \uc62c\ub9ac\ube0c \uc624\uc77c \ub514\uc2a4\ud39c\uc11c\ub85c, \uc8fc\ubc29 \ube0c\ub79c\ub4dc\uc5d0 \uac78\ub9de\uc740 \uace0\uae09\uc2a4\ub7ec\uc6b4 \ub514\uc790\uc778\uc744 \uc790\ub791\ud569\ub2c8\ub2e4. \ubb34\ub8cc \uc0d8\ud50c\uacfc \ub300\ub7c9 \uad6c\ub9e4 \ud560\uc778\uc73c\ub85c \ub9de\ucda4 \uc81c\uc791\uc774 \uac00\ub2a5\ud569\ub2c8\ub2e4.<\/p>","protected":false},"featured_media":22060,"template":"","meta":[],"product_brand":[],"product_cat":[122,123,126],"product_tag":[],"class_list":{"0":"post-22031","1":"product","2":"type-product","3":"status-publish","4":"has-post-thumbnail","6":"product_cat-custom-glass-packaging","7":"product_cat-custom-glass-bottles","8":"product_cat-olive-oil-bottles","10":"first","11":"instock","12":"shipping-taxable","13":"product-type-simple"},"jetpack_sharing_enabled":true,"_links":{"self":[{"href":"https:\/\/yebodaglass.com\/ko\/wp-json\/wp\/v2\/product\/22031","targetHints":{"allow":["GET"]}}],"collection":[{"href":"https:\/\/yebodaglass.com\/ko\/wp-json\/wp\/v2\/product"}],"about":[{"href":"https:\/\/yebodaglass.com\/ko\/wp-json\/wp\/v2\/types\/product"}],"version-history":[{"count":5,"href":"https:\/\/yebodaglass.com\/ko\/wp-json\/wp\/v2\/product\/22031\/revisions"}],"predecessor-version":[{"id":22078,"href":"https:\/\/yebodaglass.com\/ko\/wp-json\/wp\/v2\/product\/22031\/revisions\/22078"}],"wp:featuredmedia":[{"embeddable":true,"href":"https:\/\/yebodaglass.com\/ko\/wp-json\/wp\/v2\/media\/22060"}],"wp:attachment":[{"href":"https:\/\/yebodaglass.com\/ko\/wp-json\/wp\/v2\/media?parent=22031"}],"wp:term":[{"taxonomy":"product_brand","embeddable":true,"href":"https:\/\/yebodaglass.com\/ko\/wp-json\/wp\/v2\/product_brand?post=22031"},{"taxonomy":"product_cat","embeddable":true,"href":"https:\/\/yebodaglass.com\/ko\/wp-json\/wp\/v2\/product_cat?post=22031"},{"taxonomy":"product_tag","embeddable":true,"href":"https:\/\/yebodaglass.com\/ko\/wp-json\/wp\/v2\/product_tag?post=22031"}],"curies":[{"name":"wp","href":"https:\/\/api.w.org\/{rel}","templated":true}]}}