{"id":21965,"date":"2025-10-08T15:17:10","date_gmt":"2025-10-08T07:17:10","guid":{"rendered":"https:\/\/yebodaglass.com\/?post_type=product&#038;p=21965"},"modified":"2026-03-26T15:55:16","modified_gmt":"2026-03-26T07:55:16","slug":"wholesale-green-oil-olive-bottles-with-square-bases","status":"publish","type":"product","link":"https:\/\/yebodaglass.com\/ko\/wholesale-green-oil-olive-bottles-with-square-bases\/","title":{"rendered":"\ub3c4\ub9e4 \uadf8\ub9b0 \uc624\uc77c \uc62c\ub9ac\ube0c \ubcd1 (\uc0ac\uac01\ud615 \ubc14\ub2e5 \ud3ec\ud568) \u2013 500ml 750ml 1000ml"},"content":{"rendered":"<p>\uc774 \ub179\uc0c9 \uc62c\ub9ac\ube0c \uc624\uc77c \ubcd1\uc740 \uc6b0\uc544\ud55c \ub465\uadfc \uc0ac\uac01\ud615 \ubaa8\uc591\uc774\uba70, \ube5b \ub178\ucd9c\ub85c \uc778\ud55c \uc62c\ub9ac\ube0c \uc624\uc77c\uc758 \ubcc0\uc9c8\uc744 \ubc29\uc9c0\ud558\uae30 \uc704\ud574 \uc9d9\uc740 \uc62c\ub9ac\ube0c\uc0c9 \uc720\ub9ac\ub85c \ub9cc\ub4e4\uc5b4\uc84c\uc2b5\ub2c8\ub2e4. \uac80\uc815\uc0c9, \uae08\uc0c9 \ub610\ub294 \ub179\uc0c9\uc758 \ub098\uc0ac\uc2dd \ub69c\uaed1\uc774 \uc788\uc73c\uba70 \ub2e4\uc591\ud55c \ud06c\uae30\ub85c \uc81c\uacf5\ub429\ub2c8\ub2e4.<\/p>\n<h2>\uc81c\ud488 \ud2b9\uc9d5<\/h2>\n<ul>\n<li><strong>\uc790\uc5f0\uc801\uc73c\ub85c \uc790\uc678\uc120 \ucc28\ub2e8:<\/strong> \uadf8\ub9b0 \uae00\ub798\uc2a4\ub294 \uc790\uc678\uc120 \ucc28\ub2e8\uc81c \uc5ed\ud560\uc744 \ud558\uc5ec \uc62c\ub9ac\ube0c \uc624\uc77c\uc758 \uc2e0\uc120\ub3c4\ub97c \uc624\ub7ab\ub3d9\uc548 \uc720\uc9c0\ud574 \uc90d\ub2c8\ub2e4. \uc77c\ubc18 \uc720\ub9ac\uc5d0 \ube44\ud574 \uc62c\ub9ac\ube0c \uc624\uc77c\uc758 \uc2e0\uc120\ub3c4\ub97c \uc624\ub798 \uc720\uc9c0\ud574 \ubbfc\uac10\ud55c \ud53c\ubd80\uc5d0\ub3c4 \uc801\ud569\ud55c \uace0\uae09 \uc62c\ub9ac\ube0c \uc624\uc77c\uc785\ub2c8\ub2e4.<\/li>\n<li><strong>\uc9c1\uc0ac\uac01\ud615 \ud06c\uae30:<\/strong> \ubcd1\uc758 \uc9c1\uc0ac\uac01\ud615 \ubaa8\uc591\uc740 \uc9c4\uc5f4\ud558\uace0 \ubcf4\uad00\ud558\uae30 \uc27d\uace0, \uc794\ub7c9\uc744 \uba85\ud655\ud558\uac8c \ubcfc \uc218 \uc788\uac8c \ud574\uc90d\ub2c8\ub2e4.<\/li>\n<li><strong>\uc7ac\ucda9\uc804 \uac00\ub2a5:<\/strong> \uc774 \ub9ac\ud544 \uac00\ub2a5\ud55c \uc720\ub9ac \uc62c\ub9ac\ube0c \uc624\uc77c \ubcd1\uc740 \ud2bc\ud2bc\ud558\uace0 \ub0b4\uad6c\uc131\uc774 \ub6f0\uc5b4\ub0a9\ub2c8\ub2e4. \ub808\uc2a4\ud1a0\ub791\uacfc \ub9ac\ud544 \ub9e4\uc7a5\uc5d0\uc11c \ub0b4\uad6c\uc131 \ub54c\ubb38\uc5d0 \uc120\ud638\ud569\ub2c8\ub2e4.<\/li>\n<\/ul>\n<h2 style=\"text-align: left;\">\uc8fc\uc694 \uc0ac\uc591<\/h2>\n<table class=\"aligncenter\" style=\"border-collapse: collapse; width: 429.77pt;\" border=\"0\" width=\"573\" cellspacing=\"0\" cellpadding=\"0\">\n<tbody>\n<tr style=\"height: 13.50pt;\">\n<td style=\"height: 13.50pt; width: 69.75pt;\" width=\"93\" height=\"18\">\ud2b9\uc9d5<\/td>\n<td style=\"width: 360.00pt;\" width=\"480\">\uc0ac\uc591<\/td>\n<\/tr>\n<tr style=\"height: 13.50pt;\">\n<td style=\"height: 13.50pt;\" height=\"18\">\uce58\uc218<\/td>\n<td>5.8\u00d75.8\u00d726.4cm (500ml), 6.5\u00d76.5\u00d730.2cm (750ml), 7.4\u00d77.4\u00d730cm (1000ml)<\/td>\n<\/tr>\n<tr style=\"height: 13.50pt;\">\n<td style=\"height: 13.50pt;\" height=\"18\">\ubaa9 \ud06c\uae30<\/td>\n<td>19\u00d730mm(\ud45c\uc900 \ub098\uc0ac\uc0b0)<\/td>\n<\/tr>\n<tr style=\"height: 13.50pt;\">\n<td style=\"height: 13.50pt;\" height=\"18\">\uc7ac\ub8cc<\/td>\n<td>\ub179\uc0c9 \uc720\ub9ac(\uc5b4\ub450\uc6b4 \uc720\ub9ac \ubcc0\ud615 \uac00\ub2a5)<\/td>\n<\/tr>\n<tr style=\"height: 13.50pt;\">\n<td style=\"height: 13.50pt;\" height=\"18\">\ubaa8\uc591<\/td>\n<td>\uc815\uc0ac\uac01\ud615 \/ \uc9c1\uc721\uba74\uccb4<\/td>\n<\/tr>\n<tr style=\"height: 13.50pt;\">\n<td style=\"height: 13.50pt;\" height=\"18\">\ub69c\uaed1 \uc635\uc158<\/td>\n<td>\uc194\ub9ac\ub4dc \uc2a4\ud06c\ub958 \ucea1, \uc8fc\ub465\uc774, \ud38c\ud504 \ub514\uc2a4\ud39c\uc11c<\/td>\n<\/tr>\n<tr style=\"height: 13.50pt;\">\n<td style=\"height: 13.50pt;\" height=\"18\">\uac00\uc7a5 \uc801\ud569\ud55c<\/td>\n<td>\uc62c\ub9ac\ube0c\uc720, \uc2dd\ucd08, \uc18c\uc2a4, \uc8fc\ubc29\uc6a9\ud488 \ubcf4\uad00<\/td>\n<\/tr>\n<\/tbody>\n<\/table>\n<h2>\uc131\uacf5 \uc0ac\ub840: \uce98\ub9ac\ud3ec\ub2c8\uc544 \uc62c\ub9ac\ube0c\uc720 \uc81c\uc870\uc5c5\uccb4 \uc218\ucd9c \ubd80\ubb38<\/h2>\n<p>\uc800\ud76c 750ml \ub179\uc0c9 \uc62c\ub9ac\ube0c \uc624\uc77c \ubcd1\uc740 \uce98\ub9ac\ud3ec\ub2c8\uc544 \uace0\uae09 \uc62c\ub9ac\ube0c \uc624\uc77c \uc0dd\uc0b0 \uc5c5\uccb4\uc5d0\uc11c \uc120\ud0dd\ud588\uc73c\uba70, \ud574\ub2f9 \uc5c5\uccb4\ub294 \ubcd1\uc5d0 \uae08\ubc15 \uc2a4\ud06c\ub9b0 \uc778\uc1c4\uc640 \uac80\uc740\uc0c9 \ubb3c\ubc29\uc6b8 \ubc29\uc9c0 \uc8fc\ub465\uc774\ub97c \uc801\uc6a9\ud558\uc5ec \ub514\uc790\uc778\ud588\uc2b5\ub2c8\ub2e4. \uc790\uc678\uc120 \ucc28\ub2e8 \ucf54\ud305 \ucc98\ub9ac\ub41c \uc774 \uc720\ub9ac\ubcd1\uc740 \uc7a5\uac70\ub9ac \uc6b4\uc1a1 \uc911\uc5d0\ub3c4 \uc62c\ub9ac\ube0c \uc624\uc77c\uc758 \ud488\uc9c8\uc744 \ud6a8\uacfc\uc801\uc73c\ub85c \uc720\uc9c0\ud558\uc5ec \ubcc0\uc9c8 \uad00\ub828 \ud074\ub808\uc784\uc744 40% \uac10\uc18c\uc2dc\ud0a4\ub294 \ub370 \uae30\uc5ec\ud588\uc2b5\ub2c8\ub2e4. \ub610\ud55c, \uad6d\uc81c \uc6b4\uc1a1 \ud14c\uc2a4\ud2b8\ub97c \ud1b5\uacfc\ud558\uc5ec 99.9%\uc758 \uc131\uacf5\ub960\uc744 \uae30\ub85d\ud588\uc2b5\ub2c8\ub2e4. \uc774\ub7ec\ud55c \ub6f0\uc5b4\ub09c \uc131\ub2a5\uc5d0 \ud798\uc785\uc5b4 \ud574\ub2f9 \uc0dd\uc0b0 \uc5c5\uccb4\ub294 \uc0c8\ub85c\uc6b4 \ud5a5\ubbf8 \ubc0f \ud5a5\uc744 \ucca8\uac00\ud55c \uc62c\ub9ac\ube0c \uc624\uc77c 20\ub9cc \ubcd1\uc744 \ucd94\uac00\ub85c \uc8fc\ubb38\ud588\uc2b5\ub2c8\ub2e4.<\/p>\n<h2>\ub9de\ucda4\ud615 \uc544\uc774\ub514\uc5b4<\/h2>\n<ul>\n<li>\ub9e4\ud2b8 \uc0b0 \uc138\ucc99 - \ud45c\uba74 \uc804\uccb4\ub97c \ubd80\ub4dc\ub7fd\uace0 \uc724\uae30 \uc788\ub294 \ub9c8\uac10 \ucc98\ub9ac\ud569\ub2c8\ub2e4. \uace0\uae09\uc2a4\ub7ec\uc6b4 \ub290\ub08c\uc744 \uc8fc\uba74\uc11c\ub3c4 \uc9c0\ubb38\uc774 \uc798 \ubb3b\uc9c0 \uc54a\uc2b5\ub2c8\ub2e4.<\/li>\n<li>\ub85c\uace0 \uc0cc\ub4dc\ube14\ub77c\uc2a4\ud305 \u2013 \uc55e\uba74\uc5d0 \ub85c\uace0\ub97c \uc0c8\uaca8\ub123\uc73c\uc138\uc694. \uc601\uad6c\uc801\uc73c\ub85c \uc81c\uc791\ub418\uba70, \ucd5c\uace0\uae09 \uc7a5\uc778 \uc815\uc2e0\uc774 \ub290\uaef4\uc9d1\ub2c8\ub2e4.<\/li>\n<li>\uc0c9\uc870 \uae4a\uc774 \uc870\uc808 \u2013 \ud45c\uc900 \ub179\uc0c9\ubcf4\ub2e4 \ub354 \uc9c4\ud55c \uc0c9\uc0c1\uc744 \uc120\ud0dd\ud558\uc5ec \uc790\uc678\uc120 \ucc28\ub2e8 \uae30\ub2a5\uc744 \uac15\ud654\ud558\uace0 \ub354\uc6b1 \ub69c\ub837\ud55c \ub290\ub08c\uc744 \uc90d\ub2c8\ub2e4.<\/li>\n<\/ul>","protected":false},"excerpt":{"rendered":"<p>\uac80\uc815\uc0c9, \uae08\uc0c9 \ub610\ub294 \ub179\uc0c9 \uc2a4\ud06c\ub958 \ucea1\uc774 \uc788\ub294 \ud074\ub798\uc2dd\ud55c \uc0ac\uac01\ud615 \uc720\ub9ac \uc62c\ub9ac\ube0c \uc624\uc77c \ubcd1\uc785\ub2c8\ub2e4. \uc624\uc77c \ud488\uc9c8 \ubcf4\ud638\uc5d0 \ud0c1\uc6d4\ud569\ub2c8\ub2e4. \uacf5\uc7a5 \uc9c1\uc1a1\uc73c\ub85c \ube60\ub978 \ubc30\uc1a1\uc774 \uac00\ub2a5\ud569\ub2c8\ub2e4.<\/p>","protected":false},"featured_media":25644,"template":"","meta":[],"product_brand":[],"product_cat":[126,123,122],"product_tag":[],"class_list":{"0":"post-21965","1":"product","2":"type-product","3":"status-publish","4":"has-post-thumbnail","6":"product_cat-olive-oil-bottles","7":"product_cat-custom-glass-bottles","8":"product_cat-custom-glass-packaging","10":"first","11":"instock","12":"shipping-taxable","13":"product-type-simple"},"jetpack_sharing_enabled":true,"_links":{"self":[{"href":"https:\/\/yebodaglass.com\/ko\/wp-json\/wp\/v2\/product\/21965","targetHints":{"allow":["GET"]}}],"collection":[{"href":"https:\/\/yebodaglass.com\/ko\/wp-json\/wp\/v2\/product"}],"about":[{"href":"https:\/\/yebodaglass.com\/ko\/wp-json\/wp\/v2\/types\/product"}],"version-history":[{"count":5,"href":"https:\/\/yebodaglass.com\/ko\/wp-json\/wp\/v2\/product\/21965\/revisions"}],"predecessor-version":[{"id":25561,"href":"https:\/\/yebodaglass.com\/ko\/wp-json\/wp\/v2\/product\/21965\/revisions\/25561"}],"wp:featuredmedia":[{"embeddable":true,"href":"https:\/\/yebodaglass.com\/ko\/wp-json\/wp\/v2\/media\/25644"}],"wp:attachment":[{"href":"https:\/\/yebodaglass.com\/ko\/wp-json\/wp\/v2\/media?parent=21965"}],"wp:term":[{"taxonomy":"product_brand","embeddable":true,"href":"https:\/\/yebodaglass.com\/ko\/wp-json\/wp\/v2\/product_brand?post=21965"},{"taxonomy":"product_cat","embeddable":true,"href":"https:\/\/yebodaglass.com\/ko\/wp-json\/wp\/v2\/product_cat?post=21965"},{"taxonomy":"product_tag","embeddable":true,"href":"https:\/\/yebodaglass.com\/ko\/wp-json\/wp\/v2\/product_tag?post=21965"}],"curies":[{"name":"wp","href":"https:\/\/api.w.org\/{rel}","templated":true}]}}