{"id":21943,"date":"2025-10-08T11:17:15","date_gmt":"2025-10-08T03:17:15","guid":{"rendered":"https:\/\/yebodaglass.com\/?post_type=product&#038;p=21943"},"modified":"2026-04-10T10:25:45","modified_gmt":"2026-04-10T02:25:45","slug":"amber-cylindrical-olive-oil-glass-containers-bulk","status":"publish","type":"product","link":"https:\/\/yebodaglass.com\/ko\/amber-cylindrical-olive-oil-glass-containers-bulk\/","title":{"rendered":"250ml, 500ml, 750ml \ud638\ubc15\uc0c9 \uc6d0\ud1b5\ud615 \uc62c\ub9ac\ube0c \uc624\uc77c \uc720\ub9ac \uc6a9\uae30 \ub300\ub7c9 \ud310\ub9e4"},"content":{"rendered":"<p>These olive oil glass containers have a cylindrical shape which narrows down to the neck section that creates a typical threaded opening. The amber glass construction of these bottles delivers optimal UV protection which enables them to preserve the original quality of the olive oil.<\/p>\n<h2>\uc81c\ud488 \ud2b9\uc9d5<\/h2>\n<ul>\n<li><strong>UV-resistant amber glass:<\/strong> The deep amber glass material functions as a UV barrier which protects sensitive oils from deterioration while maintaining their original taste and appearance and their complete nutritional content.<\/li>\n<li><strong>Three sizes available:<\/strong> Small, medium, and large bottles are available to meet a variety of packaging needs, from sample packs to kitchen staples.<\/li>\n<li><strong>Sturdy cylindrical body:<\/strong> The glass cylinder design uses thick walls and straight walls to create a strong and weather-resistant structure which users can easily handle while offering sufficient space for product identification.<\/li>\n<\/ul>\n<h2 style=\"text-align: left;\">\uc8fc\uc694 \uc0ac\uc591<\/h2>\n<table class=\"aligncenter\" style=\"border-collapse: collapse; width: 493.52pt;\" border=\"0\" width=\"658\" cellspacing=\"0\" cellpadding=\"0\">\n<tbody>\n<tr style=\"height: 13.50pt;\">\n<td style=\"height: 13.50pt; width: 101.25pt;\" width=\"135\" height=\"18\">\ud2b9\uc9d5<\/td>\n<td style=\"width: 392.25pt;\" width=\"523\">\uc0ac\uc591<\/td>\n<\/tr>\n<tr style=\"height: 13.50pt;\">\n<td style=\"height: 13.50pt;\" height=\"18\">\uce58\uc218<\/td>\n<td>5\u00d723.2cm(250ml), 6.1\u00d728cm(500ml), 6.9\u00d730.9cm(750ml)<\/td>\n<\/tr>\n<tr style=\"height: 13.50pt;\">\n<td style=\"height: 13.50pt;\" height=\"18\">\ubaa9 \ud06c\uae30<\/td>\n<td>19\u00d730mm(\ub098\uc0ac\uc0b0)<\/td>\n<\/tr>\n<tr style=\"height: 13.50pt;\">\n<td style=\"height: 13.50pt;\" height=\"18\">\uc7ac\ub8cc<\/td>\n<td>\uc570\ubc84 \uc720\ub9ac<\/td>\n<\/tr>\n<tr style=\"height: 13.50pt;\">\n<td style=\"height: 13.50pt;\" height=\"18\">\ubaa8\uc591<\/td>\n<td>\uc6d0\ud1b5\ud615<\/td>\n<\/tr>\n<tr style=\"height: 13.50pt;\">\n<td style=\"height: 13.50pt;\" height=\"18\">\ub69c\uaed1 \uc720\ud615<\/td>\n<td>\ub098\uc0ac\ud615 \ucea1(\ud38c\ud504, \uc8fc\ub465\uc774 \ub610\ub294 \ub2e8\ub2e8\ud55c \ub69c\uaed1\uacfc \ud638\ud658 \uac00\ub2a5)<\/td>\n<\/tr>\n<tr style=\"height: 13.50pt;\">\n<td style=\"height: 13.50pt;\" height=\"18\">\uc0ac\uc6a9 \uc0ac\ub840<\/td>\n<td>\uc62c\ub9ac\ube0c \uc624\uc77c, \uc2dd\ucd08, \uc18c\uc2a4, \uacf5\uc608\uc6a9 \uc624\uc77c, \uc8fc\ubc29 \ubcf4\uad00<\/td>\n<\/tr>\n<\/tbody>\n<\/table>\n<h2>Success Story: Relaunch of a California Extra Virgin Olive Oil Brand<\/h2>\n<p>The California olive oil producer chose our 250ml amber olive oil bottle glass product and created a personalized design using screen printing techniques to apply gold foil. The UV protection extended the shelf life of unfiltered olive oil by 60% while gold printing increased the export market value by 25%. The brand achieved great success, and they subsequently ordered 380,000 bottles for the launch of a new line of flavored oils and gift sets.<\/p>\n<h2>Olive Oil Glass Containers Customization Options<\/h2>\n<ul>\n<li>The glass color selection includes three options of light amber medium amber and dark amber which provide different UV protection levels.<\/li>\n<li>The product uses a perforated shrink wrap seal or a fragile plastic safety ring which is placed beneath the cap to establish tamper-evident protection for retail products.<\/li>\n<li>Screen printing enables the application of product variety information and country of origin details and usage instructions directly onto the glass surface.<\/li>\n<\/ul>","protected":false},"excerpt":{"rendered":"<p>Premium olive oil glass containers with durable amber glass and secure cap. Olive oil bottle glass perfect for kitchen and retail use. Fast shipping worldwide.<\/p>","protected":false},"featured_media":25631,"template":"","meta":[],"product_brand":[],"product_cat":[126,123,122],"product_tag":[],"class_list":{"0":"post-21943","1":"product","2":"type-product","3":"status-publish","4":"has-post-thumbnail","6":"product_cat-olive-oil-bottles","7":"product_cat-custom-glass-bottles","8":"product_cat-custom-glass-packaging","10":"first","11":"instock","12":"shipping-taxable","13":"product-type-simple"},"jetpack_sharing_enabled":true,"_links":{"self":[{"href":"https:\/\/yebodaglass.com\/ko\/wp-json\/wp\/v2\/product\/21943","targetHints":{"allow":["GET"]}}],"collection":[{"href":"https:\/\/yebodaglass.com\/ko\/wp-json\/wp\/v2\/product"}],"about":[{"href":"https:\/\/yebodaglass.com\/ko\/wp-json\/wp\/v2\/types\/product"}],"version-history":[{"count":5,"href":"https:\/\/yebodaglass.com\/ko\/wp-json\/wp\/v2\/product\/21943\/revisions"}],"predecessor-version":[{"id":25716,"href":"https:\/\/yebodaglass.com\/ko\/wp-json\/wp\/v2\/product\/21943\/revisions\/25716"}],"wp:featuredmedia":[{"embeddable":true,"href":"https:\/\/yebodaglass.com\/ko\/wp-json\/wp\/v2\/media\/25631"}],"wp:attachment":[{"href":"https:\/\/yebodaglass.com\/ko\/wp-json\/wp\/v2\/media?parent=21943"}],"wp:term":[{"taxonomy":"product_brand","embeddable":true,"href":"https:\/\/yebodaglass.com\/ko\/wp-json\/wp\/v2\/product_brand?post=21943"},{"taxonomy":"product_cat","embeddable":true,"href":"https:\/\/yebodaglass.com\/ko\/wp-json\/wp\/v2\/product_cat?post=21943"},{"taxonomy":"product_tag","embeddable":true,"href":"https:\/\/yebodaglass.com\/ko\/wp-json\/wp\/v2\/product_tag?post=21943"}],"curies":[{"name":"wp","href":"https:\/\/api.w.org\/{rel}","templated":true}]}}