{"id":24588,"date":"2025-12-24T14:14:57","date_gmt":"2025-12-24T06:14:57","guid":{"rendered":"https:\/\/yebodaglass.com\/?post_type=product&#038;p=24588"},"modified":"2025-12-25T10:18:26","modified_gmt":"2025-12-25T02:18:26","slug":"borosilicate-glass-jars-with-lids-and-spoons-bulk","status":"publish","type":"product","link":"https:\/\/yebodaglass.com\/ja\/borosilicate-glass-jars-with-lids-and-spoons-bulk\/","title":{"rendered":"300ml 350ml 450ml \u30db\u30a6\u30b1\u30a4\u9178\u30ac\u30e9\u30b9\u74f6\uff08\u84cb\u3068\u30b9\u30d7\u30fc\u30f3\u4ed8\u304d\uff09\u30d0\u30eb\u30af"},"content":{"rendered":"<p data-start=\"66\" data-end=\"288\">\u84cb\u3068\u30b9\u30d7\u30fc\u30f3\u4ed8\u304d\u306e\u3053\u306e\u30ac\u30e9\u30b9\u74f6\u306f\u3001\u3059\u3079\u3066\u30db\u30a6\u30b1\u30a4\u9178\u30ac\u30e9\u30b9\u3067\u3067\u304d\u3066\u3044\u307e\u3059\u3002\u5186\u7b52\u5f62\u306e\u5f62\u72b6\u3067\u3001\u5404\u74f6\u306b\u306f\u30e9\u30a4\u30c8\u30d9\u30fc\u30b8\u30e5\u306e\u7af9\u88fd\u306e\u84cb\u3068\u30b9\u30d7\u30fc\u30f3\u304c\u4ed8\u5c5e\u3057\u3066\u304a\u308a\u3001\u64cd\u4f5c\u3082\u7c21\u5358\u3067\u3059\u3002<\/p>\n<h2>\u88fd\u54c1\u306e\u7279\u5fb4<\/h2>\n<ul>\n<li><strong>\u84cb\u3068\u30b9\u30d7\u30fc\u30f3\u3092\u7d44\u307f\u5408\u308f\u305b\u305f\u69cb\u9020:<\/strong> \u3053\u308c\u306f\u84cb\u306e\u4e2d\u592e\u306b\u7af9\u306e\u30b9\u30d7\u30fc\u30f3\u3092\u53d6\u308a\u4ed8\u3051\u308b\u3082\u306e\u3067\u3001\u3053\u306e\u69cb\u9020\u306b\u3088\u308a\u9053\u5177\u304c\u7d1b\u5931\u3059\u308b\u3053\u3068\u304c\u306a\u304f\u306a\u308a\u3001\u4f5c\u696d\u304c\u7c21\u5358\u306b\u306a\u308a\u307e\u3059\u3002<\/li>\n<li><strong>\u30db\u30a6\u30b1\u30a4\u9178\u30ac\u30e9\u30b9:<\/strong> \u30db\u30a6\u30b1\u30a4\u9178\u30ac\u30e9\u30b9\u306f\u512a\u308c\u305f\u8010\u71b1\u6027\uff08-20\u2103\u301c150\u2103\uff09\u3068\u98db\u6563\u9632\u6b62\u6027\u3092\u5099\u3048\u3066\u304a\u308a\u3001\u518d\u5229\u7528\u304c\u53ef\u80fd\u3067\u3059\u3002<\/li>\n<li><strong>\u512a\u308c\u305f\u6c17\u5bc6\u6027\u3092\u8a87\u308b\u7af9\u88fd\u306e\u84cb\uff1a<\/strong> \u30ac\u30e9\u30b9\u74f6\u306b\u306f\u3001\u30b7\u30fc\u30ea\u30f3\u30b0\u30ea\u30f3\u30b0\u304c\u5185\u8535\u3055\u308c\u305f\u30e9\u30a4\u30c8\u30d9\u30fc\u30b8\u30e5\u306e\u7af9\u88fd\u306e\u84cb\u304c\u4ed8\u3044\u3066\u304a\u308a\u3001\u4e7e\u71e5\u3057\u305f\u88fd\u54c1\u3092\u4fdd\u7ba1\u3059\u308b\u306e\u306b\u52b9\u679c\u7684\u306a\u5834\u6240\u306b\u306a\u308a\u307e\u3059\u3002<\/li>\n<\/ul>\n<h2 style=\"text-align: left;\">\u4e3b\u306a\u4ed5\u69d8<\/h2>\n<table class=\"aligncenter\" style=\"border-collapse: collapse; width: 528.02pt;\" border=\"0\" width=\"704\" cellspacing=\"0\" cellpadding=\"0\">\n<tbody>\n<tr style=\"height: 13.50pt;\">\n<td style=\"height: 13.50pt; width: 135.00pt;\" width=\"180\" height=\"18\">\u5c5e\u6027<\/td>\n<td style=\"width: 393.00pt;\" width=\"524\">\u8a73\u7d30<\/td>\n<\/tr>\n<tr style=\"height: 13.50pt;\">\n<td style=\"height: 13.50pt;\" height=\"18\">\u5bf8\u6cd5<\/td>\n<td>300ml:6.5\u00d710cm; 350ml:6.5\u00d712cm; 450ml:6.5\u00d715cm<\/td>\n<\/tr>\n<tr style=\"height: 13.50pt;\">\n<td style=\"height: 13.50pt;\" height=\"18\">\u6750\u6599<\/td>\n<td>\u9ad8\u30db\u30a6\u30b1\u30a4\u9178\u30ac\u30e9\u30b9\u3001\u7af9<\/td>\n<\/tr>\n<tr style=\"height: 13.50pt;\">\n<td style=\"height: 13.50pt;\" height=\"18\">\u74f6\u306e\u5f62<\/td>\n<td>\u307e\u3063\u3059\u3050\u306a\u5186\u7b52\u5f62\u3001\u6ed1\u3089\u304b\u306a\u5185\u58c1\u3001\u5e73\u3089\u306a\u5186\u5f62\u306e\u5e95\u9762<\/td>\n<\/tr>\n<tr style=\"height: 13.50pt;\">\n<td style=\"height: 13.50pt;\" height=\"18\">\u84cb\u306e\u7a2e\u985e<\/td>\n<td>\u30e9\u30a4\u30c8\u30d9\u30fc\u30b8\u30e5\u306e\u7af9\u88fd\u5e73\u84cb<\/td>\n<\/tr>\n<tr style=\"height: 13.50pt;\">\n<td style=\"height: 13.50pt;\" height=\"18\">\u30db\u30a6\u30b1\u30a4\u9178\u5869\u6750\u6599\u306e\u7279\u5fb4<\/td>\n<td>\u9ad8\u3044\u900f\u660e\u6027\u3001\u512a\u308c\u305f\u8010\u71b1\u6027<\/td>\n<\/tr>\n<tr style=\"height: 13.50pt;\">\n<td style=\"height: 13.50pt;\" height=\"18\">\u7406\u60f3\u7684\u306a\u7528\u9014<\/td>\n<td>\u84cb\u3068\u30b9\u30d7\u30fc\u30f3\u4ed8\u304d\u306e\u30ac\u30e9\u30b9\u74f6\u3001\u84cb\u4ed8\u304d\u306e\u30ac\u30e9\u30b9\u74f6<\/td>\n<\/tr>\n<\/tbody>\n<\/table>\n<h2>\u6210\u529f\u4e8b\u4f8b\uff1a\u8ca9\u58f2\u4ee3\u7406\u5e97\u306e\u6025\u6210\u9577<\/h2>\n<p>\u5730\u57df\u306e\u30ad\u30c3\u30c1\u30f3\u7528\u54c1\u30fb\u98df\u54c1\u30b5\u30d7\u30e9\u30a4\u30e4\u30fc\u306e1\u793e\u306f\u3001\u5f53\u521d\u3001\u84cb\u3068\u30b9\u30d7\u30fc\u30f3\u4ed8\u304d\u306e\u30ac\u30e9\u30b9\u74f6\u30924,000\u500b\u767a\u6ce8\u3057\u307e\u3057\u305f\u3002\u5e02\u5834\u306e\u53cd\u5fdc\u306f\u9a5a\u304f\u307b\u3069\u826f\u597d\u3067\u3057\u305f\u3002\u307e\u305a\u3001\u9ad8\u54c1\u8cea\u306e\u30db\u30a6\u30b1\u30a4\u9178\u30ac\u30e9\u30b9\u3092\u4f7f\u7528\u3059\u308b\u3053\u3068\u3067\u3001\u98df\u54c1\u306e\u4fdd\u5b58\u671f\u9593\u304c43%\u5ef6\u9577\u3055\u308c\u3001\u6b21\u306b\u3001\u512a\u308c\u305f\u6c17\u5bc6\u6027\u306b\u3088\u308a\u7834\u640d\u7387\u304c39%\u6e1b\u5c11\u3057\u307e\u3057\u305f\u3002\u3053\u308c\u3089\u306e\u7d50\u679c\u3092\u53d7\u3051\u3001\u3053\u306e\u30b5\u30d7\u30e9\u30a4\u30e4\u30fc\u306f\u84cb\u4ed8\u304d\u306e\u74f6\u309232\u4e07\u500b\u8ffd\u52a0\u767a\u6ce8\u3057\u307e\u3057\u305f\u3002<\/p>\n<h2>\u84cb\u4ed8\u304d\u30ac\u30e9\u30b9\u74f6\u306e\u30ab\u30b9\u30bf\u30de\u30a4\u30ba\u63d0\u6848<\/h2>\n<ul>\n<li>\u30d6\u30e9\u30f3\u30c9 \u30b9\u30d7\u30fc\u30f3 \u30cf\u30f3\u30c9\u30eb: \u30ec\u30fc\u30b6\u30fc \u30a8\u30c3\u30c1\u30f3\u30b0\u3092\u4f7f\u7528\u3057\u3066\u3001\u7af9\u88fd\u30b9\u30d7\u30fc\u30f3 \u30cf\u30f3\u30c9\u30eb\u306b\u4f1a\u793e\u306e\u30ed\u30b4\u3092\u5165\u308c\u307e\u3059\u3002<\/li>\n<li>\u30c6\u30af\u30b9\u30c1\u30e3\u52a0\u5de5\u3055\u308c\u305f\u5e95\u90e8: \u74f6\u306e\u5e95\u90e8\u306b\u306f\u7d30\u304b\u3044\u30b0\u30ea\u30c3\u30c9 \u30d1\u30bf\u30fc\u30f3\u304c\u523b\u307e\u308c\u3066\u304a\u308a\u3001\u6ed1\u3089\u304b\u306a\u30ad\u30c3\u30c1\u30f3 \u30ab\u30a6\u30f3\u30bf\u30fc\u4e0a\u3067\u306e\u30b0\u30ea\u30c3\u30d7\u304c\u5411\u4e0a\u3057\u307e\u3059\u3002<\/li>\n<li>\u30b9\u30d7\u30fc\u30f3\u306e\u30b5\u30a4\u30ba\u30aa\u30d7\u30b7\u30e7\u30f3: \u3055\u307e\u3056\u307e\u306a\u30b5\u30a4\u30ba\u306e\u30b9\u30d7\u30fc\u30f3 (\u305f\u3068\u3048\u3070\u3001300 ml \u306e\u30df\u30cb\u30b9\u30d7\u30fc\u30f3) \u304c\u30aa\u30d7\u30b7\u30e7\u30f3\u306e\u30a2\u30af\u30bb\u30b5\u30ea\u3068\u3057\u3066\u7528\u610f\u3055\u308c\u3066\u3044\u307e\u3059\u3002<\/li>\n<li>\u6c5a\u308c\u9632\u6b62\u30b3\u30fc\u30c6\u30a3\u30f3\u30b0: \u74f6\u306e\u5185\u58c1\u306b\u65bd\u3055\u308c\u305f\u3053\u306e\u98df\u54c1\u30b0\u30ec\u30fc\u30c9\u306e\u900f\u660e\u30b3\u30fc\u30c6\u30a3\u30f3\u30b0\u306f\u3001\u98df\u54c1\u306e\u30b9\u30d1\u30a4\u30b9\u3084\u6fc3\u3044\u8272\u306e\u98df\u54c1\u306b\u3088\u308b\u6c5a\u308c\u3092\u9632\u304e\u307e\u3059\u3002<\/li>\n<li>\u3064\u3084\u6d88\u3057\u30e9\u30d9\u30eb\u9818\u57df: \u3053\u308c\u306f\u3001\u88fd\u54c1\u306b\u30e9\u30d9\u30eb\u304c\u8cbc\u3089\u308c\u3066\u3044\u308b\u3001\u3064\u3084\u6d88\u3057\u3055\u308c\u305f\u9577\u65b9\u5f62\u306e\u9818\u57df\u3067\u3059\u3002<\/li>\n<\/ul>","protected":false},"excerpt":{"rendered":"<p dir=\"auto\">Bulk glass jar with lid and spoon offering glass jars with lid in transparent borosilicate, minimalist bamboo elements, gradient sizes. Bulk order discounts.<\/p>","protected":false},"featured_media":24596,"template":"","meta":[],"product_brand":[],"product_cat":[122,124,137],"product_tag":[],"class_list":{"0":"post-24588","1":"product","2":"type-product","3":"status-publish","4":"has-post-thumbnail","6":"product_cat-custom-glass-packaging","7":"product_cat-custom-glass-jars","8":"product_cat-glass-jars-with-lids","10":"first","11":"instock","12":"shipping-taxable","13":"product-type-simple"},"jetpack_sharing_enabled":true,"_links":{"self":[{"href":"https:\/\/yebodaglass.com\/ja\/wp-json\/wp\/v2\/product\/24588","targetHints":{"allow":["GET"]}}],"collection":[{"href":"https:\/\/yebodaglass.com\/ja\/wp-json\/wp\/v2\/product"}],"about":[{"href":"https:\/\/yebodaglass.com\/ja\/wp-json\/wp\/v2\/types\/product"}],"version-history":[{"count":4,"href":"https:\/\/yebodaglass.com\/ja\/wp-json\/wp\/v2\/product\/24588\/revisions"}],"predecessor-version":[{"id":24610,"href":"https:\/\/yebodaglass.com\/ja\/wp-json\/wp\/v2\/product\/24588\/revisions\/24610"}],"wp:featuredmedia":[{"embeddable":true,"href":"https:\/\/yebodaglass.com\/ja\/wp-json\/wp\/v2\/media\/24596"}],"wp:attachment":[{"href":"https:\/\/yebodaglass.com\/ja\/wp-json\/wp\/v2\/media?parent=24588"}],"wp:term":[{"taxonomy":"product_brand","embeddable":true,"href":"https:\/\/yebodaglass.com\/ja\/wp-json\/wp\/v2\/product_brand?post=24588"},{"taxonomy":"product_cat","embeddable":true,"href":"https:\/\/yebodaglass.com\/ja\/wp-json\/wp\/v2\/product_cat?post=24588"},{"taxonomy":"product_tag","embeddable":true,"href":"https:\/\/yebodaglass.com\/ja\/wp-json\/wp\/v2\/product_tag?post=24588"}],"curies":[{"name":"wp","href":"https:\/\/api.w.org\/{rel}","templated":true}]}}