{"id":22511,"date":"2025-10-21T10:29:18","date_gmt":"2025-10-21T02:29:18","guid":{"rendered":"https:\/\/yebodaglass.com\/?post_type=product&#038;p=22511"},"modified":"2025-11-28T15:58:15","modified_gmt":"2025-11-28T07:58:15","slug":"mini-transparent-glass-yogurt-bottles-wholesale-dessert-container","status":"publish","type":"product","link":"https:\/\/yebodaglass.com\/ja\/mini-transparent-glass-yogurt-bottles-wholesale-dessert-container\/","title":{"rendered":"\u30df\u30cb\u900f\u660e\u30ac\u30e9\u30b9\u30e8\u30fc\u30b0\u30eb\u30c8\u30dc\u30c8\u30eb\u5378\u58f2 - \u30c7\u30b6\u30fc\u30c8\u5bb9\u5668 100\uff5e200ml"},"content":{"rendered":"<div class=\"text-base my-auto mx-auto pb-10 [--thread-content-margin:--spacing(4)] thread-sm:[--thread-content-margin:--spacing(6)] thread-lg:[--thread-content-margin:--spacing(16)] px-(--thread-content-margin)\">\n<div class=\"[--thread-content-max-width:40rem] thread-lg:[--thread-content-max-width:48rem] mx-auto max-w-(--thread-content-max-width) flex-1 group\/turn-messages focus-visible:outline-hidden relative flex w-full min-w-0 flex-col agent-turn\" tabindex=\"-1\">\n<div class=\"flex max-w-full flex-col grow\">\n<div class=\"min-h-8 text-message relative flex w-full flex-col items-end gap-2 text-start break-words whitespace-normal [.text-message+&amp;]:mt-1\" dir=\"auto\" data-message-author-role=\"assistant\" data-message-id=\"26beda35-2f10-4dda-a7c4-c139e3bf47ff\" data-message-model-slug=\"gpt-5\">\n<div class=\"flex w-full flex-col gap-1 empty:hidden first:pt-[1px]\">\n<div class=\"markdown prose dark:prose-invert w-full break-words light markdown-new-styling\">\n<p>\u725b\u4e73\u30d1\u30c3\u30af\u306e\u5bb9\u5668\u3067\u3053\u307c\u308c\u305f\u308a\u3001\u9bae\u5ea6\u304c\u843d\u3061\u305f\u308a\u3059\u308b\u306e\u306f\u3082\u3046\u304a\u6e08\u307f\u3067\u3059\u304b\uff1f\u30d7\u30ea\u30f3\u306e\u4fdd\u5b58\u306b\u4f7f\u3048\u308b\u84cb\u4ed8\u304d\u306e\u30ac\u30e9\u30b9\u88fd\u30df\u30eb\u30af\u30dc\u30c8\u30eb\u306a\u3089\u3001\u3082\u3046\u30df\u30eb\u30af\u3092\u3059\u304f\u3046\u624b\u9593\u306f\u4e0d\u8981\u3067\u3059\u3002\u3053\u306e\u30ac\u30e9\u30b9\u88fd\u30df\u30eb\u30af\u30dc\u30c8\u30eb\u306f\u3001\u7518\u3044\u30d1\u30c3\u30b1\u30fc\u30b8\u3092\u4fe1\u983c\u611f\u306b\u5909\u3048\u307e\u3059\u3002\u5927\u91cf\u6ce8\u6587\u3067\u3001\u30d6\u30e9\u30f3\u30c9\u306e\u96f0\u56f2\u6c17\u306b\u5408\u308f\u305b\u305f\u30ab\u30b9\u30bf\u30e0\u30ac\u30e9\u30b9\u30dc\u30c8\u30eb\u3082\u627f\u308a\u307e\u3059\u3002<\/p>\n<h2>\u88fd\u54c1\u306e\u7279\u5fb4<\/h2>\n<p><strong>\u30b9\u30bf\u30a4\u30ea\u30c3\u30b7\u30e5\u306a\u30d5\u30ea\u30eb\u30c7\u30b6\u30a4\u30f3<\/strong><\/p>\n<p>\u5782\u76f4\u30ea\u30d6\u306b\u3088\u308a\u3001\u8868\u9762\u306b\u89e6\u308a\u5fc3\u5730\u304c\u4e0e\u3048\u3089\u308c\u3001\u30ac\u30e9\u30b9\u306e\u898b\u305f\u76ee\u3082\u9b45\u529b\u7684\u306b\u306a\u308a\u307e\u3059\u3002<\/p>\n<p><strong>\u4e08\u592b\u306a\u30ac\u30e9\u30b9\u90e8\u54c1<\/strong><\/p>\n<p>\u539a\u307f\u306e\u3042\u308b\u9ad8\u7d1a\u30ac\u30e9\u30b9\u3092\u4f7f\u7528\u3057\u3066\u3044\u308b\u305f\u3081\u3001\u8010\u4e45\u6027\u306b\u512a\u308c\u305f\u88fd\u54c1\u3067\u3059\u3002<\/p>\n<p><strong>\u591a\u6a5f\u80fd<\/strong><\/p>\n<p>\u30d7\u30ea\u30f3\u3001\u30e8\u30fc\u30b0\u30eb\u30c8\u3001\u30a2\u30a4\u30b9\u30af\u30ea\u30fc\u30e0\u3001\u3055\u3089\u306b\u306f\u30ad\u30e3\u30f3\u30c9\u30eb\u4f5c\u308a\u306b\u3082\u6700\u9069\u3067\u3059\u3002<\/p>\n<p><strong>\u518d\u5229\u7528\u53ef\u80fd\u3067\u74b0\u5883\u306b\u512a\u3057\u3044<\/strong><\/p>\n<p>\u885b\u751f\u7684\u306a\u72b6\u614b\u3092\u4fdd\u3064\u306e\u304c\u7c21\u5358\u306a\u306e\u3067\u3001\u74b0\u5883\u306b\u512a\u3057\u3044\u66ae\u3089\u3057\u306b\u3074\u3063\u305f\u308a\u306e\u30a2\u30a4\u30c6\u30e0\u3067\u3059\u3002<\/p>\n<h2>\u4e3b\u306a\u4ed5\u69d8<\/h2>\n<table style=\"border-collapse: collapse; width: 80%; margin-left: auto; margin-right: auto;\" border=\"0\" width=\"288\" cellspacing=\"0\" cellpadding=\"0\">\n<tbody>\n<tr style=\"height: 13.50pt;\">\n<td style=\"height: 13.5pt; width: 54pt; text-align: center;\" width=\"72\" height=\"18\">\u30e2\u30c7\u30eb<\/td>\n<td style=\"width: 54pt; text-align: center;\" width=\"72\">\u5bb9\u91cf(ml)<\/td>\n<td style=\"width: 54pt; text-align: center;\" width=\"72\">\u30b5\u30a4\u30ba\uff08cm\uff09<\/td>\n<td style=\"width: 54pt; text-align: center;\" width=\"72\">\u30d1\u30bf\u30fc\u30f3<\/td>\n<\/tr>\n<tr style=\"height: 13.50pt;\">\n<td style=\"height: 13.5pt; text-align: center;\" align=\"right\" height=\"18\">64010031<\/td>\n<td style=\"text-align: center;\" align=\"right\">100<\/td>\n<td style=\"text-align: center;\">6.8&#215;6.7<\/td>\n<td class=\"et2\" style=\"text-align: center;\" rowspan=\"4\">\u5782\u76f4<\/td>\n<\/tr>\n<tr style=\"height: 13.50pt;\">\n<td style=\"height: 13.5pt; text-align: center;\" align=\"right\" height=\"18\">64013032<\/td>\n<td style=\"text-align: center;\" align=\"right\">130<\/td>\n<td style=\"text-align: center;\">6.6&#215;7.4<\/td>\n<\/tr>\n<tr style=\"height: 13.50pt;\">\n<td style=\"height: 13.5pt; text-align: center;\" align=\"right\" height=\"18\">64015033<\/td>\n<td style=\"text-align: center;\" align=\"right\">150<\/td>\n<td style=\"text-align: center;\">6.4&#215;7.7<\/td>\n<\/tr>\n<tr style=\"height: 13.50pt;\">\n<td style=\"height: 13.5pt; text-align: center;\" align=\"right\" height=\"18\">64020034<\/td>\n<td style=\"text-align: center;\" align=\"right\">200<\/td>\n<td style=\"text-align: center;\">7.2&#215;7.5<\/td>\n<\/tr>\n<\/tbody>\n<\/table>\n<h2>\u6210\u529f\u4e8b\u4f8b<\/h2>\n<p>\u30e8\u30fc\u30ed\u30c3\u30d1\u306e\u30c7\u30b6\u30fc\u30c8\u5de5\u5834\u306f\u3001\u30d1\u30f3\u30ca\u30b3\u30c3\u30bf\u306e\u65b0\u88fd\u54c1\u30e9\u30a4\u30f3\u306b\u9ad8\u7d1a\u306a\u30d1\u30c3\u30b1\u30fc\u30b8\u3092\u6c42\u3081\u3066\u3044\u307e\u3057\u305f\u3002\u305d\u3053\u3067\u3001\u5f53\u793e\u306e\u7279\u6ce8130ml\u30e8\u30fc\u30b0\u30eb\u30c8\u7528\u30ac\u30e9\u30b9\u30dc\u30c8\u30eb\u3068\u6c17\u5bc6\u6027\u306e\u9ad8\u3044\u30a2\u30eb\u30df\u30ad\u30e3\u30c3\u30d7\u3092\u63a1\u7528\u3057\u307e\u3057\u305f\u3002\u3053\u306e\u30c7\u30b6\u30a4\u30f3\u306f\u3001\u30c7\u30b6\u30fc\u30c8\u306e\u6ed1\u3089\u304b\u306a\u98df\u611f\u3092\u969b\u7acb\u305f\u305b\u306a\u304c\u3089\u3001\u8f38\u9001\u4e2d\u306e\u9bae\u5ea6\u4fdd\u6301\u3082\u8003\u616e\u3055\u308c\u3066\u3044\u307e\u3059\u3002\u30dc\u30c8\u30eb\u306b\u306f\u5782\u76f4\u306e\u30ac\u30e9\u30b9\u30ea\u30d6\u304c\u65bd\u3055\u308c\u3001\u6d17\u7df4\u3055\u308c\u305f\u624b\u4f5c\u308a\u611f\u3092\u6f14\u51fa\u3057\u3066\u3044\u307e\u3059\u3002\u307e\u305f\u3001\u80a9\u90e8\u5206\u306b\u306f\u7279\u6ce8\u306e\u30a8\u30f3\u30dc\u30b9\u52a0\u5de5\u304c\u65bd\u3055\u308c\u3001\u30d6\u30e9\u30f3\u30c9\u30ed\u30b4\u304c\u30a8\u30ec\u30ac\u30f3\u30c8\u306b\u8868\u73fe\u3055\u308c\u3066\u3044\u307e\u3059\u3002<\/p>\n<p>\u305d\u306e\u7d50\u679c\u3001\u5927\u91cf\u6ce8\u6587\u304c 50% \u5897\u52a0\u3057\u3001\u30d1\u30f3\u30ca\u30b3\u30c3\u30bf \u30e9\u30a4\u30f3\u306f\u767a\u58f2\u5f8c 1 \u304b\u6708\u4ee5\u5185\u306b\u30d9\u30b9\u30c8\u30bb\u30e9\u30fc\u306b\u306a\u308a\u307e\u3057\u305f\u3002<\/p>\n<h2>\u30ab\u30b9\u30bf\u30de\u30a4\u30ba\u30d7\u30ec\u30a4\u30d6\u30c3\u30af<\/h2>\n<ol>\n<li><strong>\u300c\u30c7\u30b6\u30fc\u30c8\u30d1\u30ec\u30c3\u30c8\u300d\u30d0\u30f3\u30c9\uff1a <\/strong>\u30d7\u30ea\u30f3\u306e\u30ac\u30e9\u30b9\u74f6\u306b\u30d1\u30b9\u30c6\u30eb\u30ab\u30e9\u30fc\u306e\u5e2f\u3092\u6dfb\u3048\u307e\u3057\u3087\u3046\uff08\u4f8b\uff1a\u300c\u30df\u30f3\u30c8\u30b0\u30ea\u30fc\u30f3\u300d\uff09\u3002\u300c\u30d5\u30ec\u30c3\u30b7\u30e5\u306a\u30c7\u30b6\u30fc\u30c8\u3001\u30d5\u30ec\u30c3\u30b7\u30e5\u306a\u559c\u3073\u300d\u3068\u304a\u5ba2\u69d8\u306b\u4f1d\u3048\u307e\u3057\u3087\u3046\u3002<\/li>\n<li><strong>\u84cb\u3068\u30d1\u30c3\u30b1\u30fc\u30b8\u306e\u30aa\u30d7\u30b7\u30e7\u30f3: <\/strong>\u3055\u307e\u3056\u307e\u306a\u5e02\u5834\u306e\u30b9\u30bf\u30a4\u30eb\u306b\u5408\u308f\u305b\u3066\u3001\u91d1\u5c5e\u3001\u7af9\u3001\u307e\u305f\u306f\u30b3\u30eb\u30af\u306e\u84cb\u3068\u30d6\u30e9\u30f3\u30c9\u306e\u30ae\u30d5\u30c8\u30d1\u30c3\u30b1\u30fc\u30b8\u3067\u30ab\u30b9\u30bf\u30de\u30a4\u30ba\u3057\u307e\u3059\u3002<\/li>\n<\/ol>\n<\/div>\n<\/div>\n<\/div>\n<\/div>\n<\/div>\n<\/div>","protected":false},"excerpt":{"rendered":"<p>Avrupa&#039;daki bir meyve i\u015fleme \u015firketi, yeni organik so\u011fuk s\u0131k\u0131m meyve suyu serisinin ambalaj\u0131n\u0131 geli\u015ftirmek istiyordu. Eski \u015fi\u015feleri nakliye s\u0131ras\u0131nda \u00e7o\u011fu zaman s\u0131zd\u0131r\u0131yordu ve bu da m\u00fc\u015fterilerden gelen iade ve \u015fikayetlerin artmas\u0131na neden oluyordu. Do\u011fru s\u0131zd\u0131rmazl\u0131k, dayan\u0131kl\u0131l\u0131k ve g\u00f6rsel \u00e7ekicilik dengesini sa\u011flayacak g\u00fcvenilir bir \u00e7\u00f6z\u00fcme ihtiya\u00e7lar\u0131 vard\u0131.<\/p>","protected":false},"featured_media":22518,"template":"","meta":[],"product_brand":[],"product_cat":[124,122,130],"product_tag":[],"class_list":{"0":"post-22511","1":"product","2":"type-product","3":"status-publish","4":"has-post-thumbnail","6":"product_cat-custom-glass-jars","7":"product_cat-custom-glass-packaging","8":"product_cat-glass-yogurt-jars","10":"first","11":"instock","12":"shipping-taxable","13":"product-type-simple"},"jetpack_sharing_enabled":true,"_links":{"self":[{"href":"https:\/\/yebodaglass.com\/ja\/wp-json\/wp\/v2\/product\/22511","targetHints":{"allow":["GET"]}}],"collection":[{"href":"https:\/\/yebodaglass.com\/ja\/wp-json\/wp\/v2\/product"}],"about":[{"href":"https:\/\/yebodaglass.com\/ja\/wp-json\/wp\/v2\/types\/product"}],"version-history":[{"count":5,"href":"https:\/\/yebodaglass.com\/ja\/wp-json\/wp\/v2\/product\/22511\/revisions"}],"predecessor-version":[{"id":24186,"href":"https:\/\/yebodaglass.com\/ja\/wp-json\/wp\/v2\/product\/22511\/revisions\/24186"}],"wp:featuredmedia":[{"embeddable":true,"href":"https:\/\/yebodaglass.com\/ja\/wp-json\/wp\/v2\/media\/22518"}],"wp:attachment":[{"href":"https:\/\/yebodaglass.com\/ja\/wp-json\/wp\/v2\/media?parent=22511"}],"wp:term":[{"taxonomy":"product_brand","embeddable":true,"href":"https:\/\/yebodaglass.com\/ja\/wp-json\/wp\/v2\/product_brand?post=22511"},{"taxonomy":"product_cat","embeddable":true,"href":"https:\/\/yebodaglass.com\/ja\/wp-json\/wp\/v2\/product_cat?post=22511"},{"taxonomy":"product_tag","embeddable":true,"href":"https:\/\/yebodaglass.com\/ja\/wp-json\/wp\/v2\/product_tag?post=22511"}],"curies":[{"name":"wp","href":"https:\/\/api.w.org\/{rel}","templated":true}]}}